{"id":2487,"date":"2023-02-03T16:39:06","date_gmt":"2023-02-03T16:39:06","guid":{"rendered":"https:\/\/new.justrussel.com\/?page_id=2487"},"modified":"2026-03-25T18:10:57","modified_gmt":"2026-03-25T17:10:57","slug":"nourriture-pour-chien","status":"publish","type":"page","link":"https:\/\/justrussel.com\/fr-be\/nourriture-pour-chien\/","title":{"rendered":"dog-food _v1_organic_none_none_no-coupon"},"content":{"rendered":"","protected":false},"excerpt":{"rendered":"","protected":false},"author":1,"featured_media":0,"parent":0,"menu_order":0,"comment_status":"closed","ping_status":"closed","template":"","meta":{"_acf_changed":false,"editor_notices":[],"footnotes":""},"class_list":["post-2487","page","type-page","status-publish","hentry"],"acf":{"blocks":[{"acf_fc_layout":"heading-bolt","_acfe_flexible_layout_title":null,"_acfe_flexible_toggle":null,"background-colors-dropdown":"light","heading-bolt-invert":false,"heading-bolt-title-tag":"h2","heading-bolt-title":"Nourriture personnalis\u00e9e pour chien, livr\u00e9e \u00e0 domicile ","heading-bolt-text":"[jr_button link=\"https:\/\/app.justrussel.com\/fr-be\/signup\/\" target=\"_self\" color=\"orange\" size=\"sm\" label=\"Essayez Just Russel maintenant\"]\u2028\r\n[jr_checklist]\r\n[jr_checklist_item] En fonction des besoins de votre chien[\/jr_checklist_item]\r\n[jr_checklist_item] Formul\u00e9e par des v\u00e9t\u00e9rinaires et experts[\/jr_checklist_item]\r\n[jr_checklist_item] Le meilleur go\u00fbt, 100 % naturel[\/jr_checklist_item]\r\n[\/jr_checklist]","hero-button-repeater":null,"heading-bolt-image":46952,"global-bolt-enable":false,"global-bolt-orientation":"left","global-bolt-color":"orange"},{"acf_fc_layout":"cta-1","_acfe_flexible_layout_title":null,"_acfe_flexible_toggle":null,"cta-1-cta":1},{"acf_fc_layout":"grid-1","_acfe_flexible_layout_title":null,"_acfe_flexible_toggle":null,"background-colors-dropdown":"skin","grid-1-numbered":true,"grid-1-aspect-ratio":"aspect-4\/3","heading-intro-title-tag":"h2","heading-intro-title":"Comment \u00e7a marche ?","heading-intro-left":false,"heading-intro-hide":false,"heading-intro-text":"","heading-intro-buttons":[{"heading-intro-link":{"title":"Compl\u00e9tez le questionnaire","url":"https:\/\/app.justrussel.com\/fr-be\/signup\/","target":""},"heading-intro-button-color":"button-orange","heading-intro-button-size":"button-md","heading-intro-button-arrow":false,"heading-intro-button-down":false}],"grid-1-grid":[{"grid-1-image":46856,"grid-1-title":"Dites-nous tout sur votre chien","grid-1-text":"Comme son \u00e2ge, sa race, son poids, son sexe et bien plus encore..."},{"grid-1-image":42615,"grid-1-title":"Nous \u00e9laborons une recette sur mesure","grid-1-text":"Sous le contr\u00f4le et l'approbation de nos v\u00e9t\u00e9rinaires."},{"grid-1-image":1779,"grid-1-title":"Votre nourriture livr\u00e9e gratuitement chez vous chaque mois","grid-1-text":"Parce que le propri\u00e9taire m\u00e9rite lui aussi les meilleurs soins."}],"global-bolt-enable":false,"global-bolt-orientation":"left","global-bolt-color":"orange"},{"acf_fc_layout":"hero-6","_acfe_flexible_layout_title":null,"_acfe_flexible_toggle":null,"background-colors-dropdown":"light","hero-6-inner-bg":"skin","hero-6-invert":false,"hero-6-padding":false,"heading-intro-title-tag":"h2","heading-intro-title":"KLAAR VOOR VRAGEN - HELP","heading-intro-left":false,"heading-intro-hide":true,"heading-intro-text":"","heading-intro-buttons":null,"hero-6-title-tag":"h2","hero-6-title":"Plus que de la nourriture","hero-6-text":"Pour nous, prendre soin des animaux de compagnie est bien plus que de la nourriture. Nous proposons non seulement des <strong>croquettes personnalis\u00e9es<\/strong>, adapt\u00e9es \u00e0 votre compagnon \u00e0 quatre pattes, mais aussi de la <strong>nourriture humide<\/strong>, des <strong>friandises saines<\/strong>, <strong>des jouets et bien plus encore<\/strong>. De plus, nos experts sont pr\u00eats \u00e0 vous aider en vous donnant des <strong>conseils gratuits<\/strong> pour que votre animal vive longtemps et en bonne sant\u00e9.","hero-button-repeater":[{"hero-link":{"title":"En savoir plus sur notre concept","url":"https:\/\/justrussel.com\/fr-be\/notre-concept\/","target":""},"hero-button-color":"button-orange","hero-button-size":"button-sm","hero-button-arrow":true,"hero-button-down":false}],"hero-6-image":47320,"hero-6-rounded":true,"hero-6-aspect-ratio":"aspect-video","global-bolt-enable":false,"global-bolt-orientation":"left","global-bolt-color":"orange"},{"acf_fc_layout":"heading-image","_acfe_flexible_layout_title":null,"_acfe_flexible_toggle":null,"background-colors-dropdown":"skin","heading-intro-title-tag":"h2","heading-intro-title":"93 % remarquent une vraie diff\u00e9rence","heading-intro-left":false,"heading-intro-hide":false,"heading-intro-text":"[jr_checklist]\r\n[jr_checklist_item] Recette personnalis\u00e9e de haute qualit\u00e9 [\/jr_checklist_item]\r\n[jr_checklist_item] Formul\u00e9e par des experts [\/jr_checklist_item]\r\n[jr_checklist_item] R\u00e9sultats visibles en moins de 2 mois ! [\/jr_checklist_item]\r\n[\/jr_checklist]","heading-intro-buttons":[{"heading-intro-link":{"title":"Am\u00e9liorez son alimentation","url":"https:\/\/app.justrussel.com\/fr-be\/signup\/","target":""},"heading-intro-button-color":"button-orange","heading-intro-button-size":"button-sm","heading-intro-button-arrow":false,"heading-intro-button-down":false}],"heading-image-linkto":"","heading-image-image":46247,"heading-image-image-mobile":46250,"heading-image-caption":false},{"acf_fc_layout":"slider-review-timeline","_acfe_flexible_layout_title":null,"_acfe_flexible_toggle":null,"background-colors-dropdown":"light","heading-intro-title-tag":"h2","heading-intro-title":"D\u00e9j\u00e0 [meals_counter]\u202f\u2060 repas servis","heading-intro-left":false,"heading-intro-hide":false,"heading-intro-text":"","heading-intro-buttons":null,"slider-review-timeline-review":[47265],"global-bolt-enable":false,"global-bolt-orientation":"left","global-bolt-color":"orange"},{"acf_fc_layout":"grid-pricing","_acfe_flexible_layout_title":null,"_acfe_flexible_toggle":null,"background-colors-dropdown":"skin","grid-pricing-inner-bg":"light","grid-pricing-toggle":true,"heading-intro-title-tag":"h2","heading-intro-title":"Exemples de prix","heading-intro-left":false,"heading-intro-hide":false,"heading-intro-text":"Vous vous demandez combien co\u00fbte une nourriture saine et sur mesure pour chiens ? Alors d\u00e9couvrez ici quelques exemples. Calculez votre prix personnel \u00e0 l'aide du bouton rouge ci-dessous.","heading-intro-buttons":[{"heading-intro-link":{"title":"D\u00e9couvrez votre prix","url":"https:\/\/app.justrussel.com\/fr-be\/signup\/","target":""},"heading-intro-button-color":"button-orange","heading-intro-button-size":"button-lg","heading-intro-button-arrow":true,"heading-intro-button-down":false}],"grid-pricing-grid-items":[{"grid-pricing-title":"Chanel","grid-pricing-image":42851,"grid-pricing-price":"0,47 \u20ac"},{"grid-pricing-title":"Max","grid-pricing-image":42857,"grid-pricing-price":"0,61 \u20ac"},{"grid-pricing-title":"Rex","grid-pricing-image":42805,"grid-pricing-price":"1,15 \u20ac"},{"grid-pricing-title":"Rex &amp; Maya","grid-pricing-image":42850,"grid-pricing-price":"<sup>1,88 \u20ac<\/sup>1,56 \u20ac"}],"grid-pricing-pricing-table":{"acftf":{"v":"1.3.22"},"p":{"o":{"uh":1},"ca":""},"c":[{"p":""},{"p":""},{"p":""}],"h":[{"c":"Prix par jour"},{"c":"Prix par mois"},{"c":"Prix par kg"}],"b":[[{"c":"0,69 \u20ac"},{"c":"17,67 \u20ac "},{"c":"11,33 \u20ac "}],[{"c":"1,07 \u20ac\n"},{"c":"31,50 \u20ac "},{"c":"7,67 \u20ac"}],[{"c":"1,48 \u20ac"},{"c":"41,39 \u20ac "},{"c":"6,22 \u20ac\n"}],[{"c":"<sup>2,15 \u20ac<\/sup> 1,75 \u20ac "},{"c":"<sup>61,11 \u20ac <\/sup> 52,35 \u20ac "},{"c":"<sup>8,58 \u20ac<\/sup> 7,33 \u20ac"}]]},"grid-pricing-use-suffix":false,"global-bolt-enable":false,"global-bolt-orientation":"left","global-bolt-color":"orange"},{"acf_fc_layout":"slider-1","_acfe_flexible_layout_title":null,"_acfe_flexible_toggle":null,"background-colors-dropdown":"light","slider-1-autoslide":true,"heading-intro-title-tag":"h2","heading-intro-title":"Un aper\u00e7u des ingr\u00e9dients","heading-intro-left":false,"heading-intro-hide":false,"heading-intro-text":"Nos experts en nutrition s\u00e9lectionnent avec soin les ingr\u00e9dients des croquettes de votre chien. Nous en listons quelques-uns pour vous :","heading-intro-buttons":[{"heading-intro-link":{"title":"Composez votre recette","url":"https:\/\/app.justrussel.com\/fr-be\/signup\/","target":""},"heading-intro-button-color":"button-orange","heading-intro-button-size":"button-lg","heading-intro-button-arrow":true,"heading-intro-button-down":false}],"slider-1-sliders":[{"slider-1-slider":[{"slider-1-slide-image":1659,"slider-1-slide-title":"Poulet","slider-1-slide-text":"Source importante de prot\u00e9ines avec du calcium et du phosphore pour des os et des dents en bonne sant\u00e9."},{"slider-1-slide-image":2516,"slider-1-slide-title":"Patate douce","slider-1-slide-text":"Riche en vitamine A et en potassium pour une peau et des muscles en bonne sant\u00e9."},{"slider-1-slide-image":1666,"slider-1-slide-title":"Saumon","slider-1-slide-text":"Riche en acides gras om\u00e9ga-3 pour une peau plus saine et un poil brillant."},{"slider-1-slide-image":2517,"slider-1-slide-title":"Canard","slider-1-slide-text":"Bonne source de prot\u00e9ines et de vitamines B pour l'\u00e9nergie et la construction musculaire."},{"slider-1-slide-image":2109,"slider-1-slide-title":"Dinde","slider-1-slide-text":"Nutritionnellement riche en prot\u00e9ines, vitamine B et min\u00e9raux pour une croissance saine."},{"slider-1-slide-image":35522,"slider-1-slide-title":"Riz blanc","slider-1-slide-text":"Pour des fibres saines et naturelles."},{"slider-1-slide-image":1660,"slider-1-slide-title":"Agneau","slider-1-slide-text":"Plus l\u00e9ger pour l'estomac de votre chien, il favorise la digestion."},{"slider-1-slide-image":47256,"slider-1-slide-title":"Porc","slider-1-slide-text":"Source de prot\u00e9ines de haute qualit\u00e9, \u00e9galement adapt\u00e9e comme option hypoallerg\u00e9nique."}]},{"slider-1-slider":[{"slider-1-slide-image":1657,"slider-1-slide-title":"Petits pois","slider-1-slide-text":"Source de vitamines, riche en min\u00e9raux, en prot\u00e9ines et en fibres."},{"slider-1-slide-image":1651,"slider-1-slide-title":"Myrtilles","slider-1-slide-text":"Super-aliment pour une peau plus jeune et une protection contre les dommages cellulaires."},{"slider-1-slide-image":1647,"slider-1-slide-title":"Pomme de terre","slider-1-slide-text":"Riche en glucides et en vitamine C pour l'\u00e9nergie et une immunit\u00e9 renforc\u00e9e."},{"slider-1-slide-image":2518,"slider-1-slide-title":"Riz complet","slider-1-slide-text":"Des glucides complets pour l'\u00e9nergie et de la vitamine B pour un m\u00e9tabolisme sain."},{"slider-1-slide-image":1662,"slider-1-slide-title":"\u00c9pinards","slider-1-slide-text":"Riche en vitamine K, en acide folique et en fer pour la formation et la croissance du sang."},{"slider-1-slide-image":1663,"slider-1-slide-title":"Cranberries","slider-1-slide-text":"Super-aliment avec antioxydants pour un syst\u00e8me immunitaire sain."},{"slider-1-slide-image":2519,"slider-1-slide-title":"Krill de l'Antarctique","slider-1-slide-text":"Riche en acides gras om\u00e9ga-3 pour le d\u00e9veloppement du cerveau et la sant\u00e9 cardiaque."},{"slider-1-slide-image":1664,"slider-1-slide-title":"Huile de poisson","slider-1-slide-text":"Riche en acides gras om\u00e9ga-3 pour un fonctionnement sain du c\u0153ur et du cerveau. "},{"slider-1-slide-image":2520,"slider-1-slide-title":"Graines de lin","slider-1-slide-text":"Pour une bonne digestion et un poil brillant."},{"slider-1-slide-image":1650,"slider-1-slide-title":"Pulpe de betterave","slider-1-slide-text":"Pour une bonne consistance des selles de votre chien."},{"slider-1-slide-image":1656,"slider-1-slide-title":"Sans additif artificiel","slider-1-slide-text":"Aucun r\u00e9gime alimentaire ne devrait en contenir. "},{"slider-1-slide-image":1652,"slider-1-slide-title":"Brocoli","slider-1-slide-text":"Pour des os solides et une densit\u00e9 osseuse plus \u00e9lev\u00e9e."}]}],"global-bolt-enable":false,"global-bolt-orientation":"left","global-bolt-color":"orange"},{"acf_fc_layout":"comparison-table","_acfe_flexible_layout_title":null,"_acfe_flexible_toggle":null,"background-colors-dropdown":"skin","heading-intro-title-tag":"h2","heading-intro-title":"Une nourriture vraiment saine","heading-intro-left":false,"heading-intro-hide":false,"heading-intro-text":"<span style=\"font-size: 12pt\">Personnalis\u00e9es et pr\u00e9par\u00e9es en douceur pour pr\u00e9server les nutriments.<\/span>","heading-intro-buttons":[{"heading-intro-link":{"title":"Essayez une alimentation sur mesure","url":"https:\/\/app.justrussel.com\/fr-be\/signup\/","target":""},"heading-intro-button-color":"button-orange","heading-intro-button-size":"button-sm","heading-intro-button-arrow":true,"heading-intro-button-down":false}],"comparison-table-table":{"acftf":{"v":"1.3.24"},"p":{"o":{"uh":1},"ca":""},"c":[{"p":""},{"p":""},{"p":""}],"h":[{"c":""},{"c":"<img src=\"https:\/\/justrussel.com\/wp-content\/uploads\/jr-bag.webp\">\nJust Russel"},{"c":"<img src=\"http:\/\/justrussel.com\/wp-content\/uploads\/other-bag.webp\">Autre"}],"b":[[{"c":"Recette personnalis\u00e9e pour une sant\u00e9 optimale"},{"c":"true"},{"c":"false"}],[{"c":"Ingr\u00e9dients purs et naturels sans additifs"},{"c":"true"},{"c":"false"}],[{"c":"Hypoallerg\u00e9nique et pr\u00e9ventif"},{"c":"true"},{"c":"false"}],[{"c":"Fra\u00eechement pr\u00e9par\u00e9 et livr\u00e9 directement"},{"c":"true"},{"c":"false"}],[{"c":"Abonnement flexible selon vos besoins"},{"c":"true"},{"c":"false"}],[{"c":"Service client &amp; accompagnement individualis\u00e9 "},{"c":"true"},{"c":"false"}]]},"global-bolt-enable":false,"global-bolt-orientation":"left","global-bolt-color":"orange"},{"acf_fc_layout":"grid-4","_acfe_flexible_layout_title":null,"_acfe_flexible_toggle":null,"background-colors-dropdown":"light","grid-4-inner-bg":"skin","grid-4-aspect-ratio":"aspect-4\/3","heading-intro-title-tag":"h2","heading-intro-title":"Des croquettes con\u00e7ues pour votre chien et vous","heading-intro-left":false,"heading-intro-hide":false,"heading-intro-text":"","heading-intro-buttons":null,"grid-4-grid":[{"grid-4-image":47321,"grid-4-title":"Votre chien mange avec plaisir","grid-4-text":"Nos v\u00e9t\u00e9rinaires n'utilisent que des <strong>ingr\u00e9dients nutritifs et naturels<\/strong>, tels que du <strong>saumon frais<\/strong> ou du <strong>poulet tendre<\/strong>. Il n'y a pas de conservateurs ni d'ar\u00f4mes artificiels ! Ainsi, votre chien mange chaque jour une nourriture exceptionnellement <strong>saine et d\u00e9licieuse<\/strong>."},{"grid-4-image":47322,"grid-4-title":"Vous ne manquerez plus jamais de nourriture","grid-4-text":"Notre <span style=\"text-decoration: underline\"><a href=\"https:\/\/app.justrussel.com\/be-fr\/signup\/\">algorithme<\/a><\/span> calcule la quantit\u00e9 de nourriture que votre chien mange chaque jour. Il sait donc exactement quand vous n'aurez plus de croquettes. Nous pouvons donc vous livrer une nouvelle livraison de croquettes exactement au moment o\u00f9 vous en avez besoin. Et <strong>votre chien ne manquera jamais de nourriture<\/strong>."},{"grid-4-image":1583,"grid-4-title":"Vous recevez de l'aide pour prendre soin de votre chien ","grid-4-text":"S'occuper de son chien est une chose formidable, mais parfois difficile. Il ne veut soudainement plus manger ou souffre de probl\u00e8mes intestinaux ? <span style=\"text-decoration: underline\"><a href=\"https:\/\/justrussel.com\/fr-be\/veterinaire-en-ligne\/\">Contactez nos v\u00e9t\u00e9rinaires<\/a><\/span> qui vous donneront des conseils gratuits."},{"grid-4-image":47323,"grid-4-title":"Vous avez plus de temps pour votre chien ","grid-4-text":"Aller au travail, rentrer \u00e0 la maison, cuisiner, se laver... En tant que propri\u00e9taire de chien, vous devez en plus vous rendre \u00e0 l'animalerie et parfois chez le v\u00e9t\u00e9rinaire. Pour vous \u00e9pargner ces tracas, nous vous proposons de <span style=\"text-decoration: underline\"><a href=\"https:\/\/app.justrussel.com\/fr\/shop\/?Huisdier=dog\">tout commander en ligne<\/a><\/span> pour votre chien: de la nourriture, des friandises saines, des jouets amusants et m\u00eame des paniers et autres accessoires pour chien.\r\n"}],"global-bolt-enable":false,"global-bolt-orientation":"left","global-bolt-color":"orange"},{"acf_fc_layout":"grid-3","_acfe_flexible_layout_title":null,"_acfe_flexible_toggle":null,"background-colors-dropdown":"orange","heading-intro-title-tag":"h2","heading-intro-title":"Plus de 55 000 clients satisfaits","heading-intro-left":false,"heading-intro-hide":false,"heading-intro-text":"Not\u00e9 \u00ab Excellent \u00bb sur Google\r\n","heading-intro-buttons":[{"heading-intro-link":{"title":"Lire plus d'avis","url":"https:\/\/justrussel.com\/fr-be\/avis\/","target":""},"heading-intro-button-color":"button-light","heading-intro-button-size":"button-sm","heading-intro-button-arrow":false,"heading-intro-button-down":false}],"grid-3-gallery":[46573,46572,46571,46570,46569,46568],"global-bolt-enable":false,"global-bolt-orientation":"left","global-bolt-color":"orange"},{"acf_fc_layout":"cta-2","_acfe_flexible_layout_title":null,"_acfe_flexible_toggle":null,"background-colors-dropdown":"light","heading-intro-title-tag":"h2","heading-intro-title":"Commencez votre questionnaire <\/br> de 3 minutes","heading-intro-left":false,"heading-intro-hide":false,"heading-intro-text":"D\u00e9couvrez ici la nourriture id\u00e9ale pour votre chien.\r\nIl adorera sa recette personnalis\u00e9e.","heading-intro-buttons":[{"heading-intro-link":{"title":"Compl\u00e9tez le questionnaire","url":"https:\/\/app.justrussel.com\/fr-be\/signup\/","target":""},"heading-intro-button-color":"button-orange","heading-intro-button-size":"button-md","heading-intro-button-arrow":true,"heading-intro-button-down":false}],"cta-2-image":47262},{"acf_fc_layout":"cta-1","_acfe_flexible_layout_title":null,"_acfe_flexible_toggle":null,"cta-1-cta":2}],"settings-group":{"page-excerpt-content":""}},"_links":{"self":[{"href":"https:\/\/justrussel.com\/fr-be\/wp-json\/wp\/v2\/pages\/2487","targetHints":{"allow":["GET"]}}],"collection":[{"href":"https:\/\/justrussel.com\/fr-be\/wp-json\/wp\/v2\/pages"}],"about":[{"href":"https:\/\/justrussel.com\/fr-be\/wp-json\/wp\/v2\/types\/page"}],"author":[{"embeddable":true,"href":"https:\/\/justrussel.com\/fr-be\/wp-json\/wp\/v2\/users\/1"}],"replies":[{"embeddable":true,"href":"https:\/\/justrussel.com\/fr-be\/wp-json\/wp\/v2\/comments?post=2487"}],"version-history":[{"count":18,"href":"https:\/\/justrussel.com\/fr-be\/wp-json\/wp\/v2\/pages\/2487\/revisions"}],"predecessor-version":[{"id":48450,"href":"https:\/\/justrussel.com\/fr-be\/wp-json\/wp\/v2\/pages\/2487\/revisions\/48450"}],"wp:attachment":[{"href":"https:\/\/justrussel.com\/fr-be\/wp-json\/wp\/v2\/media?parent=2487"}],"curies":[{"name":"wp","href":"https:\/\/api.w.org\/{rel}","templated":true}]}}