{"id":2492,"date":"2023-02-03T16:43:39","date_gmt":"2023-02-03T16:43:39","guid":{"rendered":"https:\/\/new.justrussel.com\/?page_id=2492"},"modified":"2026-03-25T17:54:32","modified_gmt":"2026-03-25T16:54:32","slug":"notre-concept","status":"publish","type":"page","link":"https:\/\/justrussel.com\/fr-be\/notre-concept\/","title":{"rendered":"our-concept_v1_organic_none_none_no-coupon"},"content":{"rendered":"","protected":false},"excerpt":{"rendered":"","protected":false},"author":1,"featured_media":0,"parent":0,"menu_order":0,"comment_status":"closed","ping_status":"closed","template":"","meta":{"_acf_changed":false,"editor_notices":[],"footnotes":""},"class_list":["post-2492","page","type-page","status-publish","hentry"],"acf":{"blocks":[{"acf_fc_layout":"heading-bolt","_acfe_flexible_layout_title":null,"_acfe_flexible_toggle":null,"background-colors-dropdown":"light","heading-bolt-invert":false,"heading-bolt-title-tag":"h1","heading-bolt-title":"Vous aider \u00e0 prendre soin de votre animal ador\u00e9","heading-bolt-text":"[jr_button link=\"https:\/\/app.justrussel.com\/fr-be\/signup\/\" target=\"_self\" color=\"orange\" size=\"sm\" label=\"Essayez Just Russel maintenant\"]\u2028\r\nQuelle alimentation ? Dans quelles quantit\u00e9s ? Comment aider votre animal \u00e0 perdre du poids ? <strong>Chez Just Russel, vous avez une \u00e9quipe d'experts \u00e0 votre disposition<\/strong> pour r\u00e9pondre \u00e0 toutes vos questions. Notre \u00e9quipe vous aide \u00e0 prendre soin de votre animal d\u00e8s que vous en avez besoin. Votre animal re\u00e7oit toutes les vitamines, les fibres et les prot\u00e9ines dont il a besoin - sans aucun compromis sur le go\u00fbt ! Le coup de pouce dont vous avez besoin pour offrir \u00e0 votre ami \u00e0 quatre pattes la vie la plus heureuse et la plus longue possible.\r\n[jr_checklist]\r\n[jr_checklist_item] \ud83d\udc36 \u00a0 \u00c0 chaque animal son plan d'alimentation[\/jr_checklist_item]\r\n[jr_checklist_item] \ud83e\udd66 \u00a0  Plus de nutriments, sans substances de remplissage[\/jr_checklist_item]\r\n[jr_checklist_item] \ud83d\udc69\u200d\u2695\ufe0f \u00a0 Des conseils pour vous accompagner au quotidien[\/jr_checklist_item]\r\n[\/jr_checklist]","hero-button-repeater":null,"heading-bolt-image":1671,"global-bolt-enable":false,"global-bolt-orientation":"left","global-bolt-color":"orange"},{"acf_fc_layout":"cta-1","_acfe_flexible_layout_title":null,"_acfe_flexible_toggle":null,"cta-1-cta":1},{"acf_fc_layout":"grid-4","_acfe_flexible_layout_title":null,"_acfe_flexible_toggle":null,"background-colors-dropdown":"skin","grid-4-inner-bg":"light","grid-4-aspect-ratio":"aspect-4\/3","heading-intro-title-tag":"h2","heading-intro-title":"Voici comment Just Russel vous facilite la vie","heading-intro-left":false,"heading-intro-hide":false,"heading-intro-text":"et rend celle de votre chien ou chat plus saine et plus longue.","heading-intro-buttons":[{"heading-intro-link":{"title":"C'est parti !","url":"https:\/\/app.justrussel.com\/fr-be\/signup\/","target":""},"heading-intro-button-color":"button-orange","heading-intro-button-size":"button-lg","heading-intro-button-arrow":false,"heading-intro-button-down":false}],"grid-4-grid":[{"grid-4-image":45218,"grid-4-title":"1. Pr\u00e9sentez-nous votre animal de compagnie en moins de 3 minutes","grid-4-text":"Faisons connaissance et parlez-nous de lui en r\u00e9pondant \u00e0 10 petites questions : sa race, son \u00e2ge, ses allergies, son poids, son sexe, ses habitudes\u2026 Nous voulons tout savoir de lui !"},{"grid-4-image":45223,"grid-4-title":"2. Nous calculons la portion et la composition adapt\u00e9es \u00e0 votre chien ou chat","grid-4-text":"Gr\u00e2ce aux informations donn\u00e9es sur votre animal, notre algorithme vous pr\u00e9pare une recette sur mesure adapt\u00e9e aux besoins de votre petite b\u00eate : des ingr\u00e9dients jusqu\u2019\u00e0 la portion id\u00e9ale, rien n\u2019est laiss\u00e9 au hasard ! "},{"grid-4-image":2389,"grid-4-title":"3. Nous pr\u00e9parons les croquettes de votre chien ou de votre chat","grid-4-text":"Une fois la recette de votre animal \u00e9tablie, nous nous rendons dans notre usine. L\u00e0, la nourriture de votre chien ou de votre chat est fabriqu\u00e9e et emball\u00e9e, croustillante et sous la supervision d'experts en alimentation."},{"grid-4-image":42649,"grid-4-title":"4. Nous ajoutons des extras amusants et savoureux \u00e0 votre commande","grid-4-text":"En plus de ses d\u00e9licieuses croquettes, nous vous proposons d\u2019autres articles pour g\u00e2ter votre animal : des friandises, des nouveaux jouets et bien plus encore \u2026 Si vous en avez command\u00e9, nous les ajoutons dans votre colis Just Russel aux c\u00f4t\u00e9s de votre nourriture personnalis\u00e9e. "},{"grid-4-image":1687,"grid-4-title":"5. Vous recevez votre colis sur mesure rapidement \u00e0 votre domicile","grid-4-text":"Vous recevrez votre premi\u00e8re livraison de croquettes pour votre animal seulement quelques jours apr\u00e8s que nous les ayons pr\u00e9par\u00e9es pour vous. Bon app\u00e9tit ! "}],"global-bolt-enable":false,"global-bolt-orientation":"left","global-bolt-color":"orange"},{"acf_fc_layout":"hero-9","_acfe_flexible_layout_title":null,"_acfe_flexible_toggle":null,"background-colors-dropdown":"light","hero-9-invert":false,"hero-9-title-tag":"h2","hero-9-title":"Ayez l'esprit tranquille","hero-9-text":"<h3 class=\"font-walsheim font-bold\">\ud83e\udd2f Pas de stress li\u00e9 au choix<\/h3>\r\nNotre algorithme calcule la meilleure alimentation pour votre animal. Ce qui veut dire que vous n'avez plus besoin de parcourir des kilom\u00e8tres et de chercher pendant des heures pour trouver la bonne nourriture pour lui.\r\n<\/br>\r\n<h3 class=\"font-walsheim font-bold\">\ud83d\udc69\u200d\u2695\ufe0f Un accompagnement sur mesure<\/h3>\r\nNos experts sont l\u00e0 pour vous. Vous avez des questions, vous souhaitez recevoir des explications sur le r\u00e9gime alimentaire de votre animal, ajuster certaines informations, ou encore discuter avec nos experts ? Chez Just Russel, la consultation est toujours gratuite.\r\n<\/br>\r\n<h3 class=\"font-walsheim font-bold\">\ud83d\ude9a Tout est livr\u00e9 \u00e0 votre porte<\/h3>\r\nEn plus de la nourriture, nous aimons aussi vous aider \u00e0 trouver des jouets amusants, des biscuits sains ou des friandises \u00e0 commander en secret pour votre petite boule de poils. ","hero-button-repeater":[{"hero-link":{"title":"Essayez d\u00e8s maintenant","url":"https:\/\/app.justrussel.com\/fr-be\/signup\/","target":""},"hero-button-color":"button-orange","hero-button-size":"button-sm","hero-button-arrow":false,"hero-button-down":false}],"hero-9-image":47341,"hero-9-width":"1\/3","global-bolt-enable":false,"global-bolt-orientation":"left","global-bolt-color":"orange"},{"acf_fc_layout":"hero-1","_acfe_flexible_layout_title":null,"_acfe_flexible_toggle":null,"background-colors-dropdown":"skin","hero-1-invert":true,"hero-1-caption":false,"hero-1-align":false,"hero-1-padding":false,"heading-intro-title-tag":"h2","heading-intro-title":"","heading-intro-left":false,"heading-intro-hide":true,"heading-intro-text":"","heading-intro-buttons":null,"hero-1-title-tag":"h2","hero-1-title":"Balou revit gr\u00e2ce \u00e0 sa nouvelle alimentation","hero-1-text":"<em>\u00ab Mon v\u00e9t\u00e9rinaire ne comprenait pas pourquoi mon chien ne mangeait pas, c\u2019est pourquoi j\u2019ai essay\u00e9 le questionnaire en ligne de Just Russel et j\u2019ai command\u00e9 des croquettes personnalis\u00e9es. En croisant les doigts, je les ai donn\u00e9 \u00e0 Balou. Il a mang\u00e9 ses croquettes avec plaisir, je ne l\u2019avais jamais vu se r\u00e9galer autant ! En seulement quelques semaines, il a totalement retrouv\u00e9 l\u2019app\u00e9tit ! Merci \u00e0 toute l\u2019\u00e9quipe Just Russel.\u201d<\/em>\r\n<\/br>\r\n- Lien Opdebeeck","hero-button-repeater":[{"hero-link":{"title":"D\u00e9couvrez d'autres exp\u00e9riences","url":"https:\/\/justrussel.com\/fr-be\/avis\/","target":""},"hero-button-color":"button-orange","hero-button-size":"button-sm","hero-button-arrow":false,"hero-button-down":false}],"hero-1-image":1281,"hero-1-rounded":true,"hero-1-aspect-ratio":"aspect-4\/3","global-bolt-enable":false,"global-bolt-orientation":"left","global-bolt-color":"orange"},{"acf_fc_layout":"usp-1","_acfe_flexible_layout_title":null,"_acfe_flexible_toggle":null,"background-colors-dropdown":"light","usp-1-columns":"3","usp-1-walsheim":true,"usp-1-aspect-ratio":"aspect-4\/3","usp-1-padding":false,"heading-intro-title-tag":"h2","heading-intro-title":"6 raisons pour lesquelles vous devriez essayer Just Russel","heading-intro-left":false,"heading-intro-hide":false,"heading-intro-text":"","heading-intro-buttons":[{"heading-intro-link":{"title":"Essayez Just Russel !  ","url":"https:\/\/app.justrussel.com\/fr-be\/signup\/","target":""},"heading-intro-button-color":"button-orange","heading-intro-button-size":"button-lg","heading-intro-button-arrow":true,"heading-intro-button-down":false}],"usp-1-grid-items":[{"usp-1-image":2008,"usp-1-title":"\u00c9conomisez de l'argent","usp-1-text":"Payez jusqu'\u00e0 30% moins cher que chez les autres marques haut de gamme."},{"usp-1-image":2005,"usp-1-title":"Gagnez du temps","usp-1-text":"Moins de d\u00e9placements chez le v\u00e9t\u00e9rinaire et \u00e0 l'animalerie, plus de temps avec votre animal."},{"usp-1-image":2083,"usp-1-title":"\u00c9vitez le stress","usp-1-text":"Plus besoin de comparer les listes d'ingr\u00e9dients de toutes les marques."},{"usp-1-image":2142,"usp-1-title":"100% fabriqu\u00e9 en Belgique","usp-1-text":"Avec seulement des ingr\u00e9dients 100% naturels et de grande qualit\u00e9. "},{"usp-1-image":2058,"usp-1-title":"Livraison gratuite \u00e0 domicile","usp-1-text":"Pour \u00e9conomiser encore plus de temps et d'argent, et dire adieu au stress."},{"usp-1-image":2061,"usp-1-title":"Des conseils tout au long de sa vie","usp-1-text":"Depuis chiot ou chaton jusqu'\u00e0 son plus vieil \u00e2ge, nous suivons l'\u00e9volution de votre animal et de ses besoins nutritionnels."}],"usp-1-button":"","global-bolt-enable":false,"global-bolt-orientation":"left","global-bolt-color":"orange"},{"acf_fc_layout":"faq-simple","_acfe_flexible_layout_title":null,"_acfe_flexible_toggle":null,"background-colors-dropdown":"skin","faq-simple-inner-bg":"light","heading-intro-title-tag":"h2","heading-intro-title":"Questions fr\u00e9quentes","heading-intro-left":false,"heading-intro-hide":false,"heading-intro-text":"","heading-intro-buttons":null,"faq-simple-faq-items":[{"faq-simple-question":"Les conseils de vos experts sont-ils gratuits ?","faq-simple-answer":"Notre service est en effet gratuit, et nos experts en nutrition sont toujours pr\u00eats \u00e0 vous aider. Ils vous aident \u00e0 trouver la meilleure nourriture pour votre animal et r\u00e9pondent \u00e0 toutes vos questions \u00e0 propos de sa sant\u00e9. N'h\u00e9sitez pas \u00e0 envoyer un e-mail \u00e0 <a href=\"mailto:bonjour@justrussel.com\"><strong>bonjour@justrussel.com<\/strong><\/a>, nous serons heureux de vous aider."},{"faq-simple-question":"Que comprend le plan d'alimentation pour mon chien ou mon chat ?","faq-simple-answer":"Le plan d'alimentation de votre chien ou de votre chat comprend tout ce dont votre animal a besoin pour rester en bonne sant\u00e9 et plein d'\u00e9nergie : un m\u00e9lange \u00e9quilibr\u00e9 de prot\u00e9ines, de graisses, de glucides, de vitamines et de min\u00e9raux ; sp\u00e9cialement adapt\u00e9 \u00e0 l'\u00e2ge, \u00e0 la taille et au niveau d'activit\u00e9 de votre chien ou de votre chat.\r\n\r\nDe plus, nous recommandons la bonne portion quotidienne \u00e0 lui donner afin que votre animal re\u00e7oive non seulement les bons aliments, mais aussi dans la bonne quantit\u00e9.\r\n\r\nCe plan contient tout ce dont votre animal a besoin pour passer une bonne journ\u00e9e !"},{"faq-simple-question":"Comment passer ma premi\u00e8re commande ?","faq-simple-answer":"C'est tr\u00e8s simple ! Rendez-vous sur notre petit questionnaire et remplissez le profil de votre animal. Une fois votre commande pass\u00e9e, nous pr\u00e9parerons votre colis et vous recevrez votre nourriture personnalis\u00e9e \u00e0 votre domicile dans un d\u00e9lai de 3 \u00e0 5 jours ouvrables. <a href=\"https:\/\/app.justrussel.com\/fr-be\/signup\/\"><span style=\"color: #1e1e1e\"><strong><span style=\"text-decoration: underline\">Commandez juste ici<\/span><\/strong><\/span><\/a> !"},{"faq-simple-question":"Combien co\u00fbtent les croquettes sur mesure pour chiens ou chats ?","faq-simple-answer":"Le prix de votre nourriture d\u00e9pend enti\u00e8rement du profil de votre animal. Nos croquettes commencent \u00e0 partir de 19,99 \u20ac par mois. Si vous voulez conna\u00eetre votre prix, vous pouvez compl\u00e9ter le profil de votre animal via <a href=\"https:\/\/app.justrussel.com\/fr-be\/signup\/\"><span style=\"color: #1e1e1e\"><strong><span style=\"text-decoration: underline\">ce lien<\/span><\/strong><\/span><\/a> . Ou vous pouvez en apprendre plus sur nos prix juste <a href=\"https:\/\/justrussel.com\/fr-be\/nos-prix\/\"><span style=\"color: #1e1e1e\"><strong><span style=\"text-decoration: underline\">ici<\/span><\/strong><\/span><\/a> ."},{"faq-simple-question":"Comment obtenir une r\u00e9duction sur les croquettes pour mon chien ou mon chat ?","faq-simple-answer":"Il existe plusieurs fa\u00e7ons d'obtenir des r\u00e9ductions chez Just Russel. Voici quelques exemples :\r\n\r\n[jr_checklist]\r\n[jr_checklist_item]Utilisez le code de vos amis et\/ou de votre famille et recevez un sac d'essai gratuit.[\/jr_checklist_item]\r\n[jr_checklist_item]Commandez de plus grandes quantit\u00e9s de nourriture par livraison afin de b\u00e9n\u00e9ficier d'une r\u00e9duction du prix au kilo. Vous pouvez le faire en cliquant sur \"Mes livraisons\" dans votre menu et en y modifiant le nombre de sacs de croquettes souhait\u00e9. En faisant cela, vous \u00e9conomiserez non seulement de l'argent mais vous recevrez aussi moins de livraisons.[\/jr_checklist_item]\r\n[jr_checklist_item]Suivez-nous sur les r\u00e9seaux sociaux comme sur Facebook ou sur Instagram, nous y publions r\u00e9guli\u00e8rement des promotions. [\/jr_checklist_item]\r\n[\/jr_checklist]"}],"global-bolt-enable":false,"global-bolt-orientation":"left","global-bolt-color":"orange"},{"acf_fc_layout":"cta-2","_acfe_flexible_layout_title":null,"_acfe_flexible_toggle":null,"background-colors-dropdown":"light","heading-intro-title-tag":"h2","heading-intro-title":"Pr\u00e9sentez-nous votre animal <\/br> en 3 minutes","heading-intro-left":false,"heading-intro-hide":false,"heading-intro-text":"","heading-intro-buttons":[{"heading-intro-link":{"title":"Compl\u00e9tez le profil de votre animal","url":"https:\/\/app.justrussel.com\/fr-be\/signup\/","target":""},"heading-intro-button-color":"button-orange","heading-intro-button-size":"button-md","heading-intro-button-arrow":true,"heading-intro-button-down":false}],"cta-2-image":47262}],"settings-group":{"page-excerpt-content":""}},"_links":{"self":[{"href":"https:\/\/justrussel.com\/fr-be\/wp-json\/wp\/v2\/pages\/2492","targetHints":{"allow":["GET"]}}],"collection":[{"href":"https:\/\/justrussel.com\/fr-be\/wp-json\/wp\/v2\/pages"}],"about":[{"href":"https:\/\/justrussel.com\/fr-be\/wp-json\/wp\/v2\/types\/page"}],"author":[{"embeddable":true,"href":"https:\/\/justrussel.com\/fr-be\/wp-json\/wp\/v2\/users\/1"}],"replies":[{"embeddable":true,"href":"https:\/\/justrussel.com\/fr-be\/wp-json\/wp\/v2\/comments?post=2492"}],"version-history":[{"count":15,"href":"https:\/\/justrussel.com\/fr-be\/wp-json\/wp\/v2\/pages\/2492\/revisions"}],"predecessor-version":[{"id":48443,"href":"https:\/\/justrussel.com\/fr-be\/wp-json\/wp\/v2\/pages\/2492\/revisions\/48443"}],"wp:attachment":[{"href":"https:\/\/justrussel.com\/fr-be\/wp-json\/wp\/v2\/media?parent=2492"}],"curies":[{"name":"wp","href":"https:\/\/api.w.org\/{rel}","templated":true}]}}