{"id":2496,"date":"2023-02-03T16:49:38","date_gmt":"2023-02-03T16:49:38","guid":{"rendered":"https:\/\/new.justrussel.com\/?page_id=2496"},"modified":"2026-03-26T10:54:43","modified_gmt":"2026-03-26T09:54:43","slug":"nourriture-saine-pour-chien","status":"publish","type":"page","link":"https:\/\/justrussel.com\/fr-be\/nourriture-saine-pour-chien\/","title":{"rendered":"nourriture-saine-chien_v1_organic_none_none_no-coupon"},"content":{"rendered":"","protected":false},"excerpt":{"rendered":"","protected":false},"author":1,"featured_media":0,"parent":0,"menu_order":0,"comment_status":"closed","ping_status":"closed","template":"","meta":{"_acf_changed":false,"editor_notices":[],"footnotes":""},"class_list":["post-2496","page","type-page","status-publish","hentry"],"acf":{"blocks":[{"acf_fc_layout":"heading-bolt","_acfe_flexible_layout_title":null,"_acfe_flexible_toggle":null,"background-colors-dropdown":"light","heading-bolt-invert":false,"heading-bolt-title-tag":"h2","heading-bolt-title":"Des croquettes pour chiens saines et sur-mesure","heading-bolt-text":"En surpoids ? Une digestion difficile ? Des allergies ? Faites confiance \u00e0 nos v\u00e9t\u00e9rinaires pour pr\u00e9parer des croquettes saines pour votre chien.\r\n\r\n[jr_checklist]\r\n[jr_checklist_item] Saines et sans allerg\u00e8nes [\/jr_checklist_item]\r\n[jr_checklist_item] Plan d'alimentation personnalis\u00e9 [\/jr_checklist_item]\r\n[jr_checklist_item] Conseils d'experts en alimentation [\/jr_checklist_item]\r\n[\/jr_checklist]","hero-button-repeater":[{"hero-link":{"title":"D\u00e9couvrez votre recette saine","url":"https:\/\/app.justrussel.com\/be-fr\/registreren","target":""},"hero-button-color":"button-orange","hero-button-size":"button-lg","hero-button-arrow":false,"hero-button-down":false}],"heading-bolt-image":45959,"global-bolt-enable":false,"global-bolt-orientation":"left","global-bolt-color":"orange"},{"acf_fc_layout":"spacer","_acfe_flexible_layout_title":null,"_acfe_flexible_toggle":null,"spacer-contain":false,"spacer-mobile-space":48,"spacer-mobile-xl-space":48,"spacer-tablet-space":48,"spacer-tablet-xl-space":48,"spacer-desktop-space":72,"background-colors-dropdown":"orange"},{"acf_fc_layout":"wysiwyg","_acfe_flexible_layout_title":null,"_acfe_flexible_toggle":null,"wysiwyg-wysiwyg":"<h3 class=\"font-walsheim font-bold\" style=\"text-align: center\"><span style=\"color: #fffff0\">L'alimentation traditionnelle ne convient pas \u00e0 votre chien<\/span><\/h3>\r\n<p style=\"text-align: center\"><span style=\"color: #fffff0\">Saviez-vous que les croquettes pour chiens achet\u00e9es en animalerie font grossir votre chien, le fatiguent et le rendent malheureux ? Pas \u00e9tonnant quand on lit la liste des ingr\u00e9dients : farine de bl\u00e9, farine d'os, sucre, sel, colorant caramel (quoi ?!). Heureusement, chez Just Russel, la sant\u00e9 de votre chien est notre priorit\u00e9 absolue.<\/span><\/p>","wysiwyg-wysiwyg-width":false,"wysiwyg-wysiwyg-title":false,"wysiwyg-wysiwyg-prose":true,"wysiwyg-padding":true,"wysiwyg-end-blog":false,"background-colors-dropdown":"orange"},{"acf_fc_layout":"spacer","_acfe_flexible_layout_title":null,"_acfe_flexible_toggle":null,"spacer-contain":false,"spacer-mobile-space":48,"spacer-mobile-xl-space":48,"spacer-tablet-space":48,"spacer-tablet-xl-space":48,"spacer-desktop-space":72,"background-colors-dropdown":"orange"},{"acf_fc_layout":"hero-1","_acfe_flexible_layout_title":null,"_acfe_flexible_toggle":null,"background-colors-dropdown":"light","hero-1-invert":true,"hero-1-caption":false,"hero-1-align":false,"hero-1-padding":false,"heading-intro-title-tag":"h2","heading-intro-title":"","heading-intro-left":false,"heading-intro-hide":true,"heading-intro-text":"","heading-intro-buttons":null,"hero-1-title-tag":"h2","hero-1-title":"Qu'est-ce qu'une nourriture saine pour chiens ?","hero-1-text":"[jr_checklist]\r\n[jr_checklist_item] Minimum 25 % de prot\u00e9ines animales [\/jr_checklist_item]\r\n[jr_checklist_item] Maximum 40% de glucides, de pr\u00e9f\u00e9rence moins [\/jr_checklist_item]\r\n[jr_checklist_item] Minimum 15% de mati\u00e8res grasses [\/jr_checklist_item]\r\n[jr_checklist_item] Maximum 5% de fibres brutes [\/jr_checklist_item]\r\n[jr_checklist_item] Et 100% naturelle [\/jr_checklist_item]\r\n[\/jr_checklist]","hero-button-repeater":[{"hero-link":{"title":"Essayez une nourriture saine pour chiens","url":"https:\/\/app.justrussel.com\/be-fr\/registreren","target":""},"hero-button-color":"button-orange","hero-button-size":"button-sm","hero-button-arrow":false,"hero-button-down":false}],"hero-1-image":45081,"hero-1-rounded":false,"hero-1-aspect-ratio":"aspect-4\/3","global-bolt-enable":false,"global-bolt-orientation":"left","global-bolt-color":"orange"},{"acf_fc_layout":"heading-image","_acfe_flexible_layout_title":null,"_acfe_flexible_toggle":null,"background-colors-dropdown":"skin","heading-intro-title-tag":"h2","heading-intro-title":"Les marques de nourriture pour chiens les plus populaires sont-elles saines ?","heading-intro-left":false,"heading-intro-hide":false,"heading-intro-text":"Nous avons fait la comparaison entre diff\u00e9rentes marques de nourriture pour chiens. Vous pouvez donc voir en un coup d'\u0153il quelle marque rendra votre chien en forme, heureux et en bonne sant\u00e9.","heading-intro-buttons":[{"heading-intro-link":{"title":"Optez pour le meilleur nutriscore","url":"https:\/\/app.justrussel.com\/be-fr\/registreren","target":""},"heading-intro-button-color":"button-orange","heading-intro-button-size":"button-lg","heading-intro-button-arrow":false,"heading-intro-button-down":false}],"heading-image-linkto":"","heading-image-image":45082,"heading-image-image-mobile":"","heading-image-caption":false},{"acf_fc_layout":"hero-9","_acfe_flexible_layout_title":null,"_acfe_flexible_toggle":null,"background-colors-dropdown":"light","hero-9-invert":false,"hero-9-title-tag":"h2","hero-9-title":"5 \u00e9tapes pour une alimentation saine et adapt\u00e9e \u00e0 votre chien","hero-9-text":"[jr_checklist]\r\n[jr_checklist_item] R\u00e9pondez \u00e0 10 questions courtes sur votre chien [\/jr_checklist_item]\r\n[jr_checklist_item] Nous calculons la portion et la composition en fonction de ses besoins [\/jr_checklist_item]\r\n[jr_checklist_item] Nous pr\u00e9parons les croquettes pour votre chien avec des ingr\u00e9dients naturels  [\/jr_checklist_item]\r\n[jr_checklist_item] Vous recevrez rapidement votre commande saine et personnalis\u00e9e \u00e0 votre domicile [\/jr_checklist_item]\r\n[jr_checklist_item] Appelez ou envoyez un e-mail \u00e0 nos experts pour obtenir des conseils suppl\u00e9mentaires gratuitement [\/jr_checklist_item]\r\n[\/jr_checklist]","hero-button-repeater":[{"hero-link":{"title":"Commencez votre plan d'alimentation","url":"https:\/\/app.justrussel.com\/be-fr\/registreren","target":""},"hero-button-color":"button-orange","hero-button-size":"button-sm","hero-button-arrow":false,"hero-button-down":false},{"hero-link":{"title":"Tout savoir sur notre concept","url":"https:\/\/justrussel.com\/fr-be\/notre-concept\/","target":""},"hero-button-color":"button-orange","hero-button-size":"button-sm","hero-button-arrow":false,"hero-button-down":false}],"hero-9-image":1225,"hero-9-width":"1\/2","global-bolt-enable":false,"global-bolt-orientation":"left","global-bolt-color":"orange"},{"acf_fc_layout":"spacer","_acfe_flexible_layout_title":null,"_acfe_flexible_toggle":null,"spacer-contain":false,"spacer-mobile-space":24,"spacer-mobile-xl-space":24,"spacer-tablet-space":24,"spacer-tablet-xl-space":48,"spacer-desktop-space":56,"background-colors-dropdown":"skin"},{"acf_fc_layout":"hero-8","_acfe_flexible_layout_title":null,"_acfe_flexible_toggle":null,"background-colors-dropdown":"skin","hero-8-inner-bg":"skin","hero-8-invert":false,"hero-8-padding":true,"heading-intro-title-tag":"h2","heading-intro-title":"","heading-intro-left":false,"heading-intro-hide":true,"heading-intro-text":"","heading-intro-buttons":null,"hero-8-title-tag":"h2","hero-8-title":"Conseils v\u00e9t\u00e9rinaires gratuits pour un chien en bonne sant\u00e9 tout au long de sa vie","hero-8-text":"Nos v\u00e9t\u00e9rinaires ne se contentent pas uniquement de pr\u00e9parer des croquettes saines pour chiens, vous pouvez aussi leur poser des questions. Votre chien souffre de d\u00e9mangeaisons, a des probl\u00e8mes digestifs, est souvent fatigu\u00e9... ? Parlez-en \u00e0 un expert en alimentation Just Russel et obtenez une aide gratuite d\u00e8s que vous en avez besoin ! ","hero-button-repeater":[{"hero-link":{"title":"Posez-nous votre question","url":"mailto:bonjour@justrussel.fr","target":""},"hero-button-color":"button-dark-outline","hero-button-size":"button-sm","hero-button-arrow":false,"hero-button-down":false}],"hero-8-image":2043,"global-bolt-enable":false,"global-bolt-orientation":"left","global-bolt-color":"orange"},{"acf_fc_layout":"spacer","_acfe_flexible_layout_title":null,"_acfe_flexible_toggle":null,"spacer-contain":false,"spacer-mobile-space":24,"spacer-mobile-xl-space":24,"spacer-tablet-space":24,"spacer-tablet-xl-space":48,"spacer-desktop-space":56,"background-colors-dropdown":"skin"},{"acf_fc_layout":"slider-1","_acfe_flexible_layout_title":null,"_acfe_flexible_toggle":null,"background-colors-dropdown":"light","slider-1-autoslide":true,"heading-intro-title-tag":"h2","heading-intro-title":"Nos ingr\u00e9dients","heading-intro-left":false,"heading-intro-hide":false,"heading-intro-text":"Nos experts en nutrition s\u00e9lectionnent avec soin les ingr\u00e9dients des croquettes de votre chien. D\u00e9couvrez juste ici les diff\u00e9rents ingr\u00e9dients que nous utilisons chez Just Russel :","heading-intro-buttons":[{"heading-intro-link":{"title":"D\u00e9couvrez la composition id\u00e9ale pour votre chien","url":"https:\/\/app.justrussel.com\/be-fr\/registreren","target":""},"heading-intro-button-color":"button-orange","heading-intro-button-size":"button-lg","heading-intro-button-arrow":false,"heading-intro-button-down":false}],"slider-1-sliders":[{"slider-1-slider":[{"slider-1-slide-image":1659,"slider-1-slide-title":"Poulet","slider-1-slide-text":"Source importante de prot\u00e9ines avec du calcium et du phosphore pour des os et des dents en bonne sant\u00e9."},{"slider-1-slide-image":2516,"slider-1-slide-title":"Patate douce","slider-1-slide-text":"Riche en vitamine A et en potassium pour une peau et des muscles en bonne sant\u00e9."},{"slider-1-slide-image":1666,"slider-1-slide-title":"Saumon","slider-1-slide-text":"Riche en acides gras om\u00e9ga-3 pour une peau plus saine et un poil brillant."},{"slider-1-slide-image":2517,"slider-1-slide-title":"Canard","slider-1-slide-text":"Bonne source de prot\u00e9ines et de vitamines B pour l'\u00e9nergie et la construction musculaire."},{"slider-1-slide-image":2109,"slider-1-slide-title":"Dinde","slider-1-slide-text":"Nutritionnellement riche en prot\u00e9ines, vitamine B et min\u00e9raux pour une croissance saine."},{"slider-1-slide-image":35522,"slider-1-slide-title":"Riz blanc","slider-1-slide-text":"Pour des fibres saines et naturelles."},{"slider-1-slide-image":1660,"slider-1-slide-title":"Agneau","slider-1-slide-text":"Plus l\u00e9ger pour l'estomac de votre chien, il favorise la digestion."}]},{"slider-1-slider":[{"slider-1-slide-image":1657,"slider-1-slide-title":"Petits pois","slider-1-slide-text":"Source de vitamines, riche en min\u00e9raux, en prot\u00e9ines et en fibres."},{"slider-1-slide-image":1651,"slider-1-slide-title":"Myrtilles","slider-1-slide-text":"Super-aliment pour une peau plus jeune et une protection contre les dommages cellulaires."},{"slider-1-slide-image":1647,"slider-1-slide-title":"Pomme de terre","slider-1-slide-text":"Riche en glucides et en vitamine C pour l'\u00e9nergie et une immunit\u00e9 renforc\u00e9e."},{"slider-1-slide-image":2518,"slider-1-slide-title":"Riz complet","slider-1-slide-text":"Des glucides complets pour l'\u00e9nergie et de la vitamine B pour un m\u00e9tabolisme sain."},{"slider-1-slide-image":1662,"slider-1-slide-title":"\u00c9pinards","slider-1-slide-text":"Riche en vitamine K, en acide folique et en fer pour la formation et la croissance du sang."},{"slider-1-slide-image":1663,"slider-1-slide-title":"Cranberries","slider-1-slide-text":"Super-aliment avec antioxydants pour un syst\u00e8me immunitaire sain."},{"slider-1-slide-image":2519,"slider-1-slide-title":"Krill de l'Antarctique","slider-1-slide-text":"Riche en acides gras om\u00e9ga-3 pour le d\u00e9veloppement du cerveau et la sant\u00e9 cardiaque."},{"slider-1-slide-image":1664,"slider-1-slide-title":"Huile de poisson","slider-1-slide-text":"Riche en acides gras om\u00e9ga-3 pour un fonctionnement sain du c\u0153ur et du cerveau. "},{"slider-1-slide-image":2520,"slider-1-slide-title":"Graines de lin","slider-1-slide-text":"Pour une bonne digestion et un poil brillant."},{"slider-1-slide-image":1650,"slider-1-slide-title":"Pulpe de betterave","slider-1-slide-text":"Pour une bonne consistance des selles de votre chien."},{"slider-1-slide-image":1656,"slider-1-slide-title":"Sans additif artificiel","slider-1-slide-text":"Aucun r\u00e9gime alimentaire ne devrait en contenir. "},{"slider-1-slide-image":1652,"slider-1-slide-title":"Brocoli","slider-1-slide-text":"Pour des os solides et une densit\u00e9 osseuse plus \u00e9lev\u00e9e."}]}],"global-bolt-enable":false,"global-bolt-orientation":"left","global-bolt-color":"orange"},{"acf_fc_layout":"hero-9","_acfe_flexible_layout_title":null,"_acfe_flexible_toggle":null,"background-colors-dropdown":"skin","hero-9-invert":false,"hero-9-title-tag":"h2","hero-9-title":"Cette propri\u00e9taire a un chien en bonne sant\u00e9 gr\u00e2ce \u00e0 une alimentation sur-mesure","hero-9-text":"<em><strong>Je suis tout de suite devenue fan !<\/strong> J'ai d\u00e9j\u00e0 essay\u00e9 plusieurs marques de croquettes hypoallerg\u00e9niques pour mon chien (recommand\u00e9es par le v\u00e9t\u00e9rinaire), mais ses selles n'\u00e9taient toujours pas comme elles auraient d\u00fb l'\u00eatre. \r\n<\/br>\r\nPuis quand je suis tomb\u00e9e sur des publicit\u00e9s de Just Russel, je me suis dis que \u00e7a valait la peine d'essayer. (En fait, je m'attendais \u00e0 ce que cette \"alimentation sur mesure\" soit trop ch\u00e8re, mais ce n'est pas le cas avec Just Russel. Au contraire, <strong>la nourriture est moins ch\u00e8re<\/strong> que les diff\u00e9rentes croquettes que nous avions d\u00e9j\u00e0 essay\u00e9s).\r\n<\/br>\r\nEt oui, <strong>ils tiennent leurs promesses<\/strong>. Avec Pablo, nous sommes fan de leur nourriture et les selles de mon chien (m\u00eame si cela ne fait que quelques jours) sont ENFIN fermes, comme il faut ! On vous recommande de faire le test !<\/em>\r\n<\/br>\r\n<em>- Christelle V.<\/em>","hero-button-repeater":[{"hero-link":{"title":"D\u00e9couvrez votre propre plan d'alimentation","url":"https:\/\/app.justrussel.com\/be-fr\/registreren","target":""},"hero-button-color":"button-orange","hero-button-size":"button-sm","hero-button-arrow":true,"hero-button-down":false}],"hero-9-image":1712,"hero-9-width":"1\/3","global-bolt-enable":false,"global-bolt-orientation":"left","global-bolt-color":"orange"},{"acf_fc_layout":"faq-simple","_acfe_flexible_layout_title":null,"_acfe_flexible_toggle":null,"background-colors-dropdown":"light","faq-simple-inner-bg":"skin","heading-intro-title-tag":"h2","heading-intro-title":"Questions fr\u00e9quentes sur les croquettes saines pour chiens","heading-intro-left":false,"heading-intro-hide":false,"heading-intro-text":"","heading-intro-buttons":null,"faq-simple-faq-items":[{"faq-simple-question":"Qu'est-ce qui est le plus sain : les croquettes ou la viande ?","faq-simple-answer":"Les croquettes pour chiens offrent une alimentation \u00e9quilibr\u00e9e aux chiens contrairement \u00e0 la viande fra\u00eeche seule. En effet, les croquettes pour chiens sont sp\u00e9cialement formul\u00e9es pour contenir les bonnes quantit\u00e9s des diff\u00e9rents nutriments, tels que les prot\u00e9ines, les graisses, les glucides, les vitamines et les min\u00e9raux, n\u00e9cessaires \u00e0 une bonne digestion, \u00e0 la fonction cardiaque, \u00e0 l'\u00e9quilibre \u00e9nerg\u00e9tique, au syst\u00e8me immunitaire et au pelage.\r\n<\/br>\r\nContrairement \u00e0 la viande, qui ne contient pas toutes les fibres, vitamines et min\u00e9raux dont un chien a besoin. Toutefois, il est important de s'assurer que les croquettes pour chiens soient bien fabriqu\u00e9es \u00e0 partir d'ingr\u00e9dients frais et de qualit\u00e9 et qu'elles soient exemptes de parfums, d'ar\u00f4mes et de colorants chimiques pour <strong>garantir une alimentation saine et \u00e9quilibr\u00e9e.<\/strong>"},{"faq-simple-question":"Pourquoi les croquettes pour chiens Just Russel sont-elles \"saines\" ?","faq-simple-answer":"1. Parce que nous analysons les besoins de votre chien de mani\u00e8re approfondie avant de vous proposer un r\u00e9gime alimentaire. Nous <strong>prenons donc en compte ses allergies<\/strong>, le fait qu'il soit ou non en surpoids ou en insuffisance pond\u00e9rale, qu'il ait une digestion difficile, en plus de son \u00e2ge, de sa race, de son sexe et d'autres facteurs.\r\n<\/br>\r\n2. Nous travaillons en \u00e9troite collaboration avec des <strong>v\u00e9t\u00e9rinaires<\/strong> afin d'avoir toujours connaissance des derni\u00e8res d\u00e9couvertes scientifiques sur les chiens et leur alimentation.\r\n<\/br>\r\n3. Les cinq premiers ingr\u00e9dients de nos croquettes pour chiens ne sont pas les seuls \u00e0 \u00eatre naturels, belges et de qualit\u00e9 - ils le sont tous. Au lieu de calories vides et bon march\u00e9 provenant de c\u00e9r\u00e9ales ou de farine d'os, nous utilisons du poulet, de l'agneau, du canard ou du saumon frais, des l\u00e9gumes, des fruits et des graines, compl\u00e9t\u00e9s par des vitamines et des min\u00e9raux. Vous pouvez d\u00e9couvrir \u00e0 quoi ressemble la formule personnelle de votre chien <a href=\"https:\/\/app.justrussel.com\/be-fr\/registreren\">juste ici<\/a>.\r\n<\/br>\r\n4. En plus d'une alimentation saine et adapt\u00e9e aux besoins de votre chien, vous pouvez \u00e9galement contacter nos v\u00e9t\u00e9rinaires pour obtenir des conseils en mati\u00e8re de sant\u00e9. Car un chien n'est pas seulement en bonne sant\u00e9 gr\u00e2ce \u00e0 son alimentation, mais aussi gr\u00e2ce \u00e0 son mode de vie tout entier. Si vous avez des questions \u00e0 ce sujet, nous vous offrons les conseils gratuits d'experts."},{"faq-simple-question":"Quelle quantit\u00e9 de nourriture est bonne pour mon chien ?","faq-simple-answer":"Probablement moins que ce que votre chien se fixerait pour lui-m\u00eame ;)\r\nPlus s\u00e9rieusement, tout d\u00e9pend de :\r\n\r\n[jr_checklist]\r\n[jr_checklist_item] Sa race [\/jr_checklist_item]\r\n[jr_checklist_item] Sa taille [\/jr_checklist_item]\r\n[jr_checklist_item] Son poids [\/jr_checklist_item]\r\n[jr_checklist_item] Son sexe [\/jr_checklist_item]\r\n[jr_checklist_item] S'il\/elle est castr\u00e9\/st\u00e9rilis\u00e9e [\/jr_checklist_item]\r\n[jr_checklist_item] Son \u00e2ge [\/jr_checklist_item]\r\n[jr_checklist_item] Son niveau d'activit\u00e9 [\/jr_checklist_item]\r\n[jr_checklist_item] Combien de friandises vous lui donnez [\/jr_checklist_item]\r\n[\/jr_checklist]\r\n<\/br>Si vous voulez savoir quelle est la portion saine et adapt\u00e9e pour votre chien, vous pouvez la faire calculer <a href=\"https:\/\/app.justrussel.com\/be-fr\/registreren\">juste ici<\/a>."},{"faq-simple-question":"Combien co\u00fbte une alimentation saine et personnalis\u00e9e pour chiens ?","faq-simple-answer":"L\u00e0 encore, tout d\u00e9pend de votre chien. Mais nous pouvons vous garantir une chose : nous vous offrons le meilleur prix pour des croquettes saines et de qualit\u00e9 pour chiens.\r\n<\/br>Nous pouvons le faire parce que nous produisons notre nourriture en utilisant des ingr\u00e9dients locaux et parce que nous travaillons sans aucun interm\u00e9diaire (qui prend des marges comme les supermarch\u00e9s ou les animaleries).\r\n<\/br>\r\nParce que nous voulons vous donner un petit bonus, vous pouvez commander votre premier sachet de croquettes saines pour chiens avec une r\u00e9duction de 30% \ud83d\ude09. Calculez votre prix personnel <a href=\"https:\/\/app.justrussel.com\/be-fr\/registreren\/?onboarding=SAINE30:YRHArzgt_3h9Uk7pGo3vyVgjtgnYURQKv5KX_TYswOc\">ici<\/a>."}],"global-bolt-enable":false,"global-bolt-orientation":"left","global-bolt-color":"orange"},{"acf_fc_layout":"cta-1","_acfe_flexible_layout_title":null,"_acfe_flexible_toggle":null,"cta-1-cta":1}],"settings-group":{"page-excerpt-content":""}},"_links":{"self":[{"href":"https:\/\/justrussel.com\/fr-be\/wp-json\/wp\/v2\/pages\/2496","targetHints":{"allow":["GET"]}}],"collection":[{"href":"https:\/\/justrussel.com\/fr-be\/wp-json\/wp\/v2\/pages"}],"about":[{"href":"https:\/\/justrussel.com\/fr-be\/wp-json\/wp\/v2\/types\/page"}],"author":[{"embeddable":true,"href":"https:\/\/justrussel.com\/fr-be\/wp-json\/wp\/v2\/users\/1"}],"replies":[{"embeddable":true,"href":"https:\/\/justrussel.com\/fr-be\/wp-json\/wp\/v2\/comments?post=2496"}],"version-history":[{"count":15,"href":"https:\/\/justrussel.com\/fr-be\/wp-json\/wp\/v2\/pages\/2496\/revisions"}],"predecessor-version":[{"id":48457,"href":"https:\/\/justrussel.com\/fr-be\/wp-json\/wp\/v2\/pages\/2496\/revisions\/48457"}],"wp:attachment":[{"href":"https:\/\/justrussel.com\/fr-be\/wp-json\/wp\/v2\/media?parent=2496"}],"curies":[{"name":"wp","href":"https:\/\/api.w.org\/{rel}","templated":true}]}}