{"id":2500,"date":"2023-02-03T16:50:35","date_gmt":"2023-02-03T16:50:35","guid":{"rendered":"https:\/\/new.justrussel.com\/?page_id=2500"},"modified":"2026-03-26T10:56:38","modified_gmt":"2026-03-26T09:56:38","slug":"nourriture-hypoallergenique-pour-chien","status":"publish","type":"page","link":"https:\/\/justrussel.com\/fr-be\/nourriture-hypoallergenique-pour-chien\/","title":{"rendered":"nourriture-hypoallerg\u00e9nique-chien_organic_none_none_no-coupon"},"content":{"rendered":"","protected":false},"excerpt":{"rendered":"","protected":false},"author":1,"featured_media":0,"parent":0,"menu_order":0,"comment_status":"closed","ping_status":"closed","template":"","meta":{"_acf_changed":false,"editor_notices":[],"footnotes":""},"class_list":["post-2500","page","type-page","status-publish","hentry"],"acf":{"blocks":[{"acf_fc_layout":"heading-bolt","_acfe_flexible_layout_title":null,"_acfe_flexible_toggle":null,"background-colors-dropdown":"light","heading-bolt-invert":false,"heading-bolt-title-tag":"h2","heading-bolt-title":"Stop aux allergies alimentaires gr\u00e2ce aux croquettes hypoallerg\u00e9niques pour chiens sur-mesure","heading-bolt-text":"Chez Just Russel, nos v\u00e9t\u00e9rinaires pr\u00e9parent des croquettes hypoallerg\u00e9niques adapt\u00e9es \u00e0 votre chien. Vous pouvez donc le d\u00e9barrasser de ses probl\u00e8mes de peau, de pelage et de digestion en un rien de temps ! ","hero-button-repeater":[{"hero-link":{"title":"Essayez maintenant","url":"https:\/\/app.justrussel.com\/fr-be\/signup\/","target":""},"hero-button-color":"button-green","hero-button-size":"button-lg","hero-button-arrow":true,"hero-button-down":false}],"heading-bolt-image":1292,"global-bolt-enable":false,"global-bolt-orientation":"left","global-bolt-color":"orange"},{"acf_fc_layout":"spacer","_acfe_flexible_layout_title":null,"_acfe_flexible_toggle":null,"spacer-contain":false,"spacer-mobile-space":48,"spacer-mobile-xl-space":48,"spacer-tablet-space":48,"spacer-tablet-xl-space":48,"spacer-desktop-space":56,"background-colors-dropdown":"yellow"},{"acf_fc_layout":"usp-1","_acfe_flexible_layout_title":null,"_acfe_flexible_toggle":null,"background-colors-dropdown":"yellow","usp-1-columns":"4","usp-1-walsheim":false,"usp-1-aspect-ratio":"aspect-4\/3","usp-1-padding":true,"heading-intro-title-tag":"h2","heading-intro-title":"","heading-intro-left":false,"heading-intro-hide":true,"heading-intro-text":"","heading-intro-buttons":null,"usp-1-grid-items":[{"usp-1-image":2429,"usp-1-title":"Ingr\u00e9dients hypoallerg\u00e9niques","usp-1-text":""},{"usp-1-image":2007,"usp-1-title":"D\u00e9velopp\u00e9 par des v\u00e9t\u00e9rinaires","usp-1-text":""},{"usp-1-image":2085,"usp-1-title":"Conseils adapt\u00e9s \u00e0 votre chien","usp-1-text":""},{"usp-1-image":2010,"usp-1-title":"Livraison gratuite \u00e0 domicile","usp-1-text":""}],"usp-1-button":"","global-bolt-enable":false,"global-bolt-orientation":"left","global-bolt-color":"orange"},{"acf_fc_layout":"spacer","_acfe_flexible_layout_title":null,"_acfe_flexible_toggle":null,"spacer-contain":false,"spacer-mobile-space":48,"spacer-mobile-xl-space":48,"spacer-tablet-space":48,"spacer-tablet-xl-space":48,"spacer-desktop-space":56,"background-colors-dropdown":"yellow"},{"acf_fc_layout":"hero-1","_acfe_flexible_layout_title":null,"_acfe_flexible_toggle":null,"background-colors-dropdown":"light","hero-1-invert":false,"hero-1-caption":false,"hero-1-align":false,"hero-1-padding":false,"heading-intro-title-tag":"h3","heading-intro-title":"Qu'est-ce qu'une nourriture hypoallerg\u00e9nique pour chiens ?","heading-intro-left":false,"heading-intro-hide":false,"heading-intro-text":"Pour faire simple, les croquettes hypoallerg\u00e9niques pour chiens sont une <strong>nourriture facile \u00e0 dig\u00e9rer, ne contenant aucun ingr\u00e9dient auquel votre chien est allergique<\/strong>. Et concr\u00e8tement, \u00e7a donne quoi ?","heading-intro-buttons":null,"hero-1-title-tag":"h3","hero-1-title":"<span class=\"font-walsheim\">1. Facile \u00e0 dig\u00e9rer <\/span>","hero-1-text":"Les croquettes hypoallerg\u00e9niques pour chiens ne contiennent que des ingr\u00e9dients faciles \u00e0 dig\u00e9rer pour les chiens et qui provoquent donc moins de r\u00e9actions allergiques. Donc pas de c\u00e9r\u00e9ales, de produits laitiers ou de gluten.","hero-button-repeater":null,"hero-1-image":1298,"hero-1-rounded":true,"hero-1-aspect-ratio":"aspect-video","global-bolt-enable":false,"global-bolt-orientation":"left","global-bolt-color":"orange"},{"acf_fc_layout":"hero-1","_acfe_flexible_layout_title":null,"_acfe_flexible_toggle":null,"background-colors-dropdown":"light","hero-1-invert":true,"hero-1-caption":false,"hero-1-align":false,"hero-1-padding":false,"heading-intro-title-tag":"h2","heading-intro-title":"","heading-intro-left":false,"heading-intro-hide":true,"heading-intro-text":"","heading-intro-buttons":null,"hero-1-title-tag":"h3","hero-1-title":"<span class=\"font-walsheim\">2. Seulement ce que votre chien tol\u00e8re<\/span>","hero-1-text":"Les croquettes hypoallerg\u00e9niques pour chiens remplacent les nutriments traditionnels qui provoquent souvent des r\u00e9actions allergiques. Chez Just Russel, par exemple, vous pouvez obtenir des croquettes contenant du saumon, de l'agneau ou du canard au lieu du poulet ou du b\u0153uf ; ou encore du riz \u00e0 la place des c\u00e9r\u00e9ales.","hero-button-repeater":null,"hero-1-image":1838,"hero-1-rounded":true,"hero-1-aspect-ratio":"aspect-video","global-bolt-enable":false,"global-bolt-orientation":"left","global-bolt-color":"orange"},{"acf_fc_layout":"hero-1","_acfe_flexible_layout_title":null,"_acfe_flexible_toggle":null,"background-colors-dropdown":"light","hero-1-invert":false,"hero-1-caption":false,"hero-1-align":false,"hero-1-padding":false,"heading-intro-title-tag":"h2","heading-intro-title":"","heading-intro-left":false,"heading-intro-hide":true,"heading-intro-text":"","heading-intro-buttons":[{"heading-intro-link":{"title":"D\u00e9couvrez votre recette hypoallerg\u00e9nique","url":"https:\/\/app.justrussel.com\/fr-be\/signup\/","target":""},"heading-intro-button-color":"button-orange","heading-intro-button-size":"button-lg","heading-intro-button-arrow":false,"heading-intro-button-down":false}],"hero-1-title-tag":"h3","hero-1-title":"<span class=\"font-walsheim\">3. Des prot\u00e9ines hydrolys\u00e9es<\/span>","hero-1-text":"Il s'agit de prot\u00e9ines coup\u00e9es en petits morceaux. De cette fa\u00e7on, votre chien les dig\u00e8re plus facilement, ce qui r\u00e9duit aussi les risques de r\u00e9action allergique. Super !","hero-button-repeater":null,"hero-1-image":1842,"hero-1-rounded":true,"hero-1-aspect-ratio":"aspect-video","global-bolt-enable":false,"global-bolt-orientation":"left","global-bolt-color":"orange"},{"acf_fc_layout":"hero-9","_acfe_flexible_layout_title":null,"_acfe_flexible_toggle":null,"background-colors-dropdown":"skin","hero-9-invert":true,"hero-9-title-tag":"h2","hero-9-title":"D\u00e9mangeaisons, vomissements, diarrh\u00e9e ? Votre chien souffre probablement d'une allergie alimentaire !","hero-9-text":"C'est dur de voir son chien subir \u00e7a tous les jours. Pour que vous n'ayez plus \u00e0 vous inqui\u00e9ter, nos v\u00e9t\u00e9rinaires fabriquent des croquettes hypoallerg\u00e9niques pour chiens qui sont 100% adapt\u00e9es aux allergies de votre chien.","hero-button-repeater":[{"hero-link":{"title":"Comment \u00e7a marche ? ","url":"https:\/\/app.justrussel.com\/fr-be\/signup\/","target":""},"hero-button-color":"button-orange","hero-button-size":"button-sm","hero-button-arrow":false,"hero-button-down":false}],"hero-9-image":1848,"hero-9-width":"1\/2","global-bolt-enable":false,"global-bolt-orientation":"left","global-bolt-color":"orange"},{"acf_fc_layout":"grid-1","_acfe_flexible_layout_title":null,"_acfe_flexible_toggle":null,"background-colors-dropdown":"light","grid-1-numbered":false,"grid-1-aspect-ratio":"aspect-4\/3","heading-intro-title-tag":"h2","heading-intro-title":"Parlez-nous de votre animal et nous lui fabriquons ses croquettes hypoallerg\u00e9niques","heading-intro-left":false,"heading-intro-hide":false,"heading-intro-text":"Pour cr\u00e9er des croquettes hypoallerg\u00e9niques adapt\u00e9es \u00e0 votre chien, nos v\u00e9t\u00e9rinaires ont d\u00e9velopp\u00e9 un outil d'analyse intelligent (un algorithme).  Voici comment \u00e7a fonctionne :","heading-intro-buttons":[{"heading-intro-link":{"title":"Faites le test ! ","url":"https:\/\/app.justrussel.com\/fr-be\/signup\/","target":""},"heading-intro-button-color":"button-orange","heading-intro-button-size":"button-md","heading-intro-button-arrow":true,"heading-intro-button-down":false}],"grid-1-grid":[{"grid-1-image":1334,"grid-1-title":"Parlez-nous de votre chien et de ses allergies","grid-1-text":""},{"grid-1-image":1329,"grid-1-title":"Nos v\u00e9t\u00e9rinaires d\u00e9cident de ce qu'il peut ou ne peut pas manger","grid-1-text":""},{"grid-1-image":1324,"grid-1-title":"Nous vous fabriquons des croquettes personnalis\u00e9es","grid-1-text":""}],"global-bolt-enable":false,"global-bolt-orientation":"left","global-bolt-color":"orange"},{"acf_fc_layout":"spacer","_acfe_flexible_layout_title":null,"_acfe_flexible_toggle":null,"spacer-contain":false,"spacer-mobile-space":24,"spacer-mobile-xl-space":24,"spacer-tablet-space":24,"spacer-tablet-xl-space":48,"spacer-desktop-space":56,"background-colors-dropdown":"skin"},{"acf_fc_layout":"hero-8","_acfe_flexible_layout_title":null,"_acfe_flexible_toggle":null,"background-colors-dropdown":"skin","hero-8-inner-bg":"skin","hero-8-invert":false,"hero-8-padding":true,"heading-intro-title-tag":"h2","heading-intro-title":"","heading-intro-left":false,"heading-intro-hide":true,"heading-intro-text":"","heading-intro-buttons":null,"hero-8-title-tag":"h2","hero-8-title":"On vous aide \u00e0 trouver la nourriture hypoallerg\u00e9nique parfaite pour votre chien","hero-8-text":"Vous avez des doutes quant \u00e0 l'allergie aux c\u00e9r\u00e9ales de votre chien ? Ou vous voulez plus d'informations sur les croquettes pour chiens sans c\u00e9r\u00e9ales ? Alors, prenez contact avec nos v\u00e9t\u00e9rinaires. Comme \u00e7a, vous obtenez des conseils adapt\u00e9s d\u00e8s que vous en avez besoin. Quel soulagement !","hero-button-repeater":[{"hero-link":{"title":"Je veux l'aide d'un expert","url":"mailto:bonjour@justrussel.fr","target":""},"hero-button-color":"button-dark-outline","hero-button-size":"button-sm","hero-button-arrow":false,"hero-button-down":false}],"hero-8-image":2043,"global-bolt-enable":false,"global-bolt-orientation":"left","global-bolt-color":"orange"},{"acf_fc_layout":"spacer","_acfe_flexible_layout_title":null,"_acfe_flexible_toggle":null,"spacer-contain":false,"spacer-mobile-space":24,"spacer-mobile-xl-space":24,"spacer-tablet-space":24,"spacer-tablet-xl-space":48,"spacer-desktop-space":56,"background-colors-dropdown":"skin"},{"acf_fc_layout":"slider-1","_acfe_flexible_layout_title":null,"_acfe_flexible_toggle":null,"background-colors-dropdown":"light","slider-1-autoslide":true,"heading-intro-title-tag":"h2","heading-intro-title":"Nos ingr\u00e9dients","heading-intro-left":false,"heading-intro-hide":false,"heading-intro-text":"Nos experts en nutrition s\u00e9lectionnent avec soin les ingr\u00e9dients des croquettes de votre chien. D\u00e9couvrez juste ici les diff\u00e9rents ingr\u00e9dients que nous utilisons chez Just Russel :","heading-intro-buttons":[{"heading-intro-link":{"title":"D\u00e9couvrez la composition id\u00e9ale pour votre chien","url":"https:\/\/app.justrussel.com\/fr-be\/signup\/","target":""},"heading-intro-button-color":"button-orange","heading-intro-button-size":"button-lg","heading-intro-button-arrow":false,"heading-intro-button-down":false}],"slider-1-sliders":[{"slider-1-slider":[{"slider-1-slide-image":1659,"slider-1-slide-title":"Poulet","slider-1-slide-text":"Source importante de prot\u00e9ines avec du calcium et du phosphore pour des os et des dents en bonne sant\u00e9."},{"slider-1-slide-image":2516,"slider-1-slide-title":"Patate douce","slider-1-slide-text":"Riche en vitamine A et en potassium pour une peau et des muscles en bonne sant\u00e9."},{"slider-1-slide-image":1666,"slider-1-slide-title":"Saumon","slider-1-slide-text":"Riche en acides gras om\u00e9ga-3 pour une peau plus saine et un poil brillant."},{"slider-1-slide-image":2517,"slider-1-slide-title":"Canard","slider-1-slide-text":"Bonne source de prot\u00e9ines et de vitamines B pour l'\u00e9nergie et la construction musculaire."},{"slider-1-slide-image":2109,"slider-1-slide-title":"Dinde","slider-1-slide-text":"Nutritionnellement riche en prot\u00e9ines, vitamine B et min\u00e9raux pour une croissance saine."},{"slider-1-slide-image":35522,"slider-1-slide-title":"Riz blanc","slider-1-slide-text":"Pour des fibres saines et naturelles."},{"slider-1-slide-image":1660,"slider-1-slide-title":"Agneau","slider-1-slide-text":"Plus l\u00e9ger pour l'estomac de votre chien, il favorise la digestion."}]},{"slider-1-slider":[{"slider-1-slide-image":1657,"slider-1-slide-title":"Petits pois","slider-1-slide-text":"Source de vitamines, riche en min\u00e9raux, en prot\u00e9ines et en fibres."},{"slider-1-slide-image":1651,"slider-1-slide-title":"Myrtilles","slider-1-slide-text":"Super-aliment pour une peau plus jeune et une protection contre les dommages cellulaires."},{"slider-1-slide-image":1647,"slider-1-slide-title":"Pomme de terre","slider-1-slide-text":"Riche en glucides et en vitamine C pour l'\u00e9nergie et une immunit\u00e9 renforc\u00e9e."},{"slider-1-slide-image":2518,"slider-1-slide-title":"Riz complet","slider-1-slide-text":"Des glucides complets pour l'\u00e9nergie et de la vitamine B pour un m\u00e9tabolisme sain."},{"slider-1-slide-image":1662,"slider-1-slide-title":"\u00c9pinards","slider-1-slide-text":"Riche en vitamine K, en acide folique et en fer pour la formation et la croissance du sang."},{"slider-1-slide-image":1663,"slider-1-slide-title":"Cranberries","slider-1-slide-text":"Super-aliment avec antioxydants pour un syst\u00e8me immunitaire sain."},{"slider-1-slide-image":2519,"slider-1-slide-title":"Krill de l'Antarctique","slider-1-slide-text":"Riche en acides gras om\u00e9ga-3 pour le d\u00e9veloppement du cerveau et la sant\u00e9 cardiaque."},{"slider-1-slide-image":1664,"slider-1-slide-title":"Huile de poisson","slider-1-slide-text":"Riche en acides gras om\u00e9ga-3 pour un fonctionnement sain du c\u0153ur et du cerveau. "},{"slider-1-slide-image":2520,"slider-1-slide-title":"Graines de lin","slider-1-slide-text":"Pour une bonne digestion et un poil brillant."},{"slider-1-slide-image":1650,"slider-1-slide-title":"Pulpe de betterave","slider-1-slide-text":"Pour une bonne consistance des selles de votre chien."},{"slider-1-slide-image":1656,"slider-1-slide-title":"Sans additif artificiel","slider-1-slide-text":"Aucun r\u00e9gime alimentaire ne devrait en contenir. "},{"slider-1-slide-image":1652,"slider-1-slide-title":"Brocoli","slider-1-slide-text":"Pour des os solides et une densit\u00e9 osseuse plus \u00e9lev\u00e9e."}]}],"global-bolt-enable":false,"global-bolt-orientation":"left","global-bolt-color":"orange"},{"acf_fc_layout":"grid-2","_acfe_flexible_layout_title":null,"_acfe_flexible_toggle":null,"background-colors-dropdown":"skin","global-dot-color":"green","grid-2-dot-notation":"number","heading-intro-title-tag":"h2","heading-intro-title":"D'autres informations que vous aimeriez savoir sur nos croquettes hypoallerg\u00e9niques pour chiens","heading-intro-left":false,"heading-intro-hide":false,"heading-intro-text":"","heading-intro-buttons":null,"grid-2-grid":[{"grid-2-title":"Votre nourriture hypoallerg\u00e9nique pour chiens aide-t-elle aussi \u00e0 lutter contre les d\u00e9mangeaisons ?","grid-2-text":"Oui, les croquettes hypoallerg\u00e9niques pour chiens Just Russel sont b\u00e9n\u00e9fiques si votre chien a des d\u00e9mangeaisons (par exemple sur ses pattes et ses oreilles) mais aussi pour les chiens ayant des intestins et des estomacs sensibles."},{"grid-2-title":"Pourquoi les croquettes hypoallerg\u00e9niques pour chiens sont-elles bonnes pour mon chien ?","grid-2-text":"Car avec des croquettes hypoallerg\u00e9niques, votre chien retrouvera de l'\u00e9nergie et ne se sentira plus malade. \r\n\r\nAvec des croquettes hypoallerg\u00e9niques, vous pouvez soulager votre chien du stress mental et physique d'une mani\u00e8re simple, saine et abordable. \r\n\r\nAlors pourquoi ne pas l'essayer ;) ?"},{"grid-2-title":"Que contiennent les croquettes hypoallerg\u00e9niques pour chiens Just Russel ?","grid-2-text":"Dans les croquettes hypoallerg\u00e9niques pour chiens, il n'y a qu'une seule source de prot\u00e9ines \u00e0 laquelle moins de 2% des chiens sont allergiques. Chez Just Russel, il s'agit du saumon ou du canard. \r\n\r\nNous omettons \u00e9galement les allerg\u00e8nes connus des chiens de nos croquettes, comme le gluten, le soja, le lactose, le poulet ou le b\u0153uf. Et \u00e0 la place des c\u00e9r\u00e9ales, nous utilisons des pommes de terre, des pois, ou du riz blanc et complet. \r\n\r\nVous pouvez composer votre recette hypoallerg\u00e9nique personnelle juste ici, au cas o\u00f9 vous seriez vraiment curieux ;)"},{"grid-2-title":"Pendant combien de temps dois-je donner des croquettes hypoallerg\u00e9niques \u00e0 mon chien ?","grid-2-text":"En principe, un chien allergique doit recevoir des croquettes hypoallerg\u00e9niques tout au long de sa vie. En effet, l'allergie alimentaire de votre chien ne dispara\u00eetra pas comme par magie, et il ne mettrait pas longtemps \u00e0 rechuter s'il mangeait \u00e0 nouveau des croquettes pour chiens \"normales\"."}],"global-bolt-enable":false,"global-bolt-orientation":"left","global-bolt-color":"orange"},{"acf_fc_layout":"reviews","_acfe_flexible_layout_title":null,"_acfe_flexible_toggle":null,"background-colors-dropdown":"light","reviews-filter":false,"reviews-slider":false,"reviews-autoslide":false,"heading-intro-title-tag":"h2","heading-intro-title":"Ces propri\u00e9taires ont aid\u00e9 leur chien gr\u00e2ce \u00e0 nos croquettes hypoallerg\u00e9niques","heading-intro-left":false,"heading-intro-hide":false,"heading-intro-text":"","heading-intro-buttons":null,"reviews-method":"manual","reviews-quantity":3,"reviews-source":"all","reviews-reviews":"18,19,20","global-bolt-enable":false,"global-bolt-orientation":"left","global-bolt-color":"orange"},{"acf_fc_layout":"faq-simple","_acfe_flexible_layout_title":null,"_acfe_flexible_toggle":null,"background-colors-dropdown":"skin","faq-simple-inner-bg":"light","heading-intro-title-tag":"h2","heading-intro-title":"FAQ","heading-intro-left":false,"heading-intro-hide":false,"heading-intro-text":"","heading-intro-buttons":null,"faq-simple-faq-items":[{"faq-simple-question":"Quels aliments \u00e9viter si mon chien souffre d'une allergie alimentaire ?","faq-simple-answer":"Si votre chien est allergique, vous devez \u00e9viter le poulet, le b\u0153uf, le lactose, le soja, les c\u00e9r\u00e9ales et le gluten. Ce sont des allerg\u00e8nes connus pour les chien, qui sont souvent \u00e0 l'origine des probl\u00e8mes de poils et de digestion pour eux."},{"faq-simple-question":"Comment savoir \u00e0 quoi mon chien est allergique ?","faq-simple-answer":"Gr\u00e2ce \u00e0 un r\u00e9gime d'\u00e9limination. Avec celui-ci, votre chien cesse de manger son r\u00e9gime actuel pendant au moins six semaines. \u00c0 la place, il re\u00e7oit des croquettes avec une nouvelle source de prot\u00e9ines. Il n'a pas non plus le droit de manger d'autres aliments comme des friandises pour chiens ou des restes de votre repas.\r\n<\/br>\r\nSes sympt\u00f4mes persistent ? Nous r\u00e9p\u00e9tons ensuite ce processus, mais avec une source de prot\u00e9ines diff\u00e9rente jusqu'\u00e0 ce que votre chien ne souffre plus de d\u00e9mangeaisons ou qu'il n'ait plus de probl\u00e8mes gastro-intestinaux.\r\n<\/br>\r\nSi vous voulez essayer le r\u00e9gime d'\u00e9limination, n'h\u00e9sitez pas \u00e0 contacter nos v\u00e9t\u00e9rinaires \u00e0 <a href=\"mailto:bonjour@justrussel.fr\"><strong>bonjour@justrussel.fr<\/strong><\/a> ou <a href=\"http:\/\/+33 6 41 46 70 58\"><strong>+33641467058<\/strong><\/a>."},{"faq-simple-question":"Les croquettes hypoallerg\u00e9niques pour chiens sont-elles ch\u00e8res ?","faq-simple-answer":"Pas du tout ! Nous promettons de vous offrir le meilleur prix pour des croquettes hypoallerg\u00e9niques de qualit\u00e9 sup\u00e9rieure pour votre chien.\r\n<\/br>\r\nNous pouvons le faire parce que nous produisons notre nourriture localement avec des ingr\u00e9dients belges, mais aussi parce que nous travaillons sans aucun interm\u00e9diaire qui viendrait nous prendre des marges (comme les supermarch\u00e9s ou les animaleries).\r\n<\/br>\r\nParce que nous voulons vous donner un bonus, vous pouvez commander votre premier sac de croquettes hypoallerg\u00e9niques pour chiens personnalis\u00e9es avec une r\u00e9duction de 30 % \ud83d\ude09\r\n<\/br>\r\n<a href=\"https:\/\/app.justrussel.com\/fr-be\/signup\/\"><strong>Calculez votre prix personnel ici.<\/strong><\/a>"}],"global-bolt-enable":false,"global-bolt-orientation":"left","global-bolt-color":"orange"},{"acf_fc_layout":"cta-1","_acfe_flexible_layout_title":null,"_acfe_flexible_toggle":null,"cta-1-cta":2}],"settings-group":{"page-excerpt-content":""}},"_links":{"self":[{"href":"https:\/\/justrussel.com\/fr-be\/wp-json\/wp\/v2\/pages\/2500","targetHints":{"allow":["GET"]}}],"collection":[{"href":"https:\/\/justrussel.com\/fr-be\/wp-json\/wp\/v2\/pages"}],"about":[{"href":"https:\/\/justrussel.com\/fr-be\/wp-json\/wp\/v2\/types\/page"}],"author":[{"embeddable":true,"href":"https:\/\/justrussel.com\/fr-be\/wp-json\/wp\/v2\/users\/1"}],"replies":[{"embeddable":true,"href":"https:\/\/justrussel.com\/fr-be\/wp-json\/wp\/v2\/comments?post=2500"}],"version-history":[{"count":11,"href":"https:\/\/justrussel.com\/fr-be\/wp-json\/wp\/v2\/pages\/2500\/revisions"}],"predecessor-version":[{"id":48458,"href":"https:\/\/justrussel.com\/fr-be\/wp-json\/wp\/v2\/pages\/2500\/revisions\/48458"}],"wp:attachment":[{"href":"https:\/\/justrussel.com\/fr-be\/wp-json\/wp\/v2\/media?parent=2500"}],"curies":[{"name":"wp","href":"https:\/\/api.w.org\/{rel}","templated":true}]}}