{"id":2504,"date":"2023-02-03T16:52:24","date_gmt":"2023-02-03T16:52:24","guid":{"rendered":"https:\/\/new.justrussel.com\/?page_id=2504"},"modified":"2026-03-26T10:58:04","modified_gmt":"2026-03-26T09:58:04","slug":"nourriture-pour-chien-sans-cereales","status":"publish","type":"page","link":"https:\/\/justrussel.com\/fr-be\/nourriture-pour-chien-sans-cereales\/","title":{"rendered":"nourriture-sans-c\u00e9r\u00e9ales-chien_organic_none_none_no-coupon"},"content":{"rendered":"","protected":false},"excerpt":{"rendered":"","protected":false},"author":1,"featured_media":0,"parent":0,"menu_order":0,"comment_status":"closed","ping_status":"closed","template":"","meta":{"_acf_changed":false,"editor_notices":[],"footnotes":""},"class_list":["post-2504","page","type-page","status-publish","hentry"],"acf":{"blocks":[{"acf_fc_layout":"heading-bolt","_acfe_flexible_layout_title":null,"_acfe_flexible_toggle":null,"background-colors-dropdown":"light","heading-bolt-invert":false,"heading-bolt-title-tag":"h2","heading-bolt-title":"Peau, estomac ou intestins sensibles ? Avec les croquettes pour chiens sans c\u00e9r\u00e9ales, dites adieu aux probl\u00e8mes !","heading-bolt-text":"Parce que nous voulons que votre chien soit toujours joyeux et en bonne sant\u00e9, nos v\u00e9t\u00e9rinaires \u00e9laborent des croquettes pour chiens sans c\u00e9r\u00e9ales en fonction des besoins de votre chien.","hero-button-repeater":[{"hero-link":{"title":"Commandez avec 10% de r\u00e9duction","url":"https:\/\/app.justrussel.com\/be-fr\/registreren\/?onboarding=MEILLEUR10%3ATM0uSWf1Lg11ehq22MWXDDCLPACcAmgAiWH0gvIru60","target":""},"hero-button-color":"button-green","hero-button-size":"button-md","hero-button-arrow":true,"hero-button-down":false}],"heading-bolt-image":2437,"global-bolt-enable":false,"global-bolt-orientation":"left","global-bolt-color":"orange"},{"acf_fc_layout":"usp-1","_acfe_flexible_layout_title":null,"_acfe_flexible_toggle":null,"background-colors-dropdown":"yellow","usp-1-columns":"4","usp-1-walsheim":false,"usp-1-aspect-ratio":"aspect-4\/3","usp-1-padding":true,"heading-intro-title-tag":"h2","heading-intro-title":"","heading-intro-left":false,"heading-intro-hide":true,"heading-intro-text":"","heading-intro-buttons":null,"usp-1-grid-items":[{"usp-1-image":2457,"usp-1-title":"Recette hypoallerg\u00e9nique","usp-1-text":"Sans ar\u00f4me chimique, sans colorant, ni agent de remplissage."},{"usp-1-image":2236,"usp-1-title":" Sans c\u00e9r\u00e9ales ni gluten","usp-1-text":"Pour un estomac et une peau en parfaite sant\u00e9"},{"usp-1-image":2007,"usp-1-title":"D\u00e9velopp\u00e9 par des v\u00e9t\u00e9rinaires","usp-1-text":"Ils savent ce qui est bon pour votre chien"},{"usp-1-image":2010,"usp-1-title":"Livraison gratuite \u00e0 domicile","usp-1-text":"Pour diminuer votre stress et vous faire gagner du temps et de l'argent"}],"usp-1-button":"","global-bolt-enable":false,"global-bolt-orientation":"left","global-bolt-color":"orange"},{"acf_fc_layout":"spacer","_acfe_flexible_layout_title":null,"_acfe_flexible_toggle":null,"spacer-contain":false,"spacer-mobile-space":48,"spacer-mobile-xl-space":48,"spacer-tablet-space":48,"spacer-tablet-xl-space":48,"spacer-desktop-space":56,"background-colors-dropdown":"yellow"},{"acf_fc_layout":"hero-1","_acfe_flexible_layout_title":null,"_acfe_flexible_toggle":null,"background-colors-dropdown":"light","hero-1-invert":true,"hero-1-caption":false,"hero-1-align":false,"hero-1-padding":false,"heading-intro-title-tag":"h2","heading-intro-title":"Qu'est-ce qu'une nourriture hypoallerg\u00e9nique pour chiens ?","heading-intro-left":false,"heading-intro-hide":true,"heading-intro-text":"Pour faire simple, les croquettes hypoallerg\u00e9niques pour chiens sont une <strong>nourriture facile \u00e0 dig\u00e9rer, ne contenant aucun ingr\u00e9dient auquel votre chien est allergique<\/strong>. Et concr\u00e8tement, \u00e7a donne quoi ?","heading-intro-buttons":null,"hero-1-title-tag":"h2","hero-1-title":"Pourquoi des croquettes pour chiens sans c\u00e9r\u00e9ales ?","hero-1-text":"Parce que les c\u00e9r\u00e9ales provoquent des r\u00e9actions allergiques chez de nombreux chiens. Pensez aux d\u00e9mangeaisons, aux \u00e9ruptions cutan\u00e9es, aux inflammations, aux vomissements et aux diarrh\u00e9es. En passant simplement \u00e0 une bonne nourriture sans c\u00e9r\u00e9ales, beaucoup de probl\u00e8mes chez votre chien disparaitront !","hero-button-repeater":[{"hero-link":{"title":"D\u00e9couvrez votre recette sans c\u00e9r\u00e9ales","url":"https:\/\/app.justrussel.com\/be-fr\/registreren\/?onboarding=MEILLEUR10%3ATM0uSWf1Lg11ehq22MWXDDCLPACcAmgAiWH0gvIru60","target":""},"hero-button-color":"button-orange","hero-button-size":"button-sm","hero-button-arrow":true,"hero-button-down":false}],"hero-1-image":1762,"hero-1-rounded":true,"hero-1-aspect-ratio":"aspect-4\/3","global-bolt-enable":false,"global-bolt-orientation":"left","global-bolt-color":"orange"},{"acf_fc_layout":"hero-1","_acfe_flexible_layout_title":null,"_acfe_flexible_toggle":null,"background-colors-dropdown":"skin","hero-1-invert":false,"hero-1-caption":false,"hero-1-align":false,"hero-1-padding":false,"heading-intro-title-tag":"h2","heading-intro-title":"Les croquettes pour chiens sans c\u00e9r\u00e9ales conviennent-elles \u00e0 mon chien ?","heading-intro-left":false,"heading-intro-hide":false,"heading-intro-text":"Vous identifiez ces sympt\u00f4mes d'allergie aux c\u00e9r\u00e9ales chez votre chien ? Alors, les croquettes naturelles pour chiens sans c\u00e9r\u00e9ales sont votre solution ! ","heading-intro-buttons":null,"hero-1-title-tag":"h2","hero-1-title":"<h3 class=\"font-walsheim font-bold\">1. Votre chien a une digestion difficile<\/h3>","hero-1-text":"Les c\u00e9r\u00e9ales sont plus difficiles \u00e0 dig\u00e9rer pour les chiens. Les d\u00e9mangeaisons, les pets malodorants, la diarrh\u00e9e et les vomissements sont donc des sympt\u00f4mes typiques de l'allergie aux c\u00e9r\u00e9ales chez votre chien. ","hero-button-repeater":null,"hero-1-image":1750,"hero-1-rounded":true,"hero-1-aspect-ratio":"aspect-4\/3","global-bolt-enable":false,"global-bolt-orientation":"left","global-bolt-color":"orange"},{"acf_fc_layout":"hero-1","_acfe_flexible_layout_title":null,"_acfe_flexible_toggle":null,"background-colors-dropdown":"skin","hero-1-invert":true,"hero-1-caption":false,"hero-1-align":false,"hero-1-padding":false,"heading-intro-title-tag":"h2","heading-intro-title":"Les croquettes pour chiens sans c\u00e9r\u00e9ales conviennent-elles \u00e0 mon chien ?","heading-intro-left":false,"heading-intro-hide":true,"heading-intro-text":"Vous identifiez ces sympt\u00f4mes d'allergie aux c\u00e9r\u00e9ales chez votre chien ? Alors, les croquettes naturelles pour chiens sans c\u00e9r\u00e9ales sont votre solution ! ","heading-intro-buttons":null,"hero-1-title-tag":"h2","hero-1-title":"<h3 class=\"font-walsheim font-bold\">2. Votre chien a une peau sensible<\/h3>","hero-1-text":"\u00c9ruptions cutan\u00e9es, d\u00e9mangeaisons, squames, peau rouge ou m\u00eame infections de l'oreille ? L\u00e0 encore, les c\u00e9r\u00e9ales peuvent \u00eatre la cause et les croquettes pour chiens sans c\u00e9r\u00e9ales vous offrent une solution.","hero-button-repeater":null,"hero-1-image":1865,"hero-1-rounded":true,"hero-1-aspect-ratio":"aspect-4\/3","global-bolt-enable":false,"global-bolt-orientation":"left","global-bolt-color":"orange"},{"acf_fc_layout":"hero-1","_acfe_flexible_layout_title":null,"_acfe_flexible_toggle":null,"background-colors-dropdown":"skin","hero-1-invert":false,"hero-1-caption":false,"hero-1-align":false,"hero-1-padding":false,"heading-intro-title-tag":"h2","heading-intro-title":"<h3 class=\"font-walsheim font-bold\">Les croquettes pour chiens sans c\u00e9r\u00e9ales conviennent-elles \u00e0 mon chien ?<\/h3>","heading-intro-left":false,"heading-intro-hide":true,"heading-intro-text":"Vous identifiez ces sympt\u00f4mes d'allergie aux c\u00e9r\u00e9ales chez votre chien ? Alors, les croquettes naturelles pour chiens sans c\u00e9r\u00e9ales sont votre solution ! ","heading-intro-buttons":null,"hero-1-title-tag":"h2","hero-1-title":"<h3 class=\"font-walsheim font-bold\">3. Votre chien manque d'\u00e9nergie<\/h3>","hero-1-text":"Toutes ces d\u00e9mangeaisons et cette douleur au ventre fatigueront votre chien. Physiquement et mentalement. Les croquettes pour chiens sans c\u00e9r\u00e9ales peuvent alors l'aider \u00e0 retrouver toute son \u00e9nergie ! ","hero-button-repeater":[{"hero-link":{"title":"Essayez maintenant","url":"https:\/\/app.justrussel.com\/be-fr\/registreren\/?onboarding=MEILLEUR10%3ATM0uSWf1Lg11ehq22MWXDDCLPACcAmgAiWH0gvIru60","target":""},"hero-button-color":"button-orange","hero-button-size":"button-sm","hero-button-arrow":true,"hero-button-down":false}],"hero-1-image":1752,"hero-1-rounded":true,"hero-1-aspect-ratio":"aspect-4\/3","global-bolt-enable":false,"global-bolt-orientation":"left","global-bolt-color":"orange"},{"acf_fc_layout":"grid-1","_acfe_flexible_layout_title":null,"_acfe_flexible_toggle":null,"background-colors-dropdown":"light","grid-1-numbered":true,"grid-1-aspect-ratio":"aspect-square","heading-intro-title-tag":"h2","heading-intro-title":"Faites composer votre recette sans c\u00e9r\u00e9ales par des v\u00e9t\u00e9rinaires","heading-intro-left":false,"heading-intro-hide":false,"heading-intro-text":"","heading-intro-buttons":[{"heading-intro-link":{"title":"Essayer Just Russel d\u00e8s maintenant","url":"https:\/\/app.justrussel.com\/be-fr\/registreren\/?onboarding=MEILLEUR10%3ATM0uSWf1Lg11ehq22MWXDDCLPACcAmgAiWH0gvIru60","target":""},"heading-intro-button-color":"button-orange","heading-intro-button-size":"button-md","heading-intro-button-arrow":true,"heading-intro-button-down":false}],"grid-1-grid":[{"grid-1-image":1754,"grid-1-title":"1. Dites-nous tout sur votre chien en 3 minutes ","grid-1-text":"En ligne, confortablement install\u00e9, depuis chez vous"},{"grid-1-image":1758,"grid-1-title":"2. Nous identifions ses besoins nutritionnels ","grid-1-text":"Parce que nous savons ce qui est le mieux pour votre chien"},{"grid-1-image":47608,"grid-1-title":"3. Nous livrons \u00e0 votre domicile des croquettes sans c\u00e9r\u00e9ales","grid-1-text":"Vous pouvez vous amuser avec votre chien sans avoir \u00e0 vous inqui\u00e9ter, nous nous occupons de tout :) "}],"global-bolt-enable":false,"global-bolt-orientation":"left","global-bolt-color":"orange"},{"acf_fc_layout":"spacer","_acfe_flexible_layout_title":null,"_acfe_flexible_toggle":null,"spacer-contain":false,"spacer-mobile-space":24,"spacer-mobile-xl-space":24,"spacer-tablet-space":24,"spacer-tablet-xl-space":48,"spacer-desktop-space":40,"background-colors-dropdown":"skin"},{"acf_fc_layout":"hero-8","_acfe_flexible_layout_title":null,"_acfe_flexible_toggle":null,"background-colors-dropdown":"skin","hero-8-inner-bg":"skin","hero-8-invert":false,"hero-8-padding":true,"heading-intro-title-tag":"h2","heading-intro-title":"","heading-intro-left":false,"heading-intro-hide":true,"heading-intro-text":"","heading-intro-buttons":null,"hero-8-title-tag":"h2","hero-8-title":"Obtenez des conseils gratuits de nos v\u00e9t\u00e9rinaires ","hero-8-text":"Vous avez des doutes quant \u00e0 l'allergie aux c\u00e9r\u00e9ales de votre chien ? Ou vous voulez plus d'informations sur nos croquettes pour chiens sans c\u00e9r\u00e9ales ? Alors, prenez contact avec nos v\u00e9t\u00e9rinaires. Ainsi, vous obtenez des conseils adapt\u00e9s d\u00e8s que vous en avez besoin. Quel soulagement !","hero-button-repeater":[{"hero-link":{"title":"En savoir plus sur nous","url":"https:\/\/justrussel.com\/fr-be\/veterinaire-en-ligne\/","target":""},"hero-button-color":"button-dark-outline","hero-button-size":"button-sm","hero-button-arrow":false,"hero-button-down":false}],"hero-8-image":47486,"global-bolt-enable":false,"global-bolt-orientation":"left","global-bolt-color":"orange"},{"acf_fc_layout":"spacer","_acfe_flexible_layout_title":null,"_acfe_flexible_toggle":null,"spacer-contain":false,"spacer-mobile-space":24,"spacer-mobile-xl-space":24,"spacer-tablet-space":24,"spacer-tablet-xl-space":48,"spacer-desktop-space":40,"background-colors-dropdown":"skin"},{"acf_fc_layout":"slider-1","_acfe_flexible_layout_title":null,"_acfe_flexible_toggle":null,"background-colors-dropdown":"light","slider-1-autoslide":true,"heading-intro-title-tag":"h2","heading-intro-title":"Nos ingr\u00e9dients","heading-intro-left":false,"heading-intro-hide":false,"heading-intro-text":"Nos experts en nutrition s\u00e9lectionnent avec soin les ingr\u00e9dients des croquettes de votre chien. D\u00e9couvrez juste ici les diff\u00e9rents ingr\u00e9dients que nous utilisons chez Just Russel :","heading-intro-buttons":[{"heading-intro-link":{"title":"D\u00e9couvrez la composition id\u00e9ale pour votre chien","url":"https:\/\/app.justrussel.com\/be-fr\/registreren\/?onboarding=MEILLEUR10%3ATM0uSWf1Lg11ehq22MWXDDCLPACcAmgAiWH0gvIru60","target":""},"heading-intro-button-color":"button-orange","heading-intro-button-size":"button-lg","heading-intro-button-arrow":false,"heading-intro-button-down":false}],"slider-1-sliders":[{"slider-1-slider":[{"slider-1-slide-image":1659,"slider-1-slide-title":"Poulet","slider-1-slide-text":"Source importante de prot\u00e9ines avec du calcium et du phosphore pour des os et des dents en bonne sant\u00e9."},{"slider-1-slide-image":1666,"slider-1-slide-title":"Saumon","slider-1-slide-text":"Riche en acides gras om\u00e9ga-3 pour une peau plus saine et un poil brillant."},{"slider-1-slide-image":2516,"slider-1-slide-title":"Patate douce","slider-1-slide-text":"Riche en vitamine A et en potassium pour une peau et des muscles en bonne sant\u00e9."},{"slider-1-slide-image":2109,"slider-1-slide-title":"Dinde","slider-1-slide-text":"Nutritionnellement riche en prot\u00e9ines, vitamine B et min\u00e9raux pour une croissance saine."},{"slider-1-slide-image":2517,"slider-1-slide-title":"Canard","slider-1-slide-text":"Bonne source de prot\u00e9ines et de vitamines B pour l'\u00e9nergie et la construction musculaire."},{"slider-1-slide-image":1660,"slider-1-slide-title":"Agneau","slider-1-slide-text":"Plus l\u00e9ger pour l'estomac de votre chien, il favorise la digestion."}]},{"slider-1-slider":[{"slider-1-slide-image":1657,"slider-1-slide-title":"Petits pois","slider-1-slide-text":"Source de vitamines, riche en min\u00e9raux, en prot\u00e9ines et en fibres."},{"slider-1-slide-image":1651,"slider-1-slide-title":"Myrtilles","slider-1-slide-text":"Super-aliment pour une peau plus jeune et une protection contre les dommages cellulaires."},{"slider-1-slide-image":1647,"slider-1-slide-title":"Pomme de terre","slider-1-slide-text":"Riche en glucides et en vitamine C pour l'\u00e9nergie et une immunit\u00e9 renforc\u00e9e."},{"slider-1-slide-image":1662,"slider-1-slide-title":"\u00c9pinards","slider-1-slide-text":"Riche en vitamine K, en acide folique et en fer pour la formation et la croissance du sang."},{"slider-1-slide-image":1663,"slider-1-slide-title":"Cranberries","slider-1-slide-text":"Super-aliment avec antioxydants pour un syst\u00e8me immunitaire sain."},{"slider-1-slide-image":2519,"slider-1-slide-title":"Krill de l'Antarctique","slider-1-slide-text":"Riche en acides gras om\u00e9ga-3 pour le d\u00e9veloppement du cerveau et la sant\u00e9 cardiaque."},{"slider-1-slide-image":1664,"slider-1-slide-title":"Huile de poisson","slider-1-slide-text":"Riche en acides gras om\u00e9ga-3 pour un fonctionnement sain du c\u0153ur et du cerveau. "},{"slider-1-slide-image":2520,"slider-1-slide-title":"Graines de lin","slider-1-slide-text":"Pour une bonne digestion et un poil brillant."},{"slider-1-slide-image":1650,"slider-1-slide-title":"Pulpe de betterave","slider-1-slide-text":"Pour une bonne consistance des selles de votre chien."},{"slider-1-slide-image":1656,"slider-1-slide-title":"Sans additif artificiel","slider-1-slide-text":"Aucun r\u00e9gime alimentaire ne devrait en contenir. "},{"slider-1-slide-image":1652,"slider-1-slide-title":"Brocoli","slider-1-slide-text":"Pour des os solides et une densit\u00e9 osseuse plus \u00e9lev\u00e9e."}]}],"global-bolt-enable":false,"global-bolt-orientation":"left","global-bolt-color":"orange"},{"acf_fc_layout":"grid-2","_acfe_flexible_layout_title":null,"_acfe_flexible_toggle":null,"background-colors-dropdown":"skin","global-dot-color":"green","grid-2-dot-notation":"number","heading-intro-title-tag":"h2","heading-intro-title":"D\u2019autres informations que vous aimeriez savoir sur nos croquettes hypoallerg\u00e9niques pour chiens","heading-intro-left":false,"heading-intro-hide":false,"heading-intro-text":"","heading-intro-buttons":null,"grid-2-grid":[{"grid-2-title":"Pourquoi les croquettes pour chiens sans c\u00e9r\u00e9ales sont-elles meilleures ?","grid-2-text":"Les croquettes pour chiens sans c\u00e9r\u00e9ales sont meilleures parce que leur qualit\u00e9 est sup\u00e9rieure et parce qu'elles sont plus faciles \u00e0 dig\u00e9rer pour les chiens. En fait, la plupart des chiens souffrent de probl\u00e8mes digestifs et ont du mal \u00e0 dig\u00e9rer les c\u00e9r\u00e9ales. \r\n\r\nOr, les marques traditionnelles de nourriture pour chiens utilisent de la farine de bl\u00e9 ou de ma\u00efs dans leurs croquettes comme produit de remplissage bon march\u00e9. Ils n'utilisent donc pas d'ingr\u00e9dients de haute qualit\u00e9 et co\u00fbteux comme la viande, les l\u00e9gumes ou les fruits. Ce qui donne \u00e0 leur nourriture une moins bonne qualit\u00e9 nutritionnelle."},{"grid-2-title":"Que sont les c\u00e9r\u00e9ales dans les croquettes pour chiens ?","grid-2-text":"Le bl\u00e9, le ma\u00efs, l'orge, l'avoine et le seigle sont les c\u00e9r\u00e9ales les plus couramment utilis\u00e9es dans les croquettes pour chiens. Le bl\u00e9 et le ma\u00efs sont principalement utilis\u00e9s comme agents de remplissage bon march\u00e9 qui n'apportent que peu de valeur nutritionnelle suppl\u00e9mentaire au r\u00e9gime alimentaire de votre chien, si ce n'est des calories ;)"},{"grid-2-title":"Qu'est-ce que Just Russel utilise \u00e0 la place des c\u00e9r\u00e9ales dans les croquettes pour chiens sans c\u00e9r\u00e9ales ?","grid-2-text":"Nos croquettes pour chiens contiennent parfois du riz, mais nous le rempla\u00e7ons par de la pomme de terre, de la patate douce et des pois pour nos recettes sans c\u00e9r\u00e9ales. \r\n\r\nIl est important de pr\u00e9ciser que nous n'utilisons jamais de ma\u00efs ou de bl\u00e9 dans nos croquettes pour chiens, pas m\u00eame dans nos croquettes \"normales\" pour chiens."},{"grid-2-title":"Les croquettes pour chiens sans c\u00e9r\u00e9ales sont-elles \u00e9galement sans gluten ? ","grid-2-text":"Oui, les aliments pour chiens sans c\u00e9r\u00e9ales sont \u00e9galement sans gluten. L'inverse n'est pas toujours le cas. Votre chien souffre d'une allergie aux c\u00e9r\u00e9ales ? Alors faites attention aux aliments pour chiens \"sans gluten\" ! "}],"global-bolt-enable":false,"global-bolt-orientation":"left","global-bolt-color":"orange"},{"acf_fc_layout":"reviews","_acfe_flexible_layout_title":null,"_acfe_flexible_toggle":null,"background-colors-dropdown":"light","reviews-filter":false,"reviews-slider":false,"reviews-autoslide":false,"heading-intro-title-tag":"h2","heading-intro-title":"Ces propri\u00e9taires ont aid\u00e9 leur chien gr\u00e2ce \u00e0 nos croquettes hypoallerg\u00e9niques","heading-intro-left":false,"heading-intro-hide":false,"heading-intro-text":"","heading-intro-buttons":null,"reviews-method":"automatic","reviews-quantity":3,"reviews-source":"all","reviews-reviews":"","global-bolt-enable":false,"global-bolt-orientation":"left","global-bolt-color":"orange"},{"acf_fc_layout":"faq-simple","_acfe_flexible_layout_title":null,"_acfe_flexible_toggle":null,"background-colors-dropdown":"skin","faq-simple-inner-bg":"light","heading-intro-title-tag":"h2","heading-intro-title":"FAQ","heading-intro-left":false,"heading-intro-hide":false,"heading-intro-text":"","heading-intro-buttons":null,"faq-simple-faq-items":[{"faq-simple-question":"Quel aliment \u00e9viter si mon chien est allergique aux c\u00e9r\u00e9ales ?","faq-simple-answer":"Si votre chien est allergique aux c\u00e9r\u00e9ales, il est important d'\u00e9viter les croquettes dont l'ingr\u00e9dient principal est une c\u00e9r\u00e9ale, comme le bl\u00e9, l'orge, le seigle, le ma\u00efs et l'avoine. Vous pouvez envisager de choisir des croquettes pour chiens sans gluten ou sans c\u00e9r\u00e9ales et \u00e0 base d'autres sources de prot\u00e9ines, comme les prot\u00e9ines de viande, de poulet ou de dinde."},{"faq-simple-question":"Les croquettes pour chiens sans c\u00e9r\u00e9ales sont-elles ch\u00e8res ?","faq-simple-answer":"\u00c7a peut arriver, mais certainement pas chez nous ! Pourquoi ?\r\n<\/br>\r\nParce que nous produisons localement notre nourriture en utilisant des ingr\u00e9dients belges ET parce que nous ne travaillons sans aucun interm\u00e9diaire qui nous prendrait des marges (comme les supermarch\u00e9s ou les animaleries).\r\n<\/br>\r\nNous voulons vous donner un petit bonus, alors vous pouvez commander votre premier sac de croquettes personnalis\u00e9es sans c\u00e9r\u00e9ales avec une r\u00e9duction de 10% \ud83d\ude09 Calculez votre prix personnel <span style=\"text-decoration: underline\"><a href=\"https:\/\/app.justrussel.com\/be-fr\/registreren\/?onboarding=MEILLEUR10%3ATM0uSWf1Lg11ehq22MWXDDCLPACcAmgAiWH0gvIru60\">ici<\/a><\/span>."}],"global-bolt-enable":false,"global-bolt-orientation":"left","global-bolt-color":"orange"},{"acf_fc_layout":"cta-1","_acfe_flexible_layout_title":null,"_acfe_flexible_toggle":null,"cta-1-cta":2}],"settings-group":{"page-excerpt-content":""}},"_links":{"self":[{"href":"https:\/\/justrussel.com\/fr-be\/wp-json\/wp\/v2\/pages\/2504","targetHints":{"allow":["GET"]}}],"collection":[{"href":"https:\/\/justrussel.com\/fr-be\/wp-json\/wp\/v2\/pages"}],"about":[{"href":"https:\/\/justrussel.com\/fr-be\/wp-json\/wp\/v2\/types\/page"}],"author":[{"embeddable":true,"href":"https:\/\/justrussel.com\/fr-be\/wp-json\/wp\/v2\/users\/1"}],"replies":[{"embeddable":true,"href":"https:\/\/justrussel.com\/fr-be\/wp-json\/wp\/v2\/comments?post=2504"}],"version-history":[{"count":14,"href":"https:\/\/justrussel.com\/fr-be\/wp-json\/wp\/v2\/pages\/2504\/revisions"}],"predecessor-version":[{"id":48460,"href":"https:\/\/justrussel.com\/fr-be\/wp-json\/wp\/v2\/pages\/2504\/revisions\/48460"}],"wp:attachment":[{"href":"https:\/\/justrussel.com\/fr-be\/wp-json\/wp\/v2\/media?parent=2504"}],"curies":[{"name":"wp","href":"https:\/\/api.w.org\/{rel}","templated":true}]}}