{"id":2513,"date":"2023-02-03T16:57:11","date_gmt":"2023-02-03T16:57:11","guid":{"rendered":"https:\/\/new.justrussel.com\/?page_id=2513"},"modified":"2026-03-26T11:00:49","modified_gmt":"2026-03-26T10:00:49","slug":"nourriture-dietetique-pour-chien","status":"publish","type":"page","link":"https:\/\/justrussel.com\/fr-be\/nourriture-dietetique-pour-chien\/","title":{"rendered":"nourriture-di\u00e9t\u00e9tique-chien_v1_organic_none_none_no-coupon"},"content":{"rendered":"","protected":false},"excerpt":{"rendered":"","protected":false},"author":1,"featured_media":0,"parent":0,"menu_order":0,"comment_status":"closed","ping_status":"closed","template":"","meta":{"_acf_changed":false,"editor_notices":[],"footnotes":""},"class_list":["post-2513","page","type-page","status-publish","hentry"],"acf":{"blocks":[{"acf_fc_layout":"heading-bolt","_acfe_flexible_layout_title":null,"_acfe_flexible_toggle":null,"background-colors-dropdown":"light","heading-bolt-invert":false,"heading-bolt-title-tag":"h2","heading-bolt-title":"Aidez votre chien \u00e0 perdre du poids gr\u00e2ce \u00e0 des croquettes di\u00e9t\u00e9tiques naturelles ","heading-bolt-text":"En tant que parent de chien aimant, vous voulez ce qu'il y a de mieux pour votre chien. Le surpoids est la pire chose pour la sant\u00e9 de votre animal. Les v\u00e9t\u00e9rinaires de chez Just Russel ont donc mis au point des croquettes di\u00e9t\u00e9tiques personnalis\u00e9es pour aider votre chien \u00e0 perdre des kilos.","hero-button-repeater":[{"hero-link":{"title":"Essayez-le maintenant ","url":"https:\/\/app.justrussel.com\/fr-be\/signup\/","target":""},"hero-button-color":"button-orange","hero-button-size":"button-lg","hero-button-arrow":true,"hero-button-down":false}],"heading-bolt-image":1157,"global-bolt-enable":false,"global-bolt-orientation":"left","global-bolt-color":"orange"},{"acf_fc_layout":"usp-1","_acfe_flexible_layout_title":null,"_acfe_flexible_toggle":null,"background-colors-dropdown":"yellow","usp-1-columns":"4","usp-1-walsheim":false,"usp-1-aspect-ratio":"aspect-4\/3","usp-1-padding":true,"heading-intro-title-tag":"h2","heading-intro-title":"","heading-intro-left":false,"heading-intro-hide":false,"heading-intro-text":"","heading-intro-buttons":null,"usp-1-grid-items":[{"usp-1-image":2084,"usp-1-title":"Gobelet doseur gratuit","usp-1-text":"Parce que la portion id\u00e9ale = un poids id\u00e9al"},{"usp-1-image":2429,"usp-1-title":"Pas de sensation de faim","usp-1-text":"Votre chien ne remarquera m\u00eame pas que ses croquettes sont all\u00e9g\u00e9es"},{"usp-1-image":2085,"usp-1-title":"Perte de poids guid\u00e9e","usp-1-text":"Obtenez des conseils et des astuces d'experts en nutrition"},{"usp-1-image":2010,"usp-1-title":"Livraison gratuite \u00e0 domicile","usp-1-text":"Pour vous faire gagner du temps et de l'argent"}],"usp-1-button":"","global-bolt-enable":false,"global-bolt-orientation":"left","global-bolt-color":"orange"},{"acf_fc_layout":"spacer","_acfe_flexible_layout_title":null,"_acfe_flexible_toggle":null,"spacer-contain":false,"spacer-mobile-space":48,"spacer-mobile-xl-space":"","spacer-tablet-space":48,"spacer-tablet-xl-space":"","spacer-desktop-space":56,"background-colors-dropdown":"yellow"},{"acf_fc_layout":"hero-1","_acfe_flexible_layout_title":null,"_acfe_flexible_toggle":null,"background-colors-dropdown":"light","hero-1-invert":true,"hero-1-caption":false,"hero-1-align":false,"hero-1-padding":false,"heading-intro-title-tag":"h2","heading-intro-title":"","heading-intro-left":false,"heading-intro-hide":true,"heading-intro-text":"","heading-intro-buttons":null,"hero-1-title-tag":"h2","hero-1-title":"Le surpoids peut co\u00fbter \u00e0 votre chien 2 ans et demi de sa vie","hero-1-text":"Sa qualit\u00e9 de vie se d\u00e9t\u00e9riore aussi dangereusement. Bon \u00e0 savoir : risque accru de douleurs articulaires, de calculs urinaires, de diab\u00e8te et de surchauffe par temps chaud. C'est un lourd fardeau \u00e0 porter avec vous toute votre vie, au sens propre comme au sens figur\u00e9.","hero-button-repeater":[{"hero-link":{"title":"Voici ce qu'il faut faire","url":"https:\/\/app.justrussel.com\/fr-be\/signup\/","target":""},"hero-button-color":"button-orange","hero-button-size":"button-sm","hero-button-arrow":false,"hero-button-down":true}],"hero-1-image":1795,"hero-1-rounded":true,"hero-1-aspect-ratio":"aspect-4\/3","global-bolt-enable":false,"global-bolt-orientation":"left","global-bolt-color":"orange"},{"acf_fc_layout":"grid-1","_acfe_flexible_layout_title":null,"_acfe_flexible_toggle":null,"background-colors-dropdown":"skin","grid-1-numbered":true,"grid-1-aspect-ratio":"aspect-4\/3","heading-intro-title-tag":"h2","heading-intro-title":"Il ne faut pas moins nourrir votre chien en surpoids mais juste le nourrir plus intelligemment","heading-intro-left":false,"heading-intro-hide":false,"heading-intro-text":"Il est dangereux de simplement diminuer la quantit\u00e9 de nourriture de votre chien en surpoids. Car cela signifie aussi diminuer la quantit\u00e9 de prot\u00e9ines, de vitamines et de fibres dont il a besoin pour rester en bonne sant\u00e9. La meilleure solution : des croquettes di\u00e9t\u00e9tiques adapt\u00e9es \u00e0 son corps et \u00e0 son mode de vie. Voici comment \u00e7a marche :","heading-intro-buttons":null,"grid-1-grid":[{"grid-1-image":45127,"grid-1-title":"Apprenez-nous en plus sur votre chien","grid-1-text":"Comme son poids, son activit\u00e9 et son mode de vie."},{"grid-1-image":1819,"grid-1-title":"Nos v\u00e9t\u00e9rinaires vous aident","grid-1-text":"Ils ont con\u00e7u un algorithme pour adapter la portion et les nutriments au profil de votre animal."},{"grid-1-image":45128,"grid-1-title":"Votre plan d'alimentation personnel ","grid-1-text":"Ne vous inqui\u00e9tez pas, chez nous votre chien est toujours satisfait."}],"global-bolt-enable":false,"global-bolt-orientation":"left","global-bolt-color":"orange"},{"acf_fc_layout":"hero-6","_acfe_flexible_layout_title":null,"_acfe_flexible_toggle":null,"background-colors-dropdown":"light","hero-6-inner-bg":"skin","hero-6-invert":false,"hero-6-padding":false,"heading-intro-title-tag":"h2","heading-intro-title":"","heading-intro-left":false,"heading-intro-hide":true,"heading-intro-text":"","heading-intro-buttons":null,"hero-6-title-tag":"h2","hero-6-title":"Ne doutez plus de la bonne portion \u00e0 donner \u00e0 votre chien","hero-6-text":"En plus des croquettes di\u00e9t\u00e9tiques, <strong>nos v\u00e9t\u00e9rinaires calculent \u00e9galement au gramme pr\u00e8s la quantit\u00e9 dont a r\u00e9ellement besoin votre chien. <\/strong>Dans votre premi\u00e8re livraison, vous recevez gratuitement un gobelet doseur pour ne plus avoir peur de donner trop de nourriture \u00e0 votre chien. Ainsi, votre chien perdra efficacement du poids et sans jamais avoir faim !","hero-button-repeater":null,"hero-6-image":1801,"hero-6-rounded":true,"hero-6-aspect-ratio":"aspect-4\/3","global-bolt-enable":false,"global-bolt-orientation":"left","global-bolt-color":"orange"},{"acf_fc_layout":"spacer","_acfe_flexible_layout_title":null,"_acfe_flexible_toggle":null,"spacer-contain":false,"spacer-mobile-space":24,"spacer-mobile-xl-space":24,"spacer-tablet-space":24,"spacer-tablet-xl-space":48,"spacer-desktop-space":56,"background-colors-dropdown":"blue"},{"acf_fc_layout":"hero-8","_acfe_flexible_layout_title":null,"_acfe_flexible_toggle":null,"background-colors-dropdown":"blue","hero-8-inner-bg":"blue","hero-8-invert":false,"hero-8-padding":true,"heading-intro-title-tag":"h2","heading-intro-title":"","heading-intro-left":false,"heading-intro-hide":true,"heading-intro-text":"","heading-intro-buttons":null,"hero-8-title-tag":"h2","hero-8-title":"Nos experts en alimentation aident votre chien \u00e0 atteindre son poids id\u00e9al","hero-8-text":"Faire perdre du poids \u00e0 votre chien peut susciter des questions et des doutes. Nos v\u00e9t\u00e9rinaires et experts en alimentation vous accompagneront donc tout le long de votre course \u00e0 la perte de poids. Et m\u00eame apr\u00e8s, nous restons \u00e0 vos c\u00f4t\u00e9s pour que votre chien maintienne son poids id\u00e9al.\r\n\r\nConnaissez-vous une autre marque de nourriture pour chiens qui vous propose ce service gratuitement ? Nous non plus !","hero-button-repeater":[{"hero-link":{"title":"Commencer mon programme de coaching","url":"https:\/\/www.videoask.com\/fc5ymxj4v","target":""},"hero-button-color":"button-light","hero-button-size":"button-sm","hero-button-arrow":false,"hero-button-down":false}],"hero-8-image":2043,"global-bolt-enable":false,"global-bolt-orientation":"left","global-bolt-color":"orange"},{"acf_fc_layout":"spacer","_acfe_flexible_layout_title":null,"_acfe_flexible_toggle":null,"spacer-contain":false,"spacer-mobile-space":24,"spacer-mobile-xl-space":24,"spacer-tablet-space":24,"spacer-tablet-xl-space":48,"spacer-desktop-space":56,"background-colors-dropdown":"blue"},{"acf_fc_layout":"slider-1","_acfe_flexible_layout_title":null,"_acfe_flexible_toggle":null,"background-colors-dropdown":"light","slider-1-autoslide":true,"heading-intro-title-tag":"h2","heading-intro-title":"Nos ingr\u00e9dients","heading-intro-left":false,"heading-intro-hide":false,"heading-intro-text":"Nos experts en nutrition s\u00e9lectionnent avec soin les ingr\u00e9dients des croquettes de votre chien. D\u00e9couvrez juste ici les diff\u00e9rents ingr\u00e9dients que nous utilisons chez Just Russel :","heading-intro-buttons":[{"heading-intro-link":{"title":"D\u00e9couvrez la composition id\u00e9ale pour votre chien","url":"https:\/\/app.justrussel.com\/fr-be\/signup\/","target":""},"heading-intro-button-color":"button-orange","heading-intro-button-size":"button-lg","heading-intro-button-arrow":false,"heading-intro-button-down":false}],"slider-1-sliders":[{"slider-1-slider":[{"slider-1-slide-image":1659,"slider-1-slide-title":"Poulet","slider-1-slide-text":"Source importante de prot\u00e9ines avec du calcium et du phosphore pour des os et des dents en bonne sant\u00e9."},{"slider-1-slide-image":2516,"slider-1-slide-title":"Patate douce","slider-1-slide-text":"Riche en vitamine A et en potassium pour une peau et des muscles en bonne sant\u00e9."},{"slider-1-slide-image":1666,"slider-1-slide-title":"Saumon","slider-1-slide-text":"Riche en acides gras om\u00e9ga-3 pour une peau plus saine et un poil brillant."},{"slider-1-slide-image":2517,"slider-1-slide-title":"Canard","slider-1-slide-text":"Bonne source de prot\u00e9ines et de vitamines B pour l'\u00e9nergie et la construction musculaire."},{"slider-1-slide-image":2109,"slider-1-slide-title":"Dinde","slider-1-slide-text":"Nutritionnellement riche en prot\u00e9ines, vitamine B et min\u00e9raux pour une croissance saine."},{"slider-1-slide-image":35522,"slider-1-slide-title":"Riz blanc","slider-1-slide-text":"Pour des fibres saines et naturelles."},{"slider-1-slide-image":1660,"slider-1-slide-title":"Agneau","slider-1-slide-text":"Plus l\u00e9ger pour l'estomac de votre chien, il favorise la digestion."}]},{"slider-1-slider":[{"slider-1-slide-image":1657,"slider-1-slide-title":"Petits pois","slider-1-slide-text":"Source de vitamines, riche en min\u00e9raux, en prot\u00e9ines et en fibres."},{"slider-1-slide-image":1651,"slider-1-slide-title":"Myrtilles","slider-1-slide-text":"Super-aliment pour une peau plus jeune et une protection contre les dommages cellulaires."},{"slider-1-slide-image":1647,"slider-1-slide-title":"Pomme de terre","slider-1-slide-text":"Riche en glucides et en vitamine C pour l'\u00e9nergie et une immunit\u00e9 renforc\u00e9e."},{"slider-1-slide-image":2518,"slider-1-slide-title":"Riz complet","slider-1-slide-text":"Des glucides complets pour l'\u00e9nergie et de la vitamine B pour un m\u00e9tabolisme sain."},{"slider-1-slide-image":1662,"slider-1-slide-title":"\u00c9pinards","slider-1-slide-text":"Riche en vitamine K, en acide folique et en fer pour la formation et la croissance du sang."},{"slider-1-slide-image":1663,"slider-1-slide-title":"Cranberries","slider-1-slide-text":"Super-aliment avec antioxydants pour un syst\u00e8me immunitaire sain."},{"slider-1-slide-image":2519,"slider-1-slide-title":"Krill de l'Antarctique","slider-1-slide-text":"Riche en acides gras om\u00e9ga-3 pour le d\u00e9veloppement du cerveau et la sant\u00e9 cardiaque."},{"slider-1-slide-image":1664,"slider-1-slide-title":"Huile de poisson","slider-1-slide-text":"Riche en acides gras om\u00e9ga-3 pour un fonctionnement sain du c\u0153ur et du cerveau. "},{"slider-1-slide-image":2520,"slider-1-slide-title":"Graines de lin","slider-1-slide-text":"Pour une bonne digestion et un poil brillant."},{"slider-1-slide-image":1650,"slider-1-slide-title":"Pulpe de betterave","slider-1-slide-text":"Pour une bonne consistance des selles de votre chien."},{"slider-1-slide-image":1656,"slider-1-slide-title":"Sans additif artificiel","slider-1-slide-text":"Aucun r\u00e9gime alimentaire ne devrait en contenir. "},{"slider-1-slide-image":1652,"slider-1-slide-title":"Brocoli","slider-1-slide-text":"Pour des os solides et une densit\u00e9 osseuse plus \u00e9lev\u00e9e."}]}],"global-bolt-enable":false,"global-bolt-orientation":"left","global-bolt-color":"orange"},{"acf_fc_layout":"grid-3","_acfe_flexible_layout_title":null,"_acfe_flexible_toggle":null,"background-colors-dropdown":"orange","heading-intro-title-tag":"h2","heading-intro-title":"Ces chiens ont r\u00e9ussi \u00e0 perdre du poids et sont plus heureux gr\u00e2ce aux croquettes di\u00e9t\u00e9tiques Just Russel","heading-intro-left":false,"heading-intro-hide":false,"heading-intro-text":"Not\u00e9 \"Excellent\" sur Google","heading-intro-buttons":[{"heading-intro-link":{"title":"Lisez nos avis","url":"https:\/\/justrussel.com\/fr-be\/avis\/","target":""},"heading-intro-button-color":"button-light-outline","heading-intro-button-size":"button-lg","heading-intro-button-arrow":false,"heading-intro-button-down":false}],"grid-3-gallery":[2021,2022,2023,2024,2025,2027],"global-bolt-enable":false,"global-bolt-orientation":"left","global-bolt-color":"orange"},{"acf_fc_layout":"faq-image","_acfe_flexible_layout_title":null,"_acfe_flexible_toggle":null,"background-colors-dropdown":"light","faq-image-inner-bg":"skin","faq-image-slider-image-ratio":"3\/4","heading-intro-title-tag":"h2","heading-intro-title":"Ce que vous devez aussi savoir sur les croquettes di\u00e9t\u00e9tiques pour chiens","heading-intro-left":false,"heading-intro-hide":false,"heading-intro-text":"","heading-intro-buttons":null,"faq-image-faq-items":[{"faq-image-question":"Que contiennent les croquettes di\u00e9t\u00e9tiques pour chiens ?","faq-image-answer":"Nos croquettes di\u00e9t\u00e9tiques pour chiens contiennent <strong>de l'agneau, du saumon ou du poulet, auxquels s'ajoutent des petits pois, des \u00e9pinards, des myrtilles et du brocoli.<\/strong>La <strong>valeur calorique est \u00e9galement inf\u00e9rieure \u00e0 20%<\/strong> aux aliments pour chiens ordinaires.\r\n<\/br>\r\nMais ne vous inqui\u00e9tez pas : gr\u00e2ce \u00e0 la qualit\u00e9 de nos viandes, l\u00e9gumes et fruits, votre chien se sentira toujours confortablement rassasi\u00e9. <strong>Votre chien ne doit donc jamais avoir faim inutilement pendant son r\u00e9gime<\/strong>.\r\n<\/br>\r\nVous vous demandez quels ingr\u00e9dients nous utilisons sp\u00e9cifiquement pour votre chien ? D\u00e9couvrez-les sur notre application.","faq-image-image":1809},{"faq-image-question":"Les croquettes di\u00e9t\u00e9tiques pour chiens sont-elles ch\u00e8res ?","faq-image-answer":"Pas chez nous \ud83d\ude09 Nous vous promettons le meilleur prix pour des croquettes di\u00e9t\u00e9tiques haut de gamme pour votre chien (jusqu'\u00e0 <strong>30% moins cher<\/strong> que les autres marques haut de gamme).\r\n<\/br>\r\nNous pouvons le faire parce que nous produisons localement notre nourriture, avec des ingr\u00e9dients belges ET parce que nous travaillons sans interm\u00e9diaire qui prend des marges comme un supermarch\u00e9 ou une animalerie.\r\n<\/br>\r\nParce que nous voulons vous offrir un petit cadeau, vous pouvez commander votre <strong>premier sac de croquettes di\u00e9t\u00e9tiques personnalis\u00e9es pour votre chien avec une r\u00e9duction de 30%<\/strong> \ud83d\udc36. Calculez votre prix personnel <a href=\"https:\/\/app.justrussel.com\/be-fr\/registreren\">juste ici<\/a>.","faq-image-image":1810},{"faq-image-question":"Mon chien est-il en surpoids ?","faq-image-answer":"D\u00e9terminez le BCS (Body Condition Score) - un peu comme l'IMC pour les humains - pour savoir si votre chien est en surpoids :\r\n<\/br>\r\n<strong>Tr\u00e8s maigre<\/strong> - os tr\u00e8s visibles, tr\u00e8s peu de masse musculaire, aucune couche de graisse \u00e0 sentir.\r\n<strong>Mince<\/strong> - os visibles, taille bien visible, pas de couche de graisse \u00e0 sentir.\r\n<strong>Poids id\u00e9al<\/strong> - os non visibles mais perceptibles, taille visible, fine couche de graisse perceptible.\r\n<strong>En surpoids<\/strong> - os non visibles et difficiles \u00e0 sentir, pas de taille, graisse au cou et \u00e0 la base de la queue.\r\n<strong>Ob\u00e8se<\/strong> - couche \u00e9paisse de graisse sur les os, gros ventre.","faq-image-image":1811}],"global-bolt-enable":false,"global-bolt-orientation":"left","global-bolt-color":"orange"},{"acf_fc_layout":"cta-1","_acfe_flexible_layout_title":null,"_acfe_flexible_toggle":null,"cta-1-cta":2}],"settings-group":{"page-excerpt-content":""}},"_links":{"self":[{"href":"https:\/\/justrussel.com\/fr-be\/wp-json\/wp\/v2\/pages\/2513","targetHints":{"allow":["GET"]}}],"collection":[{"href":"https:\/\/justrussel.com\/fr-be\/wp-json\/wp\/v2\/pages"}],"about":[{"href":"https:\/\/justrussel.com\/fr-be\/wp-json\/wp\/v2\/types\/page"}],"author":[{"embeddable":true,"href":"https:\/\/justrussel.com\/fr-be\/wp-json\/wp\/v2\/users\/1"}],"replies":[{"embeddable":true,"href":"https:\/\/justrussel.com\/fr-be\/wp-json\/wp\/v2\/comments?post=2513"}],"version-history":[{"count":15,"href":"https:\/\/justrussel.com\/fr-be\/wp-json\/wp\/v2\/pages\/2513\/revisions"}],"predecessor-version":[{"id":48461,"href":"https:\/\/justrussel.com\/fr-be\/wp-json\/wp\/v2\/pages\/2513\/revisions\/48461"}],"wp:attachment":[{"href":"https:\/\/justrussel.com\/fr-be\/wp-json\/wp\/v2\/media?parent=2513"}],"curies":[{"name":"wp","href":"https:\/\/api.w.org\/{rel}","templated":true}]}}