{"id":2536,"date":"2023-02-06T07:33:02","date_gmt":"2023-02-06T07:33:02","guid":{"rendered":"https:\/\/new.justrussel.com\/?page_id=2536"},"modified":"2023-03-20T11:14:02","modified_gmt":"2023-03-20T11:14:02","slug":"nourriture-en-ligne-pour-chien","status":"publish","type":"page","link":"https:\/\/justrussel.com\/fr-be\/nourriture-en-ligne-pour-chien\/","title":{"rendered":"Nourriture en ligne pour chien"},"content":{"rendered":"","protected":false},"excerpt":{"rendered":"","protected":false},"author":1,"featured_media":0,"parent":0,"menu_order":0,"comment_status":"closed","ping_status":"closed","template":"","meta":{"_acf_changed":false,"editor_notices":[],"footnotes":""},"class_list":["post-2536","page","type-page","status-publish","hentry"],"acf":{"blocks":[{"acf_fc_layout":"heading-bolt","_acfe_flexible_toggle":"","background-colors-dropdown":"skin","heading-bolt-invert":false,"heading-bolt-title-tag":"h2","heading-bolt-title":"Croquettes pour chiens en ligne, livraison facile et rapide","heading-bolt-text":"La vie de votre chien peut - litt\u00e9ralement - changer du jour au lendemain gr\u00e2ce \u00e0 des croquettes pour chiens personnalis\u00e9es. Et ce, en quelques clics sur le web mondial.  \r\n<br>\r\n<strong>\ud83c\udfe1 \u00a0 Livraison gratuite \u00e0 domicile<\/strong>\r\n<br>\r\n<strong>\ud83d\udcb0 \u00a0 30% moins cher que les autres marques haut de gamme<\/strong>\r\n<br>\r\n<strong>\ud83d\udceb \u00a0 Command\u00e9 aujourd'hui, livr\u00e9 en 3 \u00e0 5 jours <\/strong>","hero-button-repeater":[{"hero-link":{"title":"Commandez maintenant","url":"https:\/\/app.justrussel.com\/be-fr\/registreren","target":""},"hero-button-color":"button-orange","hero-button-size":"button-lg","hero-button-arrow":true,"hero-button-down":false}],"heading-bolt-image":1281,"global-bolt-enable":false,"global-bolt-orientation":"left","global-bolt-color":"orange"},{"acf_fc_layout":"hero-1","_acfe_flexible_toggle":"","background-colors-dropdown":"light","hero-1-invert":true,"hero-1-caption":false,"hero-1-align":false,"hero-1-padding":false,"heading-intro-title-tag":"h2","heading-intro-title":"Achetez en ligne et \u00e9conomisez du temps, de l'argent et du stress","heading-intro-left":false,"heading-intro-hide":false,"heading-intro-text":"Vous aurez ainsi plus de temps pour faire ce qui compte vraiment : jouer, c\u00e2liner et vous promener avec votre chien.","heading-intro-buttons":null,"hero-1-title-tag":"h3","hero-1-title":"<h3 class=\"font-walsheim font-bold\">Pas d'allers-retours \u00e0 l'animalerie<\/h3>","hero-1-text":"Des croquettes, aux jouets en passant par des friandises pour votre chien. Chez Just Russel, vous pouvez commander tout ce que votre chien d\u00e9sire le plus au monde, depuis chez vous ! ","hero-button-repeater":null,"hero-1-image":936,"hero-1-rounded":true,"hero-1-aspect-ratio":"aspect-4\/3","global-bolt-enable":false,"global-bolt-orientation":"left","global-bolt-color":"orange"},{"acf_fc_layout":"hero-1","_acfe_flexible_toggle":"","background-colors-dropdown":"light","hero-1-invert":false,"hero-1-caption":false,"hero-1-align":false,"hero-1-padding":false,"heading-intro-title-tag":"h2","heading-intro-title":"","heading-intro-left":false,"heading-intro-hide":true,"heading-intro-text":"","heading-intro-buttons":null,"hero-1-title-tag":"h3","hero-1-title":"<h3 class=\"font-walsheim font-bold\">30% moins cher, 100% qualit\u00e9<\/h3>","hero-1-text":"Les interm\u00e9diaires tels que les supermarch\u00e9s et les animaleries prennent une marge de 30% en moyenne, c'est pourquoi nous avons d\u00e9cid\u00e9 de livrer directement nos produits. Ainsi, vous pouvez payer jusqu'\u00e0 1\/3 de moins que pour des croquettes haut de gamme traditionnelles.","hero-button-repeater":null,"hero-1-image":2288,"hero-1-rounded":true,"hero-1-aspect-ratio":"aspect-4\/3","global-bolt-enable":false,"global-bolt-orientation":"left","global-bolt-color":"orange"},{"acf_fc_layout":"hero-1","_acfe_flexible_toggle":"","background-colors-dropdown":"light","hero-1-invert":true,"hero-1-caption":false,"hero-1-align":false,"hero-1-padding":false,"heading-intro-title-tag":"h2","heading-intro-title":"","heading-intro-left":false,"heading-intro-hide":true,"heading-intro-text":"","heading-intro-buttons":null,"hero-1-title-tag":"h3","hero-1-title":"<h3 class=\"font-walsheim font-bold\">Une livraison rapide comme l'\u00e9clair<\/h3>","hero-1-text":"Il faut que ce soit rapide, sinon votre chien aura faim et personne ne souhaite cela. C'est pourquoi notre livreur met tout en \u0153uvre pour livrer votre nourriture \u00e0 votre porte \u00e0 temps. Et ce, gratuitement.","hero-button-repeater":null,"hero-1-image":2291,"hero-1-rounded":true,"hero-1-aspect-ratio":"aspect-4\/3","global-bolt-enable":false,"global-bolt-orientation":"left","global-bolt-color":"orange"},{"acf_fc_layout":"hero-1","_acfe_flexible_toggle":"","background-colors-dropdown":"light","hero-1-invert":false,"hero-1-caption":false,"hero-1-align":false,"hero-1-padding":false,"heading-intro-title-tag":"h2","heading-intro-title":"","heading-intro-left":false,"heading-intro-hide":true,"heading-intro-text":"","heading-intro-buttons":null,"hero-1-title-tag":"h3","hero-1-title":"<h3 class=\"font-walsheim font-bold\">R\u00e9ductions sur les jouets, les friandises et autres extras<\/h3>","hero-1-text":"Qui dit membre de la famille, dit prix familiaux. Rejoignez Just Russel et profitez d'extras pratiques, amusants et d\u00e9licieux pour votre chien \u00e0 un prix avantageux.","hero-button-repeater":null,"hero-1-image":1096,"hero-1-rounded":true,"hero-1-aspect-ratio":"aspect-4\/3","global-bolt-enable":false,"global-bolt-orientation":"left","global-bolt-color":"orange"},{"acf_fc_layout":"grid-1","_acfe_flexible_toggle":"","background-colors-dropdown":"skin","grid-1-numbered":true,"grid-1-aspect-ratio":"aspect-4\/3","heading-intro-title-tag":"h2","heading-intro-title":"Commander des croquettes pour chiens en ligne en 3 \u00e9tapes","heading-intro-left":false,"heading-intro-hide":false,"heading-intro-text":"Just Russel vous facilite la vie avec des croquettes pour chiens personnalis\u00e9es, formul\u00e9es en ligne par des v\u00e9t\u00e9rinaires.","heading-intro-buttons":[{"heading-intro-link":{"title":"C'est parti !","url":"https:\/\/app.justrussel.com\/be-fr\/registreren","target":""},"heading-intro-button-color":"button-orange","heading-intro-button-size":"button-lg","heading-intro-button-arrow":false,"heading-intro-button-down":false}],"grid-1-grid":[{"grid-1-image":1754,"grid-1-title":"Parlez-nous de votre animal","grid-1-text":"Parlez-nous de lui : sa race, son \u00e2ge, son poids, ses habitudes\u2026 On veut tout savoir !\r\n\r\n"},{"grid-1-image":2305,"grid-1-title":"Nos v\u00e9t\u00e9rinaires font leur travail","grid-1-text":"...et vous pr\u00e9parent une recette irr\u00e9sistible pour votre chien difficile.\r\n"},{"grid-1-image":952,"grid-1-title":"Livraison gratuite \u00e0 domicile","grid-1-text":"C'est facile et abordable \ud83d\ude09"}],"global-bolt-enable":false,"global-bolt-orientation":"left","global-bolt-color":"orange"},{"acf_fc_layout":"hero-8","_acfe_flexible_toggle":"","background-colors-dropdown":"light","hero-8-inner-bg":"blue","hero-8-invert":false,"hero-8-padding":false,"heading-intro-title-tag":"h2","heading-intro-title":"","heading-intro-left":false,"heading-intro-hide":true,"heading-intro-text":"","heading-intro-buttons":null,"hero-8-title-tag":"h2","hero-8-title":"Service en ligne d'experts en alimentation. Enti\u00e8rement gratuit.","hero-8-text":"Notre service client est compos\u00e9 de v\u00e9t\u00e9rinaires et d'experts canins. Une question, une pr\u00e9occupation ou une remarque ? Parlez-en via votre canal pr\u00e9f\u00e9r\u00e9 : par e-mail, WhatsApp ou par t\u00e9l\u00e9phone. Nous sommes \u00e0 votre \u00e9coute.\r\n<\/br>\r\n\u260e\ufe0f   <strong>+33 6 41 46 70 58<\/strong>\r\n\u2709\ufe0f  <strong>bonjour@justrussel.fr<\/strong>","hero-button-repeater":[{"hero-link":{"title":"En savoir plus sur notre service gratuit","url":"https:\/\/justrussel.com\/fr-be\/veterinaire-en-ligne\/","target":""},"hero-button-color":"button-dark-outline","hero-button-size":"button-sm","hero-button-arrow":false,"hero-button-down":false}],"hero-8-image":2043,"global-bolt-enable":false,"global-bolt-orientation":"left","global-bolt-color":"orange"},{"acf_fc_layout":"reviews","_acfe_flexible_toggle":"","background-colors-dropdown":"skin","reviews-filter":false,"reviews-slider":false,"reviews-autoslide":false,"heading-intro-title-tag":"h2","heading-intro-title":"","heading-intro-left":false,"heading-intro-hide":true,"heading-intro-text":"","heading-intro-buttons":null,"reviews-method":"manual","reviews-quantity":3,"reviews-source":"all","reviews-reviews":"12,13,14","global-bolt-enable":false,"global-bolt-orientation":"left","global-bolt-color":"orange"},{"acf_fc_layout":"faq-simple","_acfe_flexible_toggle":"","background-colors-dropdown":"light","faq-simple-inner-bg":"skin","heading-intro-title-tag":"h2","heading-intro-title":"Ce que vous devez aussi savoir sur notre nourriture pour chiens en ligne","heading-intro-left":false,"heading-intro-hide":false,"heading-intro-text":"","heading-intro-buttons":null,"faq-simple-faq-items":[{"faq-simple-question":"Les avantages de la nourriture pour chiens en ligne :","faq-simple-answer":"- Vous n'avez pas \u00e0 sortir de chez vous\r\n- Vous n'avez pas \u00e0 transporter de lourds sacs de croquettes\r\n- Vous recevez gratuitement votre nourriture \u00e0 votre porte (chez nous, c'est le cas \ud83d\ude09)\r\n- Vous b\u00e9n\u00e9ficiez de conseils nutritionnels gratuits de nos experts\r\n- Votre nourriture sera faite sur-mesure pour votre chien. Compl\u00e9tez notre questionnaire <span style=\"text-decoration: underline\"><a href=\"https:\/\/app.justrussel.com\/be-fr\/registreren\">juste ici<\/a><\/span> pour recevoir un plan d'alimentation sur-mesure \r\n\r\n\r\n"},{"faq-simple-question":"Les croquettes pour chiens personnalis\u00e9es en ligne sont-elles ch\u00e8res ?","faq-simple-answer":"Pas chez nous \ud83d\ude09 Nous vous promettons le meilleur prix pour des croquettes di\u00e9t\u00e9tiques haut de gamme (<strong>jusqu'\u00e0 30% moins cher<\/strong> que les autres marques haut de gamme). \r\n<\/br>\r\nNous pouvons le faire parce que nous fabriquons localement notre nourriture avec <strong>des ingr\u00e9dients belges<\/strong> ET parce que nous travaillons <strong>sans interm\u00e9diaire<\/strong> qui prend de la marge comme un supermarch\u00e9 ou une animalerie. \r\n<\/br>\r\nParce que nous <strong>voulons vous offrir un petit cadeau<\/strong>, vous pouvez commander votre premier sac de nourriture personnalis\u00e9e pour votre chien avec une r\u00e9duction de 30% \u2764\ufe0f<\/strong>. Calculez votre prix personnel <a href=\"https:\/\/app.justrussel.com\/be-fr\/registreren\">juste ici<\/a>."},{"faq-simple-question":"Dans quel d\u00e9lai mes croquettes seront-elles livr\u00e9es ?","faq-simple-answer":"Si tout se passe bien, vous recevrez votre nourriture <strong>en 3-5 jours ouvrables<\/strong> \ud83d\ude0a"},{"faq-simple-question":"Dois-je payer des frais de livraison pour mes croquettes command\u00e9es en ligne ?","faq-simple-answer":"Nous ne vous facturons pas de frais de port (la vie est d\u00e9j\u00e0 assez ch\u00e8re comme \u00e7a). Pour chaque commande de nourriture pour chiens, quelle que soit sa taille, vous b\u00e9n\u00e9ficiez d'une <strong>livraison gratuite \u00e0 domicile.<\/strong>"}],"global-bolt-enable":false,"global-bolt-orientation":"left","global-bolt-color":"orange"},{"acf_fc_layout":"cta-1","_acfe_flexible_toggle":"","cta-1-cta":2}],"settings-group":{"page-excerpt-content":""}},"_links":{"self":[{"href":"https:\/\/justrussel.com\/fr-be\/wp-json\/wp\/v2\/pages\/2536","targetHints":{"allow":["GET"]}}],"collection":[{"href":"https:\/\/justrussel.com\/fr-be\/wp-json\/wp\/v2\/pages"}],"about":[{"href":"https:\/\/justrussel.com\/fr-be\/wp-json\/wp\/v2\/types\/page"}],"author":[{"embeddable":true,"href":"https:\/\/justrussel.com\/fr-be\/wp-json\/wp\/v2\/users\/1"}],"replies":[{"embeddable":true,"href":"https:\/\/justrussel.com\/fr-be\/wp-json\/wp\/v2\/comments?post=2536"}],"version-history":[{"count":9,"href":"https:\/\/justrussel.com\/fr-be\/wp-json\/wp\/v2\/pages\/2536\/revisions"}],"predecessor-version":[{"id":45237,"href":"https:\/\/justrussel.com\/fr-be\/wp-json\/wp\/v2\/pages\/2536\/revisions\/45237"}],"wp:attachment":[{"href":"https:\/\/justrussel.com\/fr-be\/wp-json\/wp\/v2\/media?parent=2536"}],"curies":[{"name":"wp","href":"https:\/\/api.w.org\/{rel}","templated":true}]}}