{"id":43181,"date":"2023-02-21T09:03:42","date_gmt":"2023-02-21T09:03:42","guid":{"rendered":"https:\/\/new.justrussel.com\/?page_id=43181"},"modified":"2026-03-25T17:53:29","modified_gmt":"2026-03-25T16:53:29","slug":"abonnement-flexible","status":"publish","type":"page","link":"https:\/\/justrussel.com\/fr-be\/abonnement-flexible\/","title":{"rendered":"subscription_v1_organic_none_none_no-coupon"},"content":{"rendered":"","protected":false},"excerpt":{"rendered":"","protected":false},"author":1,"featured_media":0,"parent":0,"menu_order":0,"comment_status":"closed","ping_status":"closed","template":"","meta":{"_acf_changed":false,"editor_notices":[],"footnotes":""},"class_list":["post-43181","page","type-page","status-publish","hentry"],"acf":{"blocks":[{"acf_fc_layout":"hero-9","_acfe_flexible_layout_title":null,"_acfe_flexible_toggle":null,"background-colors-dropdown":"light","hero-9-invert":false,"hero-9-title-tag":"h1","hero-9-title":"On s'occupe de tout pour vous ! ","hero-9-text":"[jr_button link=\"https:\/\/app.justrussel.com\/fr-be\/signup\/\" target=\"_self\" color=\"orange\" size=\"sm\" label=\"Essayez Just Russel maintenant\"]\u2028\r\nJamais en manque de nourriture, livraisons automatiques, annulation flexible et nourriture adapt\u00e9e \u00e0 votre animal. Voici l'avenir sans souci qui vous attend en tant que membre de la famille Just Russel.\r\n[jr_checklist]\r\n[jr_checklist_item] Toujours livr\u00e9 gratuitement[\/jr_checklist_item]\r\n[jr_checklist_item] Flexible et sans engagement[\/jr_checklist_item]\r\n[jr_checklist_item] Un animal toujours en bonne sant\u00e9[\/jr_checklist_item]\r\n[\/jr_checklist]","hero-button-repeater":null,"hero-9-image":2317,"hero-9-width":"1\/2","global-bolt-enable":false,"global-bolt-orientation":"left","global-bolt-color":"orange"},{"acf_fc_layout":"cta-1","_acfe_flexible_layout_title":null,"_acfe_flexible_toggle":null,"cta-1-cta":1},{"acf_fc_layout":"hero-1","_acfe_flexible_layout_title":null,"_acfe_flexible_toggle":null,"background-colors-dropdown":"skin","hero-1-invert":false,"hero-1-caption":false,"hero-1-align":false,"hero-1-padding":false,"heading-intro-title-tag":"h2","heading-intro-title":"Les avantages d'un plan d'alimentation personnalis\u00e9 pour votre animal","heading-intro-left":false,"heading-intro-hide":false,"heading-intro-text":"","heading-intro-buttons":null,"hero-1-title-tag":"h3","hero-1-title":"<span class=\"font-walsheim\">Gagnez du temps...<\/span>","hero-1-text":"Pas le temps de faire des allers-retours \u00e0 l'animalerie ? Rassurez-vous : chez Just Russel, vous pouvez commander en ligne tout ce dont votre animal a besoin et vous le faire <span style=\"text-decoration: underline\"><a href=\"https:\/\/app.justrussel.com\/fr-be\/signup\/\">livrer \u00e0 directement \u00e0 domicile<\/a><\/span>.","hero-button-repeater":null,"hero-1-image":2320,"hero-1-rounded":true,"hero-1-aspect-ratio":"aspect-video","global-bolt-enable":false,"global-bolt-orientation":"left","global-bolt-color":"orange"},{"acf_fc_layout":"hero-1","_acfe_flexible_layout_title":null,"_acfe_flexible_toggle":null,"background-colors-dropdown":"skin","hero-1-invert":true,"hero-1-caption":false,"hero-1-align":false,"hero-1-padding":false,"heading-intro-title-tag":"h2","heading-intro-title":"","heading-intro-left":false,"heading-intro-hide":true,"heading-intro-text":"","heading-intro-buttons":null,"hero-1-title-tag":"h3","hero-1-title":"<span class=\"font-walsheim\">... et de l'argent<\/span>","hero-1-text":"Chez nous, aucun interm\u00e9diaire ne vient prendre de marge sur votre nourriture. Vous b\u00e9n\u00e9ficiez donc d'une nourriture de <span style=\"text-decoration: underline\"><a href=\"https:\/\/justrussel.com\/fr-be\/nos-prix\/\">qualit\u00e9 sup\u00e9rieure<\/a><\/span> jusqu'\u00e0 30% moins ch\u00e8re que chez les marques traditionnelles. De plus, nous vous livrons toujours gratuitement \u00e0 votre domicile et vous b\u00e9n\u00e9ficiez d'une r\u00e9duction sur tous les extras amusants et savoureux pour votre chien ou votre chat.","hero-button-repeater":null,"hero-1-image":2090,"hero-1-rounded":true,"hero-1-aspect-ratio":"aspect-video","global-bolt-enable":false,"global-bolt-orientation":"left","global-bolt-color":"orange"},{"acf_fc_layout":"hero-1","_acfe_flexible_layout_title":null,"_acfe_flexible_toggle":null,"background-colors-dropdown":"skin","hero-1-invert":false,"hero-1-caption":false,"hero-1-align":false,"hero-1-padding":false,"heading-intro-title-tag":"h2","heading-intro-title":"","heading-intro-left":false,"heading-intro-hide":true,"heading-intro-text":"","heading-intro-buttons":null,"hero-1-title-tag":"h3","hero-1-title":"<span class=\"font-walsheim\">Ne tombez plus jamais \u00e0 court de nourriture<\/span>","hero-1-text":"Notre <span style=\"text-decoration: underline\"><a href=\"https:\/\/app.justrussel.com\/fr-be\/signup\/\">algorithme intelligent<\/a><\/span> sait exactement quelle quantit\u00e9 de nourriture votre chien ou votre chat mange et sait donc aussi quand vous avez besoin de recevoir une nouvelle livraison de croquettes. Avant que vous ne soyez \u00e0 court, le facteur sonnera \u00e0 votre porte avec de nouveaux sacs de croquettes personnalis\u00e9es.","hero-button-repeater":null,"hero-1-image":45486,"hero-1-rounded":true,"hero-1-aspect-ratio":"aspect-video","global-bolt-enable":false,"global-bolt-orientation":"left","global-bolt-color":"orange"},{"acf_fc_layout":"hero-1","_acfe_flexible_layout_title":null,"_acfe_flexible_toggle":null,"background-colors-dropdown":"skin","hero-1-invert":true,"hero-1-caption":false,"hero-1-align":false,"hero-1-padding":false,"heading-intro-title-tag":"h2","heading-intro-title":"","heading-intro-left":false,"heading-intro-hide":true,"heading-intro-text":"","heading-intro-buttons":null,"hero-1-title-tag":"h3","hero-1-title":"<span class=\"font-walsheim\">Des croquettes qui \u00e9voluent avec vous<\/span>","hero-1-text":"De chiot ou chaton, \u00e0 chien ou chat senior : votre animal a des besoins nutritionnels diff\u00e9rents \u00e0 chaque \u00e9tape de sa vie. Nous suivons son \u00e2ge et adaptons automatiquement la composition de ses croquettes pour vous afin qu'il ne manque jamais de nutriments.","hero-button-repeater":null,"hero-1-image":2323,"hero-1-rounded":true,"hero-1-aspect-ratio":"aspect-video","global-bolt-enable":false,"global-bolt-orientation":"left","global-bolt-color":"orange"},{"acf_fc_layout":"hero-1","_acfe_flexible_layout_title":null,"_acfe_flexible_toggle":null,"background-colors-dropdown":"skin","hero-1-invert":false,"hero-1-caption":false,"hero-1-align":false,"hero-1-padding":false,"heading-intro-title-tag":"h2","heading-intro-title":"","heading-intro-left":false,"heading-intro-hide":true,"heading-intro-text":"","heading-intro-buttons":[{"heading-intro-link":{"title":"C'est parti !","url":"https:\/\/app.justrussel.com\/fr-be\/signup\/","target":""},"heading-intro-button-color":"button-orange","heading-intro-button-size":"button-md","heading-intro-button-arrow":false,"heading-intro-button-down":false}],"hero-1-title-tag":"h3","hero-1-title":"<span class=\"font-walsheim\">Toujours sous contr\u00f4le<\/span>","hero-1-text":"Faites livrer vos croquettes en fonction de votre agenda. Vous n'avez plus besoin de nourriture pendant un certain temps ? Dans ce cas, vous pouvez reporter ou interrompre vos livraisons \u00e0 tout moment sur <span style=\"text-decoration: underline\"><a href=\"https:\/\/justrussel.com\/fr-be\/notre-application\/\">l'application Just Russel<\/a><\/span>.\r\n","hero-button-repeater":null,"hero-1-image":45225,"hero-1-rounded":true,"hero-1-aspect-ratio":"aspect-video","global-bolt-enable":false,"global-bolt-orientation":"left","global-bolt-color":"orange"},{"acf_fc_layout":"spacer","_acfe_flexible_layout_title":null,"_acfe_flexible_toggle":null,"spacer-contain":false,"spacer-mobile-space":48,"spacer-mobile-xl-space":48,"spacer-tablet-space":48,"spacer-tablet-xl-space":48,"spacer-desktop-space":72,"background-colors-dropdown":"light"},{"acf_fc_layout":"hero-8","_acfe_flexible_layout_title":null,"_acfe_flexible_toggle":null,"background-colors-dropdown":"light","hero-8-inner-bg":"blue","hero-8-invert":false,"hero-8-padding":true,"heading-intro-title-tag":"h2","heading-intro-title":"","heading-intro-left":false,"heading-intro-hide":true,"heading-intro-text":"","heading-intro-buttons":null,"hero-8-title-tag":"h2","hero-8-title":"Nous sommes \u00e0 votre \u00e9coute","hero-8-text":"Nos v\u00e9t\u00e9rinaires \u00e9tabliront votre plan d\u2019alimentation, mais saviez-vous que vous pouvez \u00e9galement les consulter afin d\u2019obtenir des conseils nutritionnels gratuits ? Ainsi, nous pourrons ensemble prendre encore plus soin de votre animal.","hero-button-repeater":[{"hero-link":{"title":"Nous contacter","url":"https:\/\/support.justrussel.com\/hc\/fr-be\/","target":""},"hero-button-color":"button-dark-outline","hero-button-size":"button-sm","hero-button-arrow":false,"hero-button-down":false}],"hero-8-image":42615,"global-bolt-enable":false,"global-bolt-orientation":"left","global-bolt-color":"orange"},{"acf_fc_layout":"slider-review-timeline","_acfe_flexible_layout_title":null,"_acfe_flexible_toggle":null,"background-colors-dropdown":"light","heading-intro-title-tag":"h2","heading-intro-title":"","heading-intro-left":false,"heading-intro-hide":false,"heading-intro-text":"","heading-intro-buttons":null,"slider-review-timeline-review":[47265],"global-bolt-enable":false,"global-bolt-orientation":"left","global-bolt-color":"orange"},{"acf_fc_layout":"heading-image","_acfe_flexible_layout_title":null,"_acfe_flexible_toggle":null,"background-colors-dropdown":"skin","heading-intro-title-tag":"h2","heading-intro-title":"Vous \u00eates curieux de conna\u00eetre votre plan d'alimentation ?","heading-intro-left":false,"heading-intro-hide":false,"heading-intro-text":"Commen\u00e7ons par les croquettes adapt\u00e9es \u00e0 votre animal. Nous ne parlons pas seulement de la taille des croquettes, mais aussi de leur composition et de leur go\u00fbt. 100 % adapt\u00e9es aux besoins de votre animal. Pour en savoir plus, cliquez sur les boutons rouges ci-dessous !","heading-intro-buttons":[{"heading-intro-link":{"title":"D\u00e9couvrir notre nourriture pour chiens","url":"https:\/\/justrussel.com\/fr-be\/nourriture-pour-chien\/","target":""},"heading-intro-button-color":"button-orange","heading-intro-button-size":"button-md","heading-intro-button-arrow":false,"heading-intro-button-down":false},{"heading-intro-link":{"title":"D\u00e9couvrir notre nourriture pour chats","url":"https:\/\/justrussel.com\/fr-be\/nourriture-pour-chat\/","target":""},"heading-intro-button-color":"button-orange","heading-intro-button-size":"button-md","heading-intro-button-arrow":false,"heading-intro-button-down":false}],"heading-image-linkto":"","heading-image-image":45255,"heading-image-image-mobile":45256,"heading-image-caption":false},{"acf_fc_layout":"cta-1","_acfe_flexible_layout_title":null,"_acfe_flexible_toggle":null,"cta-1-cta":2}],"settings-group":{"page-excerpt-content":""}},"_links":{"self":[{"href":"https:\/\/justrussel.com\/fr-be\/wp-json\/wp\/v2\/pages\/43181","targetHints":{"allow":["GET"]}}],"collection":[{"href":"https:\/\/justrussel.com\/fr-be\/wp-json\/wp\/v2\/pages"}],"about":[{"href":"https:\/\/justrussel.com\/fr-be\/wp-json\/wp\/v2\/types\/page"}],"author":[{"embeddable":true,"href":"https:\/\/justrussel.com\/fr-be\/wp-json\/wp\/v2\/users\/1"}],"replies":[{"embeddable":true,"href":"https:\/\/justrussel.com\/fr-be\/wp-json\/wp\/v2\/comments?post=43181"}],"version-history":[{"count":16,"href":"https:\/\/justrussel.com\/fr-be\/wp-json\/wp\/v2\/pages\/43181\/revisions"}],"predecessor-version":[{"id":48442,"href":"https:\/\/justrussel.com\/fr-be\/wp-json\/wp\/v2\/pages\/43181\/revisions\/48442"}],"wp:attachment":[{"href":"https:\/\/justrussel.com\/fr-be\/wp-json\/wp\/v2\/media?parent=43181"}],"curies":[{"name":"wp","href":"https:\/\/api.w.org\/{rel}","templated":true}]}}