{"id":43183,"date":"2023-02-21T09:07:14","date_gmt":"2023-02-21T09:07:14","guid":{"rendered":"https:\/\/new.justrussel.com\/?page_id=43183"},"modified":"2026-03-26T10:24:03","modified_gmt":"2026-03-26T09:24:03","slug":"notre-application","status":"publish","type":"page","link":"https:\/\/justrussel.com\/fr-be\/notre-application\/","title":{"rendered":"app_v1_organic_none_none_no-coupon"},"content":{"rendered":"","protected":false},"excerpt":{"rendered":"","protected":false},"author":8,"featured_media":0,"parent":0,"menu_order":0,"comment_status":"closed","ping_status":"closed","template":"","meta":{"_acf_changed":false,"editor_notices":[],"footnotes":""},"class_list":["post-43183","page","type-page","status-publish","hentry"],"acf":{"blocks":[{"acf_fc_layout":"heading-bolt","_acfe_flexible_layout_title":null,"_acfe_flexible_toggle":null,"background-colors-dropdown":"light","heading-bolt-invert":false,"heading-bolt-title-tag":"h2","heading-bolt-title":"Encore plus de confort gr\u00e2ce \u00e0 l'application Just Russel","heading-bolt-text":"[jr_button link=\"https:\/\/app.justrussel.com\/fr-be\/signup\/\" target=\"_self\" color=\"orange\" size=\"sm\" label=\"Essayez Just Russel maintenant\"]\u2028\r\n[jr_checklist]\r\n[jr_checklist_item] B\u00e9n\u00e9ficiez de <strong>r\u00e9ductions <\/strong> sur les jouets et les friandises[\/jr_checklist_item]\r\n[jr_checklist_item] Surveillez votre <strong>prochaine livraison<\/strong>[\/jr_checklist_item]\r\n[jr_checklist_item] Mettez votre plan d'alimentation en pause[\/jr_checklist_item]\r\n[\/jr_checklist]","hero-button-repeater":null,"heading-bolt-image":47352,"global-bolt-enable":false,"global-bolt-orientation":"left","global-bolt-color":"orange"},{"acf_fc_layout":"cta-1","_acfe_flexible_layout_title":null,"_acfe_flexible_toggle":null,"cta-1-cta":1},{"acf_fc_layout":"grid-4","_acfe_flexible_layout_title":null,"_acfe_flexible_toggle":null,"background-colors-dropdown":"light","grid-4-inner-bg":"skin","grid-4-aspect-ratio":"aspect-4\/3","heading-intro-title-tag":"h2","heading-intro-title":"L'application Just Russel","heading-intro-left":false,"heading-intro-hide":false,"heading-intro-text":"","heading-intro-buttons":null,"grid-4-grid":[{"grid-4-image":2389,"grid-4-title":"Consultez vos ingr\u00e9dients","grid-4-text":"Vous \u00eates curieux de savoir quels sont les l\u00e9gumes verts, les fruits et la viande pr\u00e9sents dans les croquettes de votre chien ou de votre chat ? Vous pouvez trouver la liste compl\u00e8te sur votre compte via l'application Just Russel.\r\n[jr_button link=\"https:\/\/justrussel.com\/fr-be\/nourriture-pour-chien\/\" target=\"_self\" color=\"light\" size=\"sm\" label=\"En savoir plus sur notre alimentation\"]"},{"grid-4-image":42604,"grid-4-title":"Commandez des extras \u00e0 prix r\u00e9duit","grid-4-text":"Vous voulez acheter rapidement un autre paquet de friandises saines pour chiens ou un jouet amusant pour chats ? Ajoutez-les directement via l'application, cela vous permettra d'obtenir une r\u00e9duction. \r\n[jr_button link=\"https:\/\/shop.justrussel.com\/fr\" target=\"_self\" color=\"light\" size=\"sm\" label=\"En savoir plus sur nos extras\"]"},{"grid-4-image":2268,"grid-4-title":"Surveillez vos portions","grid-4-text":"Consultez la portion id\u00e9ale de nourriture pour votre chien ou votre chat dans notre application. La portion vous semble trop petite ou trop grande ? Vous pouvez l'ajuster l\u00e0 aussi. \r\n[jr_button link=\"https:\/\/app.justrussel.com\/fr-be\/signup\/\" target=\"_self\" color=\"light\" size=\"sm\" label=\"D\u00e9couvrez ici votre portion id\u00e9ale\"]"},{"grid-4-image":45146,"grid-4-title":"Pause et report flexibles de vos livraisons","grid-4-text":"Pour votre confort, nous vous envoyons de la nourriture \u00e0 intervalles fixes. Ainsi, vous ne serez jamais \u00e0 court. Vous avez encore assez de nourriture pour un certain temps ? Vous pouvez alors interrompre ou reporter vos livraisons.\r\n[jr_button link=\"https:\/\/justrussel.com\/fr-be\/notre-concept\/\" target=\"_self\" color=\"light\" size=\"sm\" label=\"Comment fonctionne le plan d'alimentation ?\"]"},{"grid-4-image":2265,"grid-4-title":"\u00c9conomisez de l'argent","grid-4-text":"Diminuez votre prix au kilo dans notre application. Comment ? En vous faisant livrer une plus grande quantit\u00e9 de nourriture \u00e0 la fois ou en vous faisant livrer de la nourriture pour plusieurs animaux. PS : Partagez \u00e9galement votre code personnel avec vos amis et votre famille et gagnez 15 \u20ac \u00e0 chaque fois que quelqu'un utilise votre code.\r\n[jr_button link=\"https:\/\/app.justrussel.com\/fr-be\/signup\/\" target=\"_self\" color=\"light\" size=\"sm\" label=\"D\u00e9couvrez votre prix personnalis\u00e9\"]"}],"global-bolt-enable":false,"global-bolt-orientation":"left","global-bolt-color":"orange"},{"acf_fc_layout":"grid-3","_acfe_flexible_layout_title":null,"_acfe_flexible_toggle":null,"background-colors-dropdown":"orange","heading-intro-title-tag":"h2","heading-intro-title":"Rencontrez la famille Just Russel","heading-intro-left":false,"heading-intro-hide":false,"heading-intro-text":"","heading-intro-buttons":[{"heading-intro-link":{"title":"Lire les avis","url":"https:\/\/justrussel.com\/fr-be\/avis\/","target":""},"heading-intro-button-color":"button-light","heading-intro-button-size":"button-sm","heading-intro-button-arrow":false,"heading-intro-button-down":false}],"grid-3-gallery":[2308,2027,2024,2021,2022,1712],"global-bolt-enable":false,"global-bolt-orientation":"left","global-bolt-color":"orange"},{"acf_fc_layout":"grid-1","_acfe_flexible_layout_title":null,"_acfe_flexible_toggle":null,"background-colors-dropdown":"light","grid-1-numbered":true,"grid-1-aspect-ratio":"aspect-4\/3","heading-intro-title-tag":"h2","heading-intro-title":"Commencez l\u2019aventure Just Russel","heading-intro-left":false,"heading-intro-hide":false,"heading-intro-text":"","heading-intro-buttons":[{"heading-intro-link":{"title":"Commencez d\u00e8s maintenant","url":"https:\/\/app.justrussel.com\/fr-be\/signup\/","target":""},"heading-intro-button-color":"button-orange","heading-intro-button-size":"button-lg","heading-intro-button-arrow":false,"heading-intro-button-down":false}],"grid-1-grid":[{"grid-1-image":44733,"grid-1-title":"R\u00e9pondez \u00e0 10 questions sur votre animal","grid-1-text":"Parlez-nous de lui : sa race, son \u00e2ge, son poids, ses habitudes\u2026 On veut tout savoir ! "},{"grid-1-image":42615,"grid-1-title":"Nos v\u00e9t\u00e9rinaires font leur travail","grid-1-text":"... Et \u00e9laborent une recette \u00e9nerg\u00e9tique pour votre animal.\r\n"},{"grid-1-image":2678,"grid-1-title":"Livraison gratuite \u00e0 domicile","grid-1-text":"C'est facile et gratuit \ud83d\ude42 "}],"global-bolt-enable":false,"global-bolt-orientation":"left","global-bolt-color":"orange"},{"acf_fc_layout":"faq-simple","_acfe_flexible_layout_title":null,"_acfe_flexible_toggle":null,"background-colors-dropdown":"skin","faq-simple-inner-bg":"light","heading-intro-title-tag":"h2","heading-intro-title":"Questions fr\u00e9quentes sur notre application","heading-intro-left":false,"heading-intro-hide":false,"heading-intro-text":"","heading-intro-buttons":null,"faq-simple-faq-items":[{"faq-simple-question":"Faut-il t\u00e9l\u00e9charger une application ?","faq-simple-answer":"Il n'y a <strong>pas besoin<\/strong> de t\u00e9l\u00e9charger d'application. L'application est disponible en ligne via <span style=\"color: #ff4628\"><strong><a style=\"color: #ff4628\" href=\"https:\/\/app.justrussel.com\/fr-be\/signup\/\">le lien suivant<\/a><\/strong><\/span>. Elle est adapt\u00e9e aux t\u00e9l\u00e9phones portables."},{"faq-simple-question":"L'application est-elle gratuite ?","faq-simple-answer":"L'application et le service Just Russel sont enti\u00e8rement gratuits."},{"faq-simple-question":"Que faire si mon application Just Russel ne fonctionne pas ?","faq-simple-answer":"Si votre application Just Russel ne fonctionne pas, nous vous recommandons de v\u00e9rifier si votre connexion internet est stable. Il est \u00e9galement plus facile d\u2019effectuer des r\u00e9glages via votre ordinateur. Si vous avez toujours des probl\u00e8mes,\u00a0<span style=\"color: #ff4628\"><a style=\"color: #ff4628\" href=\"https:\/\/support.justrussel.com\/hc\/fr-be\/\"><strong>contactez l\u2019assistance Just Russel\u00a0<\/strong><\/a><\/span>pour obtenir de l\u2019aide. Nous essayons constamment d\u2019am\u00e9liorer notre application."}],"global-bolt-enable":false,"global-bolt-orientation":"left","global-bolt-color":"orange"},{"acf_fc_layout":"cta-1","_acfe_flexible_layout_title":null,"_acfe_flexible_toggle":null,"cta-1-cta":2}],"settings-group":{"page-excerpt-content":""}},"_links":{"self":[{"href":"https:\/\/justrussel.com\/fr-be\/wp-json\/wp\/v2\/pages\/43183","targetHints":{"allow":["GET"]}}],"collection":[{"href":"https:\/\/justrussel.com\/fr-be\/wp-json\/wp\/v2\/pages"}],"about":[{"href":"https:\/\/justrussel.com\/fr-be\/wp-json\/wp\/v2\/types\/page"}],"author":[{"embeddable":true,"href":"https:\/\/justrussel.com\/fr-be\/wp-json\/wp\/v2\/users\/8"}],"replies":[{"embeddable":true,"href":"https:\/\/justrussel.com\/fr-be\/wp-json\/wp\/v2\/comments?post=43183"}],"version-history":[{"count":15,"href":"https:\/\/justrussel.com\/fr-be\/wp-json\/wp\/v2\/pages\/43183\/revisions"}],"predecessor-version":[{"id":48453,"href":"https:\/\/justrussel.com\/fr-be\/wp-json\/wp\/v2\/pages\/43183\/revisions\/48453"}],"wp:attachment":[{"href":"https:\/\/justrussel.com\/fr-be\/wp-json\/wp\/v2\/media?parent=43183"}],"curies":[{"name":"wp","href":"https:\/\/api.w.org\/{rel}","templated":true}]}}