{"id":43185,"date":"2023-02-21T09:09:04","date_gmt":"2023-02-21T09:09:04","guid":{"rendered":"https:\/\/new.justrussel.com\/?page_id=43185"},"modified":"2026-04-02T12:14:29","modified_gmt":"2026-04-02T10:14:29","slug":"nos-prix","status":"publish","type":"page","link":"https:\/\/justrussel.com\/fr-be\/nos-prix\/","title":{"rendered":"prices_v1_organic_none_none-no-coupon"},"content":{"rendered":"","protected":false},"excerpt":{"rendered":"","protected":false},"author":8,"featured_media":0,"parent":0,"menu_order":0,"comment_status":"closed","ping_status":"closed","template":"","meta":{"_acf_changed":false,"editor_notices":[],"footnotes":""},"class_list":["post-43185","page","type-page","status-publish","hentry"],"acf":{"blocks":[{"acf_fc_layout":"heading-bolt","_acfe_flexible_layout_title":null,"_acfe_flexible_toggle":null,"background-colors-dropdown":"light","heading-bolt-invert":false,"heading-bolt-title-tag":"h2","heading-bolt-title":"Une alimentation sur mesure de qualit\u00e9, jusqu'\u00e0 30 % moins ch\u00e8re","heading-bolt-text":"[jr_button link=\"https:\/\/app.justrussel.com\/fr-be\/signup\/\" target=\"_self\" color=\"orange\" size=\"sm\" label=\"D\u00e9couvrez votre prix\"]\u2028\r\n[jr_checklist]\r\n[jr_checklist_item] \u00c0 partir de 0,44 \u20ac par jour[\/jr_checklist_item]\r\n[jr_checklist_item] Livraison toujours <strong>gratuite <\/strong>[\/jr_checklist_item]\r\n[jr_checklist_item] <strong>R\u00e9ductions <\/strong> suppl\u00e9mentaires[\/jr_checklist_item]\r\n[\/jr_checklist]","hero-button-repeater":null,"heading-bolt-image":2090,"global-bolt-enable":false,"global-bolt-orientation":"left","global-bolt-color":"orange"},{"acf_fc_layout":"cta-1","_acfe_flexible_layout_title":null,"_acfe_flexible_toggle":null,"cta-1-cta":1},{"acf_fc_layout":"heading-image","_acfe_flexible_layout_title":null,"_acfe_flexible_toggle":null,"background-colors-dropdown":"skin","heading-intro-title-tag":"h2","heading-intro-title":"Ne payez que l'essentiel","heading-intro-left":false,"heading-intro-hide":false,"heading-intro-text":"Saviez-vous qu'avec les marques traditionnelles, vous payez des co\u00fbts de marketing \u00e9lev\u00e9s et des marges d'interm\u00e9diaires ? Plus cher ne rime donc pas toujours avec plus sain pour votre animal. D\u00e9couvrez comment, avec les croquettes personnalis\u00e9es Just Russel, <strong>vous pouvez \u00e9conomiser jusqu'\u00e0 30%<\/strong> sur une nourriture haut de gamme, sans faire de compromis sur le go\u00fbt et la qualit\u00e9.","heading-intro-buttons":null,"heading-image-linkto":"","heading-image-image":45073,"heading-image-image-mobile":45186,"heading-image-caption":false},{"acf_fc_layout":"grid-pricing","_acfe_flexible_layout_title":null,"_acfe_flexible_toggle":null,"background-colors-dropdown":"light","grid-pricing-inner-bg":"skin","grid-pricing-toggle":true,"heading-intro-title-tag":"h6","heading-intro-title":"Exemples de prix : nourriture pour chiens","heading-intro-left":false,"heading-intro-hide":false,"heading-intro-text":"Vous vous demandez combien co\u00fbte une nourriture saine et sur mesure pour chiens ? Alors d\u00e9couvrez ici quelques exemples. Calculez votre prix personnel \u00e0 l'aide du bouton rouge ci-dessous.","heading-intro-buttons":[{"heading-intro-link":{"title":"D\u00e9couvre ton prix","url":"https:\/\/app.justrussel.com\/fr-be\/signup\/","target":""},"heading-intro-button-color":"button-orange","heading-intro-button-size":"button-sm","heading-intro-button-arrow":true,"heading-intro-button-down":false}],"grid-pricing-grid-items":[{"grid-pricing-title":"Stella","grid-pricing-image":48100,"grid-pricing-price":"0,78\u20ac"},{"grid-pricing-title":"Bas","grid-pricing-image":48101,"grid-pricing-price":"1,89\u20ac"},{"grid-pricing-title":"Max","grid-pricing-image":48102,"grid-pricing-price":"2,06\u20ac"},{"grid-pricing-title":"Rex &amp; Billie","grid-pricing-image":48103,"grid-pricing-price":"<sup>4,01\u20ac<\/sup>3,44\u20ac"}],"grid-pricing-pricing-table":{"acftf":{"v":"1.3.34"},"p":{"o":{"uh":1},"ca":""},"c":[{"p":""},{"p":""},{"p":""}],"h":[{"c":"Prix par jour"},{"c":"Prix par mois"},{"c":"Prix par kg"}],"b":[[{"c":"0,78\u20ac\/jour"},{"c":"23,86\u20ac\/mois"},{"c":"7,33\u20ac\/kg"}],[{"c":"1,89\u20ac\/jour\n"},{"c":"57,47\u20ac\/mois"},{"c":"5,83\u20ac\/kg"}],[{"c":"2,06\u20ac\/jour"},{"c":"62,54\u20ac\/mois"},{"c":"5,83\u20ac\/kg"}],[{"c":"<sup>4,01\u20ac<\/sup>3,44\u20ac\/jour"},{"c":"<sup>121,91\u20ac<\/sup>104,54\u20ac\/mois"},{"c":"<sup>5,83\u20ac<\/sup> 5,00\u20ac\/kg"}]]},"grid-pricing-use-suffix":true,"global-bolt-enable":false,"global-bolt-orientation":"left","global-bolt-color":"orange"},{"acf_fc_layout":"grid-pricing","_acfe_flexible_layout_title":null,"_acfe_flexible_toggle":null,"background-colors-dropdown":"skin","grid-pricing-inner-bg":"light","grid-pricing-toggle":true,"heading-intro-title-tag":"h2","heading-intro-title":"Exemples de prix : nourriture pour chats","heading-intro-left":false,"heading-intro-hide":false,"heading-intro-text":"Vous vous demandez combien co\u00fbte une nourriture saine et sur mesure pour chats ? Alors d\u00e9couvrez ici quelques exemples. Calculez votre prix personnel \u00e0 l'aide du bouton rouge ci-dessous.","heading-intro-buttons":[{"heading-intro-link":{"title":"Calculez votre prix","url":"https:\/\/app.justrussel.com\/fr-be\/signup","target":""},"heading-intro-button-color":"button-orange","heading-intro-button-size":"button-lg","heading-intro-button-arrow":true,"heading-intro-button-down":false}],"grid-pricing-grid-items":[{"grid-pricing-title":"Tigrou","grid-pricing-image":48481,"grid-pricing-price":"0,52 \u20ac"},{"grid-pricing-title":"Simba &amp; Rex","grid-pricing-image":48482,"grid-pricing-price":"<sup>1,03 \u20ac<\/sup>0,90 \u20ac"}],"grid-pricing-pricing-table":{"acftf":{"v":"1.3.34"},"p":{"o":{"uh":1},"ca":""},"c":[{"p":""},{"p":""},{"p":""}],"h":[{"c":"Prix par jour"},{"c":"Prix par mois"},{"c":"Prix par kg"}],"b":[[{"c":"0,52 \u20ac"},{"c":"15,70 \u20ac "},{"c":"9,98\u20ac "}],[{"c":"<sup>1,03 \u20ac<\/sup>0,90 \u20ac"},{"c":"<sup>31,40 \u20ac<\/sup>27,22 \u20ac"},{"c":"<sup>9,98 \u20ac<\/sup>8,66 \u20ac"}]]},"grid-pricing-use-suffix":false,"global-bolt-enable":false,"global-bolt-orientation":"left","global-bolt-color":"orange"},{"acf_fc_layout":"hero-1","_acfe_flexible_layout_title":null,"_acfe_flexible_toggle":null,"background-colors-dropdown":"light","hero-1-invert":false,"hero-1-caption":false,"hero-1-align":false,"hero-1-padding":false,"heading-intro-title-tag":"h2","heading-intro-title":"Encore plus d'avantages","heading-intro-left":false,"heading-intro-hide":false,"heading-intro-text":"","heading-intro-buttons":null,"hero-1-title-tag":"h3","hero-1-title":"<span class=\"font-walsheim\">1. R\u00e9duction pour plusieurs animaux de compagnie<\/span>","hero-1-text":"Vous avez non pas un, mais deux ou plusieurs amis \u00e0 quatre pattes \u00e0 la maison ? Vous avez de la chance ! Chez nous, vous b\u00e9n\u00e9ficiez toujours d'une r\u00e9duction lorsque vous commandez de la nourriture personnalis\u00e9e pour plusieurs animaux de compagnie. ","hero-button-repeater":[{"hero-link":{"title":"D\u00e9couvrez votre prix","url":"https:\/\/app.justrussel.com\/fr-be\/signup\/","target":""},"hero-button-color":"button-orange","hero-button-size":"button-sm","hero-button-arrow":false,"hero-button-down":false}],"hero-1-image":2705,"hero-1-rounded":true,"hero-1-aspect-ratio":"aspect-4\/3","global-bolt-enable":false,"global-bolt-orientation":"left","global-bolt-color":"orange"},{"acf_fc_layout":"hero-1","_acfe_flexible_layout_title":null,"_acfe_flexible_toggle":null,"background-colors-dropdown":"light","hero-1-invert":true,"hero-1-caption":false,"hero-1-align":false,"hero-1-padding":false,"heading-intro-title-tag":"h2","heading-intro-title":"","heading-intro-left":false,"heading-intro-hide":true,"heading-intro-text":"","heading-intro-buttons":null,"hero-1-title-tag":"h3","hero-1-title":"<span class=\"font-walsheim\">2. Commandes moins fr\u00e9quentes, prix plus bas<\/span>","hero-1-text":"Recevez une plus grande quantit\u00e9 de nourriture par livraison et profitez d'un prix avantageux au kilo.","hero-button-repeater":null,"hero-1-image":2094,"hero-1-rounded":true,"hero-1-aspect-ratio":"aspect-4\/3","global-bolt-enable":false,"global-bolt-orientation":"left","global-bolt-color":"orange"},{"acf_fc_layout":"hero-1","_acfe_flexible_layout_title":null,"_acfe_flexible_toggle":null,"background-colors-dropdown":"light","hero-1-invert":false,"hero-1-caption":false,"hero-1-align":false,"hero-1-padding":false,"heading-intro-title-tag":"h2","heading-intro-title":"","heading-intro-left":false,"heading-intro-hide":true,"heading-intro-text":"","heading-intro-buttons":null,"hero-1-title-tag":"h3","hero-1-title":"<span class=\"font-walsheim\">3. R\u00e9ductions sur des extras amusants, savoureux et sains<\/span>","hero-1-text":"Vous avez aussi besoin de biscuits de dressage sains pour votre chien ou d'un jouet pour chat avec de l'herbe \u00e0 chat ? Faites-vous livrer <span style=\"text-decoration: underline\"><a href=\"https:\/\/shop.justrussel.com\/fr\">vos extras<\/a><\/span> en m\u00eame temps que votre nourriture et b\u00e9n\u00e9ficiez d'une r\u00e9duction.","hero-button-repeater":null,"hero-1-image":42480,"hero-1-rounded":true,"hero-1-aspect-ratio":"aspect-4\/3","global-bolt-enable":false,"global-bolt-orientation":"left","global-bolt-color":"orange"},{"acf_fc_layout":"hero-1","_acfe_flexible_layout_title":null,"_acfe_flexible_toggle":null,"background-colors-dropdown":"light","hero-1-invert":true,"hero-1-caption":false,"hero-1-align":false,"hero-1-padding":false,"heading-intro-title-tag":"h2","heading-intro-title":"","heading-intro-left":false,"heading-intro-hide":true,"heading-intro-text":"","heading-intro-buttons":null,"hero-1-title-tag":"h3","hero-1-title":"<span class=\"font-walsheim\">4. Conseils gratuits de v\u00e9t\u00e9rinaires<\/span>","hero-1-text":"De la nourriture livr\u00e9e et c'est tout ? Non, chez nous, vous pouvez \u00e9galement poser toutes vos questions sur l'alimentation de votre animal \u00e0 <span style=\"text-decoration: underline\"><a href=\"https:\/\/justrussel.com\/fr-be\/veterinaire-en-ligne\/\">nos v\u00e9t\u00e9rinaires<\/a><\/span>. Le tout gratuitement.","hero-button-repeater":null,"hero-1-image":42615,"hero-1-rounded":true,"hero-1-aspect-ratio":"aspect-4\/3","global-bolt-enable":false,"global-bolt-orientation":"left","global-bolt-color":"orange"},{"acf_fc_layout":"hero-1","_acfe_flexible_layout_title":null,"_acfe_flexible_toggle":null,"background-colors-dropdown":"light","hero-1-invert":false,"hero-1-caption":false,"hero-1-align":false,"hero-1-padding":false,"heading-intro-title-tag":"h2","heading-intro-title":"","heading-intro-left":false,"heading-intro-hide":true,"heading-intro-text":"","heading-intro-buttons":[{"heading-intro-link":{"title":"D\u00e9couvrez vos avantages","url":"https:\/\/app.justrussel.com\/fr-be\/signup\/","target":""},"heading-intro-button-color":"button-orange","heading-intro-button-size":"button-md","heading-intro-button-arrow":false,"heading-intro-button-down":false}],"hero-1-title-tag":"h3","hero-1-title":"<span class=\"font-walsheim\">5. Gagnez 15 \u20ac de r\u00e9duction<\/span>","hero-1-text":"Partagez votre code personnel avec vos amis et votre famille et obtenez un cr\u00e9dit de 15 \u20ac lorsqu'ils commandent un pack d'essai avec votre code.","hero-button-repeater":null,"hero-1-image":2100,"hero-1-rounded":true,"hero-1-aspect-ratio":"aspect-4\/3","global-bolt-enable":false,"global-bolt-orientation":"left","global-bolt-color":"orange"},{"acf_fc_layout":"heading-image","_acfe_flexible_layout_title":null,"_acfe_flexible_toggle":null,"background-colors-dropdown":"skin","heading-intro-title-tag":"h2","heading-intro-title":"Comparez les prix des marques haut de gamme","heading-intro-left":false,"heading-intro-hide":false,"heading-intro-text":"","heading-intro-buttons":[{"heading-intro-link":{"title":"Recherchez le meilleur rapport qualit\u00e9-prix","url":"https:\/\/app.justrussel.com\/fr-be\/signup\/","target":""},"heading-intro-button-color":"button-orange","heading-intro-button-size":"button-md","heading-intro-button-arrow":false,"heading-intro-button-down":false}],"heading-image-linkto":"","heading-image-image":45083,"heading-image-image-mobile":45172,"heading-image-caption":false},{"acf_fc_layout":"faq-simple","_acfe_flexible_layout_title":null,"_acfe_flexible_toggle":null,"background-colors-dropdown":"light","faq-simple-inner-bg":"skin","heading-intro-title-tag":"h2","heading-intro-title":"Questions fr\u00e9quentes","heading-intro-left":false,"heading-intro-hide":false,"heading-intro-text":"","heading-intro-buttons":null,"faq-simple-faq-items":[{"faq-simple-question":"Comment faire diminuer le prix au kilo ?","faq-simple-answer":"Bonne question. En commandant des quantit\u00e9s plus importantes, vous pouvez obtenir une r\u00e9duction int\u00e9ressante sur votre prix au kilo. Regardez la vid\u00e9o suivante pour savoir comment obtenir vous aussi une r\u00e9duction.\r\n\r\n\ud83d\udcfd\ufe0f<strong><a href=\"https:\/\/www.youtube.com\/watch?v=ZcSS3aSu9GU\">Voir la vid\u00e9o<\/a><\/strong>"},{"faq-simple-question":"Des r\u00e9ductions chez Just Russel ?","faq-simple-answer":"Il existe plusieurs fa\u00e7ons de b\u00e9n\u00e9ficier de r\u00e9ductions. Nous en \u00e9num\u00e9rons quelques-unes pour vous :\r\n[jr_checklist]\r\n[jr_checklist_item] Invitez vos amis\/famille \u00e0 commander un sac d'essai gratuit et recevez <strong>15\u20ac de r\u00e9duction<\/strong> sur votre prochaine livraison.[\/jr_checklist_item]\r\n[jr_checklist_item] Ajoutez des sacs suppl\u00e9mentaires \u00e0 votre livraison et obtenez un <strong>prix plus avantageux par kg<\/strong>.[\/jr_checklist_item]\r\n[\/jr_checklist]"},{"faq-simple-question":"Combien co\u00fbte Just Russel ?","faq-simple-answer":"Le prix de notre nourriture est d\u00e9termin\u00e9 en fonction du profil de votre animal. Le prix varie \u00e0 partir de <strong>19,99 \u20ac par mois<\/strong> et peut \u00eatre calcul\u00e9 en compl\u00e9tant le profil de votre animal via <a href=\"https:\/\/app.justrussel.com\/fr-be\/signup\/\"><span style=\"text-decoration: underline\">ce lien<\/span>.<\/a> Pour plus d'informations sur nos prix, cliquez <strong><span style=\"text-decoration: underline\"><a href=\"https:\/\/app.justrussel.com\/fr-be\/signup\/\">juste ici<\/a><\/span><\/strong>."}],"global-bolt-enable":false,"global-bolt-orientation":"left","global-bolt-color":"orange"},{"acf_fc_layout":"hero-6","_acfe_flexible_layout_title":null,"_acfe_flexible_toggle":null,"background-colors-dropdown":"skin","hero-6-inner-bg":"light","hero-6-invert":true,"hero-6-padding":false,"heading-intro-title-tag":"h2","heading-intro-title":"","heading-intro-left":false,"heading-intro-hide":true,"heading-intro-text":"","heading-intro-buttons":null,"hero-6-title-tag":"h2","hero-6-title":"","hero-6-text":"<em>\"Nous n'obtenons ce service et cette qualit\u00e9 de nourriture nulle part ailleurs que chez Just Russel. Je peux consulter leurs v\u00e9t\u00e9rinaires gratuitement pour Alvaro au moindre doute, pr\u00e9occupation ou question. C'est vraiment important pour moi, d'autant plus que leurs prix sont inf\u00e9rieurs \u00e0 ceux des autres marques de nourriture haut de gamme. Un vrai soulagement.\"<\/em>\r\n<\/br>\r\n- Camille &amp; Alvaro.","hero-button-repeater":[{"hero-link":{"title":"Lire d'autres t\u00e9moignages","url":"https:\/\/justrussel.com\/fr-be\/avis\/","target":""},"hero-button-color":"button-dark-outline","hero-button-size":"button-sm","hero-button-arrow":false,"hero-button-down":false}],"hero-6-image":42883,"hero-6-rounded":true,"hero-6-aspect-ratio":"aspect-4\/3","global-bolt-enable":false,"global-bolt-orientation":"left","global-bolt-color":"orange"},{"acf_fc_layout":"cta-1","_acfe_flexible_layout_title":null,"_acfe_flexible_toggle":null,"cta-1-cta":2}],"settings-group":{"page-excerpt-content":""}},"_links":{"self":[{"href":"https:\/\/justrussel.com\/fr-be\/wp-json\/wp\/v2\/pages\/43185","targetHints":{"allow":["GET"]}}],"collection":[{"href":"https:\/\/justrussel.com\/fr-be\/wp-json\/wp\/v2\/pages"}],"about":[{"href":"https:\/\/justrussel.com\/fr-be\/wp-json\/wp\/v2\/types\/page"}],"author":[{"embeddable":true,"href":"https:\/\/justrussel.com\/fr-be\/wp-json\/wp\/v2\/users\/8"}],"replies":[{"embeddable":true,"href":"https:\/\/justrussel.com\/fr-be\/wp-json\/wp\/v2\/comments?post=43185"}],"version-history":[{"count":17,"href":"https:\/\/justrussel.com\/fr-be\/wp-json\/wp\/v2\/pages\/43185\/revisions"}],"predecessor-version":[{"id":48483,"href":"https:\/\/justrussel.com\/fr-be\/wp-json\/wp\/v2\/pages\/43185\/revisions\/48483"}],"wp:attachment":[{"href":"https:\/\/justrussel.com\/fr-be\/wp-json\/wp\/v2\/media?parent=43185"}],"curies":[{"name":"wp","href":"https:\/\/api.w.org\/{rel}","templated":true}]}}