{"id":43191,"date":"2023-02-21T09:15:06","date_gmt":"2023-02-21T09:15:06","guid":{"rendered":"https:\/\/new.justrussel.com\/?page_id=43191"},"modified":"2025-05-28T12:09:25","modified_gmt":"2025-05-28T10:09:25","slug":"transit-intestinal-sain","status":"publish","type":"page","link":"https:\/\/justrussel.com\/fr-be\/transit-intestinal-sain\/","title":{"rendered":"Un transit intestinal sain pour votre animal"},"content":{"rendered":"","protected":false},"excerpt":{"rendered":"","protected":false},"author":8,"featured_media":0,"parent":0,"menu_order":0,"comment_status":"closed","ping_status":"closed","template":"","meta":{"_acf_changed":false,"editor_notices":[],"footnotes":""},"class_list":["post-43191","page","type-page","status-publish","hentry"],"acf":{"blocks":[{"acf_fc_layout":"heading-bolt","_acfe_flexible_toggle":"","background-colors-dropdown":"light","heading-bolt-invert":false,"heading-bolt-title-tag":"h2","heading-bolt-title":"Une digestion optimale gr\u00e2ce \u00e0 une alimentation sur mesure","heading-bolt-text":"Votre chien rencontre des troubles digestifs comme des diarrh\u00e9es ou de la constipation ? Il est temps de prendre soin de sa <strong>flore intestinale<\/strong>. Offrez-lui une <strong>nutrition sp\u00e9cialement adapt\u00e9e<\/strong> \u00e0 son syst\u00e8me digestif, con\u00e7ue par des v\u00e9t\u00e9rinaires.\r\n[jr_checklist]\r\n[jr_checklist_item] Fini les d\u00e9sagr\u00e9ments digestifs et les gaz malodorants [\/jr_checklist_item]\r\n[jr_checklist_item] Une digestion facile et sans effort [\/jr_checklist_item]\r\n[jr_checklist_item] Une vitalit\u00e9 d\u00e9bordante au quotidien [\/jr_checklist_item]\r\n[\/jr_checklist]\r\n","hero-button-repeater":[{"hero-link":{"title":"Essayez maintenant \u2b95","url":"https:\/\/app.justrussel.com\/fr-be\/signup\/","target":""},"hero-button-color":"button-orange","hero-button-size":"button-lg","hero-button-arrow":false,"hero-button-down":false}],"heading-bolt-image":47684,"global-bolt-enable":false,"global-bolt-orientation":"left","global-bolt-color":"orange"},{"acf_fc_layout":"usp-1","_acfe_flexible_toggle":"","background-colors-dropdown":"yellow","usp-1-columns":"4","usp-1-walsheim":false,"usp-1-aspect-ratio":"aspect-4\/3","usp-1-padding":true,"heading-intro-title-tag":"h2","heading-intro-title":"","heading-intro-left":false,"heading-intro-hide":true,"heading-intro-text":"","heading-intro-buttons":null,"usp-1-grid-items":[{"usp-1-image":2141,"usp-1-title":"Facile \u00e0 dig\u00e9rer","usp-1-text":""},{"usp-1-image":2085,"usp-1-title":"Une teneur en fibres adapt\u00e9e","usp-1-text":""},{"usp-1-image":2083,"usp-1-title":"Des pr\u00e9biotiques pour un intestin sain","usp-1-text":""},{"usp-1-image":2236,"usp-1-title":"Hypoallerg\u00e9nique et sans c\u00e9r\u00e9ales","usp-1-text":""}],"usp-1-button":"","global-bolt-enable":false,"global-bolt-orientation":"left","global-bolt-color":"orange"},{"acf_fc_layout":"spacer","_acfe_flexible_toggle":"","spacer-contain":false,"spacer-mobile-space":20,"spacer-mobile-xl-space":20,"spacer-tablet-space":20,"spacer-tablet-xl-space":20,"spacer-desktop-space":45,"background-colors-dropdown":"yellow"},{"acf_fc_layout":"spacer","_acfe_flexible_toggle":"","spacer-contain":false,"spacer-mobile-space":220,"spacer-mobile-xl-space":220,"spacer-tablet-space":0,"spacer-tablet-xl-space":0,"spacer-desktop-space":0,"background-colors-dropdown":"light"},{"acf_fc_layout":"hero-7","_acfe_flexible_toggle":"","background-colors-dropdown":"light","hero-7-inner-bg":"skin","hero-7-invert":false,"hero-7-padding":true,"hero-7-title-tag":"h2","hero-7-title":"Votre animal a des probl\u00e8mes digestifs ?","hero-7-text":"De nombreuses marques traditionnelles de croquettes utilisent depuis longtemps des ingr\u00e9dients comme la farine de c\u00e9r\u00e9ales et de sous-produits animaux, souvent difficiles \u00e0 dig\u00e9rer pour nos compagnons \u00e0 quatre pattes. Elles peuvent aussi contenir des conservateurs chimiques et des colorants qui n\u2019aident pas toujours le confort digestif.\r\n<br>\r\n<strong>Nous avons choisi une autre approche<\/strong> : travailler avec des v\u00e9t\u00e9rinaires pour cr\u00e9er des croquettes sp\u00e9cialement formul\u00e9es pour favoriser une digestion saine, gr\u00e2ce \u00e0 des ingr\u00e9dients naturels, de qualit\u00e9 et faciles \u00e0 assimiler.\r\n","hero-button-repeater":null,"hero-7-image":2233,"hero-7-rounded":true,"hero-7-overflow-top":true,"global-bolt-enable":false,"global-bolt-orientation":"left","global-bolt-color":"orange"},{"acf_fc_layout":"spacer","_acfe_flexible_toggle":"","spacer-contain":false,"spacer-mobile-space":120,"spacer-mobile-xl-space":100,"spacer-tablet-space":0,"spacer-tablet-xl-space":0,"spacer-desktop-space":0,"background-colors-dropdown":"light"},{"acf_fc_layout":"hero-1","_acfe_flexible_toggle":"","background-colors-dropdown":"skin","hero-1-invert":false,"hero-1-caption":false,"hero-1-align":false,"hero-1-padding":false,"heading-intro-title-tag":"h2","heading-intro-title":"93% des propri\u00e9taires constatent que leur chien a retrouv\u00e9 des selles saines","heading-intro-left":false,"heading-intro-hide":false,"heading-intro-text":"Gr\u00e2ce \u00e0 nos ingr\u00e9dients naturels, faciles \u00e0 dig\u00e9rer et \u00e0 notre approche personnalis\u00e9e, des dizaines de milliers de chiens profitent \u00e0 nouveau d'une vie sans crampes d'estomac, prostration, diarrh\u00e9e et constipation.","heading-intro-buttons":null,"hero-1-title-tag":"h3","hero-1-title":"<span class=\"font-walsheim\">De belles selles<\/span>","hero-1-text":"Une <strong>belle couleur, pas trop molle, pas trop dure<\/strong>, une \u00e0 deux fois par jour. \r\n","hero-button-repeater":null,"hero-1-image":2192,"hero-1-rounded":true,"hero-1-aspect-ratio":"aspect-video","global-bolt-enable":false,"global-bolt-orientation":"left","global-bolt-color":"orange"},{"acf_fc_layout":"hero-1","_acfe_flexible_toggle":"","background-colors-dropdown":"skin","hero-1-invert":true,"hero-1-caption":false,"hero-1-align":false,"hero-1-padding":false,"heading-intro-title-tag":"h2","heading-intro-title":"","heading-intro-left":false,"heading-intro-hide":true,"heading-intro-text":"","heading-intro-buttons":null,"hero-1-title-tag":"h3","hero-1-title":"<span class=\"font-walsheim\">Adieu les mauvaises odeurs<\/span>","hero-1-text":"Les propri\u00e9taires de chiens affirment ne plus avoir \u00e0 retenir leur souffle d\u00e8s que leur chien \u00e9met un <strong>pet<\/strong>.","hero-button-repeater":null,"hero-1-image":2241,"hero-1-rounded":true,"hero-1-aspect-ratio":"aspect-video","global-bolt-enable":false,"global-bolt-orientation":"left","global-bolt-color":"orange"},{"acf_fc_layout":"hero-1","_acfe_flexible_toggle":"","background-colors-dropdown":"skin","hero-1-invert":false,"hero-1-caption":false,"hero-1-align":false,"hero-1-padding":false,"heading-intro-title-tag":"h2","heading-intro-title":"","heading-intro-left":false,"heading-intro-hide":true,"heading-intro-text":"","heading-intro-buttons":[{"heading-intro-link":{"title":"Je veux \u00e7a aussi","url":"https:\/\/app.justrussel.com\/be-fr\/registreren","target":""},"heading-intro-button-color":"button-orange","heading-intro-button-size":"button-lg","heading-intro-button-arrow":true,"heading-intro-button-down":false}],"hero-1-title-tag":"h3","hero-1-title":"<span class=\"font-walsheim\">De l'\u00e9nergie pour deux<\/span>","hero-1-text":"Dig\u00e9rer demande de l'\u00e9nergie. Une digestion difficile en demande le double. Apr\u00e8s le passage \u00e0 la nourriture Just Russel, les propri\u00e9taires voient leur chien \u00e0 nouveau <strong>gambader sans rel\u00e2che<\/strong> au lieu de perdre des forces \u00e0 cause d'une mauvaise digestion.","hero-button-repeater":null,"hero-1-image":2228,"hero-1-rounded":true,"hero-1-aspect-ratio":"aspect-video","global-bolt-enable":false,"global-bolt-orientation":"left","global-bolt-color":"orange"},{"acf_fc_layout":"slider-1","_acfe_flexible_toggle":"","background-colors-dropdown":"light","slider-1-autoslide":true,"heading-intro-title-tag":"h2","heading-intro-title":"Un avant-go\u00fbt des ingr\u00e9dients","heading-intro-left":false,"heading-intro-hide":false,"heading-intro-text":"Nos experts en nutrition s\u00e9lectionnent avec soin les ingr\u00e9dients des croquettes de votre chien. D\u00e9couvrez juste ici les diff\u00e9rents ingr\u00e9dients que nous utilisons chez Just Russel :\r\n","heading-intro-buttons":[{"heading-intro-link":{"title":"D\u00e9couvrez les ingr\u00e9dients adapt\u00e9s \u00e0 votre chien","url":"https:\/\/app.justrussel.com\/be-fr\/registreren","target":""},"heading-intro-button-color":"button-orange","heading-intro-button-size":"button-lg","heading-intro-button-arrow":false,"heading-intro-button-down":false}],"slider-1-sliders":[{"slider-1-slider":[{"slider-1-slide-image":1659,"slider-1-slide-title":"Poulet","slider-1-slide-text":"Source importante de prot\u00e9ines avec du calcium et du phosphore pour des os et des dents en bonne sant\u00e9."},{"slider-1-slide-image":2516,"slider-1-slide-title":"Patate douce","slider-1-slide-text":"Riche en vitamine A et en potassium pour une peau et des muscles en bonne sant\u00e9."},{"slider-1-slide-image":1666,"slider-1-slide-title":"Saumon","slider-1-slide-text":"Riche en acides gras om\u00e9ga-3 pour une peau plus saine et un poil brillant."},{"slider-1-slide-image":2517,"slider-1-slide-title":"Canard","slider-1-slide-text":"Bonne source de prot\u00e9ines et de vitamines B pour l'\u00e9nergie et la construction musculaire."},{"slider-1-slide-image":2109,"slider-1-slide-title":"Dinde","slider-1-slide-text":"Nutritionnellement riche en prot\u00e9ines, vitamine B et min\u00e9raux pour une croissance saine."},{"slider-1-slide-image":35522,"slider-1-slide-title":"Riz blanc","slider-1-slide-text":"Pour des fibres saines et naturelles."},{"slider-1-slide-image":1660,"slider-1-slide-title":"Agneau","slider-1-slide-text":"Plus l\u00e9ger pour l'estomac de votre chien, il favorise la digestion."}]},{"slider-1-slider":[{"slider-1-slide-image":1657,"slider-1-slide-title":"Petits pois","slider-1-slide-text":"Source de vitamines, riche en min\u00e9raux, en prot\u00e9ines et en fibres."},{"slider-1-slide-image":1651,"slider-1-slide-title":"Myrtilles","slider-1-slide-text":"Super-aliment pour une peau plus jeune et une protection contre les dommages cellulaires."},{"slider-1-slide-image":1647,"slider-1-slide-title":"Pomme de terre","slider-1-slide-text":"Riche en glucides et en vitamine C pour l'\u00e9nergie et une immunit\u00e9 renforc\u00e9e."},{"slider-1-slide-image":2518,"slider-1-slide-title":"Riz complet","slider-1-slide-text":"Des glucides complets pour l'\u00e9nergie et de la vitamine B pour un m\u00e9tabolisme sain."},{"slider-1-slide-image":1662,"slider-1-slide-title":"\u00c9pinards","slider-1-slide-text":"Riche en vitamine K, en acide folique et en fer pour la formation et la croissance du sang."},{"slider-1-slide-image":1663,"slider-1-slide-title":"Cranberries","slider-1-slide-text":"Super-aliment avec antioxydants pour un syst\u00e8me immunitaire sain."},{"slider-1-slide-image":2519,"slider-1-slide-title":"Krill de l'Antarctique","slider-1-slide-text":"Riche en acides gras om\u00e9ga-3 pour le d\u00e9veloppement du cerveau et la sant\u00e9 cardiaque."},{"slider-1-slide-image":1664,"slider-1-slide-title":"Huile de poisson","slider-1-slide-text":"Riche en acides gras om\u00e9ga-3 pour un fonctionnement sain du c\u0153ur et du cerveau. "},{"slider-1-slide-image":2520,"slider-1-slide-title":"Graines de lin","slider-1-slide-text":"Pour une bonne digestion et un poil brillant."},{"slider-1-slide-image":1650,"slider-1-slide-title":"Pulpe de betterave","slider-1-slide-text":"Pour une bonne consistance des selles de votre chien."},{"slider-1-slide-image":1656,"slider-1-slide-title":"Sans additif artificiel","slider-1-slide-text":"Aucun r\u00e9gime alimentaire ne devrait en contenir. "},{"slider-1-slide-image":1652,"slider-1-slide-title":"Brocoli","slider-1-slide-text":"Pour des os solides et une densit\u00e9 osseuse plus \u00e9lev\u00e9e."}]}],"global-bolt-enable":false,"global-bolt-orientation":"left","global-bolt-color":"orange"},{"acf_fc_layout":"grid-1","_acfe_flexible_toggle":"","background-colors-dropdown":"skin","grid-1-numbered":true,"grid-1-aspect-ratio":"aspect-4\/3","heading-intro-title-tag":"h2","heading-intro-title":"En deux temps trois mouvements, des selles saines pour votre chien","heading-intro-left":false,"heading-intro-hide":false,"heading-intro-text":"","heading-intro-buttons":[{"heading-intro-link":{"title":"En savoir plus sur le concept","url":"https:\/\/justrussel.com\/fr-be\/notre-concept\/","target":""},"heading-intro-button-color":"button-orange","heading-intro-button-size":"button-lg","heading-intro-button-arrow":false,"heading-intro-button-down":false}],"grid-1-grid":[{"grid-1-image":2205,"grid-1-title":"Dites-nous ce que nous devons savoir sur votre chien","grid-1-text":"Diarrh\u00e9e, constipation ou pets malodorants ? "},{"grid-1-image":47111,"grid-1-title":"Les v\u00e9t\u00e9rinaires cr\u00e9ent une recette unique pour votre chien","grid-1-text":"Avec des ingr\u00e9dients locaux et faciles \u00e0 dig\u00e9rer."},{"grid-1-image":2678,"grid-1-title":"Nous livrons vos croquettes personnalis\u00e9es \u00e0 domicile","grid-1-text":"Vous \u00e9conomisez du temps et de l'argent."}],"global-bolt-enable":false,"global-bolt-orientation":"left","global-bolt-color":"orange"},{"acf_fc_layout":"hero-8","_acfe_flexible_toggle":"","background-colors-dropdown":"light","hero-8-inner-bg":"blue","hero-8-invert":false,"hero-8-padding":false,"heading-intro-title-tag":"h2","heading-intro-title":"","heading-intro-left":false,"heading-intro-hide":true,"heading-intro-text":"","heading-intro-buttons":null,"hero-8-title-tag":"h2","hero-8-title":"Qu'est-ce qui gargouille ?","hero-8-text":"Obtenez l'aide de nos experts en nutrition <strong>par t\u00e9l\u00e9phone, par e-mail ou sur WhatsApp<\/strong>. Ils vous donneront des conseils pour \u00e9quilibrer la flore intestinale de votre chien et adapteront pr\u00e9cis\u00e9ment son alimentation \u00e0 sa digestion.","hero-button-repeater":[{"hero-link":{"title":"En savoir plus sur notre service gratuit","url":"https:\/\/justrussel.com\/fr-be\/veterinaire-en-ligne\/","target":""},"hero-button-color":"button-dark-outline","hero-button-size":"button-sm","hero-button-arrow":false,"hero-button-down":false}],"hero-8-image":2043,"global-bolt-enable":false,"global-bolt-orientation":"left","global-bolt-color":"orange"},{"acf_fc_layout":"reviews","_acfe_flexible_toggle":"","background-colors-dropdown":"light","reviews-filter":false,"reviews-slider":false,"reviews-autoslide":false,"heading-intro-title-tag":"h2","heading-intro-title":"","heading-intro-left":false,"heading-intro-hide":true,"heading-intro-text":"","heading-intro-buttons":[{"heading-intro-link":{"title":"Lire d'autres avis","url":"https:\/\/justrussel.com\/fr-be\/avis\/","target":""},"heading-intro-button-color":"button-dark-outline","heading-intro-button-size":"button-lg","heading-intro-button-arrow":true,"heading-intro-button-down":false}],"reviews-method":"manual","reviews-quantity":3,"reviews-source":"google","reviews-reviews":"33, 25, 24","global-bolt-enable":false,"global-bolt-orientation":"left","global-bolt-color":"orange"},{"acf_fc_layout":"faq-simple","_acfe_flexible_toggle":"","background-colors-dropdown":"skin","faq-simple-inner-bg":"light","heading-intro-title-tag":"h2","heading-intro-title":"","heading-intro-left":false,"heading-intro-hide":false,"heading-intro-text":"","heading-intro-buttons":null,"faq-simple-faq-items":[{"faq-simple-question":"Quelle est la meilleure nourriture pour avoir des selles saines ?","faq-simple-answer":"Les croquettes pour chiens pour des selles saines sont <strong>sans bl\u00e9, sans ma\u00efs et sans autres allerg\u00e8nes comme le lactose, le soja et le gluten.<\/strong> Aussi, elles tiennent compte des allergies alimentaires de votre chien, comme une intol\u00e9rance au poulet ou au b\u0153uf.\r\n<br>Saviez-vous que vous pouvez d\u00e9sormais faire formuler des croquettes avec <strong>seulement les ingr\u00e9dients que le syst\u00e8me digestif de votre chien tol\u00e8re ?<\/strong> Ainsi, les croquettes personnalis\u00e9es pour chiens sont la solution id\u00e9ale si votre chien a un estomac et des intestins sensibles.\r\n<\/br>\r\nChez Just Russel, par exemple, nous utilisons <strong>des fruits et des l\u00e9gumes faciles \u00e0 dig\u00e9rer<\/strong>, comme les myrtilles et les \u00e9pinards, ainsi que de la <strong>viande s\u00e9ch\u00e9e<\/strong> comme base de nos croquettes pour chiens. En fonction des besoins de votre chien, nous adaptons les ingr\u00e9dients et leurs proportions.\r\n<\/br>\r\nVous \u00eates curieux de savoir \u00e0 quoi ressemble la recette unique pour votre chien ? R\u00e9pondez alors \u00e0 <span style=\"text-decoration: underline\"><a href=\"https:\/\/app.justrussel.com\/be-fr\/registreren\">quelques questions<\/a><\/span> sur votre animal et d\u00e9couvrez-la."},{"faq-simple-question":"Que puis-je faire contre la constipation de mon chien ?","faq-simple-answer":"Si votre chien est constip\u00e9, intervenez imm\u00e9diatement. Voici 5 conseils pratiques :\r\n<\/br>\r\n1. Versez un peu d'<strong>eau ti\u00e8de<\/strong> dans les croquettes de votre chien pour qu'il puisse s'hydrater davantage. En effet, la d\u00e9shydratation est une cause majeure de constipation chez le chien.\r\n<\/br>\r\n2. Faites faire <strong>de l'exercice<\/strong> \u00e0 votre chien. Cela permet de d\u00e9clencher son m\u00e9tabolisme et donc sa digestion. Il a \u00e9t\u00e9 prouv\u00e9 que peu d'exercice entra\u00eene des probl\u00e8mes pour d\u00e9f\u00e9quer.\r\n<\/br>\r\n3. Demandez \u00e0 votre v\u00e9t\u00e9rinaire d'examiner votre chien pour d\u00e9tecter d'\u00e9ventuels <strong>probl\u00e8mes de sant\u00e9<\/strong> comme de l'arthrose ou une infection intestinale. Cela pourrait provoquer chez votre chien des douleurs lors de la d\u00e9f\u00e9cation et l'emp\u00eacher de pousser compl\u00e8tement.\r\n<\/br>\r\n4. Donnez \u00e0 votre chien <strong>une nourriture adapt\u00e9e \u00e0 son syst\u00e8me digestif<\/strong>, qui contient la bonne quantit\u00e9 de fibres, de prot\u00e9ines et de graisses afin qu'il puisse d\u00e9f\u00e9quer facilement. Vous pouvez l'essayer <a href=\"https:\/\/app.justrussel.com\/be-fr\/registreren\">ici<\/a>."},{"faq-simple-question":"Pourquoi avoir une flore intestinale saine est important pour mon chien ?","faq-simple-answer":"Une flore intestinale saine signifie un chien en bonne sant\u00e9. En effet, c'est par son intestin que votre chien re\u00e7oit tous les nutriments n\u00e9cessaires pour  <strong>un c\u0153ur solide, un beau pelage, un bon fonctionnement c\u00e9r\u00e9bral et des articulations souples.<\/strong>\r\n<\/br>\r\nAinsi, si la flore intestinale de votre chien n'est pas \u00e9quilibr\u00e9e, son organisme n'absorbera pas correctement les nutriments et il souffrira de malnutrition.\r\n<\/br>\r\nAlors gardez l'esprit tranquille en lui donnant de la nourriture personnalis\u00e9e pour chiens. Qui contient exactement les <strong>ingr\u00e9dients dont votre chien a besoin pour une flore intestinale saine<\/strong>, \u00e0 tout \u00e2ge.\r\n<\/br>\r\nR\u00e9pondez <span style=\"text-decoration: underline\"><a href=\"https:\/\/app.justrussel.com\/be-fr\/registreren\">ici<\/a><\/span> \u00e0 10 questions sur votre animal et d\u00e9couvrez la recette qui \u00e9quilibrera sa flore intestinale."},{"faq-simple-question":"Pourquoi mon chien a-t-il la diarrh\u00e9e ?","faq-simple-answer":"Les<strong>4 principales causes<\/strong> de la diarrh\u00e9e chez le chien :\r\n<\/br>\r\n1. Votre chien a un parasite ou un virus, comme le parvovirus ou le rotavirus.\r\n<\/br>\r\n2. Votre chien est allergique \u00e0 sa nourriture.\r\n<\/br>\r\n3. Votre chien a mang\u00e9 quelque chose de mauvais, comme de la nourriture avari\u00e9e.\r\n<\/br>\r\n4. Vous \u00eates pass\u00e9 directement \u00e0 de nouvelles croquettes sans p\u00e9riode de transition."},{"faq-simple-question":"Qu'est-ce qu'un \"transit intestinal sain\" chez un chien ?","faq-simple-answer":"Les selles de votre chien sont <strong>marron fonc\u00e9, fermes mais pas dures, et compactes<\/strong>. Votre chien <strong>fait ses besoins une \u00e0 deux fois par jour<\/strong>. Tout cela est signe d'un transit intestinal sain. \r\n<\/br>\r\nUne plus petite fr\u00e9quence peut indiquer une constipation et une quantit\u00e9 plus importante peut indiquer une mauvaise qualit\u00e9 de la nourriture, entra\u00eenant une augmentation des selles chez votre chien."}],"global-bolt-enable":false,"global-bolt-orientation":"left","global-bolt-color":"orange"},{"acf_fc_layout":"cta-1","_acfe_flexible_toggle":"","cta-1-cta":3}],"settings-group":{"page-excerpt-content":""}},"_links":{"self":[{"href":"https:\/\/justrussel.com\/fr-be\/wp-json\/wp\/v2\/pages\/43191","targetHints":{"allow":["GET"]}}],"collection":[{"href":"https:\/\/justrussel.com\/fr-be\/wp-json\/wp\/v2\/pages"}],"about":[{"href":"https:\/\/justrussel.com\/fr-be\/wp-json\/wp\/v2\/types\/page"}],"author":[{"embeddable":true,"href":"https:\/\/justrussel.com\/fr-be\/wp-json\/wp\/v2\/users\/8"}],"replies":[{"embeddable":true,"href":"https:\/\/justrussel.com\/fr-be\/wp-json\/wp\/v2\/comments?post=43191"}],"version-history":[{"count":14,"href":"https:\/\/justrussel.com\/fr-be\/wp-json\/wp\/v2\/pages\/43191\/revisions"}],"predecessor-version":[{"id":47686,"href":"https:\/\/justrussel.com\/fr-be\/wp-json\/wp\/v2\/pages\/43191\/revisions\/47686"}],"wp:attachment":[{"href":"https:\/\/justrussel.com\/fr-be\/wp-json\/wp\/v2\/media?parent=43191"}],"curies":[{"name":"wp","href":"https:\/\/api.w.org\/{rel}","templated":true}]}}