{"id":43260,"date":"2023-02-21T13:15:46","date_gmt":"2023-02-21T13:15:46","guid":{"rendered":"https:\/\/new.justrussel.com\/?page_id=43260"},"modified":"2026-03-25T17:51:20","modified_gmt":"2026-03-25T16:51:20","slug":"avis","status":"publish","type":"page","link":"https:\/\/justrussel.com\/fr-be\/avis\/","title":{"rendered":"reviews_v1_organic_none_none_no-coupon"},"content":{"rendered":"","protected":false},"excerpt":{"rendered":"","protected":false},"author":8,"featured_media":0,"parent":0,"menu_order":0,"comment_status":"closed","ping_status":"closed","template":"","meta":{"_acf_changed":false,"editor_notices":[],"footnotes":""},"class_list":["post-43260","page","type-page","status-publish","hentry"],"acf":{"blocks":[{"acf_fc_layout":"heading-bolt","_acfe_flexible_layout_title":null,"_acfe_flexible_toggle":null,"background-colors-dropdown":"skin","heading-bolt-invert":false,"heading-bolt-title-tag":"h2","heading-bolt-title":"Les exp\u00e9riences <\/br> de nos clients ","heading-bolt-text":"<strong>4,4 sur 5 \u00e9toiles<\/strong>. 5498 avis. \r\n\r\nD\u00e9couvrez par vous-m\u00eame comment des propri\u00e9taires de chiens et de chats comme vous ont trouv\u00e9 des solutions pour le pelage, les selles, la digestion et les allergies de leur animal avec Just Russel.","hero-button-repeater":[{"hero-link":{"title":"Testez par vous-m\u00eame !","url":"https:\/\/app.justrussel.com\/fr-be\/signup\/","target":""},"hero-button-color":"button-orange","hero-button-size":"button-sm","hero-button-arrow":false,"hero-button-down":false},{"hero-link":{"title":"\u00c9crire un avis","url":"https:\/\/fr.trustpilot.com\/evaluate\/justrussel.com","target":""},"hero-button-color":"button-orange","hero-button-size":"button-sm","hero-button-arrow":false,"hero-button-down":false}],"heading-bolt-image":47359,"global-bolt-enable":false,"global-bolt-orientation":"left","global-bolt-color":"orange"},{"acf_fc_layout":"cta-1","_acfe_flexible_layout_title":null,"_acfe_flexible_toggle":null,"cta-1-cta":1},{"acf_fc_layout":"reviews","_acfe_flexible_layout_title":null,"_acfe_flexible_toggle":null,"background-colors-dropdown":"light","reviews-filter":false,"reviews-slider":false,"reviews-autoslide":false,"heading-intro-title-tag":"h2","heading-intro-title":"Nous avons demand\u00e9 \u00e0 nos clients : \"Quelle est votre exp\u00e9rience avec Just Russel ?\"","heading-intro-left":false,"heading-intro-hide":false,"heading-intro-text":"Filtres : Probl\u00e8mes de poil, Selles, Digestion, Mangeurs difficiles, Probl\u00e8mes de peau, Service, Livraison, Plan d'alimentation","heading-intro-buttons":null,"reviews-method":"automatic","reviews-quantity":15,"reviews-source":"google","reviews-reviews":"","global-bolt-enable":false,"global-bolt-orientation":"left","global-bolt-color":"orange"},{"acf_fc_layout":"hero-1","_acfe_flexible_layout_title":null,"_acfe_flexible_toggle":null,"background-colors-dropdown":"skin","hero-1-invert":false,"hero-1-caption":false,"hero-1-align":false,"hero-1-padding":false,"heading-intro-title-tag":"h2","heading-intro-title":"","heading-intro-left":false,"heading-intro-hide":true,"heading-intro-text":"","heading-intro-buttons":null,"hero-1-title-tag":"h2","hero-1-title":"Eline &amp; Beau","hero-1-text":"<em>\"Je suis tellement heureuse avec Just Russel ! J'ai enfin trouv\u00e9 la nourriture parfaite pour mon chien. La formule personnalis\u00e9e de Just Russel est adapt\u00e9e aux besoins uniques de mon chien et la livraison \u00e0 domicile est si facile. En plus, le service client a \u00e9t\u00e9 formidable. Je recommande Just Russel \u00e0 tous ceux qui cherchent la meilleure alimentation pour leur animal.\"<\/em>\r\n<\/br>\r\n<strong>- Eline M., propri\u00e9taire de Beau<\/strong>","hero-button-repeater":null,"hero-1-image":2024,"hero-1-rounded":true,"hero-1-aspect-ratio":"aspect-4\/3","global-bolt-enable":false,"global-bolt-orientation":"left","global-bolt-color":"orange"},{"acf_fc_layout":"hero-8","_acfe_flexible_layout_title":null,"_acfe_flexible_toggle":null,"background-colors-dropdown":"light","hero-8-inner-bg":"blue","hero-8-invert":false,"hero-8-padding":false,"heading-intro-title-tag":"h2","heading-intro-title":"","heading-intro-left":false,"heading-intro-hide":false,"heading-intro-text":"","heading-intro-buttons":null,"hero-8-title-tag":"h2","hero-8-title":"Pas satisfait ?","hero-8-text":"Vous n\u2019\u00eates toujours pas satisfait(e) \u00e0 100 % de la nourriture ? Alors vous pouvez changer la saveur et la composition de votre nourriture. Contactez nos v\u00e9t\u00e9rinaires et ils examineront avec vous les besoins particuliers de votre animal. En quelques jours, vous recevrez vos nouvelles croquettes personnalis\u00e9es.","hero-button-repeater":[{"hero-link":{"title":"Nous contacter","url":"https:\/\/support.justrussel.com\/hc\/fr-be\/","target":""},"hero-button-color":"button-light","hero-button-size":"button-sm","hero-button-arrow":false,"hero-button-down":false}],"hero-8-image":2274,"global-bolt-enable":false,"global-bolt-orientation":"left","global-bolt-color":"orange"},{"acf_fc_layout":"wysiwyg","_acfe_flexible_layout_title":null,"_acfe_flexible_toggle":null,"wysiwyg-wysiwyg":"<p style=\"text-align: center\"><span style=\"font-size: 10pt\"><i><span style=\"font-weight: 400\">Chez Just Russel, nous valorisons la transparence et l\u2019honn\u00eatet\u00e9 dans les retours que nous recevons. Pour mieux comprendre les directives qui encadrent les avis, nous vous invitons \u00e0 consulter les liens suivants :<\/span><\/i><\/span><\/p>\r\n<p style=\"text-align: center\"><span style=\"font-size: 10pt\"><a href=\"https:\/\/legal.trustpilot.com\/for-everyone\/code-of-ethics\"><i><span style=\"font-weight: 400\">Lignes directrices Trustpilot<\/span><\/i><\/a><\/span><\/p>\r\n<p style=\"text-align: center\"><span style=\"font-size: 10pt\"><a href=\"https:\/\/support.google.com\/contributionpolicy\/answer\/7400114\"><i><span style=\"font-weight: 400\">R\u00e8gles relatives aux avis Google<\/span><\/i><\/a><\/span><\/p>\r\n&nbsp;","wysiwyg-wysiwyg-width":false,"wysiwyg-wysiwyg-title":false,"wysiwyg-wysiwyg-prose":true,"wysiwyg-padding":true,"wysiwyg-end-blog":false,"background-colors-dropdown":"light"},{"acf_fc_layout":"cta-1","_acfe_flexible_layout_title":null,"_acfe_flexible_toggle":null,"cta-1-cta":2}],"settings-group":{"page-excerpt-content":""}},"_links":{"self":[{"href":"https:\/\/justrussel.com\/fr-be\/wp-json\/wp\/v2\/pages\/43260","targetHints":{"allow":["GET"]}}],"collection":[{"href":"https:\/\/justrussel.com\/fr-be\/wp-json\/wp\/v2\/pages"}],"about":[{"href":"https:\/\/justrussel.com\/fr-be\/wp-json\/wp\/v2\/types\/page"}],"author":[{"embeddable":true,"href":"https:\/\/justrussel.com\/fr-be\/wp-json\/wp\/v2\/users\/8"}],"replies":[{"embeddable":true,"href":"https:\/\/justrussel.com\/fr-be\/wp-json\/wp\/v2\/comments?post=43260"}],"version-history":[{"count":16,"href":"https:\/\/justrussel.com\/fr-be\/wp-json\/wp\/v2\/pages\/43260\/revisions"}],"predecessor-version":[{"id":48441,"href":"https:\/\/justrussel.com\/fr-be\/wp-json\/wp\/v2\/pages\/43260\/revisions\/48441"}],"wp:attachment":[{"href":"https:\/\/justrussel.com\/fr-be\/wp-json\/wp\/v2\/media?parent=43260"}],"curies":[{"name":"wp","href":"https:\/\/api.w.org\/{rel}","templated":true}]}}