{"id":43266,"date":"2023-02-21T13:22:15","date_gmt":"2023-02-21T13:22:15","guid":{"rendered":"https:\/\/new.justrussel.com\/?page_id=43266"},"modified":"2026-03-26T10:29:21","modified_gmt":"2026-03-26T09:29:21","slug":"veterinaire-en-ligne","status":"publish","type":"page","link":"https:\/\/justrussel.com\/fr-be\/veterinaire-en-ligne\/","title":{"rendered":"online-vet_v1_organic_none_none_no-coupon"},"content":{"rendered":"","protected":false},"excerpt":{"rendered":"","protected":false},"author":8,"featured_media":0,"parent":0,"menu_order":0,"comment_status":"closed","ping_status":"closed","template":"","meta":{"_acf_changed":false,"editor_notices":[],"footnotes":""},"class_list":["post-43266","page","type-page","status-publish","hentry"],"acf":{"blocks":[{"acf_fc_layout":"heading-bolt","_acfe_flexible_layout_title":null,"_acfe_flexible_toggle":null,"background-colors-dropdown":"light","heading-bolt-invert":false,"heading-bolt-title-tag":"h1","heading-bolt-title":"Soins supervis\u00e9s pour votre animal de compagnie avec un v\u00e9t\u00e9rinaire en ligne","heading-bolt-text":"Prendre soin de son chien ou de son chat, c'est formidable, mais cela entra\u00eene parfois des incertitudes et des doutes. C'est pourquoi tous les membres de la famille Just Russel peuvent contacter nos v\u00e9t\u00e9rinaires pour obtenir des conseils nutritionnels gratuits en ligne ou par t\u00e9l\u00e9phone.","hero-button-repeater":[{"hero-link":{"title":"Posez votre question","url":"mailto:bonjour@justrussel.com","target":""},"hero-button-color":"button-orange","hero-button-size":"button-lg","hero-button-arrow":true,"hero-button-down":false}],"heading-bolt-image":45476,"global-bolt-enable":false,"global-bolt-orientation":"left","global-bolt-color":"orange"},{"acf_fc_layout":"usp-1","_acfe_flexible_layout_title":null,"_acfe_flexible_toggle":null,"background-colors-dropdown":"yellow","usp-1-columns":"4","usp-1-walsheim":false,"usp-1-aspect-ratio":"aspect-4\/3","usp-1-padding":true,"heading-intro-title-tag":"h2","heading-intro-title":"","heading-intro-left":false,"heading-intro-hide":true,"heading-intro-text":"","heading-intro-buttons":null,"usp-1-grid-items":[{"usp-1-image":2085,"usp-1-title":"Conseils nutritionnels illimit\u00e9s","usp-1-text":"Allergie, surpoids ou mangeur difficile ? Vous pouvez nous demander n'importe quoi !"},{"usp-1-image":2007,"usp-1-title":"Parlez en ligne \u00e0 un sp\u00e9cialiste des animaux","usp-1-text":"Par t\u00e9l\u00e9phone, par e-mail, sur WhatsApp ou Facebook messenger. "},{"usp-1-image":2061,"usp-1-title":"Du lundi au vendredi","usp-1-text":"Entre 8h et 18h :)"},{"usp-1-image":2235,"usp-1-title":"93% constatent une am\u00e9lioration","usp-1-text":"Du pelage, des selles, des articulations, du poids... "}],"usp-1-button":"","global-bolt-enable":false,"global-bolt-orientation":"left","global-bolt-color":"orange"},{"acf_fc_layout":"spacer","_acfe_flexible_layout_title":null,"_acfe_flexible_toggle":null,"spacer-contain":false,"spacer-mobile-space":48,"spacer-mobile-xl-space":48,"spacer-tablet-space":48,"spacer-tablet-xl-space":48,"spacer-desktop-space":50,"background-colors-dropdown":"yellow"},{"acf_fc_layout":"hero-1","_acfe_flexible_layout_title":null,"_acfe_flexible_toggle":null,"background-colors-dropdown":"skin","hero-1-invert":true,"hero-1-caption":false,"hero-1-align":false,"hero-1-padding":false,"heading-intro-title-tag":"h2","heading-intro-title":"Obtenez de l'aide d\u00e8s que vous en avez besoin","heading-intro-left":false,"heading-intro-hide":false,"heading-intro-text":"Des conseils pratiques, au bon moment. C'est ce que nos v\u00e9t\u00e9rinaires et nos experts en alimentation ont \u00e0 offrir aux propri\u00e9taires attentifs comme vous. 100% gratuit et en ligne. ","heading-intro-buttons":null,"hero-1-title-tag":"h3","hero-1-title":"<span class=\"font-walsheim\">Allergie alimentaire<\/span>","hero-1-text":"D\u00e9mangeaisons, diarrh\u00e9e, perte de poils ? Discutez des sympt\u00f4mes d'une allergie alimentaire avec nos experts. Ils cr\u00e9eront <strong>une recette hypoallerg\u00e9nique<\/strong> pour votre chien ou votre chat afin qu'il retrouve sa pleine forme en un rien de temps !","hero-button-repeater":null,"hero-1-image":1848,"hero-1-rounded":true,"hero-1-aspect-ratio":"aspect-4\/3","global-bolt-enable":false,"global-bolt-orientation":"left","global-bolt-color":"orange"},{"acf_fc_layout":"hero-1","_acfe_flexible_layout_title":null,"_acfe_flexible_toggle":null,"background-colors-dropdown":"skin","hero-1-invert":false,"hero-1-caption":false,"hero-1-align":false,"hero-1-padding":false,"heading-intro-title-tag":"h2","heading-intro-title":"","heading-intro-left":false,"heading-intro-hide":true,"heading-intro-text":"","heading-intro-buttons":null,"hero-1-title-tag":"h3","hero-1-title":"<span class=\"font-walsheim\">Surpoids<\/span>","hero-1-text":"Votre chien ou votre chat est grassouillet ? Mignon, mais pas du tout sain pour lui. Laissez donc nos v\u00e9t\u00e9rinaires vous guider avec un plan d'amaigrissement pour qu'il retrouve un poids id\u00e9al. (Nous vous promettons que votre chien ou chat ne souffrira pas de la faim).","hero-button-repeater":null,"hero-1-image":1795,"hero-1-rounded":true,"hero-1-aspect-ratio":"aspect-4\/3","global-bolt-enable":false,"global-bolt-orientation":"left","global-bolt-color":"orange"},{"acf_fc_layout":"hero-1","_acfe_flexible_layout_title":null,"_acfe_flexible_toggle":null,"background-colors-dropdown":"skin","hero-1-invert":true,"hero-1-caption":false,"hero-1-align":false,"hero-1-padding":false,"heading-intro-title-tag":"h2","heading-intro-title":"","heading-intro-left":false,"heading-intro-hide":true,"heading-intro-text":"","heading-intro-buttons":null,"hero-1-title-tag":"h3","hero-1-title":"<span class=\"font-walsheim\">Digestion sensible<\/span>","hero-1-text":"Mettez fin \u00e0 la constipation, aux pets malodorants et aux vomissements. Demandez \u00e0 un de nos v\u00e9t\u00e9rinaires de pr\u00e9parer pour votre chien ou votre chat <strong>des croquettes qui am\u00e9liorent sa digestion<\/strong>.","hero-button-repeater":null,"hero-1-image":2192,"hero-1-rounded":true,"hero-1-aspect-ratio":"aspect-4\/3","global-bolt-enable":false,"global-bolt-orientation":"left","global-bolt-color":"orange"},{"acf_fc_layout":"hero-1","_acfe_flexible_layout_title":null,"_acfe_flexible_toggle":null,"background-colors-dropdown":"skin","hero-1-invert":false,"hero-1-caption":false,"hero-1-align":false,"hero-1-padding":false,"heading-intro-title-tag":"h2","heading-intro-title":"","heading-intro-left":false,"heading-intro-hide":true,"heading-intro-text":"","heading-intro-buttons":[{"heading-intro-link":{"title":"Nous contacter","url":"mailto:bonjour@justrussel.com","target":""},"heading-intro-button-color":"button-orange","heading-intro-button-size":"button-sm","heading-intro-button-arrow":true,"heading-intro-button-down":false}],"hero-1-title-tag":"h3","hero-1-title":"<span class=\"font-walsheim\">Mangeur difficile<\/span>","hero-1-text":"Votre chien ou votre chat refuse tout ce qui n'est pas des restes de votre d\u00eener ou des friandises ? Alors vous avez un vrai gourmand \u00e0 la maison. D\u00e9couvrez les <strong>meilleurs conseils et astuces de nos experts en alimentation<\/strong> pour que votre animal se remette \u00e0 manger en un rien de temps.","hero-button-repeater":null,"hero-1-image":45472,"hero-1-rounded":true,"hero-1-aspect-ratio":"aspect-4\/3","global-bolt-enable":false,"global-bolt-orientation":"left","global-bolt-color":"orange"},{"acf_fc_layout":"reviews","_acfe_flexible_layout_title":null,"_acfe_flexible_toggle":null,"background-colors-dropdown":"light","reviews-filter":false,"reviews-slider":false,"reviews-autoslide":false,"heading-intro-title-tag":"h2","heading-intro-title":"Ils ont opt\u00e9 pour la tranquillit\u00e9 d'esprit","heading-intro-left":false,"heading-intro-hide":false,"heading-intro-text":"","heading-intro-buttons":null,"reviews-method":"manual","reviews-quantity":3,"reviews-source":"all","reviews-reviews":"46,47,48","global-bolt-enable":false,"global-bolt-orientation":"left","global-bolt-color":"orange"},{"acf_fc_layout":"grid-1","_acfe_flexible_layout_title":null,"_acfe_flexible_toggle":null,"background-colors-dropdown":"light","grid-1-numbered":true,"grid-1-aspect-ratio":"aspect-4\/3","heading-intro-title-tag":"h2","heading-intro-title":"En deux temps trois mouvements, une alimentation saine pour votre chien ou votre chat ! ","heading-intro-left":false,"heading-intro-hide":false,"heading-intro-text":"","heading-intro-buttons":[{"heading-intro-link":{"title":"En savoir plus sur l'alimentation sur mesure","url":"https:\/\/justrussel.com\/fr-be\/notre-concept\/","target":""},"heading-intro-button-color":"button-orange","heading-intro-button-size":"button-lg","heading-intro-button-arrow":false,"heading-intro-button-down":false}],"grid-1-grid":[{"grid-1-image":42610,"grid-1-title":"Dites-nous ce que nous devons savoir sur votre chien ou votre chat","grid-1-text":"Comme son \u00e2ge, son poids, sa race ou son sexe."},{"grid-1-image":779,"grid-1-title":"Nous \u00e9laborons une recette adapt\u00e9e \u00e0 votre animal","grid-1-text":"Supervis\u00e9 et approuv\u00e9 par des v\u00e9t\u00e9rinaires."},{"grid-1-image":2785,"grid-1-title":"Votre nourriture livr\u00e9e gratuitement \u00e0 votre porte","grid-1-text":"Parce que le propri\u00e9taire aussi m\u00e9rite les meilleurs soins."}],"global-bolt-enable":false,"global-bolt-orientation":"left","global-bolt-color":"orange"},{"acf_fc_layout":"hero-6","_acfe_flexible_layout_title":null,"_acfe_flexible_toggle":null,"background-colors-dropdown":"skin","hero-6-inner-bg":"light","hero-6-invert":true,"hero-6-padding":false,"heading-intro-title-tag":"h2","heading-intro-title":"","heading-intro-left":false,"heading-intro-hide":true,"heading-intro-text":"","heading-intro-buttons":null,"hero-6-title-tag":"h2","hero-6-title":"NOUVEAU : Coaching poids gratuit pour votre chien ou votre chat","hero-6-text":"60% des animaux de compagnie sont en surpoids, un \u00e9tat qui peut diminuer l'esp\u00e9rance de vie de votre chien ou de votre chat de 2,5 ans. Ramenez donc votre animal \u00e0 son poids id\u00e9al d\u00e8s maintenant gr\u00e2ce aux conseils gratuits de nos v\u00e9t\u00e9rinaires en mati\u00e8re d'alimentation et d'activit\u00e9 physique.","hero-button-repeater":[{"hero-link":{"title":"J'ai besoin d'aide","url":"mailto:bonjour@justrussel.com","target":""},"hero-button-color":"button-dark-outline","hero-button-size":"button-sm","hero-button-arrow":false,"hero-button-down":false}],"hero-6-image":45476,"hero-6-rounded":true,"hero-6-aspect-ratio":"aspect-4\/3","global-bolt-enable":false,"global-bolt-orientation":"left","global-bolt-color":"orange"},{"acf_fc_layout":"hero-1","_acfe_flexible_layout_title":null,"_acfe_flexible_toggle":null,"background-colors-dropdown":"light","hero-1-invert":false,"hero-1-caption":false,"hero-1-align":false,"hero-1-padding":false,"heading-intro-title-tag":"h2","heading-intro-title":"","heading-intro-left":false,"heading-intro-hide":true,"heading-intro-text":"","heading-intro-buttons":null,"hero-1-title-tag":"h2","hero-1-title":"Une question concernant votre livraison ou votre paiement ?","hero-1-text":"Pour toutes vos questions pratiques, vous pouvez appeler, envoyer un e-mail ou discuter avec notre service client. Comme vous pr\u00e9f\u00e9rez ! ","hero-button-repeater":[{"hero-link":{"title":"Obtenir de l'aide maintenant","url":"mailto:bonjour@justrussel.com","target":""},"hero-button-color":"button-blue","hero-button-size":"button-sm","hero-button-arrow":false,"hero-button-down":false}],"hero-1-image":2274,"hero-1-rounded":true,"hero-1-aspect-ratio":"aspect-4\/3","global-bolt-enable":false,"global-bolt-orientation":"left","global-bolt-color":"orange"},{"acf_fc_layout":"cta-1","_acfe_flexible_layout_title":null,"_acfe_flexible_toggle":null,"cta-1-cta":2}],"settings-group":{"page-excerpt-content":""}},"_links":{"self":[{"href":"https:\/\/justrussel.com\/fr-be\/wp-json\/wp\/v2\/pages\/43266","targetHints":{"allow":["GET"]}}],"collection":[{"href":"https:\/\/justrussel.com\/fr-be\/wp-json\/wp\/v2\/pages"}],"about":[{"href":"https:\/\/justrussel.com\/fr-be\/wp-json\/wp\/v2\/types\/page"}],"author":[{"embeddable":true,"href":"https:\/\/justrussel.com\/fr-be\/wp-json\/wp\/v2\/users\/8"}],"replies":[{"embeddable":true,"href":"https:\/\/justrussel.com\/fr-be\/wp-json\/wp\/v2\/comments?post=43266"}],"version-history":[{"count":15,"href":"https:\/\/justrussel.com\/fr-be\/wp-json\/wp\/v2\/pages\/43266\/revisions"}],"predecessor-version":[{"id":48454,"href":"https:\/\/justrussel.com\/fr-be\/wp-json\/wp\/v2\/pages\/43266\/revisions\/48454"}],"wp:attachment":[{"href":"https:\/\/justrussel.com\/fr-be\/wp-json\/wp\/v2\/media?parent=43266"}],"curies":[{"name":"wp","href":"https:\/\/api.w.org\/{rel}","templated":true}]}}