{"id":43270,"date":"2023-02-21T13:26:34","date_gmt":"2023-02-21T13:26:34","guid":{"rendered":"https:\/\/new.justrussel.com\/?page_id=43270"},"modified":"2023-03-23T13:37:09","modified_gmt":"2023-03-23T13:37:09","slug":"friandises-pour-chien","status":"publish","type":"page","link":"https:\/\/justrussel.com\/fr-be\/friandises-pour-chien\/","title":{"rendered":"Friandises pour chien"},"content":{"rendered":"","protected":false},"excerpt":{"rendered":"","protected":false},"author":8,"featured_media":0,"parent":0,"menu_order":0,"comment_status":"closed","ping_status":"closed","template":"","meta":{"_acf_changed":false,"editor_notices":[],"footnotes":""},"class_list":["post-43270","page","type-page","status-publish","hentry"],"acf":{"blocks":[{"acf_fc_layout":"heading-bolt","_acfe_flexible_toggle":"","background-colors-dropdown":"light","heading-bolt-invert":false,"heading-bolt-title-tag":"h2","heading-bolt-title":"Des friandises saines pour lesquelles votre chien donnera le meilleur de lui-m\u00eame","heading-bolt-text":"Viande, poisson, l\u00e9gumes et fruits : voil\u00e0 \u00e0 quoi ressemblent les compositions des friandises et biscuits pour chiens Just Russel. C'est tout.","hero-button-repeater":[{"hero-link":{"title":"D\u00e9couvrez toutes nos friandises ","url":"https:\/\/app.justrussel.com\/be-fr\/shop\/?Category=Friandises%20pour%20chiens&amp;Huisdier=dog","target":""},"hero-button-color":"button-orange","hero-button-size":"button-lg","hero-button-arrow":true,"hero-button-down":false}],"heading-bolt-image":42471,"global-bolt-enable":false,"global-bolt-orientation":"left","global-bolt-color":"orange"},{"acf_fc_layout":"spacer","_acfe_flexible_toggle":"","spacer-contain":false,"spacer-mobile-space":24,"spacer-mobile-xl-space":24,"spacer-tablet-space":24,"spacer-tablet-xl-space":48,"spacer-desktop-space":56,"background-colors-dropdown":"yellow"},{"acf_fc_layout":"usp-1","_acfe_flexible_toggle":"","background-colors-dropdown":"yellow","usp-1-columns":"4","usp-1-walsheim":false,"usp-1-aspect-ratio":"aspect-4\/3","usp-1-padding":true,"heading-intro-title-tag":"h2","heading-intro-title":"","heading-intro-left":false,"heading-intro-hide":true,"heading-intro-text":"","heading-intro-buttons":null,"usp-1-grid-items":[{"usp-1-image":2005,"usp-1-title":"Livraison gratuite","usp-1-text":"\u00c0 partir de 40\u20ac d\u2019achat sur notre boutique ou gratuite avec vos croquettes sur-mesure.\r\n"},{"usp-1-image":2010,"usp-1-title":"Chez vous en 3 \u00e0 5 jours","usp-1-text":"Commandez aujourd\u2019hui avant 15h et recevez votre colis en 3 \u00e0 5 jours ouvrables.\r\n"},{"usp-1-image":2008,"usp-1-title":"Toujours un avantage suppl\u00e9mentaire","usp-1-text":"B\u00e9n\u00e9ficiez de 10% de r\u00e9duction sur les produits de notre boutique en tant que membre de la famille.\r\n"},{"usp-1-image":2061,"usp-1-title":"Le meilleur des services","usp-1-text":"Envoyez un e-mail, un message ou appelez gratuitement notre service client.\r\n"}],"usp-1-button":"","global-bolt-enable":false,"global-bolt-orientation":"left","global-bolt-color":"orange"},{"acf_fc_layout":"spacer","_acfe_flexible_toggle":"","spacer-contain":false,"spacer-mobile-space":24,"spacer-mobile-xl-space":24,"spacer-tablet-space":24,"spacer-tablet-xl-space":48,"spacer-desktop-space":56,"background-colors-dropdown":"yellow"},{"acf_fc_layout":"hero-1","_acfe_flexible_toggle":"","background-colors-dropdown":"light","hero-1-invert":false,"hero-1-caption":false,"hero-1-align":false,"hero-1-padding":false,"heading-intro-title-tag":"h2","heading-intro-title":"Des biscuits pour chiens \u00e0 d\u00e9guster tous les jours sans culpabilit\u00e9","heading-intro-left":false,"heading-intro-hide":false,"heading-intro-text":"Les friandises, la viande s\u00e9ch\u00e9e et les b\u00e2tonnets dentaires Just Russel ? Ils ont les m\u00eames avantages et le m\u00eame go\u00fbt d\u00e9licieux que la viande, le poisson, les fruits et les l\u00e9gumes, mais sous forme de bouch\u00e9es.","heading-intro-buttons":null,"hero-1-title-tag":"h3","hero-1-title":"<span class=\"font-walsheim\">1. Pour r\u00e9compenser <\/span>","hero-1-text":"Des cubes pour les vrais amateurs de poulet ou des friandises saines au saumon ? Parfaites pour r\u00e9compenser votre chien - ou pour le g\u00e2ter tout simplement. En plus de cela, ces petites merveilles lui permettent de recevoir des vitamines, des acides gras et des fibres.","hero-button-repeater":null,"hero-1-image":2788,"hero-1-rounded":true,"hero-1-aspect-ratio":"aspect-4\/3","global-bolt-enable":false,"global-bolt-orientation":"left","global-bolt-color":"orange"},{"acf_fc_layout":"hero-1","_acfe_flexible_toggle":"","background-colors-dropdown":"light","hero-1-invert":true,"hero-1-caption":false,"hero-1-align":false,"hero-1-padding":false,"heading-intro-title-tag":"h2","heading-intro-title":"","heading-intro-left":false,"heading-intro-hide":true,"heading-intro-text":"","heading-intro-buttons":null,"hero-1-title-tag":"h3","hero-1-title":"<span class=\"font-walsheim\">2. Pour des moments de bonheur <\/span>","hero-1-text":"Vous manquez de temps \u00e0 passer avec votre chien ? Alors faites-lui plaisir avec un Jerky \u00e0 base de viande s\u00e9ch\u00e9e. Ils sont bons, tendres et fermes \u00e0 la fois, de sorte \u00e0 ce que votre animal puisse les grignoter pendant longtemps. Avons-nous aussi mentionn\u00e9 qu'ils sont 100% canard, chevreuil ou poisson ? Rien d'autre.","hero-button-repeater":null,"hero-1-image":2320,"hero-1-rounded":true,"hero-1-aspect-ratio":"aspect-4\/3","global-bolt-enable":false,"global-bolt-orientation":"left","global-bolt-color":"orange"},{"acf_fc_layout":"hero-1","_acfe_flexible_toggle":"","background-colors-dropdown":"light","hero-1-invert":false,"hero-1-caption":false,"hero-1-align":false,"hero-1-padding":false,"heading-intro-title-tag":"h2","heading-intro-title":"","heading-intro-left":false,"heading-intro-hide":true,"heading-intro-text":"","heading-intro-buttons":null,"hero-1-title-tag":"h3","hero-1-title":"<span class=\"font-walsheim\">3. Pour des dents en bonne sant\u00e9 <\/span>","hero-1-text":"Parce qu'une inflammation des gencives peut entra\u00eener des maladies du foie, des reins et du c\u0153ur, nous fabriquons des b\u00e2tonnets dentaires sur le m\u00eame principe que notre alimentation : ils sont 100% naturels. Et ils sont au poulet, parce que c'est d\u00e9licieux.","hero-button-repeater":null,"hero-1-image":2065,"hero-1-rounded":true,"hero-1-aspect-ratio":"aspect-4\/3","global-bolt-enable":false,"global-bolt-orientation":"left","global-bolt-color":"orange"},{"acf_fc_layout":"hero-8","_acfe_flexible_toggle":"","background-colors-dropdown":"blue","hero-8-inner-bg":"blue","hero-8-invert":false,"hero-8-padding":false,"heading-intro-title-tag":"h2","heading-intro-title":"","heading-intro-left":false,"heading-intro-hide":true,"heading-intro-text":"","heading-intro-buttons":null,"hero-8-title-tag":"h2","hero-8-title":"Des soins supervis\u00e9s pour votre chien ou votre chat","hero-8-text":"Des questions, des doutes ou des probl\u00e8mes concernant votre chien ou votre chat ? Nos v\u00e9t\u00e9rinaires peuvent probablement faire quelque chose pour vous. Contactez-les via <strong>WhatsApp, par e-mail ou simplement par t\u00e9l\u00e9phone<\/strong> et obtenez des conseils pr\u00e9cieux qui vous aideront instantan\u00e9ment. PS : c'est gratuit \ud83d\ude09 ","hero-button-repeater":[{"hero-link":{"title":"Posez votre question","url":"mailto:bonjour@justrussel.fr","target":""},"hero-button-color":"button-dark-outline","hero-button-size":"button-sm","hero-button-arrow":false,"hero-button-down":false}],"hero-8-image":2043,"global-bolt-enable":false,"global-bolt-orientation":"left","global-bolt-color":"orange"},{"acf_fc_layout":"reviews","_acfe_flexible_toggle":"","background-colors-dropdown":"light","reviews-filter":false,"reviews-slider":false,"reviews-autoslide":false,"heading-intro-title-tag":"h2","heading-intro-title":"","heading-intro-left":false,"heading-intro-hide":false,"heading-intro-text":"","heading-intro-buttons":null,"reviews-method":"manual","reviews-quantity":3,"reviews-source":"google","reviews-reviews":"41,50,51","global-bolt-enable":true,"global-bolt-orientation":"left","global-bolt-color":"orange"},{"acf_fc_layout":"hero-9","_acfe_flexible_toggle":"","background-colors-dropdown":"skin","hero-9-invert":false,"hero-9-title-tag":"h2","hero-9-title":"Encore plus de bonheur pour un chien actif","hero-9-text":"<strong>\ud83c\udf81 Des jouets amusants<\/strong>\r\nUn jouet pour chien en forme de <span style=\"text-decoration: underline\"><a href=\"https:\/\/app.justrussel.com\/be-fr\/shop\/?Category=Jouets%20pour%20chiens&amp;Huisdier=dog\">pieuvre violette<\/a><\/span> ou un sumo \u00e0 m\u00e2cher ? Il n\u2019y a rien de plus amusant pour votre chien.\r\n<\/br>\r\n<strong>\ud83c\udf0d Compl\u00e9ments alimentaires naturels <\/strong>\r\n<span style=\"text-decoration: underline\"><a href=\"https:\/\/app.justrussel.com\/be-fr\/shop\/?Category=Compl%C3%A9ments%20alimentaires&amp;Huisdier=dog\">Des vitamines pour chiens<\/a><\/span> pour un pelage brillant, des articulations souples, une digestion douce ou une humeur d\u00e9tendue. \r\n<\/br>\r\n<strong>\ud83e\uddb4 Sans oublier quelques extras pour la route<\/strong>\r\nAchetez des <span style=\"text-decoration: underline\"><a href=\"https:\/\/app.justrussel.com\/be-fr\/shop\/?Category=Accessoires%20%26%20Autres&amp;Huisdier=dog\">sacs \u00e0 crottes \u00e9cologiques<\/a><\/span> et une gourde pour votre chien et soyez pr\u00eat \u00e0 partir \u00e0 la d\u00e9couverte du monde ensemble.","hero-button-repeater":[{"hero-link":{"title":"D\u00e9couvrez tous nos extras","url":"https:\/\/app.justrussel.com\/be-fr\/shop\/?Huisdier=dog","target":""},"hero-button-color":"button-orange","hero-button-size":"button-lg","hero-button-arrow":false,"hero-button-down":false}],"hero-9-image":2783,"hero-9-width":"1\/2","global-bolt-enable":false,"global-bolt-orientation":"left","global-bolt-color":"orange"},{"acf_fc_layout":"faq-simple","_acfe_flexible_toggle":"","background-colors-dropdown":"light","faq-simple-inner-bg":"skin","heading-intro-title-tag":"h2","heading-intro-title":"D'autres questions sur les friandises pour chiens ?","heading-intro-left":false,"heading-intro-hide":false,"heading-intro-text":"","heading-intro-buttons":null,"faq-simple-faq-items":[{"faq-simple-question":"Quel snack convient le mieux \u00e0 mon chien ?","faq-simple-answer":"Lorsque vous choisissez un snack pour votre chien, prenez en compte ses besoins. Comme :\r\n[jr_checklist]\r\n[jr_checklist_item] Sa taille [\/jr_checklist_item]\r\n[jr_checklist_item] Son \u00e2ge [\/jr_checklist_item]\r\n[jr_checklist_item] Ses allergies [\/jr_checklist_item]\r\n[jr_checklist_item] Ses dents [\/jr_checklist_item]\r\n[jr_checklist_item] Ses pr\u00e9f\u00e9rences en mati\u00e8re de go\u00fbt [\/jr_checklist_item]\r\n[jr_checklist_item] Les calories (pour les chiens en surpoids) [\/jr_checklist_item]\r\n[\/jr_checklist]\r\nPar exemple, il est pr\u00e9f\u00e9rable de ne pas donner \u00e0 un petit chien des friandises pour chiens XL, tout comme il est pr\u00e9f\u00e9rable pour un chien allergique aux c\u00e9r\u00e9ales de manger des friandises sans c\u00e9r\u00e9ales. "},{"faq-simple-question":"Quels types de friandises pour chiens existe-t-il ?","faq-simple-answer":"Les friandises pour chiens existent dans toutes les tailles et saveurs. Voici les plus populaires :\r\n[jr_checklist]\r\n[jr_checklist_item] Friandises hypoallerg\u00e9niques pour chiens [\/jr_checklist_item]\r\n[jr_checklist_item] Friandises pour chiens sans c\u00e9r\u00e9ales [\/jr_checklist_item]\r\n[jr_checklist_item] Friandises naturelles pour chiens [\/jr_checklist_item]\r\n[jr_checklist_item] Biscuits sains pour chiens [\/jr_checklist_item]\r\n[jr_checklist_item] Friandises s\u00e9ch\u00e9es pour chiens [\/jr_checklist_item]\r\n[jr_checklist_item] Friandises v\u00e9g\u00e9tariennes pour chiens [\/jr_checklist_item]\r\n[jr_checklist_item] Biscuits pour chiens hypocaloriques [\/jr_checklist_item]\r\n[\/jr_checklist]"},{"faq-simple-question":"En quoi les friandises pour chiens sont-elles saines ?","faq-simple-answer":"Les friandises saines pour les chiens sont :\r\n[jr_checklist]\r\n[jr_checklist_item] Naturelles (sans colorants ni ar\u00f4mes chimiques) [\/jr_checklist_item]\r\n[jr_checklist_item] Nutritives (ingr\u00e9dient principal : viande ou poisson) [\/jr_checklist_item]\r\n[jr_checklist_item] Sans sucres [\/jr_checklist_item]\r\n[jr_checklist_item] Prennent en compte les allergies de votre chien [\/jr_checklist_item]\r\n[jr_checklist_item] Adapt\u00e9es \u00e0 son \u00e2ge [\/jr_checklist_item]\r\n[jr_checklist_item] Adapt\u00e9es \u00e0 sa taille [\/jr_checklist_item]\r\n[\/jr_checklist]\r\nVous pouvez d\u00e9couvrir les friandises pour chiens les plus populaires sur notre boutique Just Russel.\r\n<\/br>\r\nEn dehors des \"vrais\" biscuits pour chiens, vous pouvez \u00e9galement faire plaisir \u00e0 votre chien en lui offrant un bon morceau de fruit ou de l\u00e9gume. Assurez-vous simplement que votre chien a le droit de les manger, car certaines vari\u00e9t\u00e9s sont toxiques !\r\n"},{"faq-simple-question":"Qu'y a-t-il dans les friandises pour chiens ?","faq-simple-answer":"Les friandises saines pour chiens contiennent du poulet, du canard, du b\u0153uf, de l'agneau ou du saumon et d'autres poissons, des fruits comme la pomme, l'ananas ou la banane et des l\u00e9gumes comme le brocoli, le concombre, la citrouille ou les \u00e9pinards.\r\n<\/br>\r\nIngr\u00e9dients \u00e0 \u00e9viter dans les friandises pour chiens : ma\u00efs, bl\u00e9, sucre, ar\u00f4mes et colorants artificiels, xylitol, sel et nitrates."}],"global-bolt-enable":false,"global-bolt-orientation":"left","global-bolt-color":"orange"},{"acf_fc_layout":"cta-2","_acfe_flexible_toggle":"","background-colors-dropdown":"skin","heading-intro-title-tag":"h2","heading-intro-title":"Vous voulez aussi des r\u00e9ductions sur les friandises pour chiens ?","heading-intro-left":false,"heading-intro-hide":false,"heading-intro-text":"Et une nourriture de qualit\u00e9 sup\u00e9rieure qui est bonne pour la digestion, le pelage, le poids et les articulations de votre chien ? Alors Just Russel est ce qu'il vous faut !","heading-intro-buttons":[{"heading-intro-link":{"title":"En savoir plus sur les croquettes personnalis\u00e9es","url":"https:\/\/justrussel.com\/fr-be\/notre-concept\/","target":""},"heading-intro-button-color":"button-orange","heading-intro-button-size":"button-lg","heading-intro-button-arrow":false,"heading-intro-button-down":false}],"cta-2-image":1987},{"acf_fc_layout":"cta-1","_acfe_flexible_toggle":"","cta-1-cta":2}],"settings-group":{"page-excerpt-content":""}},"_links":{"self":[{"href":"https:\/\/justrussel.com\/fr-be\/wp-json\/wp\/v2\/pages\/43270","targetHints":{"allow":["GET"]}}],"collection":[{"href":"https:\/\/justrussel.com\/fr-be\/wp-json\/wp\/v2\/pages"}],"about":[{"href":"https:\/\/justrussel.com\/fr-be\/wp-json\/wp\/v2\/types\/page"}],"author":[{"embeddable":true,"href":"https:\/\/justrussel.com\/fr-be\/wp-json\/wp\/v2\/users\/8"}],"replies":[{"embeddable":true,"href":"https:\/\/justrussel.com\/fr-be\/wp-json\/wp\/v2\/comments?post=43270"}],"version-history":[{"count":9,"href":"https:\/\/justrussel.com\/fr-be\/wp-json\/wp\/v2\/pages\/43270\/revisions"}],"predecessor-version":[{"id":45265,"href":"https:\/\/justrussel.com\/fr-be\/wp-json\/wp\/v2\/pages\/43270\/revisions\/45265"}],"wp:attachment":[{"href":"https:\/\/justrussel.com\/fr-be\/wp-json\/wp\/v2\/media?parent=43270"}],"curies":[{"name":"wp","href":"https:\/\/api.w.org\/{rel}","templated":true}]}}