{"id":43278,"date":"2023-02-21T13:31:11","date_gmt":"2023-02-21T13:31:11","guid":{"rendered":"https:\/\/new.justrussel.com\/?page_id=43278"},"modified":"2026-03-24T11:08:27","modified_gmt":"2026-03-24T10:08:27","slug":"politique-de-confidentialite","status":"publish","type":"page","link":"https:\/\/justrussel.com\/fr-be\/politique-de-confidentialite\/","title":{"rendered":"Politique de confidentialit\u00e9"},"content":{"rendered":"","protected":false},"excerpt":{"rendered":"","protected":false},"author":8,"featured_media":0,"parent":0,"menu_order":0,"comment_status":"closed","ping_status":"closed","template":"","meta":{"_acf_changed":false,"editor_notices":[],"footnotes":""},"class_list":["post-43278","page","type-page","status-publish","hentry"],"acf":{"blocks":[{"acf_fc_layout":"wysiwyg","_acfe_flexible_layout_title":null,"_acfe_flexible_toggle":null,"wysiwyg-wysiwyg":"<h3>D\u00e9claration de confidentialit\u00e9 \u2013 Just Russel<\/h3>\r\nCeci est la d\u00e9claration de confidentialit\u00e9 de Just Russel BV (ci-apr\u00e8s : Just Russel), dont le si\u00e8ge est situ\u00e9 Baarledorpstraat 95, 9031 Gand. Num\u00e9ro d'entreprise 0735.411.735. Just Russel est responsable du traitement de vos donn\u00e9es personnelles tel que d\u00e9crit dans la pr\u00e9sente d\u00e9claration de confidentialit\u00e9 et de cookies.\r\n\r\nSi vous avez des questions, remarques ou plaintes concernant cette d\u00e9claration de confidentialit\u00e9 et de cookies ou l'utilisation de vos donn\u00e9es personnelles en g\u00e9n\u00e9ral, nous serons ravis de vous aider. Vous pouvez adresser votre question, remarque ou plainte \u00e0 notre D\u00e9l\u00e9gu\u00e9 \u00e0 la Protection des Donn\u00e9es via <a href=\"mailto:legal@justrussel.com\">legal@justrussel.com<\/a> ou via les moyens de contact disponibles sur le site web.\r\n\r\nVous pouvez \u00e9galement adresser une plainte concernant le traitement de vos donn\u00e9es personnelles par Just Russel \u00e0 l\u2019Autorit\u00e9 de Protection des Donn\u00e9es (APD).\r\n\r\nIl est important que vous lisiez cette d\u00e9claration de confidentialit\u00e9 afin d\u2019\u00eatre inform\u00e9 de la mani\u00e8re et des raisons pour lesquelles vos donn\u00e9es sont utilis\u00e9es. Cette d\u00e9claration de confidentialit\u00e9 peut \u00eatre modifi\u00e9e \u00e0 tout moment.\r\n\r\nLa pr\u00e9sente d\u00e9claration s\u2019applique \u00e0 toutes les donn\u00e9es personnelles collect\u00e9es par Just Russel, tant par l\u2019utilisation du site <a href=\"https:\/\/www.justrussel.com\">www.justrussel.com<\/a> (ci-apr\u00e8s : le Site Web), que par la cr\u00e9ation d\u2019un compte sur notre site, la vente de nos produits et la fourniture de services aux consommateurs.\r\n\r\n<h3>D\u00e9finitions :<\/h3>\r\n<ol>\r\n \t<li>Donn\u00e9es \u00e0 caract\u00e8re personnel : toute information concernant une personne physique identifi\u00e9e ou identifiable (\"la personne concern\u00e9e\") ; une personne identifiable est une personne qui peut \u00eatre identifi\u00e9e, directement ou indirectement, notamment par r\u00e9f\u00e9rence \u00e0 un identifiant tel qu'un nom, un num\u00e9ro d'identification, des donn\u00e9es de localisation, un identifiant en ligne. Les donn\u00e9es relatives \u00e0 votre animal qui ne peuvent \u00eatre reli\u00e9es \u00e0 une personne morale sp\u00e9cifique, telles que le nom de l'animal, sa race, son \u00e2ge, etc. ne sont donc pas des donn\u00e9es \u00e0 caract\u00e8re personnel.<\/li>\r\n \t<li>Traitement : op\u00e9ration ou ensemble d'op\u00e9rations portant sur des donn\u00e9es \u00e0 caract\u00e8re personnel ou un ensemble de donn\u00e9es \u00e0 caract\u00e8re personnel, effectu\u00e9es ou non \u00e0 l'aide de proc\u00e9d\u00e9s automatis\u00e9s, telles que la collecte, l'enregistrement, l'organisation, la structuration, la conservation, l'adaptation ou la modification, l'extraction, la consultation, l'utilisation, la communication par transmission, la diffusion ou toute autre forme de mise \u00e0 disposition, le rapprochement ou l'interconnexion, le verrouillage, l'effacement ou la destruction.<\/li>\r\n \t<li>Processeur : la personne morale qui d\u00e9termine la finalit\u00e9 et les moyens du traitement des donn\u00e9es personnelles (ci-apr\u00e8s : Just Russel). Just Russel est le responsable du traitement des donn\u00e9es.<\/li>\r\n \t<li>La personne concern\u00e9e : la personne physique qui utilise ce site web ou qui fait appel aux services ou ach\u00e8te des biens de chez Just Russel (ci-apr\u00e8s d\u00e9nomm\u00e9 : Client).<\/li>\r\n<\/ol>\r\n<h3>Cookies<\/h3>\r\nLes cookies sont de petits fichiers texte qu'un site web enregistre sur votre ordinateur. Lorsque vous visitez \u00e0 nouveau le site web, gr\u00e2ce aux cookies, vous ne devez pas installer \u00e0 chaque fois vos pr\u00e9f\u00e9rences personnelles, comme la langue utilis\u00e9e.\r\n\r\nJust Russel utilise des cookies fonctionnels, analytiques et de suivi.\r\n<ul>\r\n \t<li>Cookies fonctionnels : sont n\u00e9cessaires au bon fonctionnement de justrussel.fr.<\/li>\r\n \t<li>Cookies analytiques : nous permettent d'analyser le nombre et le comportement des utilisateurs de justrussel.fr.<\/li>\r\n \t<li>Cookies de suivi : ces cookies suivent votre comportement de navigation afin que nous puissions mieux adapter notre publicit\u00e9 \u00e0 votre profil.<\/li>\r\n \t<li>Certains de ces cookies sont stock\u00e9s dans votre navigateur web par nos prestataires de services et nos partenaires publicitaires. Just Russel n'a pas de contr\u00f4le direct sur ces cookies.<\/li>\r\n<\/ul>\r\nVous pouvez trouver une liste de tous ces cookies ici.\r\n\r\nPour g\u00e9rer les cookies stock\u00e9s sur votre ordinateur, veuillez trouver les conseils n\u00e9cessaires ici.\r\n<h3>Plug-ins et liens<\/h3>\r\nLe site web contient des liens et des plug-ins vers des sites web de tiers. En cliquant dessus, ces tiers peuvent collecter des donn\u00e9es personnelles vous concernant. Nous n'avons aucun contr\u00f4le sur ces sites web et ne sommes donc pas responsables du traitement effectu\u00e9 par ces tiers.\r\n<h3>Quelles sont les donn\u00e9es personnelles que nous traitons ?<\/h3>\r\n<ul>\r\n \t<li>Donn\u00e9es d'identit\u00e9 : nom et pr\u00e9nom<\/li>\r\n \t<li>Coordonn\u00e9es : adresse de facturation, adresse de livraison, adresse \u00e9lectronique, num\u00e9ro de t\u00e9l\u00e9phone, etc.<\/li>\r\n \t<li>Donn\u00e9es financi\u00e8res : coordonn\u00e9es du compte bancaire et de la carte de paiement<\/li>\r\n \t<li>Donn\u00e9es de transaction (aper\u00e7u d\u00e9taill\u00e9 des paiements et des produits achet\u00e9s)<\/li>\r\n \t<li>Num\u00e9ro d'entreprise<\/li>\r\n \t<li>Donn\u00e9es de profil : nom d'utilisateur, mot de passe, achats ou commandes d\u00e9j\u00e0 effectu\u00e9s, int\u00e9r\u00eats, pr\u00e9f\u00e9rences, r\u00e9actions, communication avec Just Russel et r\u00e9ponses aux enqu\u00eates.<\/li>\r\n \t<li>Donn\u00e9es techniques : L'adresse IP, les donn\u00e9es de connexion, le type et la version du navigateur, les param\u00e8tres du fuseau horaire, la localisation, les types et versions de plug-in de navigateur, le syst\u00e8me et la plateforme d'exploitation et d'autres technologies sur les appareils que vous utilisez pour acc\u00e9der au site web.<\/li>\r\n \t<li>Donn\u00e9es relatives au marketing et aux communications : pr\u00e9f\u00e9rences concernant la r\u00e9ception de pr\u00e9f\u00e9rences en mati\u00e8re de marketing et d'autres communications.<\/li>\r\n \t<li>Autres donn\u00e9es personnelles fournies activement \u00e0 Just Russel SARL<\/li>\r\n \t<li>Pas de cat\u00e9gories particuli\u00e8res de donn\u00e9es telles que d\u00e9finies \u00e0 l'article 9 du r\u00e8glement g\u00e9n\u00e9ral sur la protection des donn\u00e9es.<\/li>\r\n<\/ul>\r\n<h2>Comment nous collectons vos donn\u00e9es personnelles<\/h2>\r\n<ul>\r\n \t<li>Correspondance directe<\/li>\r\n \t<li>Les donn\u00e9es que vous nous fournissez activement, par exemple lors de la cr\u00e9ation d'un compte d'utilisateur sur notre site web.<\/li>\r\n \t<li>Les technologies ou interactions automatis\u00e9es (pour plus d'informations \u00e0 ce sujet, voir la section \"Cookies\").<\/li>\r\n \t<li>Tiers (tels que les fournisseurs d'outils analytiques)<\/li>\r\n \t<li>Sources publiques<\/li>\r\n<\/ul>\r\n<h3>Finalit\u00e9s du traitement<\/h3>\r\nLes donn\u00e9es \u00e0 caract\u00e8re personnel ne sont trait\u00e9es qu'aux fins suivantes, ou \u00e0 des fins compatibles avec ces derni\u00e8res.\r\n<ul>\r\n \t<li>Fourniture de services (par exemple, pour obtenir des explications sur la meilleure alimentation pour votre chien)<\/li>\r\n \t<li>Pour am\u00e9liorer notre service et votre exp\u00e9rience utilisateur<\/li>\r\n \t<li>Contact dans le cadre de livraisons \u00e0 venir<\/li>\r\n \t<li>Marketing direct personnalis\u00e9<\/li>\r\n \t<li>Gestion des paiements<\/li>\r\n \t<li>Gestion et am\u00e9lioration technique du site justrussel.fr<\/li>\r\n \t<li>Newsletter, pour autant que vous vous y soyez abonn\u00e9\r\nEnvoi occasionnel de cartes de No\u00ebl et de v\u0153ux pour le Nouvel An.\r\nSi Just Russel traite vos donn\u00e9es dans un but diff\u00e9rent, Just Russel vous en informera et vous indiquera la base juridique sur laquelle ce traitement est effectu\u00e9.<\/li>\r\n<\/ul>\r\n<h4>Le traitement est effectu\u00e9 sur l'une des bases juridiques suivantes :<\/h4>\r\n<ul>\r\n \t<li>Le traitement est n\u00e9cessaire \u00e0 l'ex\u00e9cution d'un contrat auquel le client est partie, ou ;<\/li>\r\n \t<li>Le consentement expr\u00e8s du client.<\/li>\r\n \t<li>L'int\u00e9r\u00eat l\u00e9gitime de Just Russel. Cela tient compte des int\u00e9r\u00eats l\u00e9gitimes du client et du fait que le client peut raisonnablement s'attendre \u00e0 ce que le traitement soit effectu\u00e9 \u00e0 cette fin.<\/li>\r\n \t<li>Personnes ayant acc\u00e8s aux donn\u00e9es<\/li>\r\n \t<li>Just Russel ne partage les donn\u00e9es avec des tiers que lorsque cela est n\u00e9cessaire pour la fourniture des services, \u00e0 moins que Just Russel ne soit tenu par la loi ou par une ordonnance du tribunal de partager les donn\u00e9es. Just Russel n'autorise les tiers \u00e0 traiter les donn\u00e9es qu'\u00e0 des fins sp\u00e9cifiques approuv\u00e9es par nous.<\/li>\r\n<\/ul>\r\nCes donn\u00e9es peuvent \u00eatre partag\u00e9es avec :\r\n<ul>\r\n \t<li>Services de livraison : pour que vos marchandises puissent \u00eatre livr\u00e9es \u00e0 votre domicile.<\/li>\r\n \t<li>Prestataires de services fournissant des services informatiques et de gestion de syst\u00e8mes.<\/li>\r\n<\/ul>\r\nUne liste de tous les tiers est disponible ici.\r\n<h3>Dur\u00e9e de conservation<\/h3>\r\nJust Russel ne conserve pas vos donn\u00e9es plus longtemps que ce qui est strictement n\u00e9cessaire aux fins du traitement. Plus pr\u00e9cis\u00e9ment, Just Russel conserve vos donn\u00e9es pendant une dur\u00e9e maximale de 24 mois apr\u00e8s la derni\u00e8re commande.\r\n<h3>S\u00e9curit\u00e9 des donn\u00e9es<\/h3>\r\nJust Russel a pris des mesures de s\u00e9curit\u00e9 appropri\u00e9es pour prot\u00e9ger vos donn\u00e9es personnelles. Nous exigeons \u00e9galement que les tiers acc\u00e9dant \u00e0 vos donn\u00e9es personnelles appliquent les m\u00eames mesures de s\u00e9curit\u00e9.\r\n<h3>Vos droits en mati\u00e8re de traitement<\/h3>\r\nChaque client a toujours le droit de demander l'acc\u00e8s \u00e0 ses donn\u00e9es personnelles, leur rectification ou leur suppression ou la limitation du traitement qui les concerne, ainsi que le droit de s'opposer au traitement et le droit \u00e0 la portabilit\u00e9 des donn\u00e9es.\r\n\r\nSi un traitement est effectu\u00e9 sur la base du consentement du client, ce dernier a \u00e9galement le droit de retirer son consentement \u00e0 un traitement \u00e0 tout moment, comme le retrait du consentement pour obtenir du marketing direct. Toutefois, le retrait du consentement n'affecte pas la l\u00e9galit\u00e9 du traitement d\u00e9j\u00e0 effectu\u00e9 sur la base du consentement, avant son retrait.\r\n\r\nLe droit d'acc\u00e8s, de rectification ou d'effacement des donn\u00e9es personnelles, de limitation du traitement le concernant, de retrait du consentement ou d'opposition au traitement peut \u00eatre exerc\u00e9 en envoyant un e-mail \u00e0\u00a0<span style=\"text-decoration: underline\">bonjour@justrussel.fr<\/span>.\u00a0Just Russel a le droit de demander votre identit\u00e9 avant de donner suite aux demandes ci-dessus.\r\n\r\nJust Russel r\u00e9pondra dans chaque cas au plus tard 30 jours apr\u00e8s la demande.\r\n\r\nVous pouvez \u00e9galement vous adresser \u00e0 <span style=\"text-decoration: underline\">bonjour@justrussel.fr<\/span>\u00a0pour toute autre question concernant cette politique de confidentialit\u00e9.\r\n\r\nUn client a \u00e9galement le droit de d\u00e9poser une plainte aupr\u00e8s de\u00a0<span style=\"text-decoration: underline\"><strong>l'autorit\u00e9 belge de protection des donn\u00e9es.<\/strong><\/span>\r\n\r\nCependant, Just Russel ne sera pas oblig\u00e9 de se conformer \u00e0 la demande d'inspection, de correction, de suppression ou de transfert d'un Client en raison d'obligations l\u00e9gales ou pour l'exercice ou la justification d'une r\u00e9clamation l\u00e9gale.\r\n","wysiwyg-wysiwyg-width":false,"wysiwyg-wysiwyg-title":true,"wysiwyg-wysiwyg-prose":true,"wysiwyg-padding":false,"wysiwyg-end-blog":false,"background-colors-dropdown":"light"}],"settings-group":{"page-excerpt-content":""}},"_links":{"self":[{"href":"https:\/\/justrussel.com\/fr-be\/wp-json\/wp\/v2\/pages\/43278","targetHints":{"allow":["GET"]}}],"collection":[{"href":"https:\/\/justrussel.com\/fr-be\/wp-json\/wp\/v2\/pages"}],"about":[{"href":"https:\/\/justrussel.com\/fr-be\/wp-json\/wp\/v2\/types\/page"}],"author":[{"embeddable":true,"href":"https:\/\/justrussel.com\/fr-be\/wp-json\/wp\/v2\/users\/8"}],"replies":[{"embeddable":true,"href":"https:\/\/justrussel.com\/fr-be\/wp-json\/wp\/v2\/comments?post=43278"}],"version-history":[{"count":9,"href":"https:\/\/justrussel.com\/fr-be\/wp-json\/wp\/v2\/pages\/43278\/revisions"}],"predecessor-version":[{"id":48434,"href":"https:\/\/justrussel.com\/fr-be\/wp-json\/wp\/v2\/pages\/43278\/revisions\/48434"}],"wp:attachment":[{"href":"https:\/\/justrussel.com\/fr-be\/wp-json\/wp\/v2\/media?parent=43278"}],"curies":[{"name":"wp","href":"https:\/\/api.w.org\/{rel}","templated":true}]}}