{"id":43284,"date":"2023-02-21T13:34:13","date_gmt":"2023-02-21T13:34:13","guid":{"rendered":"https:\/\/new.justrussel.com\/?page_id=43284"},"modified":"2026-03-24T11:12:24","modified_gmt":"2026-03-24T10:12:24","slug":"politique-de-confidentialite-annexe-3","status":"publish","type":"page","link":"https:\/\/justrussel.com\/fr-be\/politique-de-confidentialite-annexe-3\/","title":{"rendered":"Politique de confidentialit\u00e9 annexe 3"},"content":{"rendered":"","protected":false},"excerpt":{"rendered":"","protected":false},"author":8,"featured_media":0,"parent":0,"menu_order":0,"comment_status":"closed","ping_status":"closed","template":"","meta":{"_acf_changed":false,"editor_notices":[],"footnotes":""},"class_list":["post-43284","page","type-page","status-publish","hentry"],"acf":{"blocks":[{"acf_fc_layout":"wysiwyg","_acfe_flexible_layout_title":null,"_acfe_flexible_toggle":null,"wysiwyg-wysiwyg":"<div class=\"elementor-element elementor-element-a9a1f98 elementor-widget elementor-widget-heading\" data-id=\"a9a1f98\" data-element_type=\"widget\" data-widget_type=\"heading.default\">\r\n<div class=\"elementor-widget-container\">\r\n<h1 class=\"elementor-heading-title elementor-size-default\">Politique de confidentialit\u00e9 \u2013 Just Russel Annexe 3<\/h1>\r\n<\/div>\r\n<\/div>\r\n<div class=\"elementor-element elementor-element-ec41252 elementor-widget elementor-widget-heading\" data-id=\"ec41252\" data-element_type=\"widget\" data-widget_type=\"heading.default\">\r\n<div class=\"elementor-widget-container\">\r\n<h3 class=\"elementor-heading-title elementor-size-default\">Merci pour votre confiance en Just Russel, ensemble nous pouvons donner \u00e0 votre animal la meilleure alimentation qui lui correspond.<\/h3>\r\n<\/div>\r\n<\/div>\r\n<div class=\"elementor-element elementor-element-e6b6bd0 elementor-widget elementor-widget-heading\" data-id=\"e6b6bd0\" data-element_type=\"widget\" data-widget_type=\"heading.default\">\r\n<div class=\"elementor-widget-container\">\r\n<h3 class=\"elementor-heading-title elementor-size-default\">Liste de tous les tiers et pourquoi\r\n<\/h3>\r\n<\/div>\r\n<\/div>\r\n<div class=\"elementor-element elementor-element-fe85fc0 elementor-widget elementor-widget-text-editor\" data-id=\"fe85fc0\" data-element_type=\"widget\" data-widget_type=\"text-editor.default\">\r\n<div class=\"elementor-widget-container\">\r\n<ul>\r\n \t<li>Send In Blue SAS (logiciel de marketing par courriel) : Conform\u00e9ment \u00e0 l'Art 28 de la l\u00e9gislation GDPR, Just Russel a un accord de traitement des donn\u00e9es avec son logiciel d'email marketing sur le traitement et l'utilisation des donn\u00e9es. Send In Blue est une plateforme qui facilite et automatise la gestion de la relation client.<\/li>\r\n \t<li>PostNL via Sendcloud API est un logiciel qui assure le suivi des colis envoy\u00e9s. Vous pouvez donc savoir \u00e0 tout moment o\u00f9 se trouve votre colis envoy\u00e9.<\/li>\r\n \t<li>Firebase (Google) conserve la trace de votre adresse \u00e9lectronique et de votre mot de passe apr\u00e8s avoir cr\u00e9\u00e9 un compte par le biais du test de personnalisation. Ce logiciel vous permet d'utiliser l'application Just Russel avec votre propre compte personnel.<\/li>\r\n \t<li>Google Cloud (Google) assure le stockage de vos donn\u00e9es personnelles via la base de donn\u00e9es Just Russel.<\/li>\r\n \t<li>Exact online est le logiciel de comptabilit\u00e9 de Just Russell qui assure le suivi des paiements et des factures de votre entreprise.<\/li>\r\n \t<li>Les paiements sont trait\u00e9s via la plateforme de paiement en ligne crypt\u00e9e de Mollie. Seuls vous et Mollie avez acc\u00e8s \u00e0 vos donn\u00e9es de paiement, pas nous.<\/li>\r\n<\/ul>\r\n<\/div>\r\n<\/div>","wysiwyg-wysiwyg-width":false,"wysiwyg-wysiwyg-title":false,"wysiwyg-wysiwyg-prose":true,"wysiwyg-padding":false,"wysiwyg-end-blog":false,"background-colors-dropdown":"light"}],"settings-group":{"page-excerpt-content":""}},"_links":{"self":[{"href":"https:\/\/justrussel.com\/fr-be\/wp-json\/wp\/v2\/pages\/43284","targetHints":{"allow":["GET"]}}],"collection":[{"href":"https:\/\/justrussel.com\/fr-be\/wp-json\/wp\/v2\/pages"}],"about":[{"href":"https:\/\/justrussel.com\/fr-be\/wp-json\/wp\/v2\/types\/page"}],"author":[{"embeddable":true,"href":"https:\/\/justrussel.com\/fr-be\/wp-json\/wp\/v2\/users\/8"}],"replies":[{"embeddable":true,"href":"https:\/\/justrussel.com\/fr-be\/wp-json\/wp\/v2\/comments?post=43284"}],"version-history":[{"count":5,"href":"https:\/\/justrussel.com\/fr-be\/wp-json\/wp\/v2\/pages\/43284\/revisions"}],"predecessor-version":[{"id":48437,"href":"https:\/\/justrussel.com\/fr-be\/wp-json\/wp\/v2\/pages\/43284\/revisions\/48437"}],"wp:attachment":[{"href":"https:\/\/justrussel.com\/fr-be\/wp-json\/wp\/v2\/media?parent=43284"}],"curies":[{"name":"wp","href":"https:\/\/api.w.org\/{rel}","templated":true}]}}