{"id":44594,"date":"2023-03-02T10:35:10","date_gmt":"2023-03-02T10:35:10","guid":{"rendered":"https:\/\/new.justrussel.com\/?page_id=44594"},"modified":"2026-03-24T10:25:19","modified_gmt":"2026-03-24T09:25:19","slug":"bonne-cause","status":"publish","type":"page","link":"https:\/\/justrussel.com\/fr-be\/bonne-cause\/","title":{"rendered":"charity_v1_organic_none_none_no-coupon"},"content":{"rendered":"","protected":false},"excerpt":{"rendered":"","protected":false},"author":8,"featured_media":0,"parent":0,"menu_order":0,"comment_status":"closed","ping_status":"closed","template":"","meta":{"_acf_changed":false,"editor_notices":[],"footnotes":""},"class_list":["post-44594","page","type-page","status-publish","hentry"],"acf":{"blocks":[{"acf_fc_layout":"heading-bolt","_acfe_flexible_layout_title":null,"_acfe_flexible_toggle":null,"background-colors-dropdown":"light","heading-bolt-invert":false,"heading-bolt-title-tag":"h2","heading-bolt-title":"Tout le monde m\u00e9rite d'avoir une belle vie","heading-bolt-text":"Chez Just Russel, le bien-\u00eatre des chats, des chiens et des personnes est une priorit\u00e9. Il en va de m\u00eame pour les personnes dans le besoin. C'est pourquoi nous soutenons des organisations et des projets qui ont \u00e0 c\u0153ur les animaux et les personnes. ","hero-button-repeater":null,"heading-bolt-image":44114,"global-bolt-enable":false,"global-bolt-orientation":"left","global-bolt-color":"orange"},{"acf_fc_layout":"usp-1","_acfe_flexible_layout_title":null,"_acfe_flexible_toggle":null,"background-colors-dropdown":"yellow","usp-1-columns":"4","usp-1-walsheim":false,"usp-1-aspect-ratio":"aspect-4\/3","usp-1-padding":true,"heading-intro-title-tag":"h2","heading-intro-title":"","heading-intro-left":false,"heading-intro-hide":false,"heading-intro-text":"","heading-intro-buttons":null,"usp-1-grid-items":[{"usp-1-image":2142,"usp-1-title":"\u00c0 travers les fronti\u00e8res","usp-1-text":""},{"usp-1-image":2083,"usp-1-title":"8 projets","usp-1-text":""},{"usp-1-image":2429,"usp-1-title":"1300 repas distribu\u00e9s","usp-1-text":""},{"usp-1-image":2061,"usp-1-title":"350 chats et chiens aid\u00e9s","usp-1-text":""}],"usp-1-button":"","global-bolt-enable":false,"global-bolt-orientation":"left","global-bolt-color":"orange"},{"acf_fc_layout":"spacer","_acfe_flexible_layout_title":null,"_acfe_flexible_toggle":null,"spacer-contain":false,"spacer-mobile-space":48,"spacer-mobile-xl-space":48,"spacer-tablet-space":48,"spacer-tablet-xl-space":48,"spacer-desktop-space":60,"background-colors-dropdown":"yellow"},{"acf_fc_layout":"heading-image","_acfe_flexible_layout_title":null,"_acfe_flexible_toggle":null,"background-colors-dropdown":"light","heading-intro-title-tag":"h2","heading-intro-title":"Offrir un amour inconditionnel","heading-intro-left":false,"heading-intro-hide":false,"heading-intro-text":"Nos animaux de compagnie rendent notre vie meilleure. Gratuitement et sans rien attendre en retour. Notre r\u00f4le est de faire la m\u00eame chose pour eux. C'est pourquoi nous soutenons les organisations qui r\u00e9pondent aux besoins fondamentaux des chiens et chats : \r\n","heading-intro-buttons":null,"heading-image-linkto":"","heading-image-image":2320,"heading-image-image-mobile":2320,"heading-image-caption":false},{"acf_fc_layout":"hero-5","_acfe_flexible_layout_title":null,"_acfe_flexible_toggle":null,"background-colors-dropdown":"skin","hero-5-invert":true,"hero-5-caption":false,"hero-5-align":false,"hero-5-padding":false,"heading-intro-title-tag":"h2","heading-intro-title":"Rencontrez nos partenaires","heading-intro-left":false,"heading-intro-hide":false,"heading-intro-text":"Ce sont toutes des organisations pour qui <strong>les gens et les animaux<\/strong> sont importants. Parce que Just Russel partage la mission et la vision de ces projets, nous sommes heureux de nous associer avec eux. Rencontrez nos fantastiques partenaires !","heading-intro-buttons":null,"hero-5-title-tag":"h3","hero-5-title":"<span class=\"font-walsheim\">Refuge pour animaux Gand - 2022<\/span>","hero-5-text":"","hero-button-repeater":null,"hero-5-video":"8KHyJ1EnbXw","hero-5-rounded":true,"global-bolt-enable":false,"global-bolt-orientation":"left","global-bolt-color":"orange"},{"acf_fc_layout":"hero-1","_acfe_flexible_layout_title":null,"_acfe_flexible_toggle":null,"background-colors-dropdown":"skin","hero-1-invert":false,"hero-1-caption":false,"hero-1-align":false,"hero-1-padding":false,"heading-intro-title-tag":"h2","heading-intro-title":"","heading-intro-left":false,"heading-intro-hide":false,"heading-intro-text":"","heading-intro-buttons":null,"hero-1-title-tag":"h3","hero-1-title":"<span class=\"font-walsheim\">SOS Animales Sagunto<\/span>","hero-1-text":"SOS Animales Sagunto est une organisation de protection des animaux situ\u00e9e \u00e0 Valence, en Espagne. Elle y recherche les chiens des rues pour leur trouver un foyer chaleureux avec l'aide de sponsors. Nous avons donc d\u00e9cid\u00e9 de donner un coup de main et fait don de nourriture pour chiens.","hero-button-repeater":null,"hero-1-image":47370,"hero-1-rounded":true,"hero-1-aspect-ratio":"aspect-video","global-bolt-enable":false,"global-bolt-orientation":"right","global-bolt-color":"orange"},{"acf_fc_layout":"hero-1","_acfe_flexible_layout_title":null,"_acfe_flexible_toggle":null,"background-colors-dropdown":"skin","hero-1-invert":true,"hero-1-caption":false,"hero-1-align":false,"hero-1-padding":false,"heading-intro-title-tag":"h2","heading-intro-title":"","heading-intro-left":false,"heading-intro-hide":false,"heading-intro-text":"","heading-intro-buttons":null,"hero-1-title-tag":"h3","hero-1-title":"<span class=\"font-walsheim\">Equizorgbos<\/span>","hero-1-text":"Equizorgbos \u00e0 Deurne-Diest aide les jeunes personnes handicap\u00e9es ou en difficult\u00e9 scolaire. Dans la nature, ils reprennent leur souffle et apprennent \u00e0 devenir plus forts. L'association sans but lucratif offre \u00e9galement un refuge aux mini-poneys et \u00e0 d'autres animaux. Just Russel a donc fait don d'aliments pour chiens afin de donner un coup de main suppl\u00e9mentaire. ","hero-button-repeater":null,"hero-1-image":47369,"hero-1-rounded":true,"hero-1-aspect-ratio":"aspect-video","global-bolt-enable":false,"global-bolt-orientation":"right","global-bolt-color":"orange"},{"acf_fc_layout":"hero-6","_acfe_flexible_layout_title":null,"_acfe_flexible_toggle":null,"background-colors-dropdown":"light","hero-6-inner-bg":"blue","hero-6-invert":false,"hero-6-padding":false,"heading-intro-title-tag":"h2","heading-intro-title":"","heading-intro-left":false,"heading-intro-hide":false,"heading-intro-text":"","heading-intro-buttons":null,"hero-6-title-tag":"h2","hero-6-title":"Vous aidez \u00e9galement les animaux et les \u00eatres humains ? Et vous avez besoin d'aide ?","hero-6-text":"Si c'est le cas, nous pouvons peut-\u00eatre vous aider. Remplissez le formulaire de contact et nous vous r\u00e9pondrons dans les plus brefs d\u00e9lais. Au plaisir de vous rencontrer !","hero-button-repeater":[{"hero-link":{"title":"Nous contacter","url":"https:\/\/support.justrussel.com\/hc\/fr-be\/","target":""},"hero-button-color":"button-dark-outline","hero-button-size":"button-sm","hero-button-arrow":false,"hero-button-down":false}],"hero-6-image":47368,"hero-6-rounded":true,"hero-6-aspect-ratio":"aspect-4\/3","global-bolt-enable":false,"global-bolt-orientation":"left","global-bolt-color":"orange"},{"acf_fc_layout":"cta-1","_acfe_flexible_layout_title":null,"_acfe_flexible_toggle":null,"cta-1-cta":2}],"settings-group":{"page-excerpt-content":""}},"_links":{"self":[{"href":"https:\/\/justrussel.com\/fr-be\/wp-json\/wp\/v2\/pages\/44594","targetHints":{"allow":["GET"]}}],"collection":[{"href":"https:\/\/justrussel.com\/fr-be\/wp-json\/wp\/v2\/pages"}],"about":[{"href":"https:\/\/justrussel.com\/fr-be\/wp-json\/wp\/v2\/types\/page"}],"author":[{"embeddable":true,"href":"https:\/\/justrussel.com\/fr-be\/wp-json\/wp\/v2\/users\/8"}],"replies":[{"embeddable":true,"href":"https:\/\/justrussel.com\/fr-be\/wp-json\/wp\/v2\/comments?post=44594"}],"version-history":[{"count":9,"href":"https:\/\/justrussel.com\/fr-be\/wp-json\/wp\/v2\/pages\/44594\/revisions"}],"predecessor-version":[{"id":48428,"href":"https:\/\/justrussel.com\/fr-be\/wp-json\/wp\/v2\/pages\/44594\/revisions\/48428"}],"wp:attachment":[{"href":"https:\/\/justrussel.com\/fr-be\/wp-json\/wp\/v2\/media?parent=44594"}],"curies":[{"name":"wp","href":"https:\/\/api.w.org\/{rel}","templated":true}]}}