{"id":45142,"date":"2023-03-14T14:10:44","date_gmt":"2023-03-14T14:10:44","guid":{"rendered":"https:\/\/new.justrussel.com\/fr-be\/?page_id=45142"},"modified":"2026-03-25T18:03:10","modified_gmt":"2026-03-25T17:03:10","slug":"notre-histoire","status":"publish","type":"page","link":"https:\/\/justrussel.com\/fr-be\/notre-histoire\/","title":{"rendered":"our-story_v1_organic_none_none_no-coupon"},"content":{"rendered":"","protected":false},"excerpt":{"rendered":"","protected":false},"author":1,"featured_media":0,"parent":0,"menu_order":0,"comment_status":"closed","ping_status":"closed","template":"","meta":{"_acf_changed":false,"editor_notices":[],"footnotes":""},"class_list":["post-45142","page","type-page","status-publish","hentry"],"acf":{"blocks":[{"acf_fc_layout":"heading-bolt","_acfe_flexible_layout_title":null,"_acfe_flexible_toggle":null,"background-colors-dropdown":"light","heading-bolt-invert":false,"heading-bolt-title-tag":"h1","heading-bolt-title":"Faire le bonheur de tous les animaux de compagnie, c'\u00e9tait une \u00e9vidence !","heading-bolt-text":"Louis, Renaat, Cyriel et Victor, passionn\u00e9s d'animaux, ont fond\u00e9 Just Russel en 2020. Avec un objectif : rendre tous les chiens et chats heureux et en bonne sant\u00e9 et faciliter la vie de leurs propri\u00e9taires.","hero-button-repeater":[{"hero-link":{"title":"Le bonheur se trouve ici","url":"https:\/\/app.justrussel.com\/be-fr\/signup\/","target":""},"hero-button-color":"button-green","hero-button-size":"button-md","hero-button-arrow":true,"hero-button-down":false}],"heading-bolt-image":45496,"global-bolt-enable":false,"global-bolt-orientation":"left","global-bolt-color":"orange"},{"acf_fc_layout":"hero-9","_acfe_flexible_layout_title":null,"_acfe_flexible_toggle":null,"background-colors-dropdown":"skin","hero-9-invert":true,"hero-9-title-tag":"h2","hero-9-title":"Anim\u00e9s par l'amour, guid\u00e9s par la science","hero-9-text":"La bonne portion, les bons nutriments, le bon go\u00fbt et les bons r\u00e9sultats : cela n\u00e9cessite une approche rationnelle mais passionn\u00e9e. C'est pourquoi nous avons cr\u00e9\u00e9 <strong>un outil de calcul intelligent en collaboration avec des v\u00e9t\u00e9rinaires<\/strong>. Il prend en compte diff\u00e9rents facteurs et propose des croquettes parfaitement adapt\u00e9es \u00e0 votre animal.\r\n","hero-button-repeater":[{"hero-link":{"title":"D\u00e9couvrez comment fonctionne notre algorithme","url":"https:\/\/justrussel.com\/fr-be\/notre-concept\/","target":""},"hero-button-color":"button-orange","hero-button-size":"button-sm","hero-button-arrow":false,"hero-button-down":false}],"hero-9-image":45476,"hero-9-width":"1\/2","global-bolt-enable":false,"global-bolt-orientation":"left","global-bolt-color":"orange"},{"acf_fc_layout":"hero-5","_acfe_flexible_layout_title":null,"_acfe_flexible_toggle":null,"background-colors-dropdown":"light","hero-5-invert":false,"hero-5-caption":false,"hero-5-align":false,"hero-5-padding":false,"heading-intro-title-tag":"h3","heading-intro-title":"","heading-intro-left":false,"heading-intro-hide":true,"heading-intro-text":"","heading-intro-buttons":null,"hero-5-title-tag":"h3","hero-5-title":"<span class=\"font-walsheim\">Une belle vie pour tous<\/span>","hero-5-text":"Le bien-\u00eatre des chats, des chiens et des personnes dans le besoin est \u00e9galement notre priorit\u00e9. C'est pourquoi nous soutenons des projets qui ont \u00e0 c\u0153ur les animaux et les personnes. Par exemple, nous avons d\u00e9j\u00e0 fait don de 1 300 repas sains \u00e0 Dierenasiel Gent.","hero-button-repeater":[{"hero-link":{"title":"D\u00e9couvrez tous nos projets","url":"https:\/\/justrussel.com\/fr-be\/bonne-cause\/","target":""},"hero-button-color":"button-orange","hero-button-size":"button-sm","hero-button-arrow":false,"hero-button-down":false}],"hero-5-video":"8KHyJ1EnbXw","hero-5-rounded":true,"global-bolt-enable":false,"global-bolt-orientation":"left","global-bolt-color":"orange"},{"acf_fc_layout":"hero-5","_acfe_flexible_layout_title":null,"_acfe_flexible_toggle":null,"background-colors-dropdown":"light","hero-5-invert":true,"hero-5-caption":false,"hero-5-align":false,"hero-5-padding":false,"heading-intro-title-tag":"h2","heading-intro-title":"","heading-intro-left":false,"heading-intro-hide":true,"heading-intro-text":"","heading-intro-buttons":null,"hero-5-title-tag":"h3","hero-5-title":"<span class=\"font-walsheim\">Se cr\u00e9er de beaux souvenirs ensemble<\/span>","hero-5-text":"En tant que marque en ligne, nous organisons au moins une fois par an un \u00e9v\u00e9nement pour l'animal et son ma\u00eetre. Au programme : de belles promenades le long de la Lys, un parcours d'obstacles pour les chiens, des collations et des boissons (\u00e9galement pour votre animal de compagnie !) et une roue de la fortune passionnante. Vous souhaitez \u00eatre de la partie la prochaine fois ? Inscrivez-vous et nous vous enverrons un e-mail le moment venu !","hero-button-repeater":[{"hero-link":{"title":"S'inscrire ","url":"#","target":""},"hero-button-color":"button-orange","hero-button-size":"button-sm","hero-button-arrow":false,"hero-button-down":false}],"hero-5-video":"j2nOoQMdoJo","hero-5-rounded":true,"global-bolt-enable":false,"global-bolt-orientation":"left","global-bolt-color":"orange"},{"acf_fc_layout":"grid-1","_acfe_flexible_layout_title":null,"_acfe_flexible_toggle":null,"background-colors-dropdown":"skin","grid-1-numbered":true,"grid-1-aspect-ratio":"aspect-4\/3","heading-intro-title-tag":"h2","heading-intro-title":"Comment \u00e7a marche ?","heading-intro-left":false,"heading-intro-hide":false,"heading-intro-text":"","heading-intro-buttons":[{"heading-intro-link":{"title":"Essayer maintenant","url":"https:\/\/app.justrussel.com\/be-fr\/signup\/","target":""},"heading-intro-button-color":"button-orange","heading-intro-button-size":"button-lg","heading-intro-button-arrow":false,"heading-intro-button-down":false}],"grid-1-grid":[{"grid-1-image":46856,"grid-1-title":"Parlez-nous de votre animal","grid-1-text":"Pour obtenir votre recette personnalis\u00e9e : sa race, son \u00e2ge, son poids, ses habitudes\u2026 On veut tout savoir !"},{"grid-1-image":42615,"grid-1-title":"Testez votre menu personnalis\u00e9","grid-1-text":"Ingr\u00e9dients, taille des croquettes et plan d\u2019alimentation 100% adapt\u00e9s pour votre animal !"},{"grid-1-image":2678,"grid-1-title":"Bienvenue dans la famille","grid-1-text":"L\u2019abonnement d\u00e9marre. Si besoin, vous pourrez toujours suspendre, reporter ou vous d\u00e9sabonner."}],"global-bolt-enable":false,"global-bolt-orientation":"left","global-bolt-color":"orange"},{"acf_fc_layout":"cta-1","_acfe_flexible_layout_title":null,"_acfe_flexible_toggle":null,"cta-1-cta":2},{"acf_fc_layout":"team","_acfe_flexible_layout_title":null,"_acfe_flexible_toggle":null,"heading-intro-title-tag":"h2","heading-intro-title":"Recontrez les nouveaux membres de votre famille !","heading-intro-left":false,"heading-intro-hide":false,"heading-intro-text":"Rencontrez l'\u00e9quipe qui se cache derri\u00e8re Just Russel.\r\nNous sommes toujours l\u00e0 pour vous et votre animal de compagnie.","heading-intro-buttons":null,"global-bolt-enable":false,"global-bolt-orientation":"left","global-bolt-color":"orange"},{"acf_fc_layout":"hero-8","_acfe_flexible_layout_title":null,"_acfe_flexible_toggle":null,"background-colors-dropdown":"light","hero-8-inner-bg":"blue","hero-8-invert":false,"hero-8-padding":false,"heading-intro-title-tag":"h2","heading-intro-title":"","heading-intro-left":false,"heading-intro-hide":false,"heading-intro-text":"","heading-intro-buttons":null,"hero-8-title-tag":"h2","hero-8-title":"Nos v\u00e9t\u00e9rinaires sont l\u00e0 pour vous","hero-8-text":"Vous pouvez leur <strong>demander gratuitement des conseils sur l'alimentation<\/strong> de votre animal. Votre animal n'a plus d'app\u00e9tit ? Souffre de d\u00e9mangeaisons ? A la digestion difficile ? Nos experts vous accompagnent jusqu'\u00e0 ce que votre chien ou votre chat retrouve la sant\u00e9.\r\n","hero-button-repeater":[{"hero-link":{"title":"En savoir plus sur notre service gratuit","url":"https:\/\/justrussel.com\/fr-be\/veterinaire-en-ligne\/","target":""},"hero-button-color":"button-dark-outline","hero-button-size":"button-sm","hero-button-arrow":false,"hero-button-down":false}],"hero-8-image":2043,"global-bolt-enable":false,"global-bolt-orientation":"left","global-bolt-color":"orange"}],"settings-group":{"page-excerpt-content":""}},"_links":{"self":[{"href":"https:\/\/justrussel.com\/fr-be\/wp-json\/wp\/v2\/pages\/45142","targetHints":{"allow":["GET"]}}],"collection":[{"href":"https:\/\/justrussel.com\/fr-be\/wp-json\/wp\/v2\/pages"}],"about":[{"href":"https:\/\/justrussel.com\/fr-be\/wp-json\/wp\/v2\/types\/page"}],"author":[{"embeddable":true,"href":"https:\/\/justrussel.com\/fr-be\/wp-json\/wp\/v2\/users\/1"}],"replies":[{"embeddable":true,"href":"https:\/\/justrussel.com\/fr-be\/wp-json\/wp\/v2\/comments?post=45142"}],"version-history":[{"count":14,"href":"https:\/\/justrussel.com\/fr-be\/wp-json\/wp\/v2\/pages\/45142\/revisions"}],"predecessor-version":[{"id":48446,"href":"https:\/\/justrussel.com\/fr-be\/wp-json\/wp\/v2\/pages\/45142\/revisions\/48446"}],"wp:attachment":[{"href":"https:\/\/justrussel.com\/fr-be\/wp-json\/wp\/v2\/media?parent=45142"}],"curies":[{"name":"wp","href":"https:\/\/api.w.org\/{rel}","templated":true}]}}