{"id":45648,"date":"2023-11-13T16:37:42","date_gmt":"2023-11-13T16:37:42","guid":{"rendered":"https:\/\/justrussel.com\/fr-be\/?page_id=45648"},"modified":"2024-02-27T11:11:25","modified_gmt":"2024-02-27T11:11:25","slug":"top5meilleurenourriturechien-20","status":"publish","type":"page","link":"https:\/\/justrussel.com\/fr-be\/top5meilleurenourriturechien-20\/","title":{"rendered":"Paid &#8211; home-discount-20-beeyz top5"},"content":{"rendered":"","protected":false},"excerpt":{"rendered":"","protected":false},"author":30,"featured_media":0,"parent":0,"menu_order":0,"comment_status":"closed","ping_status":"closed","template":"page-templates\/landing-page.php","meta":{"_acf_changed":false,"editor_notices":[],"footnotes":""},"class_list":["post-45648","page","type-page","status-publish","hentry"],"acf":{"blocks":[{"acf_fc_layout":"heading-1","_acfe_flexible_toggle":"","background-colors-dropdown":"light","heading-1-title-tag":"h2","heading-1-title":"Une recette unique, sp\u00e9cialement con\u00e7ue pour votre animal de compagnie","heading-1-text":"[jr_checklist]\r\n[jr_checklist_item] Adapt\u00e9e en fonction de ses besoins [\/jr_checklist_item]\r\n[jr_checklist_item] Le meilleur go\u00fbt, 100 % naturel [\/jr_checklist_item]\r\n[jr_checklist_item] Livraison gratuite \u00e0 domicile [\/jr_checklist_item]\r\n[\/jr_checklist]<\/span>","hero-button-repeater":[{"hero-link":{"title":"B\u00e9n\u00e9ficier de -20% et un jouet offert","url":"https:\/\/app.justrussel.com\/be-fr\/registreren\/?onboarding=JR23:GueYyLv4RZtRtCp16ijIBHbG39sd2gRIcaOCHN9iOjQ","target":""},"hero-button-color":"button-orange","hero-button-size":"button-md","hero-button-arrow":true,"hero-button-down":false}],"heading-1-background-image":45951,"heading-1-mobile-image":45952,"global-bolt-enable":false,"global-bolt-orientation":"left","global-bolt-color":"orange"},{"acf_fc_layout":"cta-1","_acfe_flexible_toggle":"","cta-1-cta":1},{"acf_fc_layout":"heading-image","_acfe_flexible_toggle":"","background-colors-dropdown":"skin","heading-intro-title-tag":"h2","heading-intro-title":"93% remarquent une vraie diff\u00e9rence","heading-intro-left":false,"heading-intro-hide":false,"heading-intro-text":"[jr_checklist]\r\n[jr_checklist_item] Recettes personnalis\u00e9es de haute qualit\u00e9 [\/jr_checklist_item]\r\n[jr_checklist_item] Formul\u00e9es par des experts [\/jr_checklist_item]\r\n[jr_checklist_item] R\u00e9sultats visibles en 2 mois seulement ! [\/jr_checklist_item]\r\n[\/jr_checklist]","heading-intro-buttons":null,"heading-image-linkto":"","heading-image-image":45079,"heading-image-image-mobile":45076,"heading-image-caption":false},{"acf_fc_layout":"grid-1","_acfe_flexible_toggle":"","background-colors-dropdown":"light","grid-1-numbered":true,"grid-1-aspect-ratio":"aspect-4\/3","heading-intro-title-tag":"h2","heading-intro-title":"Comment \u00e7a marche ? ","heading-intro-left":false,"heading-intro-hide":false,"heading-intro-text":"","heading-intro-buttons":[{"heading-intro-link":{"title":"B\u00e9n\u00e9ficier de -20% et un jouet offert","url":"https:\/\/app.justrussel.com\/be-fr\/registreren\/?onboarding=JR23:GueYyLv4RZtRtCp16ijIBHbG39sd2gRIcaOCHN9iOjQ","target":""},"heading-intro-button-color":"button-orange","heading-intro-button-size":"button-sm","heading-intro-button-arrow":false,"heading-intro-button-down":false}],"grid-1-grid":[{"grid-1-image":45259,"grid-1-title":"R\u00e9pondez \u00e0 10 questions  sur votre animal","grid-1-text":"Parlez-nous de lui : sa race, son \u00e2ge, son poids, ses habitudes\u2026 On veut tout savoir ! "},{"grid-1-image":42504,"grid-1-title":"Nous \u00e9laborons une recette adapt\u00e9e \u00e0 votre animal","grid-1-text":"Supervis\u00e9 et approuv\u00e9 par des v\u00e9t\u00e9rinaires."},{"grid-1-image":45486,"grid-1-title":"Nous vous livrons gratuitement \u00e0 domicile","grid-1-text":"Parce que vous m\u00e9ritez aussi que l'on prenne soin de vous !"}],"global-bolt-enable":false,"global-bolt-orientation":"left","global-bolt-color":"orange"},{"acf_fc_layout":"spacer","_acfe_flexible_toggle":"","spacer-contain":false,"spacer-mobile-space":24,"spacer-mobile-xl-space":24,"spacer-tablet-space":24,"spacer-tablet-xl-space":24,"spacer-desktop-space":36,"background-colors-dropdown":"orange"},{"acf_fc_layout":"usp-1","_acfe_flexible_toggle":"","background-colors-dropdown":"orange","usp-1-columns":"4","usp-1-walsheim":false,"usp-1-aspect-ratio":"aspect-4\/1","usp-1-padding":true,"heading-intro-title-tag":"h2","heading-intro-title":"","heading-intro-left":false,"heading-intro-hide":true,"heading-intro-text":"","heading-intro-buttons":null,"usp-1-grid-items":[{"usp-1-image":45165,"usp-1-title":"","usp-1-text":"\"Enfin des aliments pour chiens et chats qui tiennent compte du propri\u00e9taire."},{"usp-1-image":1627,"usp-1-title":"","usp-1-text":"\u201cC\u2019est l\u2019avenir des soins apport\u00e9s \u00e0 votre chien et \u00e0 votre chat.\u201d"},{"usp-1-image":1625,"usp-1-title":"","usp-1-text":"Une alimentation plus saine pour votre animal et plus facile pour le propri\u00e9taire !"},{"usp-1-image":1624,"usp-1-title":"","usp-1-text":"\"Ce sont les seules c\u00e9r\u00e9ales qu\u2019il mange. Je suis s\u00e9rieux\""}],"usp-1-button":"","global-bolt-enable":false,"global-bolt-orientation":"left","global-bolt-color":"orange"},{"acf_fc_layout":"spacer","_acfe_flexible_toggle":"","spacer-contain":false,"spacer-mobile-space":24,"spacer-mobile-xl-space":24,"spacer-tablet-space":24,"spacer-tablet-xl-space":24,"spacer-desktop-space":36,"background-colors-dropdown":"orange"},{"acf_fc_layout":"hero-2","_acfe_flexible_toggle":"","background-colors-dropdown":"light","hero-2-caption":false,"hero-2-align":false,"hero-2-padding":false,"heading-intro-title-tag":"h2","heading-intro-title":"Bien plus que des croquettes","heading-intro-left":false,"heading-intro-hide":false,"heading-intro-text":"Rendez votre animal encore plus heureux, g\u00e2tez-le !\r\nDes friandises, des nouveaux jouets et bien plus encore \u2026 ajoutez-les en seulement un clic !","heading-intro-buttons":[{"heading-intro-link":{"title":"B\u00e9n\u00e9ficier de -20% et un jouet offert","url":"https:\/\/app.justrussel.com\/be-fr\/registreren\/?onboarding=JR23:GueYyLv4RZtRtCp16ijIBHbG39sd2gRIcaOCHN9iOjQ","target":""},"heading-intro-button-color":"button-orange","heading-intro-button-size":"button-sm","heading-intro-button-arrow":false,"heading-intro-button-down":false}],"hero-2-image-1":42894,"hero-2-rounded-1":true,"hero-2-aspect-ratio-1":"aspect-4\/3","hero-2-image-2-display":true,"hero-2-image-2":44401,"hero-2-rounded-2":true,"hero-2-aspect-ratio-2":"aspect-4\/3","global-bolt-enable":false,"global-bolt-orientation":"left","global-bolt-color":"orange"},{"acf_fc_layout":"grid-pricing","_acfe_flexible_toggle":"","background-colors-dropdown":"skin","grid-pricing-inner-bg":"light","grid-pricing-toggle":false,"heading-intro-title-tag":"h2","heading-intro-title":"Votre porte-monnaie m\u00e9rite aussi le meilleur","heading-intro-left":false,"heading-intro-hide":false,"heading-intro-text":"Chez Just Russel, nous vous livrons directement chez vous. Vous ne payez donc pas de marge \u00e0 une animalerie ou \u00e0 un supermarch\u00e9. Et vous \u00e9conomisez jusqu'\u00e0 30% sur la nourriture haut de gamme pour chiens ou chats.","heading-intro-buttons":[{"heading-intro-link":{"title":"B\u00e9n\u00e9ficier de -20% et un jouet offert","url":"https:\/\/app.justrussel.com\/be-fr\/registreren\/?onboarding=JR23:GueYyLv4RZtRtCp16ijIBHbG39sd2gRIcaOCHN9iOjQ","target":""},"heading-intro-button-color":"button-orange","heading-intro-button-size":"button-lg","heading-intro-button-arrow":true,"heading-intro-button-down":false}],"grid-pricing-grid-items":[{"grid-pricing-title":"Chat","grid-pricing-image":42784,"grid-pricing-price":"0,50 \u20ac"},{"grid-pricing-title":"Chien","grid-pricing-image":42805,"grid-pricing-price":"1,03 \u20ac "},{"grid-pricing-title":"Garfield &amp; Pompom","grid-pricing-image":42862,"grid-pricing-price":"<sup>1,53 \u20ac<\/sup>1,43 \u20ac"},{"grid-pricing-title":"Stella &amp; Billie","grid-pricing-image":42850,"grid-pricing-price":"<sup>2,15 \u20ac<\/sup>1,85 \u20ac"}],"grid-pricing-pricing-table":null,"grid-pricing-use-suffix":false,"global-bolt-enable":false,"global-bolt-orientation":"left","global-bolt-color":"orange"},{"acf_fc_layout":"hero-6","_acfe_flexible_toggle":"","background-colors-dropdown":"light","hero-6-inner-bg":"blue","hero-6-invert":true,"hero-6-padding":false,"heading-intro-title-tag":"h2","heading-intro-title":"KLAAR VOOR VRAGEN - HELP","heading-intro-left":false,"heading-intro-hide":true,"heading-intro-text":"","heading-intro-buttons":null,"hero-6-title-tag":"h2","hero-6-title":"Nous sommes l\u00e0 pour vous","hero-6-text":"\ud83d\udc69\u200d\u2695\ufe0f Une \u00e9quipe disponible tous les jours quand vous en avez besoin. En ligne, via votre canal pr\u00e9f\u00e9r\u00e9.","hero-button-repeater":[{"hero-link":{"title":"Contactez-nous","url":"mailto:bonjour@justrussel.com","target":""},"hero-button-color":"button-dark-outline","hero-button-size":"button-sm","hero-button-arrow":false,"hero-button-down":false}],"hero-6-image":42615,"hero-6-rounded":true,"hero-6-aspect-ratio":"aspect-square","global-bolt-enable":false,"global-bolt-orientation":"left","global-bolt-color":"orange"},{"acf_fc_layout":"grid-3","_acfe_flexible_toggle":"","background-colors-dropdown":"orange","heading-intro-title-tag":"h2","heading-intro-title":"Plus de 10 000 clients satisfaits","heading-intro-left":false,"heading-intro-hide":false,"heading-intro-text":"Not\u00e9 \"Excellent\" sur Google","heading-intro-buttons":[{"heading-intro-link":{"title":"Lire plus d'avis","url":"https:\/\/justrussel.com\/fr-be\/avis\/","target":""},"heading-intro-button-color":"button-light","heading-intro-button-size":"button-sm","heading-intro-button-arrow":false,"heading-intro-button-down":false}],"grid-3-gallery":[42712,42699,42595,42703,42702,42581],"global-bolt-enable":false,"global-bolt-orientation":"left","global-bolt-color":"orange"},{"acf_fc_layout":"cta-2","_acfe_flexible_toggle":"","background-colors-dropdown":"light","heading-intro-title-tag":"h2","heading-intro-title":"Parlez-nous de votre animal en 3 minutes","heading-intro-left":false,"heading-intro-hide":false,"heading-intro-text":"Nous sommes persuad\u00e9s qu\u2019il va adorer ses recettes personnalis\u00e9es ! ","heading-intro-buttons":[{"heading-intro-link":{"title":"B\u00e9n\u00e9ficier de -20% et un jouet offert","url":"https:\/\/app.justrussel.com\/be-fr\/registreren\/?onboarding=JR23:GueYyLv4RZtRtCp16ijIBHbG39sd2gRIcaOCHN9iOjQ","target":""},"heading-intro-button-color":"button-yellow","heading-intro-button-size":"button-md","heading-intro-button-arrow":true,"heading-intro-button-down":false}],"cta-2-image":1987},{"acf_fc_layout":"cta-1","_acfe_flexible_toggle":"","cta-1-cta":2}],"settings-group":{"page-excerpt-content":""}},"_links":{"self":[{"href":"https:\/\/justrussel.com\/fr-be\/wp-json\/wp\/v2\/pages\/45648","targetHints":{"allow":["GET"]}}],"collection":[{"href":"https:\/\/justrussel.com\/fr-be\/wp-json\/wp\/v2\/pages"}],"about":[{"href":"https:\/\/justrussel.com\/fr-be\/wp-json\/wp\/v2\/types\/page"}],"author":[{"embeddable":true,"href":"https:\/\/justrussel.com\/fr-be\/wp-json\/wp\/v2\/users\/30"}],"replies":[{"embeddable":true,"href":"https:\/\/justrussel.com\/fr-be\/wp-json\/wp\/v2\/comments?post=45648"}],"version-history":[{"count":3,"href":"https:\/\/justrussel.com\/fr-be\/wp-json\/wp\/v2\/pages\/45648\/revisions"}],"predecessor-version":[{"id":45953,"href":"https:\/\/justrussel.com\/fr-be\/wp-json\/wp\/v2\/pages\/45648\/revisions\/45953"}],"wp:attachment":[{"href":"https:\/\/justrussel.com\/fr-be\/wp-json\/wp\/v2\/media?parent=45648"}],"curies":[{"name":"wp","href":"https:\/\/api.w.org\/{rel}","templated":true}]}}