{"id":45744,"date":"2023-12-28T16:03:01","date_gmt":"2023-12-28T16:03:01","guid":{"rendered":"https:\/\/justrussel.com\/fr-be\/?page_id=45744"},"modified":"2026-03-23T15:27:27","modified_gmt":"2026-03-23T14:27:27","slug":"promo","status":"publish","type":"page","link":"https:\/\/justrussel.com\/fr-be\/promo\/","title":{"rendered":"tv-campaign_v1_ATL_none_none_20%_TVBEFR"},"content":{"rendered":"&lt;span style=\u00a0\u00bbfont-size: 14pt;line-height: 0.9;text-align: left\u00a0\u00bb&gt;\ud83c\udf31 Compos\u00e9e avec des ingr\u00e9dients naturels &lt;\/br&gt;\r\n\ud83d\udc69\u200d\u2695\ufe0f Con\u00e7ue avec des v\u00e9t\u00e9rinaires&lt;\/br&gt;\r\n\ud83d\ude9a Livraison gratuite \u00e0 domicile &lt;\/span&gt;","protected":false},"excerpt":{"rendered":"&lt;span style=\u00a0\u00bbfont-size: 14pt;line-height: 0.9;text-align: left\u00a0\u00bb&gt;\ud83c\udf31 Compos\u00e9e avec des ingr\u00e9dients naturels &lt;\/br&gt; \ud83d\udc69\u200d\u2695\ufe0f Con\u00e7ue avec des v\u00e9t\u00e9rinaires&lt;\/br&gt; \ud83d\ude9a Livraison gratuite \u00e0 domicile &lt;\/span&gt;","protected":false},"author":2,"featured_media":0,"parent":0,"menu_order":0,"comment_status":"closed","ping_status":"closed","template":"page-templates\/landing-page.php","meta":{"_acf_changed":false,"editor_notices":[],"footnotes":""},"class_list":["post-45744","page","type-page","status-publish","hentry"],"acf":{"blocks":[{"acf_fc_layout":"heading-bolt","_acfe_flexible_layout_title":null,"_acfe_flexible_toggle":null,"background-colors-dropdown":"light","heading-bolt-invert":false,"heading-bolt-title-tag":"h2","heading-bolt-title":"Vu \u00e0 la TV ? Testez maintenant les croquettes personnalis\u00e9es","heading-bolt-text":"<span style=\"font-size: 14pt;line-height: 0.9;text-align: left\">\ud83c\udf31 Compos\u00e9e avec des ingr\u00e9dients naturels <\/br>\r\n\ud83d\udc69\u200d\u2695\ufe0f Con\u00e7ue avec des v\u00e9t\u00e9rinaires<\/br>\r\n\ud83d\ude9a Livraison gratuite \u00e0 domicile <\/span>","hero-button-repeater":[{"hero-link":{"title":"Profitez de 20% de r\u00e9duction","url":"https:\/\/app.justrussel.com\/be-fr\/signup\/?onboarding=TVBEFR:RIKMndFNimXz5fZxqP_-f98O9vz1SSddpO8BgQMy2Rk","target":""},"hero-button-color":"button-orange","hero-button-size":"button-md","hero-button-arrow":true,"hero-button-down":false}],"heading-bolt-image":48327,"global-bolt-enable":false,"global-bolt-orientation":"left","global-bolt-color":"orange"},{"acf_fc_layout":"cta-1","_acfe_flexible_layout_title":null,"_acfe_flexible_toggle":null,"cta-1-cta":1},{"acf_fc_layout":"hero-1","_acfe_flexible_layout_title":null,"_acfe_flexible_toggle":null,"background-colors-dropdown":"skin","hero-1-invert":true,"hero-1-caption":false,"hero-1-align":false,"hero-1-padding":false,"heading-intro-title-tag":"h2","heading-intro-title":"","heading-intro-left":false,"heading-intro-hide":true,"heading-intro-text":"","heading-intro-buttons":[{"heading-intro-link":{"title":"Ontdek het zelf ","url":"https:\/\/app.justrussel.com\/be-fr\/signup\/?onboarding=TVBEFR:RIKMndFNimXz5fZxqP_-f98O9vz1SSddpO8BgQMy2Rk","target":""},"heading-intro-button-color":"button-orange","heading-intro-button-size":"button-sm","heading-intro-button-arrow":true,"heading-intro-button-down":false}],"hero-1-title-tag":"h2","hero-1-title":"<span style=\"font-size: 21pt;line-height: 1.1\">Une alimentation <\/br> qui fait vraiment la diff\u00e9rence<\/span>","hero-1-text":"<div style=\"text-align: left\"> Au cas o\u00f9 vous l\u2019auriez manqu\u00e9 : nous livrons des croquettes personnalis\u00e9es pour chiens et chats directement chez vous, saines, savoureuse et simples \u00e0 utiliser.\r\n<\/div>\r\n\r\n[jr_checklist]\r\n[jr_checklist_item] Plan adapt\u00e9 selon <strong>son poids, sa sant\u00e9 et son niveau d\u2019activit\u00e9<\/strong>[\/jr_checklist_item]\r\n[jr_checklist_item] <strong>Recommand\u00e9 par les v\u00e9t\u00e9rinaires<\/strong> [\/jr_checklist_item]\r\n[jr_checklist_item] Avec <strong>des ingr\u00e9dients 100% naturels et de haute qualit\u00e9<\/strong> [\/jr_checklist_item]\r\n[\/jr_checklist]","hero-button-repeater":null,"hero-1-image":48305,"hero-1-rounded":true,"hero-1-aspect-ratio":"aspect-4\/3","global-bolt-enable":false,"global-bolt-orientation":"left","global-bolt-color":"orange"},{"acf_fc_layout":"spacer","_acfe_flexible_layout_title":null,"_acfe_flexible_toggle":null,"spacer-contain":false,"spacer-mobile-space":24,"spacer-mobile-xl-space":24,"spacer-tablet-space":24,"spacer-tablet-xl-space":24,"spacer-desktop-space":36,"background-colors-dropdown":"light"},{"acf_fc_layout":"usp-1","_acfe_flexible_layout_title":null,"_acfe_flexible_toggle":null,"background-colors-dropdown":"light","usp-1-columns":"4","usp-1-walsheim":false,"usp-1-aspect-ratio":"aspect-4\/1","usp-1-padding":true,"heading-intro-title-tag":"h2","heading-intro-title":"","heading-intro-left":false,"heading-intro-hide":true,"heading-intro-text":"","heading-intro-buttons":null,"usp-1-grid-items":[{"usp-1-image":48094,"usp-1-title":"","usp-1-text":"Plus de 8000 avis - <strong>\"Excellent\"<\/strong>"},{"usp-1-image":48095,"usp-1-title":"","usp-1-text":"Produit de l'ann\u00e9e 2026\r\n"},{"usp-1-image":48096,"usp-1-title":"","usp-1-text":"Ingr\u00e9dients <strong>naturels et de haute qualit\u00e9<\/strong>\r\n"},{"usp-1-image":48097,"usp-1-title":"","usp-1-text":"Approuv\u00e9 par <strong>les v\u00e9t\u00e9rinaires<\/strong>\r\n"}],"usp-1-button":"","global-bolt-enable":false,"global-bolt-orientation":"left","global-bolt-color":"orange"},{"acf_fc_layout":"spacer","_acfe_flexible_layout_title":null,"_acfe_flexible_toggle":null,"spacer-contain":false,"spacer-mobile-space":24,"spacer-mobile-xl-space":24,"spacer-tablet-space":24,"spacer-tablet-xl-space":24,"spacer-desktop-space":36,"background-colors-dropdown":"light"},{"acf_fc_layout":"grid-1","_acfe_flexible_layout_title":null,"_acfe_flexible_toggle":null,"background-colors-dropdown":"skin","grid-1-numbered":true,"grid-1-aspect-ratio":"aspect-4\/3","heading-intro-title-tag":"h6","heading-intro-title":"Comment \u00e7a marche ?","heading-intro-left":false,"heading-intro-hide":false,"heading-intro-text":"","heading-intro-buttons":[{"heading-intro-link":{"title":"Commencez ici","url":"https:\/\/app.justrussel.com\/be-fr\/signup\/?onboarding=TVBEFR:RIKMndFNimXz5fZxqP_-f98O9vz1SSddpO8BgQMy2Rk","target":""},"heading-intro-button-color":"button-orange","heading-intro-button-size":"button-sm","heading-intro-button-arrow":true,"heading-intro-button-down":false}],"grid-1-grid":[{"grid-1-image":47952,"grid-1-title":"Parlez-nous de votre animal","grid-1-text":"\u00c2ge, poids, race, activit\u00e9 et bien plus encore.\r\n\r\n"},{"grid-1-image":48098,"grid-1-title":"Nous \u00e9laborons son plan d\u2019alimentation personnalis\u00e9","grid-1-text":"Nos v\u00e9t\u00e9rinaires adaptent la formule id\u00e9ale aux besoins nutritionnels et caloriques de votre animal.\r\n\r\n"},{"grid-1-image":48099,"grid-1-title":"Recevez votre commande directement \u00e0 votre porte","grid-1-text":"La nourriture pr\u00e9f\u00e9r\u00e9e de votre compagnon est livr\u00e9e directement chez vous."}],"global-bolt-enable":false,"global-bolt-orientation":"left","global-bolt-color":"orange"},{"acf_fc_layout":"grid-pricing","_acfe_flexible_layout_title":null,"_acfe_flexible_toggle":null,"background-colors-dropdown":"light","grid-pricing-inner-bg":"skin","grid-pricing-toggle":true,"heading-intro-title-tag":"h6","heading-intro-title":"De vrais ingr\u00e9dients, de vrais prix","heading-intro-left":false,"heading-intro-hide":false,"heading-intro-text":"Just Russel livre directement \u00e0 domicile, ce qui permet d\u2019\u00e9liminer les marges suppl\u00e9mentaires des animaleries et des supermarch\u00e9s. De plus, nos ingr\u00e9dients de qualit\u00e9 favorisent une meilleure absorption et une digestion optimale.\r\n\r\n\r\nQuelques exemples de prix :","heading-intro-buttons":[{"heading-intro-link":{"title":"D\u00e9couvrez votre prix","url":"https:\/\/app.justrussel.com\/be-fr\/signup\/?onboarding=TVBEFR:RIKMndFNimXz5fZxqP_-f98O9vz1SSddpO8BgQMy2Rk","target":""},"heading-intro-button-color":"button-orange","heading-intro-button-size":"button-sm","heading-intro-button-arrow":true,"heading-intro-button-down":false}],"grid-pricing-grid-items":[{"grid-pricing-title":"Milo","grid-pricing-image":48218,"grid-pricing-price":"0,48\u20ac"},{"grid-pricing-title":"Luna","grid-pricing-image":48219,"grid-pricing-price":"1,89\u20ac"},{"grid-pricing-title":"Simba &amp; Rex","grid-pricing-image":48222,"grid-pricing-price":"<sup>0,96\u20ac<\/sup>0,83\u20ac"},{"grid-pricing-title":"Bas &amp; Billie","grid-pricing-image":48224,"grid-pricing-price":"<sup>2,89\u20ac<\/sup>2,43\u20ac"}],"grid-pricing-pricing-table":{"acftf":{"v":"1.3.31"},"p":{"o":{"uh":1},"ca":""},"c":[{"p":""},{"p":""},{"p":""}],"h":[{"c":"Par jour"},{"c":"Par mois"},{"c":"Per kg"}],"b":[[{"c":"\u20ac0,48 \/jour"},{"c":"\u20ac14,65 \/mois"},{"c":"\u20ac9,32 \/kg"}],[{"c":"\u20ac1,89 \/jour"},{"c":"\u20ac57,47 \/mois"},{"c":"\u20ac5,83 \/kg"}],[{"c":"<sup>\u20ac 0,96 <\/sup>\u20ac 0,83 \/jour"},{"c":"<sup>\u20ac 29,30<\/sup>\u20ac 25,13 \/mois"},{"c":"<sup>\u20ac 9,32<\/sup>\u20ac 7,99 \/kg"}],[{"c":"<sup>\u20ac 2,89<\/sup>\u20ac 2,43 \/jour"},{"c":"<sup>\u20ac 87,75<\/sup>\u20ac 73,79 \/mois"},{"c":"<sup>\u20ac 6,27<\/sup> \u20ac5,27 \/kg"}]]},"grid-pricing-use-suffix":true,"global-bolt-enable":false,"global-bolt-orientation":"left","global-bolt-color":"orange"},{"acf_fc_layout":"slider-review-timeline","_acfe_flexible_layout_title":null,"_acfe_flexible_toggle":null,"background-colors-dropdown":"skin","heading-intro-title-tag":"h2","heading-intro-title":"Les avis de nos clients","heading-intro-left":false,"heading-intro-hide":false,"heading-intro-text":"<div style=\"text-align: left\">\r\n  <div class=\"trustpilot-widget\" data-locale=\"fr-FR\" data-template-id=\"5419b6ffb0d04a076446a9af\" data-businessunit-id=\"5f8d907e7585c60001a16153\" data-style-height=\"20px\" data-style-width=\"100%\" data-theme=\"light\">\r\n    <a href=\"https:\/\/fr.trustpilot.com\/review\/justrussel.com\" target=\"_blank\" rel=\"noopener\">Trustpilot<\/a>\r\n  <\/div>\r\n<\/div>\r\n\r\nD\u2019abord ils se r\u00e9galent, puis d\u00e9bordent de vitalit\u00e9, et leurs ma\u00eetres ne manquent pas d'en parler : ","heading-intro-buttons":null,"slider-review-timeline-review":[48319],"global-bolt-enable":false,"global-bolt-orientation":"left","global-bolt-color":"orange"},{"acf_fc_layout":"hero-6","_acfe_flexible_layout_title":null,"_acfe_flexible_toggle":null,"background-colors-dropdown":"light","hero-6-inner-bg":"skin","hero-6-invert":false,"hero-6-padding":false,"heading-intro-title-tag":"h2","heading-intro-title":"","heading-intro-left":false,"heading-intro-hide":true,"heading-intro-text":"","heading-intro-buttons":null,"hero-6-title-tag":"h2","hero-6-title":"\u00c9labor\u00e9 par des v\u00e9t\u00e9rinaires","hero-6-text":"Nos v\u00e9t\u00e9rinaires d\u00e9veloppent nos recettes et participent \u00e0 <strong>l\u2019\u00e9laboration du plan nutritionnel personnalis\u00e9 de votre animal.<\/strong> En tant que client, vous pouvez \u00e9galement vous adresser \u00e0 eux pour obtenir des <strong>conseils personnalis\u00e9s<\/strong> et des informations compl\u00e9mentaires sur l\u2019alimentation de votre animal.\r\n\r\n","hero-button-repeater":[{"hero-link":{"title":"Commencez ici","url":"https:\/\/app.justrussel.com\/be-fr\/signup\/?onboarding=TVBEFR:RIKMndFNimXz5fZxqP_-f98O9vz1SSddpO8BgQMy2Rk","target":""},"hero-button-color":"button-orange","hero-button-size":"button-sm","hero-button-arrow":false,"hero-button-down":false}],"hero-6-image":48202,"hero-6-rounded":true,"hero-6-aspect-ratio":"aspect-4\/3","global-bolt-enable":false,"global-bolt-orientation":"left","global-bolt-color":"orange"},{"acf_fc_layout":"grid-1","_acfe_flexible_layout_title":null,"_acfe_flexible_toggle":null,"background-colors-dropdown":"skin","grid-1-numbered":false,"grid-1-aspect-ratio":"aspect-4\/3","heading-intro-title-tag":"h2","heading-intro-title":"Un abonnement flexible appr\u00e9ci\u00e9 autant par les ma\u00eetres que par leurs animaux","heading-intro-left":false,"heading-intro-hide":false,"heading-intro-text":"","heading-intro-buttons":[{"heading-intro-link":{"title":"D\u00e9couvrez son menu","url":"https:\/\/app.justrussel.com\/be-fr\/signup\/?onboarding=TVBEFR:RIKMndFNimXz5fZxqP_-f98O9vz1SSddpO8BgQMy2Rk","target":""},"heading-intro-button-color":"button-orange","heading-intro-button-size":"button-sm","heading-intro-button-arrow":true,"heading-intro-button-down":false}],"grid-1-grid":[{"grid-1-image":48312,"grid-1-title":"Tout ce dont votre animal a besoin, dans une seule box","grid-1-text":"Alimentation, friandises et jouets. Tout pour votre chien ou votre chat, r\u00e9uni dans une seule box livr\u00e9e directement chez vous.\r\n\r\n"},{"grid-1-image":48113,"grid-1-title":"Des conseils v\u00e9t\u00e9rinaires gratuits","grid-1-text":"Notre \u00e9quipe de v\u00e9t\u00e9rinaires est toujours l\u00e0 pour vous accompagner avec des conseils, des soins et la recette id\u00e9ale pour votre compagnon.\r\n\r\n"},{"grid-1-image":48114,"grid-1-title":"Vous d\u00e9cidez de tout !","grid-1-text":"Modifier, suspendre ou annuler vos livraisons? C\u2019est tr\u00e8s facile depuis notre application."}],"global-bolt-enable":false,"global-bolt-orientation":"left","global-bolt-color":"orange"},{"acf_fc_layout":"spacer","_acfe_flexible_layout_title":null,"_acfe_flexible_toggle":null,"spacer-contain":false,"spacer-mobile-space":24,"spacer-mobile-xl-space":24,"spacer-tablet-space":24,"spacer-tablet-xl-space":24,"spacer-desktop-space":36,"background-colors-dropdown":"light"},{"acf_fc_layout":"faq-simple","_acfe_flexible_layout_title":null,"_acfe_flexible_toggle":null,"background-colors-dropdown":"light","faq-simple-inner-bg":"skin","heading-intro-title-tag":"h2","heading-intro-title":"FAQ","heading-intro-left":false,"heading-intro-hide":false,"heading-intro-text":"","heading-intro-buttons":null,"faq-simple-faq-items":[{"faq-simple-question":"Comment fonctionne Just Russel ?","faq-simple-answer":"Avec Just Russel, vous profitez d\u2019un abonnement flexible. Vous pouvez\u00a0<strong>mettre vos livraisons en pause ou les modifier \u00e0 tout moment<\/strong>, selon vos besoins.\r\n\r\nTous les\u00a0<strong>4 \u00e0 6 semaines<\/strong>, vous recevez automatiquement\u00a0<strong>la m\u00eame quantit\u00e9<\/strong>\u00a0pour votre animal. Il a besoin de plus ou de moins de nourriture ? Vous souhaitez\u00a0<strong>reporter une livraison<\/strong>\u00a0? Vous pouvez tout g\u00e9rer tr\u00e8s facilement depuis votre compte.\r\n\r\nAttention : pensez \u00e0 effectuer vos modifications \u00e0 temps. En g\u00e9n\u00e9ral, cela doit \u00eatre fait\u00a0<strong>7 \u00e0 9 jours avant votre prochaine livraison<\/strong>. Vous trouverez toujours la date limite exacte directement dans votre compte."},{"faq-simple-question":"\u00c0 quel point l'abonnement Just Russel est-il flexible ?","faq-simple-answer":"Vous pouvez\u00a0<strong>suspendre ou r\u00e9silier<\/strong>\u00a0votre abonnement \u00e0 tout moment avant la date limite de modification de votre prochaine livraison. C\u2019est notre fa\u00e7on de vous garantir\u00a0<strong>une flexibilit\u00e9 maximale<\/strong>"},{"faq-simple-question":"Comment puis-je modifier la saveur gratuitement ?","faq-simple-answer":"Si votre animal n\u2019appr\u00e9cie pas notre alimentation, contactez-nous simplement. Nous vous offrirons la possibilit\u00e9 d\u2019ajuster et d\u2019optimiser la formule gratuitement.\r\n\r\nNotre service client est disponible du\u00a0<strong>lundi au vendredi, de 9\u202fh \u00e0 17\u202fh<\/strong>.\r\n\r\nDe plus,\u00a0<strong>vous b\u00e9n\u00e9ficiez d\u2019une garantie satisfait ou rembours\u00e9 de 30\u202fjours<\/strong>\u00a0sur votre premi\u00e8re livraison, pour vous assurer que vous et votre animal \u00eates enti\u00e8rement satisfaits."},{"faq-simple-question":"Comment passer ma premi\u00e8re commande ?","faq-simple-answer":"Rien de plus simple\u202f! <strong>Remplissez notre questionnaire<\/strong> en ligne avec le profil de votre animal. Une fois votre commande pass\u00e9e, nous <strong>pr\u00e9parons votre colis et livrons l\u2019alimentation personnalis\u00e9e de votre compagnon gratuitement \u00e0 domicile sous 2 \u00e0 4 jours ouvrables.<\/strong>"}],"global-bolt-enable":false,"global-bolt-orientation":"left","global-bolt-color":"orange"},{"acf_fc_layout":"cta-2","_acfe_flexible_layout_title":null,"_acfe_flexible_toggle":null,"background-colors-dropdown":"skin","heading-intro-title-tag":"h2","heading-intro-title":"Remplissez le questionnaire <\/br> en 3 minutes","heading-intro-left":false,"heading-intro-hide":false,"heading-intro-text":"Votre animal va adorer son plan d\u2019alimentation personnalis\u00e9. Pas satisfait\u202f? Contactez-nous, nous garantissons une satisfaction \u00e0 100%.","heading-intro-buttons":[{"heading-intro-link":{"title":"Commencer le questionnaire","url":"https:\/\/app.justrussel.com\/be-fr\/signup\/?onboarding=TVBEFR:RIKMndFNimXz5fZxqP_-f98O9vz1SSddpO8BgQMy2Rk","target":""},"heading-intro-button-color":"button-orange","heading-intro-button-size":"button-sm","heading-intro-button-arrow":true,"heading-intro-button-down":false}],"cta-2-image":48119}],"settings-group":{"page-excerpt-content":""}},"_links":{"self":[{"href":"https:\/\/justrussel.com\/fr-be\/wp-json\/wp\/v2\/pages\/45744","targetHints":{"allow":["GET"]}}],"collection":[{"href":"https:\/\/justrussel.com\/fr-be\/wp-json\/wp\/v2\/pages"}],"about":[{"href":"https:\/\/justrussel.com\/fr-be\/wp-json\/wp\/v2\/types\/page"}],"author":[{"embeddable":true,"href":"https:\/\/justrussel.com\/fr-be\/wp-json\/wp\/v2\/users\/2"}],"replies":[{"embeddable":true,"href":"https:\/\/justrussel.com\/fr-be\/wp-json\/wp\/v2\/comments?post=45744"}],"version-history":[{"count":16,"href":"https:\/\/justrussel.com\/fr-be\/wp-json\/wp\/v2\/pages\/45744\/revisions"}],"predecessor-version":[{"id":48424,"href":"https:\/\/justrussel.com\/fr-be\/wp-json\/wp\/v2\/pages\/45744\/revisions\/48424"}],"wp:attachment":[{"href":"https:\/\/justrussel.com\/fr-be\/wp-json\/wp\/v2\/media?parent=45744"}],"curies":[{"name":"wp","href":"https:\/\/api.w.org\/{rel}","templated":true}]}}