{"id":45875,"date":"2024-02-01T14:30:53","date_gmt":"2024-02-01T14:30:53","guid":{"rendered":"https:\/\/justrussel.com\/fr-be\/?page_id=45875"},"modified":"2024-02-02T10:48:40","modified_gmt":"2024-02-02T10:48:40","slug":"paid-google-top-5","status":"publish","type":"page","link":"https:\/\/justrussel.com\/fr-be\/paid-google-top-5\/","title":{"rendered":"Paid &#8211; Google &#8211; Top 5"},"content":{"rendered":"","protected":false},"excerpt":{"rendered":"","protected":false},"author":30,"featured_media":0,"parent":0,"menu_order":0,"comment_status":"closed","ping_status":"closed","template":"","meta":{"_acf_changed":false,"editor_notices":[],"footnotes":""},"class_list":["post-45875","page","type-page","status-publish","hentry"],"acf":{"blocks":[{"acf_fc_layout":"heading-1","_acfe_flexible_toggle":"","background-colors-dropdown":"light","heading-1-title-tag":"h2","heading-1-title":"Une recette unique, sp\u00e9cialement con\u00e7ue pour votre animal de compagnie","heading-1-text":"[jr_checklist]\r\n[jr_checklist_item] Adapt\u00e9e en fonction de ses besoins [\/jr_checklist_item]\r\n[jr_checklist_item] Le meilleur go\u00fbt, 100% naturel [\/jr_checklist_item]\r\n[jr_checklist_item] Livraison gratuite \u00e0 domicile [\/jr_checklist_item]\r\n[\/jr_checklist]<\/span>","hero-button-repeater":[{"hero-link":{"title":"Essayez-le avec 20% de r\u00e9duction et un jouet gratuit","url":"https:\/\/app.justrussel.com\/be-fr\/registreren\/?onboarding=TOP5W:VqUZVawEmfrZWS3oSwU8TAHhPZSZeh9RMM_cWJfUxak","target":""},"hero-button-color":"button-green","hero-button-size":"button-md","hero-button-arrow":true,"hero-button-down":false}],"heading-1-background-image":45811,"heading-1-mobile-image":45809,"global-bolt-enable":false,"global-bolt-orientation":"left","global-bolt-color":"orange"},{"acf_fc_layout":"cta-1","_acfe_flexible_toggle":"","cta-1-cta":1},{"acf_fc_layout":"hero-1","_acfe_flexible_toggle":"","background-colors-dropdown":"blue","hero-1-invert":true,"hero-1-caption":false,"hero-1-align":false,"hero-1-padding":false,"heading-intro-title-tag":"h2","heading-intro-title":"","heading-intro-left":false,"heading-intro-hide":true,"heading-intro-text":"","heading-intro-buttons":null,"hero-1-title-tag":"h2","hero-1-title":"Meilleure nourriture pour chiens de l'ann\u00e9e 2023-2024","hero-1-text":"Avec un score de satisfaction de 9,32\/10 sur plus de 50.000 enqu\u00eates, nous pouvons nous appeler avec beaucoup de fiert\u00e9 \u00abMeilleure nourriture pour chiens\u00bb de l'ann\u00e9e.\r\n[jr_checklist]\r\n[jr_checklist_item] <strong>9,32\/10<\/strong> score de satisfaction [\/jr_checklist_item]\r\n[jr_checklist_item] <strong>MEILLEUR PRODUIT DE L'ANN\u00c9E 2023-2024<\/strong> cat\u00e9gorie alimentation animale [\/jr_checklist_item]\r\n[jr_checklist_item] <strong>PRODUIT ELU DE L'ANN\u00c9E 2024<\/strong> [\/jr_checklist_item]\r\n[\/jr_checklist]","hero-button-repeater":[{"hero-link":{"title":"D\u00e9couvrez-le vous-m\u00eames","url":"https:\/\/app.justrussel.com\/be-fr\/registreren\/?onboarding=TOP5W:VqUZVawEmfrZWS3oSwU8TAHhPZSZeh9RMM_cWJfUxak","target":""},"hero-button-color":"button-yellow","hero-button-size":"button-md","hero-button-arrow":true,"hero-button-down":false}],"hero-1-image":45885,"hero-1-rounded":true,"hero-1-aspect-ratio":"aspect-video","global-bolt-enable":false,"global-bolt-orientation":"left","global-bolt-color":"orange"},{"acf_fc_layout":"grid-1","_acfe_flexible_toggle":"","background-colors-dropdown":"light","grid-1-numbered":true,"grid-1-aspect-ratio":"aspect-4\/3","heading-intro-title-tag":"h2","heading-intro-title":"Comment \u00e7a marche ? ","heading-intro-left":false,"heading-intro-hide":false,"heading-intro-text":"","heading-intro-buttons":[{"heading-intro-link":{"title":"Lancez le questionnaire","url":"https:\/\/app.justrussel.com\/be-fr\/registreren\/?onboarding=TOP5W:VqUZVawEmfrZWS3oSwU8TAHhPZSZeh9RMM_cWJfUxak","target":""},"heading-intro-button-color":"button-orange","heading-intro-button-size":"button-sm","heading-intro-button-arrow":false,"heading-intro-button-down":false}],"grid-1-grid":[{"grid-1-image":45751,"grid-1-title":"R\u00e9pondez \u00e0 10 questions  sur votre animal","grid-1-text":"Parlez-nous de lui : sa race, son \u00e2ge, son poids, ses habitudes\u2026 On veut tout savoir ! "},{"grid-1-image":42504,"grid-1-title":"Nous \u00e9laborons une recette adapt\u00e9e \u00e0 votre animal","grid-1-text":"Supervis\u00e9 et approuv\u00e9 par des v\u00e9t\u00e9rinaires."},{"grid-1-image":1779,"grid-1-title":"Nous vous livrons gratuitement \u00e0 domicile","grid-1-text":"Parce que vous m\u00e9ritez aussi que l'on prenne soin de vous !"}],"global-bolt-enable":false,"global-bolt-orientation":"left","global-bolt-color":"orange"},{"acf_fc_layout":"heading-image","_acfe_flexible_toggle":"","background-colors-dropdown":"skin","heading-intro-title-tag":"h2","heading-intro-title":"93% remarquent une vraie diff\u00e9rence","heading-intro-left":false,"heading-intro-hide":false,"heading-intro-text":"[jr_checklist]\r\n[jr_checklist_item] Recettes personnalis\u00e9es de haute qualit\u00e9 [\/jr_checklist_item]\r\n[jr_checklist_item] Formul\u00e9es par des experts [\/jr_checklist_item]\r\n[jr_checklist_item] R\u00e9sultats visibles en 2 mois seulement ! [\/jr_checklist_item]\r\n[\/jr_checklist]","heading-intro-buttons":null,"heading-image-linkto":"","heading-image-image":45079,"heading-image-image-mobile":45076,"heading-image-caption":false},{"acf_fc_layout":"heading-image","_acfe_flexible_toggle":"","background-colors-dropdown":"light","heading-intro-title-tag":"h2","heading-intro-title":"La meilleure nourriture pour votre chien","heading-intro-left":false,"heading-intro-hide":false,"heading-intro-text":"La meilleure nourriture est celle qui donne \u00e0 votre chien plein d'\u00e9nergie et le rend en bonne sant\u00e9. Pas sans vie, en surpoids et malade. C'est pourquoi, chez Just Russel, nous \u00e9vitons les aliments gras, mauvais et la r\u00e9pugnante farine d'os. Nous excluons \u00e9galement toutes sortes d'allerg\u00e8nes de notre nourriture pour chiens.","heading-intro-buttons":null,"heading-image-linkto":"","heading-image-image":45170,"heading-image-image-mobile":45171,"heading-image-caption":false},{"acf_fc_layout":"grid-pricing","_acfe_flexible_toggle":"","background-colors-dropdown":"skin","grid-pricing-inner-bg":"light","grid-pricing-toggle":false,"heading-intro-title-tag":"h2","heading-intro-title":"Votre porte-monnaie m\u00e9rite aussi le meilleur","heading-intro-left":false,"heading-intro-hide":false,"heading-intro-text":"Chez Just Russel, nous vous livrons directement chez vous. Vous ne payez donc pas de marge \u00e0 une animalerie ou \u00e0 un supermarch\u00e9. Et vous \u00e9conomisez jusqu'\u00e0 30% sur la nourriture haut de gamme pour chiens ou chats.","heading-intro-buttons":[{"heading-intro-link":{"title":"D\u00e9couvrez votre prix en mesure","url":"https:\/\/app.justrussel.com\/be-fr\/registreren\/?onboarding=TOP5W:VqUZVawEmfrZWS3oSwU8TAHhPZSZeh9RMM_cWJfUxak","target":""},"heading-intro-button-color":"button-orange","heading-intro-button-size":"button-lg","heading-intro-button-arrow":true,"heading-intro-button-down":false}],"grid-pricing-grid-items":[{"grid-pricing-title":"Chat","grid-pricing-image":42784,"grid-pricing-price":"0,50 \u20ac"},{"grid-pricing-title":"Chien","grid-pricing-image":42805,"grid-pricing-price":"0,89 \u20ac "},{"grid-pricing-title":"Garfield &amp; Pompom","grid-pricing-image":42862,"grid-pricing-price":"<sup>0,97 \u20ac<\/sup>0,84\u20ac"},{"grid-pricing-title":"Stella &amp; Billie","grid-pricing-image":42850,"grid-pricing-price":"<sup>1,82 \u20ac<\/sup>1,69 \u20ac"}],"grid-pricing-pricing-table":null,"grid-pricing-use-suffix":false,"global-bolt-enable":false,"global-bolt-orientation":"left","global-bolt-color":"orange"},{"acf_fc_layout":"hero-6","_acfe_flexible_toggle":"","background-colors-dropdown":"light","hero-6-inner-bg":"blue","hero-6-invert":true,"hero-6-padding":false,"heading-intro-title-tag":"h2","heading-intro-title":"KLAAR VOOR VRAGEN - HELP","heading-intro-left":false,"heading-intro-hide":true,"heading-intro-text":"","heading-intro-buttons":null,"hero-6-title-tag":"h2","hero-6-title":"Nous sommes l\u00e0 pour vous","hero-6-text":"\ud83d\udc69\u200d\u2695\ufe0f Une \u00e9quipe disponible tous les jours quand vous en avez besoin. En ligne, via votre canal pr\u00e9f\u00e9r\u00e9.","hero-button-repeater":[{"hero-link":{"title":"Contactez-nous","url":"tel:+33641467058","target":""},"hero-button-color":"button-dark-outline","hero-button-size":"button-sm","hero-button-arrow":false,"hero-button-down":false}],"hero-6-image":42615,"hero-6-rounded":true,"hero-6-aspect-ratio":"aspect-square","global-bolt-enable":false,"global-bolt-orientation":"left","global-bolt-color":"orange"},{"acf_fc_layout":"grid-3","_acfe_flexible_toggle":"","background-colors-dropdown":"orange","heading-intro-title-tag":"h2","heading-intro-title":"Plus de 40 000 clients satisfaits","heading-intro-left":false,"heading-intro-hide":false,"heading-intro-text":"Not\u00e9 \"Excellent\" sur Google","heading-intro-buttons":[{"heading-intro-link":{"title":"Lire plus d'avis","url":"https:\/\/justrussel.com\/fr-be\/avis\/","target":""},"heading-intro-button-color":"button-light","heading-intro-button-size":"button-sm","heading-intro-button-arrow":false,"heading-intro-button-down":false}],"grid-3-gallery":[45853,45849,45837,45838,45836,45835],"global-bolt-enable":false,"global-bolt-orientation":"left","global-bolt-color":"orange"},{"acf_fc_layout":"cta-2","_acfe_flexible_toggle":"","background-colors-dropdown":"light","heading-intro-title-tag":"h2","heading-intro-title":"Parlez-nous de votre animal en 3 minutes","heading-intro-left":false,"heading-intro-hide":false,"heading-intro-text":"Nous sommes persuad\u00e9s qu\u2019il va adorer ses recettes personnalis\u00e9es ! ","heading-intro-buttons":[{"heading-intro-link":{"title":"Compl\u00e9ter le questionnaire ","url":"https:\/\/app.justrussel.com\/be-fr\/registreren\/?onboarding=TOP5W:VqUZVawEmfrZWS3oSwU8TAHhPZSZeh9RMM_cWJfUxak","target":""},"heading-intro-button-color":"button-orange","heading-intro-button-size":"button-sm","heading-intro-button-arrow":false,"heading-intro-button-down":false},{"heading-intro-link":{"title":"D\u00e9couvrir notre nourriture pour chiens","url":"https:\/\/justrussel.com\/fr-be\/nourriture-pour-chien\/","target":""},"heading-intro-button-color":"button-orange","heading-intro-button-size":"button-sm","heading-intro-button-arrow":false,"heading-intro-button-down":false},{"heading-intro-link":{"title":"D\u00e9couvrir notre nourriture pour chats","url":"https:\/\/justrussel.com\/fr-be\/nourriture-pour-chat\/","target":""},"heading-intro-button-color":"button-orange","heading-intro-button-size":"button-sm","heading-intro-button-arrow":false,"heading-intro-button-down":false}],"cta-2-image":1987},{"acf_fc_layout":"cta-1","_acfe_flexible_toggle":"","cta-1-cta":2}],"settings-group":{"page-excerpt-content":""}},"_links":{"self":[{"href":"https:\/\/justrussel.com\/fr-be\/wp-json\/wp\/v2\/pages\/45875","targetHints":{"allow":["GET"]}}],"collection":[{"href":"https:\/\/justrussel.com\/fr-be\/wp-json\/wp\/v2\/pages"}],"about":[{"href":"https:\/\/justrussel.com\/fr-be\/wp-json\/wp\/v2\/types\/page"}],"author":[{"embeddable":true,"href":"https:\/\/justrussel.com\/fr-be\/wp-json\/wp\/v2\/users\/30"}],"replies":[{"embeddable":true,"href":"https:\/\/justrussel.com\/fr-be\/wp-json\/wp\/v2\/comments?post=45875"}],"version-history":[{"count":15,"href":"https:\/\/justrussel.com\/fr-be\/wp-json\/wp\/v2\/pages\/45875\/revisions"}],"predecessor-version":[{"id":45897,"href":"https:\/\/justrussel.com\/fr-be\/wp-json\/wp\/v2\/pages\/45875\/revisions\/45897"}],"wp:attachment":[{"href":"https:\/\/justrussel.com\/fr-be\/wp-json\/wp\/v2\/media?parent=45875"}],"curies":[{"name":"wp","href":"https:\/\/api.w.org\/{rel}","templated":true}]}}