{"id":46222,"date":"2024-04-18T06:59:27","date_gmt":"2024-04-18T06:59:27","guid":{"rendered":"https:\/\/justrussel.com\/fr-be\/?page_id=46222"},"modified":"2024-04-29T09:46:39","modified_gmt":"2024-04-29T09:46:39","slug":"pack-chiot","status":"publish","type":"page","link":"https:\/\/justrussel.com\/fr-be\/pack-chiot\/","title":{"rendered":"puppypack_v1_main_puppypackage"},"content":{"rendered":"","protected":false},"excerpt":{"rendered":"","protected":false},"author":7,"featured_media":0,"parent":0,"menu_order":0,"comment_status":"closed","ping_status":"closed","template":"","meta":{"_acf_changed":false,"editor_notices":[],"footnotes":""},"class_list":["post-46222","page","type-page","status-publish","hentry"],"acf":{"blocks":[{"acf_fc_layout":"heading-bolt","_acfe_flexible_layout_title":"Hero - Puppypakket","_acfe_flexible_toggle":"","background-colors-dropdown":"light","heading-bolt-invert":false,"heading-bolt-title-tag":"h1","heading-bolt-title":"Pack chiot, sur mesure pour votre chiot","heading-bolt-text":"[jr_checklist]\r\n[jr_checklist_item] \ud83e\udd66 3 kg de nourriture personnalis\u00e9e[\/jr_checklist_item]\r\n[jr_checklist_item] \ud83c\udf81 Des informations pr\u00e9cieuses et des cadeaux utiles[\/jr_checklist_item]\r\n[jr_checklist_item] \ud83d\udc69\u200d\u2695\ufe0f \u00c9labor\u00e9 par des v\u00e9t\u00e9rinaires et des experts[\/jr_checklist_item]\r\n[\/jr_checklist]","hero-button-repeater":[{"hero-link":{"title":"Essayez pour seulement 15 \u20ac","url":"https:\/\/app.justrussel.com\/be-fr\/signup\/?onboarding=PACKCHIOTBEFR:LxkSl25KsmC5WCz_vAg8F778fQkUwgd03XMJOCyMiP8","target":""},"hero-button-color":"button-orange","hero-button-size":"button-lg","hero-button-arrow":false,"hero-button-down":false}],"heading-bolt-image":46218,"global-bolt-enable":false,"global-bolt-orientation":"left","global-bolt-color":"orange"},{"acf_fc_layout":"spacer","_acfe_flexible_toggle":"","spacer-contain":false,"spacer-mobile-space":10,"spacer-mobile-xl-space":10,"spacer-tablet-space":10,"spacer-tablet-xl-space":10,"spacer-desktop-space":18,"background-colors-dropdown":"orange"},{"acf_fc_layout":"wysiwyg","_acfe_flexible_toggle":"","wysiwyg-wysiwyg":"<img class=\"wp-image-46080 aligncenter\" src=\"https:\/\/justrussel.fr\/wp-content\/uploads\/sites\/16\/FR-Google.png\" alt=\"\" width=\"377\" height=\"25\" \/>","wysiwyg-wysiwyg-width":false,"wysiwyg-wysiwyg-title":false,"wysiwyg-wysiwyg-prose":false,"wysiwyg-padding":true,"wysiwyg-end-blog":false,"background-colors-dropdown":"orange"},{"acf_fc_layout":"spacer","_acfe_flexible_toggle":"","spacer-contain":false,"spacer-mobile-space":10,"spacer-mobile-xl-space":10,"spacer-tablet-space":10,"spacer-tablet-xl-space":10,"spacer-desktop-space":18,"background-colors-dropdown":"orange"},{"acf_fc_layout":"hero-1","_acfe_flexible_layout_title":"Hero 1 - Wat zit er in?","_acfe_flexible_toggle":"","background-colors-dropdown":"skin","hero-1-invert":true,"hero-1-caption":false,"hero-1-align":false,"hero-1-padding":false,"heading-intro-title-tag":"h2","heading-intro-title":"","heading-intro-left":false,"heading-intro-hide":false,"heading-intro-text":"","heading-intro-buttons":null,"hero-1-title-tag":"h2","hero-1-title":"Que contient notre Pack Chiot ?","hero-1-text":"[jr_checklist]\r\n[jr_checklist_item] 3 kg de nourriture personnalis\u00e9e [\/jr_checklist_item]\r\n[jr_checklist_item] Un gobelet doseur pour la bonne quantit\u00e9[\/jr_checklist_item]\r\n[jr_checklist_item] Un guide complet du chiot[\/jr_checklist_item]\r\n[jr_checklist_item] Un programme d'alimentation des premiers mois[\/jr_checklist_item]\r\n[jr_checklist_item] Des jouets[\/jr_checklist_item]\r\n[jr_checklist_item] Des extras sympas pour d\u00e9buter[\/jr_checklist_item]\r\n[\/jr_checklist]","hero-button-repeater":[{"hero-link":{"title":"Essayez pour seulement 15 \u20ac","url":"https:\/\/app.justrussel.com\/be-fr\/signup\/?onboarding=PACKCHIOTBEFR:LxkSl25KsmC5WCz_vAg8F778fQkUwgd03XMJOCyMiP8","target":""},"hero-button-color":"button-orange","hero-button-size":"button-lg","hero-button-arrow":false,"hero-button-down":false}],"hero-1-image":46217,"hero-1-rounded":true,"hero-1-aspect-ratio":"aspect-4\/3","global-bolt-enable":false,"global-bolt-orientation":"left","global-bolt-color":"orange"},{"acf_fc_layout":"hero-1","_acfe_flexible_layout_title":"Hero 1 - Over onze puppygids","_acfe_flexible_toggle":"","background-colors-dropdown":"light","hero-1-invert":false,"hero-1-caption":false,"hero-1-align":false,"hero-1-padding":false,"heading-intro-title-tag":"h2","heading-intro-title":"","heading-intro-left":false,"heading-intro-hide":false,"heading-intro-text":"","heading-intro-buttons":null,"hero-1-title-tag":"h2","hero-1-title":"\u00c0 propos de notre guide du chiot","hero-1-text":"D\u00e9couvrez tout ce que vous devez savoir sur l'\u00e9ducation de votre chiot gr\u00e2ce \u00e0 notre guide du chiot. De la cr\u00e9ation d'un environnement sain et heureux \u00e0 <strong>une alimentation adapt\u00e9e<\/strong>, en passant par la gestion des probl\u00e8mes de comportement et le <strong>toilettage de votre chiot<\/strong>. Apprenez \u00e0 mettre en place un r\u00e9gime actif, \u00e0 cr\u00e9er un environnement s\u00fbr et obtenez des <strong>conseils pratiques <\/strong>pour la vie quotidienne avec votre nouvel animal de compagnie.","hero-button-repeater":null,"hero-1-image":46225,"hero-1-rounded":true,"hero-1-aspect-ratio":"aspect-4\/3","global-bolt-enable":false,"global-bolt-orientation":"left","global-bolt-color":"orange"},{"acf_fc_layout":"grid-1","_acfe_flexible_layout_title":"Puppypakket in 1-2-3","_acfe_flexible_toggle":"","background-colors-dropdown":"skin","grid-1-numbered":true,"grid-1-aspect-ratio":"aspect-4\/3","heading-intro-title-tag":"h2","heading-intro-title":"Votre Pack Chiot<br> en 3 \u00e9tapes faciles","heading-intro-left":false,"heading-intro-hide":false,"heading-intro-text":"","heading-intro-buttons":[{"heading-intro-link":{"title":"Essayez vous aussi","url":"https:\/\/app.justrussel.com\/be-fr\/signup\/?onboarding=PACKCHIOTBEFR:LxkSl25KsmC5WCz_vAg8F778fQkUwgd03XMJOCyMiP8","target":""},"heading-intro-button-color":"button-orange","heading-intro-button-size":"button-lg","heading-intro-button-arrow":false,"heading-intro-button-down":false}],"grid-1-grid":[{"grid-1-image":45751,"grid-1-title":"Dites-nous ce que nous devons savoir sur votre chiot","grid-1-text":"Comme son \u00e2ge, sa race, son poids et bien plus encore."},{"grid-1-image":46214,"grid-1-title":"Nos v\u00e9t\u00e9rinaires ont pr\u00e9par\u00e9 l'alimentation","grid-1-text":"\u00c0 l'aide d'un algorithme intelligent. \u00c9quilibr\u00e9e et avec des ingr\u00e9dients frais."},{"grid-1-image":46213,"grid-1-title":"Votre Pack Chiot vous est livr\u00e9 gratuitement \u00e0 domicile","grid-1-text":"Nous vous aidons ainsi \u00e0 gagner du temps et de l'argent."}],"global-bolt-enable":false,"global-bolt-orientation":"left","global-bolt-color":"orange"},{"acf_fc_layout":"spacer","_acfe_flexible_toggle":"","spacer-contain":false,"spacer-mobile-space":96,"spacer-mobile-xl-space":96,"spacer-tablet-space":96,"spacer-tablet-xl-space":96,"spacer-desktop-space":96,"background-colors-dropdown":"light"},{"acf_fc_layout":"usp-1","_acfe_flexible_toggle":"","background-colors-dropdown":"light","usp-1-columns":"4","usp-1-walsheim":false,"usp-1-aspect-ratio":"aspect-4\/3","usp-1-padding":true,"heading-intro-title-tag":"h2","heading-intro-title":"L'impact que nous avons","heading-intro-left":false,"heading-intro-hide":false,"heading-intro-text":"(*selon +3 000 avis de propri\u00e9taires de chiens)","heading-intro-buttons":null,"usp-1-grid-items":[{"usp-1-image":46212,"usp-1-title":"95 %","usp-1-text":"disent que leurs chiots se r\u00e9galent"},{"usp-1-image":46211,"usp-1-title":"86 %","usp-1-text":"nous recommanderaient \u00e0 leurs amis"},{"usp-1-image":46210,"usp-1-title":"87 %","usp-1-text":"constatent une meilleure digestion"},{"usp-1-image":46209,"usp-1-title":"95 %","usp-1-text":"constatent un chiot plein d'\u00e9nergie"}],"usp-1-button":"","global-bolt-enable":false,"global-bolt-orientation":"left","global-bolt-color":"orange"},{"acf_fc_layout":"spacer","_acfe_flexible_toggle":"","spacer-contain":false,"spacer-mobile-space":96,"spacer-mobile-xl-space":96,"spacer-tablet-space":96,"spacer-tablet-xl-space":96,"spacer-desktop-space":96,"background-colors-dropdown":"light"},{"acf_fc_layout":"reviews","_acfe_flexible_toggle":"","background-colors-dropdown":"orange","reviews-filter":false,"reviews-slider":false,"reviews-autoslide":false,"heading-intro-title-tag":"h2","heading-intro-title":"Qu'en pensent les autres propri\u00e9taires ?","heading-intro-left":false,"heading-intro-hide":false,"heading-intro-text":"","heading-intro-buttons":[{"heading-intro-link":{"title":"Plus d'avis","url":"https:\/\/justrussel.com\/fr-be\/avis\/","target":""},"heading-intro-button-color":"button-light","heading-intro-button-size":"button-sm","heading-intro-button-arrow":false,"heading-intro-button-down":false}],"reviews-method":"manual","reviews-quantity":3,"reviews-source":"all","reviews-reviews":"26,27,28","global-bolt-enable":false,"global-bolt-orientation":"left","global-bolt-color":"orange"},{"acf_fc_layout":"hero-1","_acfe_flexible_layout_title":"Hero 2 - dierenartsen","_acfe_flexible_toggle":"","background-colors-dropdown":"skin","hero-1-invert":true,"hero-1-caption":false,"hero-1-align":false,"hero-1-padding":false,"heading-intro-title-tag":"h2","heading-intro-title":"","heading-intro-left":false,"heading-intro-hide":false,"heading-intro-text":"","heading-intro-buttons":null,"hero-1-title-tag":"h2","hero-1-title":"Nos v\u00e9t\u00e9rinaires vous aident \u00e0 prendre soin de votre chiot","hero-1-text":"Pour toutes vos <strong>pr\u00e9occupations ou questions concernant l'alimentation de votre chiot<\/strong>, vous pouvez contacter nos experts. C'est 100 % gratuit. Contactez-nous et obtenez des conseils utiles, d\u00e8s que vous en avez besoin.","hero-button-repeater":[{"hero-link":{"title":"Contactez-nous ","url":"mailto:bonjour@justrussel.com","target":""},"hero-button-color":"button-orange","hero-button-size":"button-sm","hero-button-arrow":true,"hero-button-down":false}],"hero-1-image":46214,"hero-1-rounded":true,"hero-1-aspect-ratio":"aspect-square","global-bolt-enable":false,"global-bolt-orientation":"left","global-bolt-color":"orange"},{"acf_fc_layout":"spacer","_acfe_flexible_toggle":"","spacer-contain":false,"spacer-mobile-space":48,"spacer-mobile-xl-space":48,"spacer-tablet-space":48,"spacer-tablet-xl-space":48,"spacer-desktop-space":40,"background-colors-dropdown":"light"},{"acf_fc_layout":"usp-1","_acfe_flexible_layout_title":"USP 2","_acfe_flexible_toggle":"","background-colors-dropdown":"light","usp-1-columns":"4","usp-1-walsheim":false,"usp-1-aspect-ratio":"aspect-4\/3","usp-1-padding":true,"heading-intro-title-tag":"h2","heading-intro-title":"Ce qui compte pour nous","heading-intro-left":false,"heading-intro-hide":true,"heading-intro-text":"","heading-intro-buttons":null,"usp-1-grid-items":[{"usp-1-image":46207,"usp-1-title":"La qualit\u00e9 avant tout","usp-1-text":"Le march\u00e9 de la nourriture pour chiens est rest\u00e9 trop longtemps inchang\u00e9."},{"usp-1-image":46206,"usp-1-title":"Meilleur pour la plan\u00e8te","usp-1-text":"\u00c9nergie verte, r\u00e9colte et production locale."},{"usp-1-image":46205,"usp-1-title":"Plus de transparence","usp-1-text":"Nous choisissons de vrais ingr\u00e9dients que tout le monde conna\u00eet. "},{"usp-1-image":46219,"usp-1-title":"Des animaux plus heureux","usp-1-text":"Des aliments sains en quantit\u00e9 suffisante font la diff\u00e9rence. "}],"usp-1-button":"","global-bolt-enable":false,"global-bolt-orientation":"left","global-bolt-color":"orange"},{"acf_fc_layout":"spacer","_acfe_flexible_toggle":"","spacer-contain":false,"spacer-mobile-space":48,"spacer-mobile-xl-space":48,"spacer-tablet-space":48,"spacer-tablet-xl-space":48,"spacer-desktop-space":40,"background-colors-dropdown":"light"},{"acf_fc_layout":"faq-simple","_acfe_flexible_toggle":"","background-colors-dropdown":"light","faq-simple-inner-bg":"skin","heading-intro-title-tag":"h2","heading-intro-title":"Questions fr\u00e9quemment pos\u00e9es par les propri\u00e9taires de chiots","heading-intro-left":false,"heading-intro-hide":false,"heading-intro-text":"","heading-intro-buttons":null,"faq-simple-faq-items":[{"faq-simple-question":"Que contient le Pack Chiot ?","faq-simple-answer":"Le Pack Chiot Just Russel comprend :\r\n<ul>\r\n \t<li>3 kg de nourriture personnalis\u00e9e<\/li>\r\n \t<li>Un gobelet pour doser la nourriture<\/li>\r\n \t<li>Un guide complet du chiot<\/li>\r\n \t<li>Un programme d'alimentation pour les premiers mois<\/li>\r\n \t<li>Des jouets<\/li>\r\n \t<li>Des extras amusants pour d\u00e9buter<\/li>\r\n<\/ul>\r\nTout ce dont votre chiot a besoin pour un d\u00e9part sain !"},{"faq-simple-question":"De quoi avez-vous besoin lorsque vous adoptez un chiot ?","faq-simple-answer":"Un chiot a besoin d'une <b>alimentation quotidienne qui \u00e9volue avec lui<\/b>, d'eau, d'exercice, de dressage et de socialisation. Des examens m\u00e9dicaux r\u00e9guliers, y compris des vaccins et des vermifuges, sont essentiels pour sa sant\u00e9. N'oubliez pas de lui donner de l <b>'amour et de l'attention<\/b> afin de cr\u00e9er un lien solide."},{"faq-simple-question":"Quelle est la bonne quantit\u00e9 de nourriture pour mon chiot ?","faq-simple-answer":"Probablement moins que ce que votre chiot pourrait r\u00e9clamer \ud83d\ude09\r\n\r\nPlus s\u00e9rieusement, tout d\u00e9pend : de la race, de la taille, du poids, du sexe, de la st\u00e9rilisation, de l'\u00e2ge, du niveau d'activit\u00e9 et du nombre d'autres collations qu'il re\u00e7oit.\r\n\r\nSi vous voulez savoir quelle est la portion saine pour votre chiot, vous pouvez la calculer <a href=\"https:\/\/app.justrussel.com\/be-fr\/signup\/?onboarding=PACKCHIOTBEFR:LxkSl25KsmC5WCz_vAg8F778fQkUwgd03XMJOCyMiP8\"><u>ici<\/u><\/a>."},{"faq-simple-question":"Que faire si mon chiot refuse de manger ?","faq-simple-answer":"Gr\u00e2ce \u00e0 ces conseils, votre chiot redeviendra fan de son bol de croquettes :\r\n\r\n1. Changez la <strong>nourriture de votre<\/strong> chiot. Un go\u00fbt diff\u00e9rent peut faire des merveilles pour l'app\u00e9tit de votre chiot. Veillez simplement \u00e0 respecter une p\u00e9riode de transition de 7 jours pour que sa flore intestinale reste \u00e9quilibr\u00e9e.\r\n\r\n2. Ajoutez une <strong>garniture savoureuse<\/strong> \u00e0 ses croquettes. Un conseil : les chiens adorent l'huile de saumon. Elle contient des om\u00e9ga 3 et 6, ce qui en fait un v\u00e9ritable super-aliment !\r\n\r\n3. Rendez l'<strong>heure du repas amusante et stimulante <\/strong>! Versez la nourriture de votre chiot dans une balle ou cachez-la dans un tapis de reniflage. Votre chiot trouvera cela tr\u00e8s amusant et recommencera \u00e0 aimer manger."},{"faq-simple-question":"Jusqu'\u00e0 quel \u00e2ge mon chiot doit-il manger des croquettes pour chiots ?","faq-simple-answer":"Jusqu'\u00e0 ce qu'il ait atteint sa taille adulte. Pour les plus grands chiens, comme le Saint-Bernard, c'est vers 2 ans, et pour les plus petits, comme le Chihuahua, \u00e0 partir de 10 mois. Pour que vous n'ayez plus \u00e0 vous en soucier, nos croquettes grandissent avec votre chiot. Nous adaptons donc automatiquement la composition de son alimentation \u00e0 son \u00e2ge. Il re\u00e7oit donc toujours les bons nutriments \u00e0 chaque \u00e9tape de sa vie.\r\n\r\nCurieux.se de conna\u00eetre notre nourriture pour chiots sur mesure ? D\u00e9couvrez <a href=\"https:\/\/app.justrussel.com\/be-fr\/signup\/?onboarding=PACKCHIOT-BEFRFB:Sng2VFit1Yf1vc7e431t3lfKsNU698-ALQ-XGYxJOLA\"><u>ici<\/u><\/a> la recette unique de votre chiot."}],"global-bolt-enable":false,"global-bolt-orientation":"left","global-bolt-color":"orange"},{"acf_fc_layout":"cta-1","_acfe_flexible_toggle":"","cta-1-cta":2}],"settings-group":{"page-excerpt-content":""}},"_links":{"self":[{"href":"https:\/\/justrussel.com\/fr-be\/wp-json\/wp\/v2\/pages\/46222","targetHints":{"allow":["GET"]}}],"collection":[{"href":"https:\/\/justrussel.com\/fr-be\/wp-json\/wp\/v2\/pages"}],"about":[{"href":"https:\/\/justrussel.com\/fr-be\/wp-json\/wp\/v2\/types\/page"}],"author":[{"embeddable":true,"href":"https:\/\/justrussel.com\/fr-be\/wp-json\/wp\/v2\/users\/7"}],"replies":[{"embeddable":true,"href":"https:\/\/justrussel.com\/fr-be\/wp-json\/wp\/v2\/comments?post=46222"}],"version-history":[{"count":4,"href":"https:\/\/justrussel.com\/fr-be\/wp-json\/wp\/v2\/pages\/46222\/revisions"}],"predecessor-version":[{"id":46253,"href":"https:\/\/justrussel.com\/fr-be\/wp-json\/wp\/v2\/pages\/46222\/revisions\/46253"}],"wp:attachment":[{"href":"https:\/\/justrussel.com\/fr-be\/wp-json\/wp\/v2\/media?parent=46222"}],"curies":[{"name":"wp","href":"https:\/\/api.w.org\/{rel}","templated":true}]}}