{"id":46254,"date":"2024-04-29T09:58:55","date_gmt":"2024-04-29T09:58:55","guid":{"rendered":"https:\/\/justrussel.com\/fr-be\/?page_id=46254"},"modified":"2026-03-24T11:16:05","modified_gmt":"2026-03-24T10:16:05","slug":"nourriture-pour-chiot","status":"publish","type":"page","link":"https:\/\/justrussel.com\/fr-be\/nourriture-pour-chiot\/","title":{"rendered":"nourriture-pour-chiot_v1_organic_none_none_no-coupon"},"content":{"rendered":"","protected":false},"excerpt":{"rendered":"","protected":false},"author":7,"featured_media":0,"parent":0,"menu_order":0,"comment_status":"closed","ping_status":"closed","template":"","meta":{"_acf_changed":false,"editor_notices":[],"footnotes":""},"class_list":["post-46254","page","type-page","status-publish","hentry"],"acf":{"blocks":[{"acf_fc_layout":"heading-bolt","_acfe_flexible_layout_title":null,"_acfe_flexible_toggle":null,"background-colors-dropdown":"light","heading-bolt-invert":false,"heading-bolt-title-tag":"h1","heading-bolt-title":"Nourriture personnalis\u00e9e pour chiot, livr\u00e9e \u00e0 domicile","heading-bolt-text":"[jr_button link=\"https:\/\/app.justrussel.com\/fr-be\/signup\/\" target=\"_self\" color=\"orange\" size=\"sm\" label=\"Essayez Just Russel maintenant\"]\u2028\r\n[jr_checklist]\r\n[jr_checklist_item] \ud83d\udc69\u200d\u2695\ufe0f \u00c9labor\u00e9e par des v\u00e9t\u00e9rinaires et des experts [\/jr_checklist_item]\r\n[jr_checklist_item] \ud83e\udd66 En fonction du profil de votre chiot [\/jr_checklist_item]\r\n[jr_checklist_item] \ud83d\udc36 Approuv\u00e9e par + 5 000 chiots [\/jr_checklist_item]\r\n[jr_checklist_item] \ud83c\udde7\ud83c\uddea Fabriqu\u00e9e en Belgique [\/jr_checklist_item]\r\n[\/jr_checklist]","hero-button-repeater":null,"heading-bolt-image":46957,"global-bolt-enable":false,"global-bolt-orientation":"left","global-bolt-color":"orange"},{"acf_fc_layout":"cta-1","_acfe_flexible_layout_title":null,"_acfe_flexible_toggle":null,"cta-1-cta":1},{"acf_fc_layout":"hero-1","_acfe_flexible_layout_title":null,"_acfe_flexible_toggle":null,"background-colors-dropdown":"skin","hero-1-invert":true,"hero-1-caption":false,"hero-1-align":false,"hero-1-padding":false,"heading-intro-title-tag":"h2","heading-intro-title":"","heading-intro-left":false,"heading-intro-hide":false,"heading-intro-text":"","heading-intro-buttons":null,"hero-1-title-tag":"h2","hero-1-title":"Pourquoi Just Russel ?","hero-1-text":"De nombreuses croquettes pour chiots contiennent trop peu de prot\u00e9ines animales et trop de glucides. Cela peut entra\u00eener des probl\u00e8mes de sant\u00e9 tels que des retards de croissance, des probl\u00e8mes de d\u00e9veloppement osseux ou du cerveau et des douleurs de croissance. Nous proposons des croquettes avec un bon \u00e9quilibre de prot\u00e9ines et de glucides, adapt\u00e9es \u00e0 votre chiot.\r\n<br \/>\r\n<strong>Dr Joy Cleymans<\/strong>\r\nV\u00e9t\u00e9rinaire qui a aid\u00e9 avec succ\u00e8s des centaines de chiots \u00e0 se nourrir.","hero-button-repeater":[{"hero-link":{"title":"Plus d'informations","url":"https:\/\/justrussel.com\/fr-be\/veterinaire-en-ligne\/","target":""},"hero-button-color":"button-orange","hero-button-size":"button-sm","hero-button-arrow":false,"hero-button-down":false}],"hero-1-image":46257,"hero-1-rounded":true,"hero-1-aspect-ratio":"aspect-square","global-bolt-enable":false,"global-bolt-orientation":"left","global-bolt-color":"orange"},{"acf_fc_layout":"grid-1","_acfe_flexible_layout_title":null,"_acfe_flexible_toggle":null,"background-colors-dropdown":"light","grid-1-numbered":true,"grid-1-aspect-ratio":"aspect-4\/3","heading-intro-title-tag":"h2","heading-intro-title":"Notre concept en<br> 3 \u00e9tapes simples","heading-intro-left":false,"heading-intro-hide":false,"heading-intro-text":"","heading-intro-buttons":[{"heading-intro-link":{"title":"Essayez vous aussi","url":"https:\/\/app.justrussel.com\/fr-be\/signup\/","target":""},"heading-intro-button-color":"button-orange","heading-intro-button-size":"button-lg","heading-intro-button-arrow":false,"heading-intro-button-down":false}],"grid-1-grid":[{"grid-1-image":46856,"grid-1-title":"Dites-nous tout sur votre chiot","grid-1-text":"Comme son \u00e2ge, sa race, son poids et bien plus encore..."},{"grid-1-image":46259,"grid-1-title":"Nos v\u00e9t\u00e9rinaires composent l'alimentation","grid-1-text":"Gr\u00e2ce \u00e0 un algorithme intelligent. \u00c9quilibr\u00e9e et avec des ingr\u00e9dients frais."},{"grid-1-image":46213,"grid-1-title":"La nourriture est livr\u00e9e gratuitement chez vous","grid-1-text":"Nous vous faisons ainsi gagner du temps et de l'argent."}],"global-bolt-enable":false,"global-bolt-orientation":"left","global-bolt-color":"orange"},{"acf_fc_layout":"spacer","_acfe_flexible_layout_title":null,"_acfe_flexible_toggle":null,"spacer-contain":false,"spacer-mobile-space":96,"spacer-mobile-xl-space":96,"spacer-tablet-space":96,"spacer-tablet-xl-space":96,"spacer-desktop-space":96,"background-colors-dropdown":"skin"},{"acf_fc_layout":"usp-1","_acfe_flexible_layout_title":null,"_acfe_flexible_toggle":null,"background-colors-dropdown":"skin","usp-1-columns":"4","usp-1-walsheim":false,"usp-1-aspect-ratio":"aspect-4\/3","usp-1-padding":true,"heading-intro-title-tag":"h2","heading-intro-title":"L'impact que nous avons","heading-intro-left":false,"heading-intro-hide":false,"heading-intro-text":"(*selon +3 000 avis de propri\u00e9taires de chiens)","heading-intro-buttons":null,"usp-1-grid-items":[{"usp-1-image":46212,"usp-1-title":"95 %","usp-1-text":"d\u00e9clarent que leurs chiots se r\u00e9galent "},{"usp-1-image":46211,"usp-1-title":"86 %","usp-1-text":"nous recommanderaient \u00e0 leurs amis"},{"usp-1-image":46210,"usp-1-title":"87 %","usp-1-text":"constatent une am\u00e9lioration de la digestion"},{"usp-1-image":46209,"usp-1-title":"95 %","usp-1-text":"ont un chiot plein d'\u00e9nergie"}],"usp-1-button":"","global-bolt-enable":false,"global-bolt-orientation":"left","global-bolt-color":"orange"},{"acf_fc_layout":"spacer","_acfe_flexible_layout_title":null,"_acfe_flexible_toggle":null,"spacer-contain":false,"spacer-mobile-space":96,"spacer-mobile-xl-space":96,"spacer-tablet-space":96,"spacer-tablet-xl-space":96,"spacer-desktop-space":96,"background-colors-dropdown":"skin"},{"acf_fc_layout":"hero-6","_acfe_flexible_layout_title":null,"_acfe_flexible_toggle":null,"background-colors-dropdown":"light","hero-6-inner-bg":"skin","hero-6-invert":false,"hero-6-padding":false,"heading-intro-title-tag":"h2","heading-intro-title":"","heading-intro-left":false,"heading-intro-hide":true,"heading-intro-text":"","heading-intro-buttons":null,"hero-6-title-tag":"h2","hero-6-title":"Accueillez votre chiot avec un pack plein de saveur et de bonheur !","hero-6-text":"[jr_checklist]\r\n[jr_checklist_item] 3 kg de nourriture personnalis\u00e9e pour chiot[\/jr_checklist_item]\r\n[jr_checklist_item] 3 jouets farfelus [\/jr_checklist_item]\r\n[jr_checklist_item] Quelques indispensables pour chiot [\/jr_checklist_item]\r\n[jr_checklist_item] Un plan d'alimentation semaine par semaine[\/jr_checklist_item]\r\n[jr_checklist_item] Un guide du chiot avec des conseils essentiels [\/jr_checklist_item]\r\n[\/jr_checklist]","hero-button-repeater":[{"hero-link":{"title":"D\u00e9couvrez le Pack Chiot ","url":"https:\/\/justrussel.com\/fr-be\/pack-chiot\/","target":""},"hero-button-color":"button-orange","hero-button-size":"button-lg","hero-button-arrow":false,"hero-button-down":false}],"hero-6-image":46217,"hero-6-rounded":false,"hero-6-aspect-ratio":"aspect-4\/3","global-bolt-enable":false,"global-bolt-orientation":"left","global-bolt-color":"orange"},{"acf_fc_layout":"reviews","_acfe_flexible_layout_title":null,"_acfe_flexible_toggle":null,"background-colors-dropdown":"orange","reviews-filter":false,"reviews-slider":false,"reviews-autoslide":false,"heading-intro-title-tag":"h2","heading-intro-title":"Qu'en pensent les autres propri\u00e9taires ?","heading-intro-left":false,"heading-intro-hide":false,"heading-intro-text":"","heading-intro-buttons":[{"heading-intro-link":{"title":"Plus d'avis ","url":"https:\/\/justrussel.com\/fr-be\/avis\/","target":""},"heading-intro-button-color":"button-light","heading-intro-button-size":"button-sm","heading-intro-button-arrow":false,"heading-intro-button-down":false}],"reviews-method":"manual","reviews-quantity":3,"reviews-source":"all","reviews-reviews":"26,27,28","global-bolt-enable":false,"global-bolt-orientation":"left","global-bolt-color":"orange"},{"acf_fc_layout":"grid-4","_acfe_flexible_layout_title":null,"_acfe_flexible_toggle":null,"background-colors-dropdown":"light","grid-4-inner-bg":"skin","grid-4-aspect-ratio":"aspect-4\/3","heading-intro-title-tag":"h2","heading-intro-title":"Choisir ses croquettes en toute s\u00e9r\u00e9nit\u00e9 : Just Russel vous facilite la t\u00e2che","heading-intro-left":false,"heading-intro-hide":false,"heading-intro-text":"Notre alimentation personnalis\u00e9e tient compte des besoins uniques de votre race. Nous connaissons les probl\u00e8mes les plus courants et nous ajoutons les suppl\u00e9ments ad\u00e9quats \u00e0 titre pr\u00e9ventif. Ensemble, nous faisons en sorte que votre chiot prenne le meilleur d\u00e9part possible !","heading-intro-buttons":[{"heading-intro-link":{"title":"Compl\u00e9ter le questionnaire","url":"https:\/\/app.justrussel.com\/fr-be\/signup\/","target":""},"heading-intro-button-color":"button-orange","heading-intro-button-size":"button-lg","heading-intro-button-arrow":false,"heading-intro-button-down":false}],"grid-4-grid":[{"grid-4-image":46264,"grid-4-title":"Des recettes saines gr\u00e2ce \u00e0 nos v\u00e9t\u00e9rinaires","grid-4-text":"Nos v\u00e9t\u00e9rinaires pr\u00e9parent des recettes personnalis\u00e9es pour les chiots. Ils veillent par exemple \u00e0 ce que le <strong>rapport calcium\/phosphore<\/strong> de l'alimentation de votre chiot soit optimal afin que votre chiot puisse grandir sainement. "},{"grid-4-image":46263,"grid-4-title":"Nous choisissons les meilleurs ingr\u00e9dients","grid-4-text":"Un chiot difficile ?  Pas avec notre nourriture ! Nous n'utilisons ni colorants ni ar\u00f4mes chimiques, mais des <strong>prot\u00e9ines et des l\u00e9gumes frais<\/strong> que votre chiot adorera.\r\nFabriqu\u00e9 en Belgique selon les normes de qualit\u00e9 les plus strictes et toujours frais gr\u00e2ce \u00e0 une cha\u00eene d'approvisionnement courte."},{"grid-4-image":2268,"grid-4-title":"Toujours la bonne portion","grid-4-text":"Vous recevez gratuitement un <strong>gobelet doseur pratique et un programme d'alimentation<\/strong> lors de votre premi\u00e8re livraison de croquettes personnalis\u00e9es pour votre chiot. Ainsi, votre chiot ne mange jamais trop ou pas assez et b\u00e9n\u00e9ficie d'une croissance stable sans douleurs de croissance."},{"grid-4-image":46261,"grid-4-title":"Vous recevez un guide gratuit sur les chiots","grid-4-text":"S'occuper de son chiot est un plaisir, mais comment bien s'y prendre ? Pas de panique, nos experts ont rassembl\u00e9 tous leurs meilleurs conseils et astuces dans un <strong>guide du chiot<\/strong> pratique. Vous pouvez le t\u00e9l\u00e9charger gratuitement dans le mail de confirmation de votre premi\u00e8re commande !"},{"grid-4-image":46260,"grid-4-title":"Une alimentation qui grandit avec votre chiot","grid-4-text":"Notre  <span style=\"text-decoration: underline\"><a href=\"https:\/\/app.justrussel.com\/be-fr\/signup\">algorithme<\/a><\/span> suit l'\u00e2ge de votre chiot et calcule les nutriments dont il a besoin \u00e0 chaque \u00e9tape de sa croissance. Ainsi, <strong>ses croquettes \u00e9voluent automatiquement<\/strong> avec lui et vous n'avez pas \u00e0 vous inqui\u00e9ter lorsque vous devez passer \u00e0 la nourriture pour adultes. Pratique !\r\n"}],"global-bolt-enable":false,"global-bolt-orientation":"left","global-bolt-color":"orange"},{"acf_fc_layout":"hero-1","_acfe_flexible_layout_title":null,"_acfe_flexible_toggle":null,"background-colors-dropdown":"blue","hero-1-invert":true,"hero-1-caption":false,"hero-1-align":false,"hero-1-padding":false,"heading-intro-title-tag":"h2","heading-intro-title":"","heading-intro-left":false,"heading-intro-hide":false,"heading-intro-text":"","heading-intro-buttons":null,"hero-1-title-tag":"h2","hero-1-title":"Nos v\u00e9t\u00e9rinaires vous aident \u00e0 prendre soin de votre chiot","hero-1-text":"Pour toutes vos <strong>pr\u00e9occupations ou questions concernant l'alimentation de votre chiot<\/strong>, vous pouvez contacter nos experts. C'est 100 % gratuit. Appelez, envoyez un e-mail ou utilisez l'application et obtenez des conseils utiles, d\u00e8s que vous en avez besoin.","hero-button-repeater":[{"hero-link":{"title":"Nous contacter","url":"https:\/\/support.justrussel.com\/hc\/fr-be\/","target":""},"hero-button-color":"button-white","hero-button-size":"button-sm","hero-button-arrow":false,"hero-button-down":false}],"hero-1-image":46214,"hero-1-rounded":true,"hero-1-aspect-ratio":"aspect-square","global-bolt-enable":false,"global-bolt-orientation":"left","global-bolt-color":"orange"},{"acf_fc_layout":"spacer","_acfe_flexible_layout_title":null,"_acfe_flexible_toggle":null,"spacer-contain":false,"spacer-mobile-space":48,"spacer-mobile-xl-space":48,"spacer-tablet-space":48,"spacer-tablet-xl-space":48,"spacer-desktop-space":40,"background-colors-dropdown":"skin"},{"acf_fc_layout":"usp-1","_acfe_flexible_layout_title":null,"_acfe_flexible_toggle":null,"background-colors-dropdown":"skin","usp-1-columns":"4","usp-1-walsheim":false,"usp-1-aspect-ratio":"aspect-4\/3","usp-1-padding":true,"heading-intro-title-tag":"h2","heading-intro-title":"Wat voor ons telt","heading-intro-left":false,"heading-intro-hide":true,"heading-intro-text":"","heading-intro-buttons":null,"usp-1-grid-items":[{"usp-1-image":46207,"usp-1-title":"La qualit\u00e9 avant tout","usp-1-text":"Le march\u00e9 des croquettes pour chiens est rest\u00e9 trop longtemps inchang\u00e9."},{"usp-1-image":46206,"usp-1-title":"Meilleur pour la plan\u00e8te","usp-1-text":"\u00c9nergie verte et production belge.\r\n"},{"usp-1-image":46205,"usp-1-title":"Plus de transparence","usp-1-text":"Nous choisissons de vrais ingr\u00e9dients que tout le monde conna\u00eet.\r\n"},{"usp-1-image":46204,"usp-1-title":"Des animaux plus heureux","usp-1-text":"Des aliments sains en quantit\u00e9 suffisante font la diff\u00e9rence.\r\n"}],"usp-1-button":"","global-bolt-enable":false,"global-bolt-orientation":"left","global-bolt-color":"orange"},{"acf_fc_layout":"spacer","_acfe_flexible_layout_title":null,"_acfe_flexible_toggle":null,"spacer-contain":false,"spacer-mobile-space":48,"spacer-mobile-xl-space":48,"spacer-tablet-space":48,"spacer-tablet-xl-space":48,"spacer-desktop-space":40,"background-colors-dropdown":"skin"},{"acf_fc_layout":"faq-simple","_acfe_flexible_layout_title":null,"_acfe_flexible_toggle":null,"background-colors-dropdown":"light","faq-simple-inner-bg":"skin","heading-intro-title-tag":"h2","heading-intro-title":"Questions fr\u00e9quemment pos\u00e9es par les propri\u00e9taires de chiots","heading-intro-left":false,"heading-intro-hide":false,"heading-intro-text":"","heading-intro-buttons":null,"faq-simple-faq-items":[{"faq-simple-question":"Quelle est la bonne quantit\u00e9 de nourriture pour mon chiot ?","faq-simple-answer":"Probablement moins que ce que votre chiot pourrait r\u00e9clamer \ud83d\ude09\r\n\r\nPlus s\u00e9rieusement, tout d\u00e9pend : de la race, de la taille, du poids, du sexe, de la st\u00e9rilisation, de l\u2019\u00e2ge, du niveau d\u2019activit\u00e9 et du nombre d\u2019autres collations qu\u2019il re\u00e7oit.\r\n\r\nSi vous voulez savoir quelle est la portion saine pour votre chiot, vous pouvez la calculer\u00a0<a href=\"https:\/\/app.justrussel.com\/be-fr\/signup\"><u>ici<\/u><\/a>."},{"faq-simple-question":"Que faire si mon chiot refuse de manger ?","faq-simple-answer":"Gr\u00e2ce \u00e0 ces conseils, votre chiot redeviendra fan de son bol de croquettes :\r\n\r\n1. Changez la\u00a0<strong>nourriture de votre<\/strong>\u00a0chiot. Un go\u00fbt diff\u00e9rent peut faire des merveilles pour l\u2019app\u00e9tit de votre chiot. Veillez simplement \u00e0 respecter une p\u00e9riode de transition de 7 jours pour que sa flore intestinale reste \u00e9quilibr\u00e9e.\r\n\r\n2. Ajoutez une\u00a0<strong>garniture savoureuse<\/strong>\u00a0\u00e0 ses croquettes. Un conseil : les chiens adorent l\u2019huile de saumon. Elle contient des om\u00e9ga 3 et 6, ce qui en fait un v\u00e9ritable super-aliment !\r\n\r\n3. Rendez l\u2019<strong>heure du repas amusante et stimulante\u00a0<\/strong>! Versez la nourriture de votre chiot dans une balle ou cachez-la dans un tapis de reniflage. Votre chiot trouvera cela tr\u00e8s amusant et recommencera \u00e0 aimer manger."},{"faq-simple-question":"Jusqu'\u00e0 quel \u00e2ge mon chiot doit-il manger des croquettes pour chiots ?","faq-simple-answer":"Jusqu\u2019\u00e0 ce qu\u2019il ait atteint sa taille adulte. Pour les plus grands chiens, comme le Saint-Bernard, c\u2019est vers 2 ans, et pour les plus petits, comme le Chihuahua, \u00e0 partir de 10 mois. Pour que vous n\u2019ayez plus \u00e0 vous en soucier, nos croquettes grandissent avec votre chiot. Nous adaptons donc automatiquement la composition de son alimentation \u00e0 son \u00e2ge. Il re\u00e7oit donc toujours les bons nutriments \u00e0 chaque \u00e9tape de sa vie.\r\n\r\nCurieux.se de conna\u00eetre notre nourriture pour chiots sur mesure ? D\u00e9couvrez\u00a0<a href=\"https:\/\/app.justrussel.com\/fr-be\/signup\/\"><u>ici<\/u><\/a>\u00a0la recette unique de votre chiot."}],"global-bolt-enable":false,"global-bolt-orientation":"left","global-bolt-color":"orange"},{"acf_fc_layout":"cta-1","_acfe_flexible_layout_title":null,"_acfe_flexible_toggle":null,"cta-1-cta":2}],"settings-group":{"page-excerpt-content":""}},"_links":{"self":[{"href":"https:\/\/justrussel.com\/fr-be\/wp-json\/wp\/v2\/pages\/46254","targetHints":{"allow":["GET"]}}],"collection":[{"href":"https:\/\/justrussel.com\/fr-be\/wp-json\/wp\/v2\/pages"}],"about":[{"href":"https:\/\/justrussel.com\/fr-be\/wp-json\/wp\/v2\/types\/page"}],"author":[{"embeddable":true,"href":"https:\/\/justrussel.com\/fr-be\/wp-json\/wp\/v2\/users\/7"}],"replies":[{"embeddable":true,"href":"https:\/\/justrussel.com\/fr-be\/wp-json\/wp\/v2\/comments?post=46254"}],"version-history":[{"count":15,"href":"https:\/\/justrussel.com\/fr-be\/wp-json\/wp\/v2\/pages\/46254\/revisions"}],"predecessor-version":[{"id":48438,"href":"https:\/\/justrussel.com\/fr-be\/wp-json\/wp\/v2\/pages\/46254\/revisions\/48438"}],"wp:attachment":[{"href":"https:\/\/justrussel.com\/fr-be\/wp-json\/wp\/v2\/media?parent=46254"}],"curies":[{"name":"wp","href":"https:\/\/api.w.org\/{rel}","templated":true}]}}