{"id":46269,"date":"2024-04-29T13:56:27","date_gmt":"2024-04-29T13:56:27","guid":{"rendered":"https:\/\/justrussel.com\/fr-be\/?page_id=46269"},"modified":"2026-04-02T12:45:51","modified_gmt":"2026-04-02T10:45:51","slug":"nourriture-pour-chat","status":"publish","type":"page","link":"https:\/\/justrussel.com\/fr-be\/nourriture-pour-chat\/","title":{"rendered":"catfood_v1_organic_none_none_no-coupon"},"content":{"rendered":"","protected":false},"excerpt":{"rendered":"","protected":false},"author":7,"featured_media":0,"parent":0,"menu_order":0,"comment_status":"closed","ping_status":"closed","template":"","meta":{"_acf_changed":false,"editor_notices":[],"footnotes":""},"class_list":["post-46269","page","type-page","status-publish","hentry"],"acf":{"blocks":[{"acf_fc_layout":"heading-bolt","_acfe_flexible_layout_title":null,"_acfe_flexible_toggle":null,"background-colors-dropdown":"light","heading-bolt-invert":false,"heading-bolt-title-tag":"h2","heading-bolt-title":"Nourriture personnalis\u00e9e pour chat, livr\u00e9e \u00e0 domicile","heading-bolt-text":"[jr_button link=\"https:\/\/app.justrussel.com\/fr-be\/signup\/\" target=\"_self\" color=\"orange\" size=\"sm\" label=\"Essayez Just Russel maintenant\"]\u2028\r\n[jr_checklist]\r\n[jr_checklist_item] En fonction des besoins de votre chat [\/jr_checklist_item]\r\n[jr_checklist_item] Formul\u00e9e par des v\u00e9t\u00e9rinaires et experts[\/jr_checklist_item]\r\n[jr_checklist_item] Le meilleur go\u00fbt, 100 % naturel[\/jr_checklist_item]\r\n[\/jr_checklist]","hero-button-repeater":null,"heading-bolt-image":46953,"global-bolt-enable":false,"global-bolt-orientation":"left","global-bolt-color":"orange"},{"acf_fc_layout":"cta-1","_acfe_flexible_layout_title":null,"_acfe_flexible_toggle":null,"cta-1-cta":1},{"acf_fc_layout":"heading-image","_acfe_flexible_layout_title":null,"_acfe_flexible_toggle":null,"background-colors-dropdown":"skin","heading-intro-title-tag":"h2","heading-intro-title":"93 % remarquent une vraie diff\u00e9rence","heading-intro-left":false,"heading-intro-hide":false,"heading-intro-text":"[jr_checklist]\r\n[jr_checklist_item] Recette personnalis\u00e9e de haute qualit\u00e9 [\/jr_checklist_item]\r\n[jr_checklist_item] Formul\u00e9e par des experts [\/jr_checklist_item]\r\n[jr_checklist_item] R\u00e9sultats visibles en moins de 2 mois ! [\/jr_checklist_item]\r\n[\/jr_checklist]","heading-intro-buttons":[{"heading-intro-link":{"title":"Am\u00e9liorez son alimentation","url":"https:\/\/app.justrussel.com\/fr-be\/signup\/","target":""},"heading-intro-button-color":"button-orange","heading-intro-button-size":"button-sm","heading-intro-button-arrow":false,"heading-intro-button-down":false}],"heading-image-linkto":"","heading-image-image":46252,"heading-image-image-mobile":46248,"heading-image-caption":false},{"acf_fc_layout":"grid-1","_acfe_flexible_layout_title":null,"_acfe_flexible_toggle":null,"background-colors-dropdown":"light","grid-1-numbered":true,"grid-1-aspect-ratio":"aspect-4\/3","heading-intro-title-tag":"h2","heading-intro-title":"Comment \u00e7a marche ?","heading-intro-left":false,"heading-intro-hide":false,"heading-intro-text":"","heading-intro-buttons":[{"heading-intro-link":{"title":"Compl\u00e9tez le questionnaire","url":"https:\/\/app.justrussel.com\/fr-be\/signup\/","target":""},"heading-intro-button-color":"button-orange","heading-intro-button-size":"button-md","heading-intro-button-arrow":false,"heading-intro-button-down":false}],"grid-1-grid":[{"grid-1-image":47326,"grid-1-title":"Dites-nous tout sur votre chat","grid-1-text":"Comme son \u00e2ge, sa race, son poids, son sexe et bien plus encore..."},{"grid-1-image":47327,"grid-1-title":"Nous \u00e9laborons une recette sur mesure","grid-1-text":"Sous le contr\u00f4le et l'approbation de nos v\u00e9t\u00e9rinaires."},{"grid-1-image":45486,"grid-1-title":"Votre nourriture livr\u00e9e gratuitement chez vous chaque mois","grid-1-text":"Parce que le propri\u00e9taire m\u00e9rite lui aussi les meilleurs soins."}],"global-bolt-enable":false,"global-bolt-orientation":"left","global-bolt-color":"orange"},{"acf_fc_layout":"hero-6","_acfe_flexible_layout_title":null,"_acfe_flexible_toggle":null,"background-colors-dropdown":"skin","hero-6-inner-bg":"light","hero-6-invert":false,"hero-6-padding":false,"heading-intro-title-tag":"h2","heading-intro-title":"KLAAR VOOR VRAGEN - HELP","heading-intro-left":false,"heading-intro-hide":true,"heading-intro-text":"","heading-intro-buttons":null,"hero-6-title-tag":"h2","hero-6-title":"Plus que de la nourriture","hero-6-text":"Pour nous, prendre soin des animaux de compagnie est bien plus que de la nourriture. Nous proposons non seulement des <strong>croquettes personnalis\u00e9es<\/strong>, adapt\u00e9es \u00e0 votre compagnon \u00e0 quatre pattes, mais aussi de la <strong>nourriture humide<\/strong>, des <strong>friandises saines<\/strong>, <strong>des jouets et bien plus encore<\/strong>. De plus, nos experts sont pr\u00eats \u00e0 vous aider en vous donnant des <strong>conseils gratuits<\/strong> pour que votre animal vive longtemps et en bonne sant\u00e9.","hero-button-repeater":[{"hero-link":{"title":"En savoir plus sur notre concept","url":"https:\/\/justrussel.com\/fr-be\/notre-concept\/","target":""},"hero-button-color":"button-orange","hero-button-size":"button-sm","hero-button-arrow":true,"hero-button-down":false}],"hero-6-image":46273,"hero-6-rounded":true,"hero-6-aspect-ratio":"aspect-video","global-bolt-enable":false,"global-bolt-orientation":"left","global-bolt-color":"orange"},{"acf_fc_layout":"reviews","_acfe_flexible_layout_title":null,"_acfe_flexible_toggle":null,"background-colors-dropdown":"light","reviews-filter":false,"reviews-slider":false,"reviews-autoslide":false,"heading-intro-title-tag":"h2","heading-intro-title":"","heading-intro-left":false,"heading-intro-hide":true,"heading-intro-text":"","heading-intro-buttons":null,"reviews-method":"manual","reviews-quantity":3,"reviews-source":"all","reviews-reviews":"29,30,31","global-bolt-enable":false,"global-bolt-orientation":"left","global-bolt-color":"orange"},{"acf_fc_layout":"grid-pricing","_acfe_flexible_layout_title":null,"_acfe_flexible_toggle":null,"background-colors-dropdown":"skin","grid-pricing-inner-bg":"light","grid-pricing-toggle":true,"heading-intro-title-tag":"h2","heading-intro-title":"Exemples de prix : nourriture pour chats","heading-intro-left":false,"heading-intro-hide":false,"heading-intro-text":"Vous vous demandez combien co\u00fbte une nourriture saine et sur mesure pour chats ? Alors d\u00e9couvrez ici quelques exemples. Calculez votre prix personnel \u00e0 l'aide du bouton rouge ci-dessous.","heading-intro-buttons":[{"heading-intro-link":{"title":"Calculez votre prix","url":"https:\/\/app.justrussel.com\/fr-be\/signup\/","target":""},"heading-intro-button-color":"button-orange","heading-intro-button-size":"button-lg","heading-intro-button-arrow":true,"heading-intro-button-down":false}],"grid-pricing-grid-items":[{"grid-pricing-title":"Tigrou","grid-pricing-image":48481,"grid-pricing-price":"0,52 \u20ac"},{"grid-pricing-title":"Simba &amp; Rex","grid-pricing-image":48482,"grid-pricing-price":"<sup>1,03 \u20ac<\/sup>0,90 \u20ac"}],"grid-pricing-pricing-table":{"acftf":{"v":"1.3.34"},"p":{"o":{"uh":1},"ca":""},"c":[{"p":""},{"p":""},{"p":""}],"h":[{"c":"Prix par jour"},{"c":"Prix par mois"},{"c":"Prix par kg"}],"b":[[{"c":"0,52 \u20ac"},{"c":"15,70 \u20ac "},{"c":"9,98\u20ac "}],[{"c":"<sup>1,03 \u20ac<\/sup>0,90 \u20ac"},{"c":"<sup>31,40 \u20ac<\/sup>27,22 \u20ac"},{"c":"<sup>9,98 \u20ac<\/sup>8,66 \u20ac"}]]},"grid-pricing-use-suffix":false,"global-bolt-enable":false,"global-bolt-orientation":"left","global-bolt-color":"orange"},{"acf_fc_layout":"slider-1","_acfe_flexible_layout_title":null,"_acfe_flexible_toggle":null,"background-colors-dropdown":"light","slider-1-autoslide":true,"heading-intro-title-tag":"h2","heading-intro-title":"Un aper\u00e7u des ingr\u00e9dients","heading-intro-left":false,"heading-intro-hide":false,"heading-intro-text":"Quels sont les ingr\u00e9dients que votre chat appr\u00e9ciera dans ses croquettes personnalis\u00e9es ? \r\nNous en listons quelques-uns pour vous :","heading-intro-buttons":[{"heading-intro-link":{"title":"Composez votre recette","url":"https:\/\/app.justrussel.com\/fr-be\/signup\/","target":""},"heading-intro-button-color":"button-orange","heading-intro-button-size":"button-sm","heading-intro-button-arrow":false,"heading-intro-button-down":false}],"slider-1-sliders":[{"slider-1-slider":[{"slider-1-slide-image":1659,"slider-1-slide-title":"Poulet","slider-1-slide-text":"Importante source de prot\u00e9ines avec du calcium et du phosphore pour des os et des dents en bonne sant\u00e9"},{"slider-1-slide-image":1666,"slider-1-slide-title":"Saumon","slider-1-slide-text":"Riche en acides gras om\u00e9ga-3 pour une peau et un pelage sains"},{"slider-1-slide-image":35522,"slider-1-slide-title":"Riz ","slider-1-slide-text":"Pour des fibres saines et naturelles"},{"slider-1-slide-image":1657,"slider-1-slide-title":"Petits pois ","slider-1-slide-text":"Source de vitamines, riche en min\u00e9raux, en prot\u00e9ines et en fibres"},{"slider-1-slide-image":46341,"slider-1-slide-title":"Pomme de terre","slider-1-slide-text":"Source de glucides, fournissant de l'\u00e9nergie durable et riche en fibres pour une digestion saine"},{"slider-1-slide-image":46342,"slider-1-slide-title":"\u0152ufs ","slider-1-slide-text":"Excellente source de prot\u00e9ines de haute qualit\u00e9 et de nutriments essentiels pour le d\u00e9veloppement musculaire et le bien-\u00eatre g\u00e9n\u00e9ral"}]},{"slider-1-slider":[{"slider-1-slide-image":2519,"slider-1-slide-title":"Krill antarctique","slider-1-slide-text":"Riche en acides gras om\u00e9ga-3 pour le bon d\u00e9veloppement du cerveau et la sant\u00e9 du c\u0153ur"},{"slider-1-slide-image":1664,"slider-1-slide-title":"Huile de poisson","slider-1-slide-text":"Riche en acides gras om\u00e9ga-3 pour une fonction cardiaque et c\u00e9r\u00e9brale saine"},{"slider-1-slide-image":1663,"slider-1-slide-title":"Canneberges","slider-1-slide-text":"Superaliment avec des antioxydants pour un syst\u00e8me immunitaire sain"},{"slider-1-slide-image":1650,"slider-1-slide-title":"Pulpe de betterave","slider-1-slide-text":"Pour une bonne consistance des selles de votre chat"},{"slider-1-slide-image":46343,"slider-1-slide-title":"Herbes s\u00e9ch\u00e9es","slider-1-slide-text":"Riches en antioxydants naturels et en vitamines, elles contribuent \u00e0 la sant\u00e9 globale et au bien-\u00eatre de votre animal"},{"slider-1-slide-image":1656,"slider-1-slide-title":"Aucun additif artificiel","slider-1-slide-text":"C'est ainsi que tout r\u00e9gime alimentaire devrait \u00eatre con\u00e7u"}]}],"global-bolt-enable":false,"global-bolt-orientation":"left","global-bolt-color":"orange"},{"acf_fc_layout":"grid-4","_acfe_flexible_layout_title":null,"_acfe_flexible_toggle":null,"background-colors-dropdown":"skin","grid-4-inner-bg":"light","grid-4-aspect-ratio":"aspect-4\/3","heading-intro-title-tag":"h2","heading-intro-title":"Des croquettes con\u00e7ues pour votre chat et vous","heading-intro-left":false,"heading-intro-hide":false,"heading-intro-text":"","heading-intro-buttons":null,"grid-4-grid":[{"grid-4-image":47331,"grid-4-title":"Votre chat mange avec plaisir","grid-4-text":"Nos v\u00e9t\u00e9rinaires n'utilisent que des <strong>ingr\u00e9dients nutritifs et naturels<\/strong>, tels que du <strong>saumon frais<\/strong> ou du <strong>poulet tendre<\/strong>. Il n'y a pas de conservateurs ni d'ar\u00f4mes artificiels ! Ainsi, votre chat mange chaque jour une nourriture exceptionnellement <strong>saine et d\u00e9licieuse<\/strong>."},{"grid-4-image":2184,"grid-4-title":"Vous ne manquerez plus jamais de nourriture","grid-4-text":"Notre <span style=\"text-decoration: underline\"><a href=\"https:\/\/app.justrussel.com\/be-fr\/signup\/\">algorithme<\/a><\/span> calcule la quantit\u00e9 de nourriture que votre chat mange chaque jour. Il sait donc exactement quand vous n'aurez plus de croquettes. Nous pouvons donc vous livrer une nouvelle livraison de croquettes exactement au moment o\u00f9 vous en avez besoin. Et <strong>votre chat ne manquera jamais de nourriture<\/strong>."},{"grid-4-image":1583,"grid-4-title":"Vous recevez de l'aide pour prendre soin de votre chat","grid-4-text":"S'occuper de son chat est une chose formidable, mais parfois difficile. Il ne veut soudainement plus manger ou souffre de probl\u00e8mes intestinaux ou de poils ? <span style=\"text-decoration: underline\"><a href=\"https:\/\/justrussel.com\/fr-be\/veterinaire-en-ligne\/\">Contactez nos v\u00e9t\u00e9rinaires<\/a><\/span> qui vous donneront des conseils gratuits."},{"grid-4-image":47330,"grid-4-title":"Vous avez plus de temps pour votre chat","grid-4-text":"Aller au travail, rentrer \u00e0 la maison, cuisiner, se laver... En tant que propri\u00e9taire de chat, vous devez en plus vous rendre \u00e0 l'animalerie et parfois chez le v\u00e9t\u00e9rinaire. Pour vous \u00e9pargner ces tracas, nous vous proposons de <span style=\"text-decoration: underline\"><a href=\"https:\/\/app.justrussel.com\/fr\/shop\/?Huisdier=cat\">tout commander en ligne<\/a><\/span> pour votre chat : de la nourriture, des friandises saines, des jouets amusants et m\u00eame de la liti\u00e8re pour chat.\r\n"}],"global-bolt-enable":false,"global-bolt-orientation":"left","global-bolt-color":"orange"},{"acf_fc_layout":"comparison-table","_acfe_flexible_layout_title":null,"_acfe_flexible_toggle":null,"background-colors-dropdown":"light","heading-intro-title-tag":"h2","heading-intro-title":"Une nourriture vraiment saine","heading-intro-left":false,"heading-intro-hide":false,"heading-intro-text":"<span style=\"font-size: 12pt\">Personnalis\u00e9es et pr\u00e9par\u00e9es en douceur pour pr\u00e9server les nutriments.<\/span>","heading-intro-buttons":[{"heading-intro-link":{"title":"Essayez une alimentation sur mesure","url":"https:\/\/app.justrussel.com\/fr-be\/signup\/","target":""},"heading-intro-button-color":"button-orange","heading-intro-button-size":"button-sm","heading-intro-button-arrow":true,"heading-intro-button-down":false}],"comparison-table-table":{"acftf":{"v":"1.3.24"},"p":{"o":{"uh":1},"ca":""},"c":[{"p":""},{"p":""},{"p":""}],"h":[{"c":""},{"c":"<img src=\"https:\/\/justrussel.fr\/wp-content\/uploads\/sites\/16\/Cat-Food-BagBIGGER.webp\">\nJust Russel"},{"c":"<img src=\"http:\/\/justrussel.com\/wp-content\/uploads\/other-bag.webp\">Autre"}],"b":[[{"c":"Recette personnalis\u00e9e pour une sant\u00e9 optimale"},{"c":"true"},{"c":"false"}],[{"c":"Ingr\u00e9dients purs et naturels sans additifs"},{"c":"true"},{"c":"false"}],[{"c":"Hypoallerg\u00e9nique et pr\u00e9ventif"},{"c":"true"},{"c":"false"}],[{"c":"Fra\u00eechement pr\u00e9par\u00e9 et livr\u00e9 directement"},{"c":"true"},{"c":"false"}],[{"c":"Abonnement flexible selon vos besoins"},{"c":"true"},{"c":"false"}],[{"c":"Service client &amp; accompagnement individualis\u00e9 "},{"c":"true"},{"c":"false"}]]},"global-bolt-enable":false,"global-bolt-orientation":"left","global-bolt-color":"orange"},{"acf_fc_layout":"grid-3","_acfe_flexible_layout_title":null,"_acfe_flexible_toggle":null,"background-colors-dropdown":"orange","heading-intro-title-tag":"h2","heading-intro-title":"Plus de 55 000 clients satisfaits","heading-intro-left":false,"heading-intro-hide":false,"heading-intro-text":"Not\u00e9 \u00ab Excellent \u00bb sur Google\r\n","heading-intro-buttons":[{"heading-intro-link":{"title":"Lire plus d'avis","url":"https:\/\/justrussel.com\/fr-be\/avis\/","target":""},"heading-intro-button-color":"button-light","heading-intro-button-size":"button-sm","heading-intro-button-arrow":false,"heading-intro-button-down":false}],"grid-3-gallery":[46281,46280,46282,46277,46279,46278],"global-bolt-enable":false,"global-bolt-orientation":"left","global-bolt-color":"orange"},{"acf_fc_layout":"cta-2","_acfe_flexible_layout_title":null,"_acfe_flexible_toggle":null,"background-colors-dropdown":"light","heading-intro-title-tag":"h2","heading-intro-title":"Commencez votre questionnaire de 3 minutes","heading-intro-left":false,"heading-intro-hide":false,"heading-intro-text":"D\u00e9couvrez ici la nourriture id\u00e9ale pour votre chat.\r\nVotre boule de poils adorera sa recette personnalis\u00e9e.","heading-intro-buttons":[{"heading-intro-link":{"title":"Compl\u00e9tez le questionnaire","url":"https:\/\/app.justrussel.com\/fr-be\/signup\/","target":""},"heading-intro-button-color":"button-orange","heading-intro-button-size":"button-md","heading-intro-button-arrow":true,"heading-intro-button-down":false}],"cta-2-image":46283},{"acf_fc_layout":"cta-1","_acfe_flexible_layout_title":null,"_acfe_flexible_toggle":null,"cta-1-cta":2}],"settings-group":{"page-excerpt-content":""}},"_links":{"self":[{"href":"https:\/\/justrussel.com\/fr-be\/wp-json\/wp\/v2\/pages\/46269","targetHints":{"allow":["GET"]}}],"collection":[{"href":"https:\/\/justrussel.com\/fr-be\/wp-json\/wp\/v2\/pages"}],"about":[{"href":"https:\/\/justrussel.com\/fr-be\/wp-json\/wp\/v2\/types\/page"}],"author":[{"embeddable":true,"href":"https:\/\/justrussel.com\/fr-be\/wp-json\/wp\/v2\/users\/7"}],"replies":[{"embeddable":true,"href":"https:\/\/justrussel.com\/fr-be\/wp-json\/wp\/v2\/comments?post=46269"}],"version-history":[{"count":15,"href":"https:\/\/justrussel.com\/fr-be\/wp-json\/wp\/v2\/pages\/46269\/revisions"}],"predecessor-version":[{"id":48484,"href":"https:\/\/justrussel.com\/fr-be\/wp-json\/wp\/v2\/pages\/46269\/revisions\/48484"}],"wp:attachment":[{"href":"https:\/\/justrussel.com\/fr-be\/wp-json\/wp\/v2\/media?parent=46269"}],"curies":[{"name":"wp","href":"https:\/\/api.w.org\/{rel}","templated":true}]}}