{"id":46385,"date":"2024-06-12T10:13:52","date_gmt":"2024-06-12T10:13:52","guid":{"rendered":"https:\/\/justrussel.com\/fr-be\/?page_id=46385"},"modified":"2026-03-26T10:31:55","modified_gmt":"2026-03-26T09:31:55","slug":"auteurs","status":"publish","type":"page","link":"https:\/\/justrussel.com\/fr-be\/auteurs\/","title":{"rendered":"Auteurs_v1_organic_none_none_no-coupon"},"content":{"rendered":"","protected":false},"excerpt":{"rendered":"","protected":false},"author":17,"featured_media":0,"parent":0,"menu_order":0,"comment_status":"closed","ping_status":"closed","template":"","meta":{"_acf_changed":false,"editor_notices":[],"footnotes":""},"class_list":["post-46385","page","type-page","status-publish","hentry"],"acf":{"blocks":[{"acf_fc_layout":"hero-8","_acfe_flexible_layout_title":null,"_acfe_flexible_toggle":null,"background-colors-dropdown":"light","hero-8-inner-bg":"skin","hero-8-invert":false,"hero-8-padding":false,"heading-intro-title-tag":"h2","heading-intro-title":"Auteurs","heading-intro-left":false,"heading-intro-hide":false,"heading-intro-text":"Qui sont les personnes qui se cachent derri\u00e8re nos articles ? Apprenez \u00e0 les conna\u00eetre ici !","heading-intro-buttons":null,"hero-8-title-tag":"h2","hero-8-title":"C\u00e9line Vansuypeene","hero-8-text":"C\u00e9line est une v\u00e9t\u00e9rinaire exp\u00e9riment\u00e9e, passionn\u00e9e par les chiens et les chats. Son exp\u00e9rience en pratique v\u00e9t\u00e9rinaire a renforc\u00e9 son expertise en mati\u00e8re de sant\u00e9 et de bien-\u00eatre des animaux. Elle a toujours eu un grand int\u00e9r\u00eat pour l'exercice et la r\u00e9\u00e9ducation canine, ce qui lui a permis de...","hero-button-repeater":[{"hero-link":{"title":"En savoir plus sur C\u00e9line","url":"https:\/\/justrussel.com\/fr-be\/auteurs\/celine\/","target":""},"hero-button-color":"button-orange","hero-button-size":"button-sm","hero-button-arrow":false,"hero-button-down":false}],"hero-8-image":46410,"global-bolt-enable":false,"global-bolt-orientation":"left","global-bolt-color":"orange"}],"settings-group":{"page-excerpt-content":""}},"_links":{"self":[{"href":"https:\/\/justrussel.com\/fr-be\/wp-json\/wp\/v2\/pages\/46385","targetHints":{"allow":["GET"]}}],"collection":[{"href":"https:\/\/justrussel.com\/fr-be\/wp-json\/wp\/v2\/pages"}],"about":[{"href":"https:\/\/justrussel.com\/fr-be\/wp-json\/wp\/v2\/types\/page"}],"author":[{"embeddable":true,"href":"https:\/\/justrussel.com\/fr-be\/wp-json\/wp\/v2\/users\/17"}],"replies":[{"embeddable":true,"href":"https:\/\/justrussel.com\/fr-be\/wp-json\/wp\/v2\/comments?post=46385"}],"version-history":[{"count":6,"href":"https:\/\/justrussel.com\/fr-be\/wp-json\/wp\/v2\/pages\/46385\/revisions"}],"predecessor-version":[{"id":48455,"href":"https:\/\/justrussel.com\/fr-be\/wp-json\/wp\/v2\/pages\/46385\/revisions\/48455"}],"wp:attachment":[{"href":"https:\/\/justrussel.com\/fr-be\/wp-json\/wp\/v2\/media?parent=46385"}],"curies":[{"name":"wp","href":"https:\/\/api.w.org\/{rel}","templated":true}]}}