{"id":46387,"date":"2024-06-12T10:17:57","date_gmt":"2024-06-12T10:17:57","guid":{"rendered":"https:\/\/justrussel.com\/fr-be\/?page_id=46387"},"modified":"2026-03-26T10:37:02","modified_gmt":"2026-03-26T09:37:02","slug":"celine","status":"publish","type":"page","link":"https:\/\/justrussel.com\/fr-be\/auteurs\/celine\/","title":{"rendered":"vet-c\u00e9line-vansuypeene_v1_organic_none_none_no-coupon"},"content":{"rendered":"","protected":false},"excerpt":{"rendered":"","protected":false},"author":17,"featured_media":0,"parent":46385,"menu_order":0,"comment_status":"closed","ping_status":"closed","template":"","meta":{"_acf_changed":false,"editor_notices":[],"footnotes":""},"class_list":["post-46387","page","type-page","status-publish","hentry"],"acf":{"blocks":[{"acf_fc_layout":"hero-8","_acfe_flexible_layout_title":null,"_acfe_flexible_toggle":null,"background-colors-dropdown":"light","hero-8-inner-bg":"skin","hero-8-invert":false,"hero-8-padding":false,"heading-intro-title-tag":"h1","heading-intro-title":"C\u00e9line Vansuypeene","heading-intro-left":false,"heading-intro-hide":true,"heading-intro-text":"V\u00e9t\u00e9rinaire","heading-intro-buttons":null,"hero-8-title-tag":"h2","hero-8-title":"\u00c0 propos de C\u00e9line","hero-8-text":"C\u00e9line Vansuypeene a obtenu son dipl\u00f4me de v\u00e9t\u00e9rinaire, sp\u00e9cialit\u00e9 animaux de compagnie, \u00e0 l'Universit\u00e9 de Gand en 2018. Ensuite, elle a travaill\u00e9 et acquis de l'exp\u00e9rience en tant que v\u00e9t\u00e9rinaire dans un cabinet pour petits animaux tr\u00e8s r\u00e9put\u00e9 sur la c\u00f4te pendant 4 ans et demi. Compte tenu de son int\u00e9r\u00eat pour l'exercice et la r\u00e9\u00e9ducation des chiens, elle a suivi une formation compl\u00e9mentaire de physioth\u00e9rapeute pour chiens. Elle a termin\u00e9 cette formation avec succ\u00e8s en 2022. En tant que v\u00e9ritable amoureuse des animaux, elle souhaite contribuer \u00e0 ce que le plus grand nombre possible de chiens et de chats se sentent en bonne sant\u00e9 et heureux. Elle souhaite y parvenir en informant les gens sur une bonne alimentation, des exercices appropri\u00e9s et des conseils sur la sant\u00e9 des chiens et des chats en g\u00e9n\u00e9ral.","hero-button-repeater":null,"hero-8-image":46410,"global-bolt-enable":false,"global-bolt-orientation":"left","global-bolt-color":"orange"},{"acf_fc_layout":"hero-2","_acfe_flexible_layout_title":null,"_acfe_flexible_toggle":null,"background-colors-dropdown":"light","hero-2-caption":false,"hero-2-align":false,"hero-2-padding":false,"heading-intro-title-tag":"h2","heading-intro-title":"","heading-intro-left":false,"heading-intro-hide":true,"heading-intro-text":"","heading-intro-buttons":null,"hero-2-image-1":46391,"hero-2-rounded-1":true,"hero-2-aspect-ratio-1":"aspect-4\/3","hero-2-image-2-display":true,"hero-2-image-2":46392,"hero-2-rounded-2":true,"hero-2-aspect-ratio-2":"aspect-4\/3","global-bolt-enable":false,"global-bolt-orientation":"left","global-bolt-color":"orange"},{"acf_fc_layout":"posts","_acfe_flexible_layout_title":null,"_acfe_flexible_toggle":null,"background-colors-dropdown":"light","heading-intro-title-tag":"h2","heading-intro-title":"Blogs","heading-intro-left":false,"heading-intro-hide":false,"heading-intro-text":"","heading-intro-buttons":null,"posts-method":"automatic","posts-quantity":"9","posts-type":"blog-post","posts-category":[11],"posts-selection":""}],"settings-group":{"page-excerpt-content":""}},"_links":{"self":[{"href":"https:\/\/justrussel.com\/fr-be\/wp-json\/wp\/v2\/pages\/46387","targetHints":{"allow":["GET"]}}],"collection":[{"href":"https:\/\/justrussel.com\/fr-be\/wp-json\/wp\/v2\/pages"}],"about":[{"href":"https:\/\/justrussel.com\/fr-be\/wp-json\/wp\/v2\/types\/page"}],"author":[{"embeddable":true,"href":"https:\/\/justrussel.com\/fr-be\/wp-json\/wp\/v2\/users\/17"}],"replies":[{"embeddable":true,"href":"https:\/\/justrussel.com\/fr-be\/wp-json\/wp\/v2\/comments?post=46387"}],"version-history":[{"count":7,"href":"https:\/\/justrussel.com\/fr-be\/wp-json\/wp\/v2\/pages\/46387\/revisions"}],"predecessor-version":[{"id":48456,"href":"https:\/\/justrussel.com\/fr-be\/wp-json\/wp\/v2\/pages\/46387\/revisions\/48456"}],"up":[{"embeddable":true,"href":"https:\/\/justrussel.com\/fr-be\/wp-json\/wp\/v2\/pages\/46385"}],"wp:attachment":[{"href":"https:\/\/justrussel.com\/fr-be\/wp-json\/wp\/v2\/media?parent=46387"}],"curies":[{"name":"wp","href":"https:\/\/api.w.org\/{rel}","templated":true}]}}