{"id":46663,"date":"2024-10-30T08:46:39","date_gmt":"2024-10-30T08:46:39","guid":{"rendered":"https:\/\/justrussel.com\/fr-be\/?page_id=46663"},"modified":"2026-04-02T12:07:22","modified_gmt":"2026-04-02T10:07:22","slug":"nourriture-sur-mesure","status":"publish","type":"page","link":"https:\/\/justrussel.com\/fr-be\/nourriture-sur-mesure\/","title":{"rendered":"bof-core-dog-food_v1_meta_none_none_40%"},"content":{"rendered":"","protected":false},"excerpt":{"rendered":"","protected":false},"author":7,"featured_media":0,"parent":0,"menu_order":0,"comment_status":"closed","ping_status":"closed","template":"page-templates\/landing-page.php","meta":{"_acf_changed":false,"editor_notices":[],"footnotes":""},"class_list":["post-46663","page","type-page","status-publish","hentry"],"acf":{"blocks":[{"acf_fc_layout":"heading-bolt","_acfe_flexible_layout_title":null,"_acfe_flexible_toggle":null,"background-colors-dropdown":"light","heading-bolt-invert":false,"heading-bolt-title-tag":"h1","heading-bolt-title":"<span style=\"font-size: 28pt;line-height: 1.1\">Une alimentation personnalis\u00e9e, comme votre chien le m\u00e9rite<\/span>","heading-bolt-text":"[hf_form slug=\"befr_meta_bof_dog_cat_food_couponcroquette40\"]\r\n<span style=\"font-size: 14pt;line-height: 0.9;text-align: left\">\ud83c\udf31 Compos\u00e9e avec des ingr\u00e9dients naturels <\/br>\r\n\ud83d\udc69\u200d\u2695\ufe0f Con\u00e7ue avec des v\u00e9t\u00e9rinaires<\/br>\r\n\ud83d\ude9a Livraison gratuite \u00e0 domicile <\/span>","hero-button-repeater":null,"heading-bolt-image":48239,"global-bolt-enable":false,"global-bolt-orientation":"left","global-bolt-color":"orange"},{"acf_fc_layout":"cta-1","_acfe_flexible_layout_title":null,"_acfe_flexible_toggle":null,"cta-1-cta":1},{"acf_fc_layout":"hero-1","_acfe_flexible_layout_title":null,"_acfe_flexible_toggle":null,"background-colors-dropdown":"skin","hero-1-invert":true,"hero-1-caption":false,"hero-1-align":false,"hero-1-padding":false,"heading-intro-title-tag":"h2","heading-intro-title":"","heading-intro-left":false,"heading-intro-hide":true,"heading-intro-text":"","heading-intro-buttons":null,"hero-1-title-tag":"h2","hero-1-title":"<span style=\"font-size: 21pt;line-height: 1.1\">Une alimentation <\/br> qui fait vraiment la diff\u00e9rence<\/span>","hero-1-text":"Chez Just Russel, nous croyons que les chiens m\u00e9ritent la m\u00eame attention et la m\u00eame qualit\u00e9 que leurs ma\u00eetres. C\u2019est pourquoi chaque <strong>recette est soigneusement \u00e9labor\u00e9e et approuv\u00e9e<\/strong> par nos v\u00e9t\u00e9rinaires.\r\n<br>\r\nNotre alimentation est <strong>riche en prot\u00e9ines animales de haute qualit\u00e9<\/strong> et ne contient que des ingr\u00e9dients naturels, sans conservateurs. Nous garantissons ainsi une nourriture saine et savoureuse, parfaitement adapt\u00e9e aux besoins de votre chien.\r\n\r\n[jr_checklist]\r\n[jr_checklist_item] <strong>Go\u00fbt irr\u00e9sistible<\/strong> [\/jr_checklist_item]\r\n[jr_checklist_item] Plan adapt\u00e9 selon <strong>son poids, sa sant\u00e9 et son niveau d\u2019activit\u00e9<\/strong> [\/jr_checklist_item]\r\n[jr_checklist_item] <strong>Taille de croquette parfaite<\/strong> pour la race de votre chien [\/jr_checklist_item]\r\n[\/jr_checklist]","hero-button-repeater":[{"hero-link":{"title":"D\u00e9couvrez Just Russel","url":"https:\/\/app.justrussel.com\/fr-be\/signup\/?onboarding=CROQUETTE40:guW7FYyXP3txdbCVCsqW28qHIDiL97XyYDnXRiFGjy4","target":""},"hero-button-color":"button-orange","hero-button-size":"button-sm","hero-button-arrow":false,"hero-button-down":false}],"hero-1-image":48093,"hero-1-rounded":true,"hero-1-aspect-ratio":"aspect-4\/3","global-bolt-enable":false,"global-bolt-orientation":"left","global-bolt-color":"orange"},{"acf_fc_layout":"spacer","_acfe_flexible_layout_title":null,"_acfe_flexible_toggle":null,"spacer-contain":false,"spacer-mobile-space":24,"spacer-mobile-xl-space":24,"spacer-tablet-space":24,"spacer-tablet-xl-space":24,"spacer-desktop-space":36,"background-colors-dropdown":"light"},{"acf_fc_layout":"usp-1","_acfe_flexible_layout_title":null,"_acfe_flexible_toggle":null,"background-colors-dropdown":"light","usp-1-columns":"4","usp-1-walsheim":false,"usp-1-aspect-ratio":"aspect-4\/1","usp-1-padding":true,"heading-intro-title-tag":"h2","heading-intro-title":"","heading-intro-left":false,"heading-intro-hide":true,"heading-intro-text":"","heading-intro-buttons":null,"usp-1-grid-items":[{"usp-1-image":48094,"usp-1-title":"","usp-1-text":"Plus de 8000 avis - <strong>\"Excellent\"<\/strong>"},{"usp-1-image":48095,"usp-1-title":"","usp-1-text":"Produit de l'ann\u00e9e 2025"},{"usp-1-image":48096,"usp-1-title":"","usp-1-text":"Ingr\u00e9dients <strong>naturels et de haute qualit\u00e9<\/strong>"},{"usp-1-image":48097,"usp-1-title":"","usp-1-text":"Approuv\u00e9 par <strong>les v\u00e9t\u00e9rinaires<\/strong>"}],"usp-1-button":"","global-bolt-enable":false,"global-bolt-orientation":"left","global-bolt-color":"orange"},{"acf_fc_layout":"spacer","_acfe_flexible_layout_title":null,"_acfe_flexible_toggle":null,"spacer-contain":false,"spacer-mobile-space":24,"spacer-mobile-xl-space":24,"spacer-tablet-space":24,"spacer-tablet-xl-space":24,"spacer-desktop-space":36,"background-colors-dropdown":"light"},{"acf_fc_layout":"grid-1","_acfe_flexible_layout_title":null,"_acfe_flexible_toggle":null,"background-colors-dropdown":"skin","grid-1-numbered":true,"grid-1-aspect-ratio":"aspect-4\/3","heading-intro-title-tag":"h6","heading-intro-title":"Comment \u00e7a marche ?","heading-intro-left":false,"heading-intro-hide":false,"heading-intro-text":"","heading-intro-buttons":[{"heading-intro-link":{"title":"Commencez d\u00e8s maintenant","url":"https:\/\/app.justrussel.com\/fr-be\/signup\/?onboarding=CROQUETTE40:guW7FYyXP3txdbCVCsqW28qHIDiL97XyYDnXRiFGjy4","target":""},"heading-intro-button-color":"button-orange","heading-intro-button-size":"button-sm","heading-intro-button-arrow":true,"heading-intro-button-down":false}],"grid-1-grid":[{"grid-1-image":46215,"grid-1-title":"Parlez-nous de votre chien","grid-1-text":"\u00c2ge, poids, race, activit\u00e9 et bien plus encore."},{"grid-1-image":48098,"grid-1-title":"Nous \u00e9laborons son plan d\u2019alimentation personnalis\u00e9 ","grid-1-text":"Nos v\u00e9t\u00e9rinaires adaptent la formule id\u00e9ale aux besoins nutritionnels et caloriques de votre chien."},{"grid-1-image":48099,"grid-1-title":"Recevez votre commande directement \u00e0 votre porte ","grid-1-text":"La nourriture pr\u00e9f\u00e9r\u00e9e de votre chien est livr\u00e9e directement chez vous."}],"global-bolt-enable":false,"global-bolt-orientation":"left","global-bolt-color":"orange"},{"acf_fc_layout":"grid-pricing","_acfe_flexible_layout_title":null,"_acfe_flexible_toggle":null,"background-colors-dropdown":"light","grid-pricing-inner-bg":"skin","grid-pricing-toggle":true,"heading-intro-title-tag":"h6","heading-intro-title":"De vrais ingr\u00e9dients, de vrais prix","heading-intro-left":false,"heading-intro-hide":false,"heading-intro-text":"Just Russel livre directement \u00e0 domicile, ce qui permet d\u2019\u00e9liminer les marges suppl\u00e9mentaires des animaleries et des supermarch\u00e9s. De plus, nos ingr\u00e9dients de qualit\u00e9 favorisent une meilleure absorption et une digestion optimale.\r\n\r\nQuelques exemples de prix :","heading-intro-buttons":[{"heading-intro-link":{"title":"D\u00e9couvre ton prix","url":"https:\/\/app.justrussel.com\/fr-be\/signup\/?onboarding=CROQUETTE40:guW7FYyXP3txdbCVCsqW28qHIDiL97XyYDnXRiFGjy4","target":""},"heading-intro-button-color":"button-orange","heading-intro-button-size":"button-sm","heading-intro-button-arrow":true,"heading-intro-button-down":false}],"grid-pricing-grid-items":[{"grid-pricing-title":"Stella","grid-pricing-image":48100,"grid-pricing-price":"0,78\u20ac"},{"grid-pricing-title":"Bas","grid-pricing-image":48101,"grid-pricing-price":"1,89\u20ac"},{"grid-pricing-title":"Max","grid-pricing-image":48102,"grid-pricing-price":"2,06\u20ac"},{"grid-pricing-title":"Rex &amp; Billie","grid-pricing-image":48103,"grid-pricing-price":"<sup>4,01\u20ac<\/sup>3,44\u20ac"}],"grid-pricing-pricing-table":{"acftf":{"v":"1.3.34"},"p":{"o":{"uh":1},"ca":""},"c":[{"p":""},{"p":""},{"p":""}],"h":[{"c":"Prix par jour"},{"c":"Prix par mois"},{"c":"Prix par kg"}],"b":[[{"c":"0,78\u20ac\/jour"},{"c":"23,86\u20ac\/mois"},{"c":"7,33\u20ac\/kg"}],[{"c":"1,89\u20ac\/jour\n"},{"c":"57,47\u20ac\/mois"},{"c":"5,83\u20ac\/kg"}],[{"c":"2,06\u20ac\/jour"},{"c":"62,54\u20ac\/mois"},{"c":"5,83\u20ac\/kg"}],[{"c":"<sup>4,01\u20ac<\/sup>3,44\u20ac\/jour"},{"c":"<sup>121,91\u20ac<\/sup>104,54\u20ac\/mois"},{"c":"<sup>5,83\u20ac<\/sup> 5,00\u20ac\/kg"}]]},"grid-pricing-use-suffix":true,"global-bolt-enable":false,"global-bolt-orientation":"left","global-bolt-color":"orange"},{"acf_fc_layout":"comparison-table","_acfe_flexible_layout_title":null,"_acfe_flexible_toggle":null,"background-colors-dropdown":"skin","heading-intro-title-tag":"h2","heading-intro-title":"Nous offrons ce petit quelque chose en plus","heading-intro-left":false,"heading-intro-hide":false,"heading-intro-text":"Chez nous, les prot\u00e9ines animales sont le premier ingr\u00e9dient, compl\u00e9t\u00e9es par des ingr\u00e9dients naturels, des vitamines et des min\u00e9raux essentiels pour garantir la sant\u00e9 et le bonheur de votre chien.","heading-intro-buttons":[{"heading-intro-link":{"title":"Essayez notre alimentation personnalis\u00e9e","url":"https:\/\/app.justrussel.com\/fr-be\/signup\/?onboarding=CROQUETTE40:guW7FYyXP3txdbCVCsqW28qHIDiL97XyYDnXRiFGjy4","target":""},"heading-intro-button-color":"button-orange","heading-intro-button-size":"button-md","heading-intro-button-arrow":true,"heading-intro-button-down":false}],"comparison-table-table":{"acftf":{"v":"1.3.30"},"p":{"o":{"uh":1},"ca":""},"c":[{"p":""},{"p":""},{"p":""}],"h":[{"c":""},{"c":"[jr_image id=\"48122\"]"},{"c":"[jr_image id=\"48123\"]"}],"b":[[{"c":"Adapt\u00e9 aux besoins sp\u00e9cifiques de votre chien"},{"c":"true"},{"c":"false"}],[{"c":"Ingr\u00e9dients naturels et de haute qualit\u00e9"},{"c":"true"},{"c":"false"}],[{"c":"Sans sucre ni conservateurs"},{"c":"true"},{"c":"false"}],[{"c":"Livraison gratuite gr\u00e2ce \u00e0 un abonnement flexible"},{"c":"true"},{"c":"false"}],[{"c":"Accompagnement personnalis\u00e9 et gratuit par nos v\u00e9t\u00e9rinaires"},{"c":"true"},{"c":"false"}]]},"global-bolt-enable":false,"global-bolt-orientation":"left","global-bolt-color":"orange"},{"acf_fc_layout":"slider-review-timeline","_acfe_flexible_layout_title":null,"_acfe_flexible_toggle":null,"background-colors-dropdown":"light","heading-intro-title-tag":"h2","heading-intro-title":"Les avis de nos clients","heading-intro-left":false,"heading-intro-hide":false,"heading-intro-text":"D\u2019abord ils se r\u00e9galent, puis d\u00e9bordent de vitalit\u00e9, et leurs ma\u00eetres ne manquent pas d'en parler : ","heading-intro-buttons":null,"slider-review-timeline-review":[47265],"global-bolt-enable":false,"global-bolt-orientation":"left","global-bolt-color":"orange"},{"acf_fc_layout":"hero-6","_acfe_flexible_layout_title":null,"_acfe_flexible_toggle":null,"background-colors-dropdown":"skin","hero-6-inner-bg":"light","hero-6-invert":false,"hero-6-padding":false,"heading-intro-title-tag":"h2","heading-intro-title":"","heading-intro-left":false,"heading-intro-hide":false,"heading-intro-text":"","heading-intro-buttons":null,"hero-6-title-tag":"h2","hero-6-title":"\u00c9labor\u00e9 par des v\u00e9t\u00e9rinaires","hero-6-text":"Nos v\u00e9t\u00e9rinaires d\u00e9veloppent nos recettes et participent \u00e0 l\u2019<strong>\u00e9laboration du plan nutritionnel personnalis\u00e9 de votre chien<\/strong>. En tant que client, vous pouvez \u00e9galement vous adresser \u00e0 eux pour obtenir des <strong>conseils personnalis\u00e9s<\/strong> et des informations compl\u00e9mentaires sur l\u2019alimentation de votre chien.\r\n\r\n","hero-button-repeater":[{"hero-link":{"title":"Commencez ici","url":"https:\/\/app.justrussel.com\/fr-be\/signup\/?onboarding=CROQUETTE40:guW7FYyXP3txdbCVCsqW28qHIDiL97XyYDnXRiFGjy4","target":""},"hero-button-color":"button-orange","hero-button-size":"button-sm","hero-button-arrow":true,"hero-button-down":false}],"hero-6-image":48104,"hero-6-rounded":true,"hero-6-aspect-ratio":"aspect-4\/3","global-bolt-enable":false,"global-bolt-orientation":"left","global-bolt-color":"orange"},{"acf_fc_layout":"grid-3","_acfe_flexible_layout_title":null,"_acfe_flexible_toggle":null,"background-colors-dropdown":"orange","heading-intro-title-tag":"h2","heading-intro-title":"Plus de 100 000 clients satisfaits","heading-intro-left":false,"heading-intro-hide":false,"heading-intro-text":"Avis Google : <strong>\u2018Excellent\u2019.<\/strong> \r\nD\u00e9couvrez d\u2019autres propri\u00e9taires qui recommandent Just Russel","heading-intro-buttons":[{"heading-intro-link":{"title":"Essayez par vous-m\u00eame","url":"https:\/\/app.justrussel.com\/fr-be\/signup\/?onboarding=CROQUETTE40:guW7FYyXP3txdbCVCsqW28qHIDiL97XyYDnXRiFGjy4","target":""},"heading-intro-button-color":"button-light","heading-intro-button-size":"button-md","heading-intro-button-arrow":true,"heading-intro-button-down":false}],"grid-3-gallery":[48106,48107,48108,48109,48110,48111],"global-bolt-enable":false,"global-bolt-orientation":"left","global-bolt-color":"orange"},{"acf_fc_layout":"grid-1","_acfe_flexible_layout_title":null,"_acfe_flexible_toggle":null,"background-colors-dropdown":"light","grid-1-numbered":false,"grid-1-aspect-ratio":"aspect-4\/3","heading-intro-title-tag":"h2","heading-intro-title":"Un abonnement flexible appr\u00e9ci\u00e9 autant par les ma\u00eetres que par leurs chiens","heading-intro-left":false,"heading-intro-hide":false,"heading-intro-text":"","heading-intro-buttons":[{"heading-intro-link":{"title":"D\u00e9couvrez son menu","url":"https:\/\/app.justrussel.com\/fr-be\/signup\/?onboarding=CROQUETTE40:guW7FYyXP3txdbCVCsqW28qHIDiL97XyYDnXRiFGjy4","target":""},"heading-intro-button-color":"button-orange","heading-intro-button-size":"button-sm","heading-intro-button-arrow":true,"heading-intro-button-down":false}],"grid-1-grid":[{"grid-1-image":48112,"grid-1-title":"Tout ce dont votre chien a besoin, dans une seule box","grid-1-text":"Alimentation, friandises et jouets. Tout pour votre chien, r\u00e9uni dans une seule box livr\u00e9e directement chez vous."},{"grid-1-image":48113,"grid-1-title":"Des conseils v\u00e9t\u00e9rinaires gratuits ","grid-1-text":"Notre \u00e9quipe de v\u00e9t\u00e9rinaires est toujours l\u00e0 pour vous accompagner avec des conseils, des soins et la recette id\u00e9ale pour votre chien."},{"grid-1-image":48114,"grid-1-title":"Vous d\u00e9cidez de tout ! ","grid-1-text":"Modifier, suspendre ou annuler vos livraisons? C\u2019est tr\u00e8s facile depuis notre application."}],"global-bolt-enable":false,"global-bolt-orientation":"left","global-bolt-color":"orange"},{"acf_fc_layout":"spacer","_acfe_flexible_layout_title":null,"_acfe_flexible_toggle":null,"spacer-contain":false,"spacer-mobile-space":24,"spacer-mobile-xl-space":24,"spacer-tablet-space":24,"spacer-tablet-xl-space":24,"spacer-desktop-space":36,"background-colors-dropdown":"orange"},{"acf_fc_layout":"usp-1","_acfe_flexible_layout_title":null,"_acfe_flexible_toggle":null,"background-colors-dropdown":"orange","usp-1-columns":"4","usp-1-walsheim":false,"usp-1-aspect-ratio":"aspect-4\/1","usp-1-padding":true,"heading-intro-title-tag":"h2","heading-intro-title":"","heading-intro-left":false,"heading-intro-hide":true,"heading-intro-text":"","heading-intro-buttons":null,"usp-1-grid-items":[{"usp-1-image":48115,"usp-1-title":"","usp-1-text":"\"Une large s\u00e9lection d\u2019ingr\u00e9dients de qualit\u00e9 et sourc\u00e9s localement\""},{"usp-1-image":48116,"usp-1-title":"","usp-1-text":"\"Un service client exceptionnel pour une exp\u00e9rience d\u2019achat sereine\""},{"usp-1-image":48117,"usp-1-title":"","usp-1-text":"\u201cEnfin une nourriture pour chiens et chats qui tient compte du ma\u00eetre.\u201d"},{"usp-1-image":48118,"usp-1-title":"","usp-1-text":"\u201cLa nourriture sur mesure pour chiens conquiert le march\u00e9 !\u201d"}],"usp-1-button":"","global-bolt-enable":false,"global-bolt-orientation":"left","global-bolt-color":"orange"},{"acf_fc_layout":"spacer","_acfe_flexible_layout_title":null,"_acfe_flexible_toggle":null,"spacer-contain":false,"spacer-mobile-space":24,"spacer-mobile-xl-space":24,"spacer-tablet-space":24,"spacer-tablet-xl-space":24,"spacer-desktop-space":36,"background-colors-dropdown":"orange"},{"acf_fc_layout":"faq-simple","_acfe_flexible_layout_title":null,"_acfe_flexible_toggle":null,"background-colors-dropdown":"skin","faq-simple-inner-bg":"light","heading-intro-title-tag":"h2","heading-intro-title":"FAQ","heading-intro-left":false,"heading-intro-hide":false,"heading-intro-text":"","heading-intro-buttons":null,"faq-simple-faq-items":[{"faq-simple-question":"Comment fonctionne Just Russel ? ","faq-simple-answer":"Avec Just Russel, vous profitez d\u2019un abonnement flexible. Vous pouvez <strong>mettre vos livraisons en pause ou les modifier \u00e0 tout moment<\/strong>, selon vos besoins.\r\n\r\nTous les <strong>4 \u00e0 6 semaines<\/strong>, vous recevez automatiquement <strong>la m\u00eame quantit\u00e9<\/strong> pour votre animal. Il a besoin de plus ou de moins de nourriture ? Vous souhaitez <strong>reporter une livraison<\/strong> ? Vous pouvez tout g\u00e9rer tr\u00e8s facilement depuis votre compte.\r\n\r\nAttention : pensez \u00e0 effectuer vos modifications \u00e0 temps. En g\u00e9n\u00e9ral, cela doit \u00eatre fait <strong>7 \u00e0 9 jours avant votre prochaine livraison<\/strong>. Vous trouverez toujours la date limite exacte directement dans votre compte."},{"faq-simple-question":"\u00c0 quel point l'abonnement Just Russel est-il flexible ?","faq-simple-answer":"Vous pouvez <strong>suspendre ou r\u00e9silier<\/strong> votre abonnement \u00e0 tout moment avant la date limite de modification de votre prochaine livraison. C\u2019est notre fa\u00e7on de vous garantir <strong>une flexibilit\u00e9 maximale<\/strong>"},{"faq-simple-question":"Comment puis-je modifier la saveur gratuitement ?","faq-simple-answer":"Si votre animal n\u2019appr\u00e9cie pas notre alimentation, contactez-nous simplement. Nous vous offrirons la possibilit\u00e9 d\u2019ajuster et d\u2019optimiser la formule gratuitement.\r\n\r\nNotre service client est disponible du <strong>lundi au vendredi, de 9\u202fh \u00e0 17\u202fh<\/strong>.\r\n\r\nDe plus, <strong>vous b\u00e9n\u00e9ficiez d\u2019une garantie satisfait ou rembours\u00e9 de 30\u202fjours<\/strong> sur votre premi\u00e8re livraison, pour vous assurer que vous et votre animal \u00eates enti\u00e8rement satisfaits."},{"faq-simple-question":"Comment passer ma premi\u00e8re commande ? ","faq-simple-answer":"Rien de plus simple\u202f! <strong>Remplissez notre questionnaire<\/strong> en ligne avec le profil de votre animal. Une fois votre commande pass\u00e9e, nous <strong>pr\u00e9parons votre colis et livrons l\u2019alimentation personnalis\u00e9e de votre compagnon gratuitement \u00e0 domicile sous 2 \u00e0 4 jours ouvrables.<\/strong>"}],"global-bolt-enable":false,"global-bolt-orientation":"left","global-bolt-color":"orange"},{"acf_fc_layout":"cta-2","_acfe_flexible_layout_title":null,"_acfe_flexible_toggle":null,"background-colors-dropdown":"light","heading-intro-title-tag":"h2","heading-intro-title":"D\u00e9couvrez le menu de votre chien en 3 minutes","heading-intro-left":false,"heading-intro-hide":false,"heading-intro-text":"Votre chien va adorer son plan d\u2019alimentation personnalis\u00e9. Pas satisfait\u202f? Contactez-nous, nous garantissons une satisfaction \u00e0 100%. ","heading-intro-buttons":[{"heading-intro-link":{"title":"Commencez ici","url":"https:\/\/app.justrussel.com\/fr-be\/signup\/?onboarding=CROQUETTE40:guW7FYyXP3txdbCVCsqW28qHIDiL97XyYDnXRiFGjy4","target":""},"heading-intro-button-color":"button-orange","heading-intro-button-size":"button-sm","heading-intro-button-arrow":true,"heading-intro-button-down":false}],"cta-2-image":48119}],"settings-group":{"page-excerpt-content":""}},"_links":{"self":[{"href":"https:\/\/justrussel.com\/fr-be\/wp-json\/wp\/v2\/pages\/46663","targetHints":{"allow":["GET"]}}],"collection":[{"href":"https:\/\/justrussel.com\/fr-be\/wp-json\/wp\/v2\/pages"}],"about":[{"href":"https:\/\/justrussel.com\/fr-be\/wp-json\/wp\/v2\/types\/page"}],"author":[{"embeddable":true,"href":"https:\/\/justrussel.com\/fr-be\/wp-json\/wp\/v2\/users\/7"}],"replies":[{"embeddable":true,"href":"https:\/\/justrussel.com\/fr-be\/wp-json\/wp\/v2\/comments?post=46663"}],"version-history":[{"count":18,"href":"https:\/\/justrussel.com\/fr-be\/wp-json\/wp\/v2\/pages\/46663\/revisions"}],"predecessor-version":[{"id":48480,"href":"https:\/\/justrussel.com\/fr-be\/wp-json\/wp\/v2\/pages\/46663\/revisions\/48480"}],"wp:attachment":[{"href":"https:\/\/justrussel.com\/fr-be\/wp-json\/wp\/v2\/media?parent=46663"}],"curies":[{"name":"wp","href":"https:\/\/api.w.org\/{rel}","templated":true}]}}