{"id":47930,"date":"2025-08-22T11:50:32","date_gmt":"2025-08-22T09:50:32","guid":{"rendered":"https:\/\/justrussel.com\/fr-be\/?page_id=47930"},"modified":"2026-03-25T16:25:43","modified_gmt":"2026-03-25T15:25:43","slug":"alimentation-medicalisee","status":"publish","type":"page","link":"https:\/\/justrussel.com\/fr-be\/alimentation-medicalisee\/","title":{"rendered":"medical-food_v1_organic_none_none_no-coupon"},"content":{"rendered":"","protected":false},"excerpt":{"rendered":"","protected":false},"author":53,"featured_media":0,"parent":0,"menu_order":0,"comment_status":"closed","ping_status":"closed","template":"","meta":{"_acf_changed":false,"editor_notices":[],"footnotes":""},"class_list":["post-47930","page","type-page","status-publish","hentry"],"acf":{"blocks":[{"acf_fc_layout":"heading-bolt","_acfe_flexible_layout_title":null,"_acfe_flexible_toggle":null,"background-colors-dropdown":"light","heading-bolt-invert":false,"heading-bolt-title-tag":"h1","heading-bolt-title":"Notre alimentation m\u00e9dicalis\u00e9e pour chien et chat ","heading-bolt-text":"Quand l\u2019alimentation classique ne suffit plus, Just Russel propose <strong>une alimentation m\u00e9dicalis\u00e9e<\/strong> pour vos animaux aux besoins de sant\u00e9 sp\u00e9cifiques, avec une qualit\u00e9 toujours sup\u00e9rieure et un accompagnement v\u00e9t\u00e9rinaire qui fait toute la diff\u00e9rence.","hero-button-repeater":[{"hero-link":{"title":"Alimentation en cas de cristaux de struvite","url":"https:\/\/justrussel.com\/fr-be\/alimentation-medicalisee#alimentation-medicalisee-5","target":""},"hero-button-color":"button-orange","hero-button-size":"button-sm","hero-button-arrow":true,"hero-button-down":true},{"hero-link":{"title":"Alimentation pour chats avec probl\u00e8mes r\u00e9naux","url":"https:\/\/justrussel.com\/fr-be\/alimentation-medicalisee#alimentation-medicalisee-7","target":""},"hero-button-color":"button-orange","hero-button-size":"button-sm","hero-button-arrow":true,"hero-button-down":true}],"heading-bolt-image":47936,"global-bolt-enable":false,"global-bolt-orientation":"left","global-bolt-color":"orange"},{"acf_fc_layout":"hero-8","_acfe_flexible_layout_title":null,"_acfe_flexible_toggle":null,"background-colors-dropdown":"light","hero-8-inner-bg":"skin","hero-8-invert":false,"hero-8-padding":false,"heading-intro-title-tag":"h2","heading-intro-title":"","heading-intro-left":false,"heading-intro-hide":false,"heading-intro-text":"","heading-intro-buttons":null,"hero-8-title-tag":"h2","hero-8-title":"Notre \u00e9quipe v\u00e9t\u00e9rinaire est toujours l\u00e0 pour vous. N\u2019h\u00e9sitez pas \u00e0 nous \u00e9crire si vous avez des questions !","hero-8-text":"","hero-button-repeater":[{"hero-link":{"title":"Contacter notre \u00e9quipe","url":"https:\/\/support.justrussel.com\/hc\/fr-be\/","target":""},"hero-button-color":"button-green","hero-button-size":"button-sm","hero-button-arrow":true,"hero-button-down":false}],"hero-8-image":47937,"global-bolt-enable":false,"global-bolt-orientation":"left","global-bolt-color":"orange"},{"acf_fc_layout":"spacer","_acfe_flexible_layout_title":null,"_acfe_flexible_toggle":null,"spacer-contain":true,"spacer-mobile-space":24,"spacer-mobile-xl-space":24,"spacer-tablet-space":24,"spacer-tablet-xl-space":24,"spacer-desktop-space":36,"background-colors-dropdown":"light"},{"acf_fc_layout":"grid-4","_acfe_flexible_layout_title":null,"_acfe_flexible_toggle":null,"background-colors-dropdown":"skin","grid-4-inner-bg":"light","grid-4-aspect-ratio":"aspect-4\/3","heading-intro-title-tag":"h2","heading-intro-title":"Qu\u2019est-ce que les cristaux de struvite chez les chiens et les chats\u202f?","heading-intro-left":false,"heading-intro-hide":false,"heading-intro-text":"Les cristaux de struvite sont de petites d\u00e9p\u00f4ts qui peuvent se former dans l\u2019urine de votre chien ou de votre chat. Ils apparaissent lorsque l\u2019urine a un pH trop \u00e9lev\u00e9 et contient trop de magn\u00e9sium, d\u2019ammonium et de phosphate. Ces cristaux peuvent provoquer des douleurs lors de la miction. S\u2019ils s\u2019accumulent, ils peuvent m\u00eame former de v\u00e9ritables calculs urinaires, ce qui peut devenir tr\u00e8s dangereux.","heading-intro-buttons":null,"grid-4-grid":[{"grid-4-image":47938,"grid-4-title":"Quand apparaissent les cristaux de struvite\u202f?","grid-4-text":"[jr_checklist]\r\n[jr_checklist_item]Chez les chiens et les chats ayant des voies urinaires sensibles[\/jr_checklist_item]\r\n[jr_checklist_item]Lorsque le pH de l\u2019urine est trop \u00e9lev\u00e9[\/jr_checklist_item]\r\n[jr_checklist_item]En cas d\u2019apport insuffisant en eau ou d\u2019alimentation inadapt\u00e9e[\/jr_checklist_item]\r\n[\/jr_checklist]"},{"grid-4-image":47939,"grid-4-title":"Comment reconna\u00eetre les cristaux de struvite\u202f?","grid-4-text":"[jr_checklist]\r\n[jr_checklist_item]Petites quantit\u00e9s d\u2019urine, douleurs ou difficult\u00e9s \u00e0 uriner[\/jr_checklist_item]\r\n[jr_checklist_item]Pr\u00e9sence de sang dans l\u2019urine[\/jr_checklist_item]\r\n[jr_checklist_item]Uriner soudainement en dehors de la liti\u00e8re ou \u00e0 des endroits inappropri\u00e9s[\/jr_checklist_item]\r\n[jr_checklist_item]L\u00e9chage fr\u00e9quent de la zone intime[\/jr_checklist_item]\r\n[jr_checklist_item]Ventre sensible au toucher[\/jr_checklist_item]\r\n[\/jr_checklist]"}],"global-bolt-enable":false,"global-bolt-orientation":"left","global-bolt-color":"orange"},{"acf_fc_layout":"grid-4","_acfe_flexible_layout_title":null,"_acfe_flexible_toggle":null,"background-colors-dropdown":"light","grid-4-inner-bg":"skin","grid-4-aspect-ratio":"aspect-4\/3","heading-intro-title-tag":"h2","heading-intro-title":"\u202fAlimentation en cas de cristaux de struvite","heading-intro-left":false,"heading-intro-hide":false,"heading-intro-text":"Les cristaux de struvite peuvent causer un r\u00e9el inconfort \u00e0 votre animal, mais ils peuvent \u00eatre trait\u00e9s. Notre alimentation anti-struvite aide \u00e0 dissoudre les cristaux existants et \u00e0 pr\u00e9venir leur r\u00e9apparition. La struvite est le seul type de calcul urinaire chez les animaux domestiques pouvant \u00eatre efficacement trait\u00e9 gr\u00e2ce \u00e0 une alimentation sp\u00e9cifique.","heading-intro-buttons":[{"heading-intro-link":{"title":"Tester l\u2019alimentation anti-struvite","url":"https:\/\/app.justrussel.com\/fr-be\/signup\/","target":""},"heading-intro-button-color":"button-orange","heading-intro-button-size":"button-sm","heading-intro-button-arrow":true,"heading-intro-button-down":false}],"grid-4-grid":[{"grid-4-image":47940,"grid-4-title":"Testez l\u2019alimentation anti-struvite","grid-4-text":"[jr_checklist]\r\n[jr_checklist_item] Ingr\u00e9dients qui aident \u00e0 acidifier l\u2019urine (comme le chlorure d\u2019ammonium et la DL-m\u00e9thionine) [\/jr_checklist_item]\r\n[jr_checklist_item] Teneur en magn\u00e9sium r\u00e9duite [\/jr_checklist_item]\r\n[jr_checklist_item] Favorise la sant\u00e9 de la vessie et des voies urinaires [\/jr_checklist_item]\r\n[\/jr_checklist]"},{"grid-4-image":47941,"grid-4-title":"\u202f\u00c0 qui convient cette alimentation\u202f?\u202f","grid-4-text":"\u2705 Pour les chiens et les chats ayant des cristaux de struvite ou une tendance \u00e0 en d\u00e9velopper\r\n\u274c Ne convient pas aux autres types de calculs, comme l\u2019oxalate de calcium\r\n\u274c \u00c0 \u00e9viter pour les chiots, les chatons, ainsi que les femelles gestantes ou allaitantes\r\n\u274c Ne pas utiliser en cas de probl\u00e8mes cardiaques ou r\u00e9naux chroniques, d\u2019hypertension ou si l\u2019animal prend des m\u00e9dicaments acidifiants l\u2019urine\r\n\u274c \u00c0 \u00e9viter en cas d\u2019intol\u00e9rance au poulet, au riz ou au ma\u00efs"},{"grid-4-image":47942,"grid-4-title":"\u00c0 savoir","grid-4-text":"Cette alimentation est destin\u00e9e \u00e0 un usage temporaire ou \u00e0 la pr\u00e9vention. Veuillez consulter votre v\u00e9t\u00e9rinaire avant de l\u2019utiliser."},{"grid-4-image":47943,"grid-4-title":"\u202fPendant combien de temps\u202f?","grid-4-text":"Pour dissoudre les calculs de struvite, une dur\u00e9e d\u2019utilisation de 5 \u00e0 12 semaines est recommand\u00e9e.\r\nPour r\u00e9duire le risque de formation r\u00e9p\u00e9t\u00e9e de cristaux de struvite, une utilisation initiale de six mois est conseill\u00e9e. Veillez \u00e0 ce que de l\u2019eau fra\u00eeche soit toujours \u00e0 disposition."}],"global-bolt-enable":false,"global-bolt-orientation":"left","global-bolt-color":"orange"},{"acf_fc_layout":"grid-4","_acfe_flexible_layout_title":null,"_acfe_flexible_toggle":null,"background-colors-dropdown":"skin","grid-4-inner-bg":"light","grid-4-aspect-ratio":"aspect-4\/3","heading-intro-title-tag":"h2","heading-intro-title":"","heading-intro-left":false,"heading-intro-hide":false,"heading-intro-text":"","heading-intro-buttons":null,"grid-4-grid":[{"grid-4-image":47944,"grid-4-title":"\u202fQuand survient l\u2019insuffisance r\u00e9nale chronique\u202f?","grid-4-text":"[jr_checklist]\r\n[jr_checklist_item] En fonction de l\u2019\u00e2ge [\/jr_checklist_item]\r\n[jr_checklist_item] H\u00e9r\u00e9dit\u00e9 (par ex. Maine Coon, Siamois, Burmese) [\/jr_checklist_item]\r\n[jr_checklist_item] Infections chroniques [\/jr_checklist_item]\r\n[jr_checklist_item] Hypertension [\/jr_checklist_item]\r\n[jr_checklist_item] Calculs ou tumeurs r\u00e9naux [\/jr_checklist_item]\r\n[jr_checklist_item] Apr\u00e8s une infection r\u00e9nale s\u00e9v\u00e8re [\/jr_checklist_item]\r\n[\/jr_checklist]"},{"grid-4-image":47945,"grid-4-title":"Sympt\u00f4mes fr\u00e9quents\u202f","grid-4-text":"[jr_checklist]\r\n[jr_checklist_item] Votre chat boit et urine davantage [\/jr_checklist_item]\r\n[jr_checklist_item] Il mange moins ou perd du poids [\/jr_checklist_item]\r\n[jr_checklist_item] Son pelage semble terne [\/jr_checklist_item]\r\n[jr_checklist_item] Mauvaise haleine ou vomissements fr\u00e9quents [\/jr_checklist_item]\r\n[jr_checklist_item] Fatigue ou repli sur lui-m\u00eame [\/jr_checklist_item]\r\n[\/jr_checklist]\r\n"}],"global-bolt-enable":false,"global-bolt-orientation":"left","global-bolt-color":"orange"},{"acf_fc_layout":"grid-4","_acfe_flexible_layout_title":null,"_acfe_flexible_toggle":null,"background-colors-dropdown":"light","grid-4-inner-bg":"skin","grid-4-aspect-ratio":"aspect-4\/3","heading-intro-title-tag":"h2","heading-intro-title":"Alimentation pour chats avec probl\u00e8mes r\u00e9naux\u202f","heading-intro-left":false,"heading-intro-hide":false,"heading-intro-text":"Notre alimentation sp\u00e9ciale soulage les reins et peut aider \u00e0 ralentir l\u2019\u00e9volution de la maladie. Ainsi, votre compagnon peut profiter d\u2019une vie agr\u00e9able le plus longtemps possible malgr\u00e9 le diagnostic.","heading-intro-buttons":[{"heading-intro-link":{"title":"Tester l'alimentation m\u00e9dicalis\u00e9e","url":"https:\/\/app.justrussel.com\/fr-be\/signup\/","target":""},"heading-intro-button-color":"button-orange","heading-intro-button-size":"button-sm","heading-intro-button-arrow":true,"heading-intro-button-down":false}],"grid-4-grid":[{"grid-4-image":47946,"grid-4-title":"\u202fPourquoi \u00e7a aide ? ","grid-4-text":"[jr_checklist]\r\n[jr_checklist_item] Teneur r\u00e9duite en phosphore [\/jr_checklist_item]\r\n[jr_checklist_item] Prot\u00e9ines animales de qualit\u00e9, mais limit\u00e9es [\/jr_checklist_item]\r\n[jr_checklist_item] Favorise le bien-\u00eatre et la qualit\u00e9 de vie [\/jr_checklist_item]\r\n[\/jr_checklist]"},{"grid-4-image":47947,"grid-4-title":"Pour qui est-ce adapt\u00e9\u202f?","grid-4-text":"\u2705 Pour les chats souffrant d\u2019insuffisance r\u00e9nale chronique\r\n\u274c Ne convient pas aux jeunes chats, ni aux femelles gestantes ou allaitantes\r\n\u274c \u00c0 \u00e9viter en cas d\u2019intol\u00e9rance au riz ou au ma\u00efs"},{"grid-4-image":47948,"grid-4-title":"Dur\u00e9e recommand\u00e9e","grid-4-text":"La dur\u00e9e initiale recommand\u00e9e est de six mois. Consultez toujours votre v\u00e9t\u00e9rinaire avant l\u2019utilisation ou le prolongement de la p\u00e9riode. En cas de bons r\u00e9sultats, cette alimentation peut \u00eatre donn\u00e9e \u00e0 vie, mais toujours en accord avec votre v\u00e9t\u00e9rinaire. Assurez-vous que de l\u2019eau fra\u00eeche soit toujours \u00e0 disposition, car les chats atteints d\u2019insuffisance r\u00e9nale chronique sont plus sensibles \u00e0 la d\u00e9shydratation."}],"global-bolt-enable":false,"global-bolt-orientation":"left","global-bolt-color":"orange"},{"acf_fc_layout":"heading-image","_acfe_flexible_layout_title":null,"_acfe_flexible_toggle":null,"background-colors-dropdown":"skin","heading-intro-title-tag":"h2","heading-intro-title":"Pourquoi choisir l\u2019alimentation m\u00e9dicalis\u00e9e Just Russel\u202f?\u202f","heading-intro-left":false,"heading-intro-hide":false,"heading-intro-text":"\u202fParce que nous savons combien vous aimez votre animal. Notre alimentation m\u00e9dicalis\u00e9e a \u00e9t\u00e9 \u00e9labor\u00e9e avec des v\u00e9t\u00e9rinaires et contient exactement les ingr\u00e9dients qui peuvent r\u00e9ellement l\u2019aider.\u202f","heading-intro-buttons":[{"heading-intro-link":{"title":"Commencer le questionnaire","url":"https:\/\/app.justrussel.com\/fr-be\/signup\/","target":""},"heading-intro-button-color":"button-orange","heading-intro-button-size":"button-sm","heading-intro-button-arrow":true,"heading-intro-button-down":false}],"heading-image-linkto":"","heading-image-image":47949,"heading-image-image-mobile":47950,"heading-image-caption":false},{"acf_fc_layout":"cta-1","_acfe_flexible_layout_title":null,"_acfe_flexible_toggle":null,"cta-1-cta":15},{"acf_fc_layout":"grid-1","_acfe_flexible_layout_title":null,"_acfe_flexible_toggle":null,"background-colors-dropdown":"light","grid-1-numbered":true,"grid-1-aspect-ratio":"aspect-4\/3","heading-intro-title-tag":"h2","heading-intro-title":"Comment \u00e7a marche ? ","heading-intro-left":false,"heading-intro-hide":false,"heading-intro-text":"","heading-intro-buttons":[{"heading-intro-link":{"title":"Commencer le questionnaire","url":"https:\/\/app.justrussel.com\/fr-be\/signup\/","target":""},"heading-intro-button-color":"button-orange","heading-intro-button-size":"button-lg","heading-intro-button-arrow":true,"heading-intro-button-down":false}],"grid-1-grid":[{"grid-1-image":47951,"grid-1-title":"D'abord une visite chez le v\u00e9t\u00e9rinaire","grid-1-text":"Une alimentation m\u00e9dicalis\u00e9e ne se donne pas au hasard. Consultez toujours votre v\u00e9t\u00e9rinaire avant de l\u2019adopter, afin de d\u00e9terminer si une alimentation adapt\u00e9e est n\u00e9cessaire pour votre chien ou votre chat."},{"grid-1-image":47952,"grid-1-title":"Parlez-nous de votre animal et nous \u00e9laborons sa formule sur mesure","grid-1-text":"\u00c0 partir d\u2019un court questionnaire, nous \u00e9laborons un plan nutritionnel personnalis\u00e9, adapt\u00e9 aux besoins m\u00e9dicaux de votre chien ou de votre chat."},{"grid-1-image":47953,"grid-1-title":"Nous vous livrons gratuitement \u00e0 domicile ","grid-1-text":"Profitez de votre commande et r\u00e9galez votre compagnon avec une alimentation m\u00e9dicalis\u00e9e en toute s\u00e9curit\u00e9 !"}],"global-bolt-enable":false,"global-bolt-orientation":"left","global-bolt-color":"orange"},{"acf_fc_layout":"cta-1","_acfe_flexible_layout_title":null,"_acfe_flexible_toggle":null,"cta-1-cta":2},{"acf_fc_layout":"cta-2","_acfe_flexible_layout_title":null,"_acfe_flexible_toggle":null,"background-colors-dropdown":"skin","heading-intro-title-tag":"h2","heading-intro-title":"Commencez votre questionnaire de 3 minutes","heading-intro-left":false,"heading-intro-hide":false,"heading-intro-text":"Votre animal va adorer sa recette personnalis\u00e9e.","heading-intro-buttons":[{"heading-intro-link":{"title":"Commencer le questionnaire","url":"https:\/\/app.justrussel.com\/fr-be\/signup\/","target":""},"heading-intro-button-color":"button-orange","heading-intro-button-size":"button-md","heading-intro-button-arrow":true,"heading-intro-button-down":false}],"cta-2-image":47954}],"settings-group":{"page-excerpt-content":""}},"_links":{"self":[{"href":"https:\/\/justrussel.com\/fr-be\/wp-json\/wp\/v2\/pages\/47930","targetHints":{"allow":["GET"]}}],"collection":[{"href":"https:\/\/justrussel.com\/fr-be\/wp-json\/wp\/v2\/pages"}],"about":[{"href":"https:\/\/justrussel.com\/fr-be\/wp-json\/wp\/v2\/types\/page"}],"author":[{"embeddable":true,"href":"https:\/\/justrussel.com\/fr-be\/wp-json\/wp\/v2\/users\/53"}],"replies":[{"embeddable":true,"href":"https:\/\/justrussel.com\/fr-be\/wp-json\/wp\/v2\/comments?post=47930"}],"version-history":[{"count":8,"href":"https:\/\/justrussel.com\/fr-be\/wp-json\/wp\/v2\/pages\/47930\/revisions"}],"predecessor-version":[{"id":48439,"href":"https:\/\/justrussel.com\/fr-be\/wp-json\/wp\/v2\/pages\/47930\/revisions\/48439"}],"wp:attachment":[{"href":"https:\/\/justrussel.com\/fr-be\/wp-json\/wp\/v2\/media?parent=47930"}],"curies":[{"name":"wp","href":"https:\/\/api.w.org\/{rel}","templated":true}]}}