{"id":48063,"date":"2025-10-20T09:25:18","date_gmt":"2025-10-20T07:25:18","guid":{"rendered":"https:\/\/justrussel.com\/fr-be\/?page_id=48063"},"modified":"2025-10-20T09:25:18","modified_gmt":"2025-10-20T07:25:18","slug":"notre-alimentation","status":"publish","type":"page","link":"https:\/\/justrussel.com\/fr-be\/notre-alimentation\/","title":{"rendered":"convenience_v1_organic_none_none_no-coupon"},"content":{"rendered":"","protected":false},"excerpt":{"rendered":"","protected":false},"author":53,"featured_media":0,"parent":0,"menu_order":0,"comment_status":"closed","ping_status":"closed","template":"","meta":{"_acf_changed":false,"editor_notices":[],"footnotes":""},"class_list":["post-48063","page","type-page","status-publish","hentry"],"acf":{"blocks":[{"acf_fc_layout":"heading-bolt","_acfe_flexible_toggle":"","background-colors-dropdown":"light","heading-bolt-invert":false,"heading-bolt-title-tag":"h1","heading-bolt-title":"Gagnez temps, argent et tranquillit\u00e9 avec une alimentation faite pour votre animal.","heading-bolt-text":"Offrez \u00e0 votre chien ou chat bonheur et sant\u00e9, sans les soucis du quotidien : des aliments frais, adapt\u00e9s \u00e0 ses besoins, livr\u00e9s gratuitement \u00e0 domicile.","hero-button-repeater":[{"hero-link":{"title":"Faites le test","url":"https:\/\/app.justrussel.com\/fr-be\/signup","target":""},"hero-button-color":"button-orange","hero-button-size":"button-lg","hero-button-arrow":true,"hero-button-down":false}],"heading-bolt-image":48068,"global-bolt-enable":false,"global-bolt-orientation":"left","global-bolt-color":"orange"},{"acf_fc_layout":"usp-1","_acfe_flexible_toggle":"","background-colors-dropdown":"yellow","usp-1-columns":"4","usp-1-walsheim":true,"usp-1-aspect-ratio":"aspect-4\/3","usp-1-padding":true,"heading-intro-title-tag":"h2","heading-intro-title":"","heading-intro-left":false,"heading-intro-hide":true,"heading-intro-text":"","heading-intro-buttons":null,"usp-1-grid-items":[{"usp-1-image":2061,"usp-1-title":"Moins de visites chez le v\u00e9t\u00e9rinaire","usp-1-text":""},{"usp-1-image":43010,"usp-1-title":"Plus de temps avec votre animal","usp-1-text":""},{"usp-1-image":2007,"usp-1-title":"Conseils v\u00e9t\u00e9rinaire gratuits","usp-1-text":""},{"usp-1-image":2010,"usp-1-title":"Livraison gratuite \u00e0 domicile","usp-1-text":""}],"usp-1-button":"","global-bolt-enable":false,"global-bolt-orientation":"left","global-bolt-color":"orange"},{"acf_fc_layout":"spacer","_acfe_flexible_toggle":"","spacer-contain":false,"spacer-mobile-space":48,"spacer-mobile-xl-space":48,"spacer-tablet-space":48,"spacer-tablet-xl-space":48,"spacer-desktop-space":40,"background-colors-dropdown":"yellow"},{"acf_fc_layout":"hero-1","_acfe_flexible_toggle":"","background-colors-dropdown":"light","hero-1-invert":false,"hero-1-caption":false,"hero-1-align":false,"hero-1-padding":false,"heading-intro-title-tag":"h2","heading-intro-title":"","heading-intro-left":false,"heading-intro-hide":true,"heading-intro-text":"","heading-intro-buttons":null,"hero-1-title-tag":"h3","hero-1-title":"<span class=\"font-walsheim\">La nourriture standard est moins adapt\u00e9e<\/span>","hero-1-text":"Saviez\u2011vous que 60\u202f% des chiens et chats sont en surpoids\u202f? Et que 80\u202f% d\u2019entre eux souffriront de probl\u00e8mes dentaires au cours de leur vie\u202f? Des \u00e9tudes \u00e9tablissent un lien entre une alimentation standardis\u00e9e de faible qualit\u00e9 et ces probl\u00e8mes.","hero-button-repeater":null,"hero-1-image":1795,"hero-1-rounded":true,"hero-1-aspect-ratio":"aspect-4\/3","global-bolt-enable":false,"global-bolt-orientation":"left","global-bolt-color":"orange"},{"acf_fc_layout":"hero-1","_acfe_flexible_toggle":"","background-colors-dropdown":"skin","hero-1-invert":true,"hero-1-caption":false,"hero-1-align":false,"hero-1-padding":false,"heading-intro-title-tag":"h2","heading-intro-title":"Soyez rassur\u00e9 avec une nourriture personnalis\u00e9e pour animaux de compagnie","heading-intro-left":false,"heading-intro-hide":false,"heading-intro-text":"","heading-intro-buttons":null,"hero-1-title-tag":"h3","hero-1-title":"<span class=\"font-walsheim\">La bonne portion et les bons nutriments<\/span>","hero-1-text":"Vous recevrez une alimentation naturelle adapt\u00e9e aux besoins de votre chien ou chat, tels que son \u00e2ge, sa race, son sexe et ses allergies. Autre avantage : nous calculons la ration quotidienne id\u00e9ale. Id\u00e9al pour un poids \u00e9quilibr\u00e9.","hero-button-repeater":null,"hero-1-image":780,"hero-1-rounded":true,"hero-1-aspect-ratio":"aspect-4\/3","global-bolt-enable":false,"global-bolt-orientation":"left","global-bolt-color":"orange"},{"acf_fc_layout":"hero-1","_acfe_flexible_toggle":"","background-colors-dropdown":"skin","hero-1-invert":false,"hero-1-caption":false,"hero-1-align":false,"hero-1-padding":false,"heading-intro-title-tag":"h2","heading-intro-title":"","heading-intro-left":false,"heading-intro-hide":true,"heading-intro-text":"","heading-intro-buttons":null,"hero-1-title-tag":"h3","hero-1-title":"<span class=\"font-walsheim\">Aucun ingr\u00e9dient douteux<\/span>","hero-1-text":"Parce que votre animal ne m\u00e9rite que le meilleur : du poulet frais, de l'agneau ou du saumon, du brocoli, des petits pois et m\u00eame des myrtilles.","hero-button-repeater":null,"hero-1-image":48067,"hero-1-rounded":true,"hero-1-aspect-ratio":"aspect-4\/3","global-bolt-enable":false,"global-bolt-orientation":"left","global-bolt-color":"orange"},{"acf_fc_layout":"hero-1","_acfe_flexible_toggle":"","background-colors-dropdown":"skin","hero-1-invert":true,"hero-1-caption":false,"hero-1-align":false,"hero-1-padding":false,"heading-intro-title-tag":"h2","heading-intro-title":"","heading-intro-left":false,"heading-intro-hide":true,"heading-intro-text":"","heading-intro-buttons":null,"hero-1-title-tag":"h3","hero-1-title":"<span class=\"font-walsheim\">Une alimentation qui \u00e9volue avec lui<\/span>","hero-1-text":"Changer d'alimentation est physiquement exigeant pour votre animal. C'est pourquoi notre alimentation s'adapte progressivement \u00e0 ses besoins. \u00c0 mesure que votre chiot ou chaton grandit, nous ajustons son alimentation pour r\u00e9pondre \u00e0 ses nouveaux besoins, sans compromettre les bases.","hero-button-repeater":null,"hero-1-image":48069,"hero-1-rounded":true,"hero-1-aspect-ratio":"aspect-4\/3","global-bolt-enable":false,"global-bolt-orientation":"left","global-bolt-color":"orange"},{"acf_fc_layout":"hero-1","_acfe_flexible_toggle":"","background-colors-dropdown":"skin","hero-1-invert":false,"hero-1-caption":false,"hero-1-align":false,"hero-1-padding":false,"heading-intro-title-tag":"h2","heading-intro-title":"","heading-intro-left":false,"heading-intro-hide":true,"heading-intro-text":"","heading-intro-buttons":null,"hero-1-title-tag":"h3","hero-1-title":"<span class=\"font-walsheim\">Toujours des croquettes en stock<\/span>","hero-1-text":"Planifier, organiser et courir entre les magasins est synonyme de stress. Pour vous simplifier la vie, nous vous livrons vos croquettes gratuitement \u00e0 domicile tous les mois. Vous ne serez jamais \u00e0 court de croquettes et vous aurez plus d'\u00e9nergie pour votre chien ou votre chat !","hero-button-repeater":null,"hero-1-image":48071,"hero-1-rounded":true,"hero-1-aspect-ratio":"aspect-4\/3","global-bolt-enable":false,"global-bolt-orientation":"left","global-bolt-color":"orange"},{"acf_fc_layout":"hero-1","_acfe_flexible_toggle":"","background-colors-dropdown":"skin","hero-1-invert":true,"hero-1-caption":false,"hero-1-align":false,"hero-1-padding":false,"heading-intro-title-tag":"h2","heading-intro-title":"","heading-intro-left":false,"heading-intro-hide":true,"heading-intro-text":"","heading-intro-buttons":null,"hero-1-title-tag":"h3","hero-1-title":"<span class=\"font-walsheim\">\u00c9conomisez de l'argent, du temps et du stress<\/span>","hero-1-text":"Livraison gratuite, ingr\u00e9dients naturels, portion parfaite et suivi v\u00e9t\u00e9rinaire gratuit : c'est notre garantie ! Tout pour votre bonheur et aussi et surtout celui de votre animal.","hero-button-repeater":null,"hero-1-image":48070,"hero-1-rounded":true,"hero-1-aspect-ratio":"aspect-4\/3","global-bolt-enable":false,"global-bolt-orientation":"left","global-bolt-color":"orange"},{"acf_fc_layout":"hero-8","_acfe_flexible_toggle":"","background-colors-dropdown":"light","hero-8-inner-bg":"light","hero-8-invert":false,"hero-8-padding":false,"heading-intro-title-tag":"h2","heading-intro-title":"","heading-intro-left":false,"heading-intro-hide":false,"heading-intro-text":"","heading-intro-buttons":null,"hero-8-title-tag":"h2","hero-8-title":"Conseils v\u00e9t\u00e9rinaire gratuits pour votre animal","hero-8-text":"Des questions, des doutes ou des inqui\u00e9tudes concernant votre chien ou votre chat ? Nos v\u00e9t\u00e9rinaires peuvent vous aider. Contactez-les par WhatsApp, par e-mail ou par t\u00e9l\u00e9phone pour obtenir des conseils imm\u00e9diats. P.S. : Ce service est gratuit \ud83d\ude09.","hero-button-repeater":[{"hero-link":{"title":"Nous contacter","url":"https:\/\/justrussel.com\/fr-be\/veterinaire-en-ligne\/","target":""},"hero-button-color":"button-blue","hero-button-size":"button-sm","hero-button-arrow":true,"hero-button-down":false}],"hero-8-image":48072,"global-bolt-enable":false,"global-bolt-orientation":"left","global-bolt-color":"orange"},{"acf_fc_layout":"slider-1","_acfe_flexible_layout_title":"Slider 1 - Ingredients Dog","_acfe_flexible_toggle":"","background-colors-dropdown":"skin","slider-1-autoslide":true,"heading-intro-title-tag":"h2","heading-intro-title":"Un aper\u00e7u des ingr\u00e9dients","heading-intro-left":false,"heading-intro-hide":false,"heading-intro-text":"Nos experts en nutrition s\u00e9lectionnent avec soin les ingr\u00e9dients des croquettes de votre chien. Nous en listons quelques-uns pour vous :","heading-intro-buttons":[{"heading-intro-link":{"title":"Composez votre recette","url":"https:\/\/app.justrussel.com\/fr-be\/signup","target":""},"heading-intro-button-color":"button-orange","heading-intro-button-size":"button-lg","heading-intro-button-arrow":true,"heading-intro-button-down":false}],"slider-1-sliders":[{"slider-1-slider":[{"slider-1-slide-image":1659,"slider-1-slide-title":"Poulet","slider-1-slide-text":"Source importante de prot\u00e9ines avec du calcium et du phosphore pour des os et des dents en bonne sant\u00e9."},{"slider-1-slide-image":2516,"slider-1-slide-title":"Patate douce","slider-1-slide-text":"Riche en vitamine A et en potassium pour une peau et des muscles en bonne sant\u00e9."},{"slider-1-slide-image":1666,"slider-1-slide-title":"Saumon","slider-1-slide-text":"Riche en acides gras om\u00e9ga-3 pour une peau plus saine et un poil brillant."},{"slider-1-slide-image":2517,"slider-1-slide-title":"Canard","slider-1-slide-text":"Bonne source de prot\u00e9ines et de vitamines B pour l'\u00e9nergie et la construction musculaire."},{"slider-1-slide-image":2109,"slider-1-slide-title":"Dinde","slider-1-slide-text":"Nutritionnellement riche en prot\u00e9ines, vitamine B et min\u00e9raux pour une croissance saine."},{"slider-1-slide-image":35522,"slider-1-slide-title":"Riz blanc","slider-1-slide-text":"Pour des fibres saines et naturelles."},{"slider-1-slide-image":1660,"slider-1-slide-title":"Agneau","slider-1-slide-text":"Plus l\u00e9ger pour l'estomac de votre chien, il favorise la digestion."}]},{"slider-1-slider":[{"slider-1-slide-image":1657,"slider-1-slide-title":"Petits pois","slider-1-slide-text":"Source de vitamines, riche en min\u00e9raux, en prot\u00e9ines et en fibres."},{"slider-1-slide-image":1651,"slider-1-slide-title":"Myrtilles","slider-1-slide-text":"Super-aliment pour une peau plus jeune et une protection contre les dommages cellulaires."},{"slider-1-slide-image":1647,"slider-1-slide-title":"Pomme de terre","slider-1-slide-text":"Riche en glucides et en vitamine C pour l'\u00e9nergie et une immunit\u00e9 renforc\u00e9e."},{"slider-1-slide-image":2518,"slider-1-slide-title":"Riz complet","slider-1-slide-text":"Des glucides complets pour l'\u00e9nergie et de la vitamine B pour un m\u00e9tabolisme sain."},{"slider-1-slide-image":1662,"slider-1-slide-title":"\u00c9pinards","slider-1-slide-text":"Riche en vitamine K, en acide folique et en fer pour la formation et la croissance du sang."},{"slider-1-slide-image":1663,"slider-1-slide-title":"Cranberries","slider-1-slide-text":"Super-aliment avec antioxydants pour un syst\u00e8me immunitaire sain."},{"slider-1-slide-image":2519,"slider-1-slide-title":"Krill de l'Antarctique","slider-1-slide-text":"Riche en acides gras om\u00e9ga-3 pour le d\u00e9veloppement du cerveau et la sant\u00e9 cardiaque."},{"slider-1-slide-image":1664,"slider-1-slide-title":"Huile de poisson","slider-1-slide-text":"Riche en acides gras om\u00e9ga-3 pour un fonctionnement sain du c\u0153ur et du cerveau. "},{"slider-1-slide-image":2520,"slider-1-slide-title":"Graines de lin","slider-1-slide-text":"Pour une bonne digestion et un poil brillant."},{"slider-1-slide-image":1650,"slider-1-slide-title":"Pulpe de betterave","slider-1-slide-text":"Pour une bonne consistance des selles de votre chien."},{"slider-1-slide-image":1656,"slider-1-slide-title":"Sans additif artificiel","slider-1-slide-text":"Aucun r\u00e9gime alimentaire ne devrait en contenir. "},{"slider-1-slide-image":1652,"slider-1-slide-title":"Brocoli","slider-1-slide-text":"Pour des os solides et une densit\u00e9 osseuse plus \u00e9lev\u00e9e."}]}],"global-bolt-enable":false,"global-bolt-orientation":"left","global-bolt-color":"orange"},{"acf_fc_layout":"grid-1","_acfe_flexible_layout_title":"Grid 1 - How it works","_acfe_flexible_toggle":"","background-colors-dropdown":"light","grid-1-numbered":true,"grid-1-aspect-ratio":"aspect-4\/3","heading-intro-title-tag":"h2","heading-intro-title":"Comment \u00e7a marche ?","heading-intro-left":false,"heading-intro-hide":false,"heading-intro-text":"","heading-intro-buttons":[{"heading-intro-link":{"title":"Compl\u00e9tez le questionnaire","url":"https:\/\/app.justrussel.com\/fr-be\/signup","target":""},"heading-intro-button-color":"button-orange","heading-intro-button-size":"button-md","heading-intro-button-arrow":false,"heading-intro-button-down":false}],"grid-1-grid":[{"grid-1-image":48074,"grid-1-title":"Dites-nous tout sur votre chien","grid-1-text":"Comme son \u00e2ge, sa race, son poids, son sexe et bien plus encore..."},{"grid-1-image":42615,"grid-1-title":"Nous \u00e9laborons une recette sur mesure","grid-1-text":"Sous le contr\u00f4le et l'approbation de nos v\u00e9t\u00e9rinaires."},{"grid-1-image":46526,"grid-1-title":"Votre nourriture livr\u00e9e gratuitement chez vous chaque mois","grid-1-text":"Parce que le propri\u00e9taire m\u00e9rite lui aussi les meilleurs soins."}],"global-bolt-enable":false,"global-bolt-orientation":"left","global-bolt-color":"orange"},{"acf_fc_layout":"cta-2","_acfe_flexible_layout_title":"CTA 2 - Start 3-min quiz","_acfe_flexible_toggle":"","background-colors-dropdown":"skin","heading-intro-title-tag":"h2","heading-intro-title":"Commencez votre questionnaire <\/br> de 3 minutes","heading-intro-left":false,"heading-intro-hide":false,"heading-intro-text":"D\u00e9couvrez ici la nourriture id\u00e9ale pour votre chien.\r\nIl adorera sa recette personnalis\u00e9e.","heading-intro-buttons":[{"heading-intro-link":{"title":"Compl\u00e9tez le questionnaire","url":"https:\/\/app.justrussel.com\/fr-be\/signup","target":""},"heading-intro-button-color":"button-orange","heading-intro-button-size":"button-md","heading-intro-button-arrow":true,"heading-intro-button-down":false}],"cta-2-image":48066}],"settings-group":{"page-excerpt-content":""}},"_links":{"self":[{"href":"https:\/\/justrussel.com\/fr-be\/wp-json\/wp\/v2\/pages\/48063","targetHints":{"allow":["GET"]}}],"collection":[{"href":"https:\/\/justrussel.com\/fr-be\/wp-json\/wp\/v2\/pages"}],"about":[{"href":"https:\/\/justrussel.com\/fr-be\/wp-json\/wp\/v2\/types\/page"}],"author":[{"embeddable":true,"href":"https:\/\/justrussel.com\/fr-be\/wp-json\/wp\/v2\/users\/53"}],"replies":[{"embeddable":true,"href":"https:\/\/justrussel.com\/fr-be\/wp-json\/wp\/v2\/comments?post=48063"}],"version-history":[{"count":7,"href":"https:\/\/justrussel.com\/fr-be\/wp-json\/wp\/v2\/pages\/48063\/revisions"}],"predecessor-version":[{"id":48130,"href":"https:\/\/justrussel.com\/fr-be\/wp-json\/wp\/v2\/pages\/48063\/revisions\/48130"}],"wp:attachment":[{"href":"https:\/\/justrussel.com\/fr-be\/wp-json\/wp\/v2\/media?parent=48063"}],"curies":[{"name":"wp","href":"https:\/\/api.w.org\/{rel}","templated":true}]}}